{"id":9688,"date":"2018-02-03T16:52:57","date_gmt":"2018-02-03T16:52:57","guid":{"rendered":"http:\/\/iberus.pl\/?post_type=product&#038;p=9688"},"modified":"2018-02-04T14:22:17","modified_gmt":"2018-02-04T14:22:17","slug":"spritzmaschine-superfici-typ-compact-spray-1300-mit-buerstenmaschine","status":"publish","type":"product","link":"https:\/\/iberus.pl\/?product=spritzmaschine-superfici-typ-compact-spray-1300-mit-buerstenmaschine","title":{"rendered":"Lackierline mit Spritzmaschine Superfici Compact Spray und B\u00fcrstenmaschine VS 26, Bj. 2006"},"content":{"rendered":"<p><div class='avia-iframe-wrap'><iframe loading=\"lazy\" width=\"1500\" height=\"844\" src=\"https:\/\/www.youtube.com\/embed\/sap1r2PLAyI?feature=oembed\" frameborder=\"0\" allow=\"autoplay; encrypted-media\" allowfullscreen><\/iframe><\/div>\n<\/p>\n<p>&nbsp;<\/p>\n<p>besteht aus:<\/p>\n<table width=\"473.2\" cellspacing=\"0\" cellpadding=\"0\">\n<tbody>\n<tr>\n<td valign=\"top\">\n<p><b>1. Einlaufrollenbahn und Auslaufrollenbahn&nbsp;<\/b><\/p>\n<\/td>\n<td valign=\"top\">&nbsp;<\/td>\n<\/tr>\n<tr>\n<td valign=\"top\">\n<p><b>2. B\u00fcrsten-, Schleifmaschine Sorbini<\/b><\/p>\n<\/td>\n<td valign=\"top\">\n<p><b>Typ VS 26<\/b><\/p>\n<\/td>\n<\/tr>\n<tr>\n<td valign=\"top\">\n<p>Transportbandbreite<\/p>\n<\/td>\n<td valign=\"top\">\n<p>1000 mm (1200 mm)<\/p>\n<\/td>\n<\/tr>\n<tr>\n<td valign=\"top\">\n<p>Arbeitsh\u00f6he je Aggregat Handverstellbar&nbsp;<\/p>\n<\/td>\n<td valign=\"top\">\n<p>0-120 mm<\/p>\n<\/td>\n<\/tr>\n<tr>\n<td valign=\"top\">\n<p>Arbeitsh\u00f6he vom Boden<\/p>\n<\/td>\n<td valign=\"top\">\n<p>900 \u2013 950 mm<\/p>\n<\/td>\n<\/tr>\n<tr>\n<td valign=\"top\">\n<p>&#8211;<b> Schuhaggregat mit Oszillation&nbsp;<\/b><\/p>\n<\/td>\n<td valign=\"top\">&nbsp;<\/td>\n<\/tr>\n<tr>\n<td valign=\"top\">\n<p>L\u00e4nge<\/p>\n<\/td>\n<td valign=\"top\">\n<p>1300 mm<\/p>\n<\/td>\n<\/tr>\n<tr>\n<td valign=\"top\">\n<p>Breite<\/p>\n<\/td>\n<td valign=\"top\">\n<p>150 mm<\/p>\n<\/td>\n<\/tr>\n<tr>\n<td valign=\"top\">\n<p>Oszillation Motor von oben&nbsp;<\/p>\n<\/td>\n<td valign=\"top\">\n<p>0,55 kW<\/p>\n<\/td>\n<\/tr>\n<tr>\n<td valign=\"top\">\n<p><b>&#8211; B\u00fcrstenaggregat<\/b><\/p>\n<\/td>\n<td valign=\"top\">&nbsp;<\/td>\n<\/tr>\n<tr>\n<td valign=\"top\">\n<p>Motor<\/p>\n<\/td>\n<td valign=\"top\">\n<p>1,1 kW<\/p>\n<\/td>\n<\/tr>\n<tr>\n<td valign=\"top\">\n<p>Schleifb\u00fcrstendurchmesser<\/p>\n<\/td>\n<td valign=\"top\">\n<p>max. 230 mm<\/p>\n<\/td>\n<\/tr>\n<tr>\n<td valign=\"top\">\n<p>Schleifb\u00fcrstenl\u00e4nge<\/p>\n<\/td>\n<td valign=\"top\">\n<p>1300 mm<\/p>\n<\/td>\n<\/tr>\n<tr>\n<td valign=\"top\">\n<p>Absaugstutzen- Durchmesser<\/p>\n<\/td>\n<td valign=\"top\">\n<p>1 x 180 mm<\/p>\n<\/td>\n<\/tr>\n<tr>\n<td valign=\"top\">\n<p><b>&#8211; Vorschub Stufenlosregelbar (Inverter)<\/b><\/p>\n<\/td>\n<td valign=\"top\">\n<p>1,5 \u2013 15 m\/min,&nbsp;<\/p>\n<\/td>\n<\/tr>\n<tr>\n<td valign=\"top\">\n<p>Vorschubmotor<\/p>\n<\/td>\n<td valign=\"top\">\n<p>0,75 kW<\/p>\n<\/td>\n<\/tr>\n<tr>\n<td valign=\"top\">\n<p>Verwendung&nbsp;<\/p>\n<\/td>\n<td valign=\"top\">\n<p>zum Putzen an geraden und profilierten Teilen und Platten, zum Schleifen von HDF Teilen und MDF Platten sowie Massivholz<\/p>\n<\/td>\n<\/tr>\n<tr>\n<td valign=\"top\">\n<p>Gewicht&nbsp;<\/p>\n<\/td>\n<td valign=\"top\">\n<p>ca. 1000 kg<\/p>\n<\/td>\n<\/tr>\n<tr>\n<td valign=\"top\">\n<p><b>3. Spritzmaschine Superfici<\/b><\/p>\n<\/td>\n<td valign=\"top\">\n<p><b>Typ Compact Spray 1300<\/b><\/p>\n<\/td>\n<\/tr>\n<tr>\n<td valign=\"top\">\n<p>Masch.-Nr.:<\/p>\n<\/td>\n<td valign=\"top\">\n<p>6723<\/p>\n<\/td>\n<\/tr>\n<tr>\n<td valign=\"top\">\n<p>Arbeitsbreite&nbsp;<\/p>\n<\/td>\n<td valign=\"top\">\n<p>20 &#8211; 1300 mm<\/p>\n<\/td>\n<\/tr>\n<tr>\n<td valign=\"top\">\n<p>Werkst\u00fcckh\u00f6he<\/p>\n<\/td>\n<td valign=\"top\">\n<p>8 \u2013 90 mm<\/p>\n<\/td>\n<\/tr>\n<tr>\n<td valign=\"top\">\n<p>Arbeitsh\u00f6he<\/p>\n<\/td>\n<td valign=\"top\">\n<p>900 mm, +-20mm<\/p>\n<\/td>\n<\/tr>\n<tr>\n<td valign=\"top\">\n<p>Vorschubgeschwindigkeit &nbsp;<\/p>\n<\/td>\n<td valign=\"top\">\n<p>2 \u2013 6 m\/min<\/p>\n<\/td>\n<\/tr>\n<tr>\n<td valign=\"top\">\n<p>Spritzarm<\/p>\n<\/td>\n<td valign=\"top\">\n<p>Einzelschlittenl\u00e4ufer mit Doppelarm der auf Pr\u00e4zision gleitf\u00fchrungen l\u00e4uft.<\/p>\n<\/td>\n<\/tr>\n<tr>\n<td valign=\"top\">\n<p>Anzahl der installierten Spritzpistole&nbsp;<\/p>\n<\/td>\n<td valign=\"top\">\n<p>4 Stk. (Option 8 Stk).<\/p>\n<\/td>\n<\/tr>\n<tr>\n<td valign=\"top\">\n<p>Mit Lackr\u00fcckgewinnungseinheit<\/p>\n<\/td>\n<td valign=\"top\">\n<p>mit Band- Selbstreinigungssystem, ausgestattet mit einer geeigneten Lackr\u00fcckgewinnungs- und Reinigungseinheit, entwickelt f\u00fcr gro\u00dfe Produktionsserien&nbsp;<\/p>\n<\/td>\n<\/tr>\n<tr>\n<td valign=\"top\">\n<p>Lackpumpe GRACO<\/p>\n<\/td>\n<td valign=\"top\">\n<p>Kolbenpumpe 120 bar, Volumenstrom 24,8l\/min, \u00dcbersetzungverh\u00e4ltnis 15:1<\/p>\n<\/td>\n<\/tr>\n<tr>\n<td valign=\"top\">\n<p>Einlassluft<\/p>\n<\/td>\n<td valign=\"top\">\n<p>2 Ventilatoren, max. 6000 m3\/h<\/p>\n<\/td>\n<\/tr>\n<tr>\n<td valign=\"top\">\n<p>\u00dcberdruckkabine&nbsp;<\/p>\n<\/td>\n<td valign=\"top\">\n<p>Mit kontrollierten Bel\u00fcftungsystem&nbsp;<\/p>\n<\/td>\n<\/tr>\n<tr>\n<td valign=\"top\">\n<p>Abluftleistung<\/p>\n<\/td>\n<td valign=\"top\">\n<p>Ventilator 2,2 kW, max. 8.800m3\/h,<\/p>\n<\/td>\n<\/tr>\n<tr>\n<td valign=\"top\">\n<p>Druckluft&nbsp;<\/p>\n<\/td>\n<td valign=\"top\">\n<p>6bar<\/p>\n<\/td>\n<\/tr>\n<tr>\n<td valign=\"top\">\n<p>Ex-Ausf\u00fchrung<\/p>\n<\/td>\n<td valign=\"top\">&nbsp;<\/td>\n<\/tr>\n<tr>\n<td valign=\"top\">\n<p>Bedienungspult<\/p>\n<\/td>\n<td valign=\"top\">\n<p>Touch Screen<\/p>\n<\/td>\n<\/tr>\n<tr>\n<td valign=\"top\">\n<p>Software<\/p>\n<\/td>\n<td valign=\"top\">\n<p>Superfici Opti Spray 1.8<\/p>\n<\/td>\n<\/tr>\n<tr>\n<td valign=\"top\">\n<p>Betriebsspannung<\/p>\n<\/td>\n<td valign=\"top\">\n<p>400 V, 50 Hz<\/p>\n<\/td>\n<\/tr>\n<tr>\n<td valign=\"top\">\n<p>Abmessungen Schaltschrank<\/p>\n<\/td>\n<td valign=\"top\">\n<p>800x600x1900mm<\/p>\n<\/td>\n<\/tr>\n<tr>\n<td valign=\"top\">\n<p>Abmessungen Spritzmaschine<\/p>\n<\/td>\n<td valign=\"top\">\n<p>ca. 3230x2800x2900mm<\/p>\n<\/td>\n<\/tr>\n<tr>\n<td valign=\"top\">\n<p>Installierte Leistung des Automat<\/p>\n<\/td>\n<td valign=\"top\">\n<p>15,6 kW<\/p>\n<\/td>\n<\/tr>\n<tr>\n<td valign=\"top\">\n<p>Gewicht<\/p>\n<\/td>\n<td valign=\"top\">\n<p>ca. 4.500 kg<\/p>\n<\/td>\n<\/tr>\n<tr>\n<td valign=\"top\">\n<p>Standort<\/p>\n<\/td>\n<td valign=\"top\">\n<p>Denmark&nbsp;<\/p>\n<\/td>\n<\/tr>\n<\/tbody>\n<\/table>\n<p><i>(\u00c4nderungen und Irrt\u00fcmer in den technischen Daten sowie Zwischenverkauf vorbehalten)<\/i><\/p>\n","protected":false},"excerpt":{"rendered":"<p>&nbsp; besteht aus: 1. Einlaufrollenbahn und Auslaufrollenbahn&nbsp; &nbsp; 2. B\u00fcrsten-, Schleifmaschine Sorbini Typ VS 26 Transportbandbreite 1000 mm (1200 mm) Arbeitsh\u00f6he je Aggregat Handverstellbar&nbsp; 0-120 mm Arbeitsh\u00f6he vom Boden 900 \u2013 950 mm &#8211; Schuhaggregat mit Oszillation&nbsp; &nbsp; L\u00e4nge 1300 mm Breite 150 mm Oszillation Motor von oben&nbsp; 0,55 kW &#8211; B\u00fcrstenaggregat &nbsp; Motor 1,1 [&hellip;]<\/p>\n","protected":false},"featured_media":9689,"template":"","meta":{"_monsterinsights_skip_tracking":false,"_monsterinsights_sitenote_active":false,"_monsterinsights_sitenote_note":"","_monsterinsights_sitenote_category":0,"ngg_post_thumbnail":0},"product_cat":[310],"product_tag":[],"class_list":{"0":"post-9688","1":"product","2":"type-product","3":"status-publish","4":"has-post-thumbnail","6":"product_cat-oberflachentechnik","8":"first","9":"instock","10":"shipping-taxable","11":"product-type-simple"},"_links":{"self":[{"href":"https:\/\/iberus.pl\/index.php?rest_route=\/wp\/v2\/product\/9688"}],"collection":[{"href":"https:\/\/iberus.pl\/index.php?rest_route=\/wp\/v2\/product"}],"about":[{"href":"https:\/\/iberus.pl\/index.php?rest_route=\/wp\/v2\/types\/product"}],"wp:featuredmedia":[{"embeddable":true,"href":"https:\/\/iberus.pl\/index.php?rest_route=\/wp\/v2\/media\/9689"}],"wp:attachment":[{"href":"https:\/\/iberus.pl\/index.php?rest_route=%2Fwp%2Fv2%2Fmedia&parent=9688"}],"wp:term":[{"taxonomy":"product_cat","embeddable":true,"href":"https:\/\/iberus.pl\/index.php?rest_route=%2Fwp%2Fv2%2Fproduct_cat&post=9688"},{"taxonomy":"product_tag","embeddable":true,"href":"https:\/\/iberus.pl\/index.php?rest_route=%2Fwp%2Fv2%2Fproduct_tag&post=9688"}],"curies":[{"name":"wp","href":"https:\/\/api.w.org\/{rel}","templated":true}]}}