{"id":9649,"date":"2018-01-17T09:49:48","date_gmt":"2018-01-17T09:49:48","guid":{"rendered":"http:\/\/iberus.pl\/?post_type=product&#038;p=9649"},"modified":"2021-02-26T16:08:59","modified_gmt":"2021-02-26T16:08:59","slug":"tunel-suszarniczy-lampy-uv-superfici-typ-2mf55","status":"publish","type":"product","link":"https:\/\/iberus.pl\/?product=tunel-suszarniczy-lampy-uv-superfici-typ-2mf55","title":{"rendered":"Tunel suszarniczy \u2013 lampy UV Superfici Typ 2MF55"},"content":{"rendered":"<table cellspacing=\"0\" cellpadding=\"0\">\n<tbody>\n<tr>\n<td valign=\"top\">\n<p>Numer maszyny.:<\/p>\n<\/td>\n<td valign=\"top\">\n<p>2366<\/p>\n<\/td>\n<\/tr>\n<tr>\n<td valign=\"top\">\n<p>Dlugosc calkowita maszyny<\/p>\n<\/td>\n<td valign=\"top\">\n<p>4200 mm<\/p>\n<\/td>\n<\/tr>\n<tr>\n<td valign=\"top\">\n<p>Szerokosc calkowita maszyny<\/p>\n<\/td>\n<td valign=\"top\">\n<p>2305 mm<\/p>\n<\/td>\n<\/tr>\n<tr>\n<td valign=\"top\">\n<p>Wysokosc robocza od podloza<\/p>\n<\/td>\n<td valign=\"top\">\n<p>860 \u2013 940 mm<\/p>\n<\/td>\n<\/tr>\n<tr>\n<td valign=\"top\">\n<p>Max. szerokosc obrobcza<\/p>\n<\/td>\n<td valign=\"top\">\n<p>1200 (1300 mm)<\/p>\n<\/td>\n<\/tr>\n<tr>\n<td valign=\"top\">\n<p>Max. grubosc obrobcza<\/p>\n<\/td>\n<td valign=\"top\">\n<p>70 mm<\/p>\n<\/td>\n<\/tr>\n<tr>\n<td valign=\"top\">\n<p>Min. dlugosc obrobcza<\/p>\n<\/td>\n<td valign=\"top\">\n<p>200 mm<\/p>\n<\/td>\n<\/tr>\n<tr>\n<td valign=\"top\">\n<p><b>1 Modul z 2 UV lampami<\/b><\/p>\n<\/td>\n<td valign=\"top\">\n<p><b>Typ 2MF55<\/b><\/p>\n<\/td>\n<\/tr>\n<tr>\n<td valign=\"top\">\n<p>Moc lamp&nbsp;<\/p>\n<\/td>\n<td valign=\"top\">\n<p>2 x 80W \/cm2 (2 x11,4 kW)<\/p>\n<\/td>\n<\/tr>\n<tr>\n<td valign=\"top\">\n<p>Dlugosc obszaru promieniowania<\/p>\n<\/td>\n<td valign=\"top\">\n<p>1440 mm<\/p>\n<\/td>\n<\/tr>\n<tr>\n<td valign=\"top\">\n<p>Wentylator chlodzacy<\/p>\n<\/td>\n<td valign=\"top\">\n<p>900 m\u00b3\/h<\/p>\n<\/td>\n<\/tr>\n<tr>\n<td valign=\"top\">\n<p>Moc wentylatora<\/p>\n<\/td>\n<td valign=\"top\">\n<p>1,1 kW<\/p>\n<\/td>\n<\/tr>\n<tr>\n<td valign=\"top\">\n<p>Lampy obracane<\/p>\n<\/td>\n<td valign=\"top\">\n<p>elektro- pneumatycznie<\/p>\n<\/td>\n<\/tr>\n<tr>\n<td valign=\"top\">\n<p>Predkosc posuwu<\/p>\n<\/td>\n<td valign=\"top\">\n<p>2,2 \u2013 25 m\/min<\/p>\n<\/td>\n<\/tr>\n<tr>\n<td valign=\"top\">\n<p>Silnik posuwu<\/p>\n<\/td>\n<td valign=\"top\">\n<p>1,5 kW<\/p>\n<\/td>\n<\/tr>\n<tr>\n<td valign=\"top\">\n<p>Tasma transportowa o szerokosci<\/p>\n<\/td>\n<td valign=\"top\">\n<p>1200 mm<\/p>\n<\/td>\n<\/tr>\n<tr>\n<td valign=\"top\">\n<p>Szafa sterownicza<\/p>\n<\/td>\n<td valign=\"top\">\n<p>&nbsp;wolnostojaca<\/p>\n<\/td>\n<\/tr>\n<tr>\n<td valign=\"top\">\n<p>Napiecie robocze<\/p>\n<\/td>\n<td valign=\"top\">\n<p>400 V, AC, 50 Hz, 3 fazy<\/p>\n<\/td>\n<\/tr>\n<tr>\n<td valign=\"top\">\n<p>Max moc podlaczeniowa maszyny<\/p>\n<\/td>\n<td valign=\"top\">\n<p>ok. 26 kW<\/p>\n<\/td>\n<\/tr>\n<tr>\n<td valign=\"top\">\n<p>Ciezar<\/p>\n<\/td>\n<td valign=\"top\">\n<p>ok. 900 kg<\/p>\n<\/td>\n<\/tr>\n<tr>\n<td valign=\"top\">\n<p>Miejsce postoju<\/p>\n<\/td>\n<td valign=\"top\">\n<p>D-32683 Barntrup<\/p>\n<\/td>\n<\/tr>\n<\/tbody>\n<\/table>\n<p><i>(Zmiany i b\u0142\u0119dy w opisie danych technicznych jak i wczesniejsza sprzeda\u017c dozwolone)<\/i><\/p>\n","protected":false},"excerpt":{"rendered":"<p>Numer maszyny.: 2366 Dlugosc calkowita maszyny 4200 mm Szerokosc calkowita maszyny 2305 mm Wysokosc robocza od podloza 860 \u2013 940 mm Max. szerokosc obrobcza 1200 (1300 mm) Max. grubosc obrobcza 70 mm Min. dlugosc obrobcza 200 mm 1 Modul z 2 UV lampami Typ 2MF55 Moc lamp&nbsp; 2 x 80W \/cm2 (2 x11,4 kW) Dlugosc [&hellip;]<\/p>\n","protected":false},"featured_media":9645,"template":"","meta":{"_monsterinsights_skip_tracking":false,"_monsterinsights_sitenote_active":false,"_monsterinsights_sitenote_note":"","_monsterinsights_sitenote_category":0,"ngg_post_thumbnail":0},"product_cat":[338],"product_tag":[],"class_list":{"0":"post-9649","1":"product","2":"type-product","3":"status-publish","4":"has-post-thumbnail","6":"product_cat-sprzedane","8":"first","9":"instock","10":"shipping-taxable","11":"product-type-simple"},"_links":{"self":[{"href":"https:\/\/iberus.pl\/index.php?rest_route=\/wp\/v2\/product\/9649"}],"collection":[{"href":"https:\/\/iberus.pl\/index.php?rest_route=\/wp\/v2\/product"}],"about":[{"href":"https:\/\/iberus.pl\/index.php?rest_route=\/wp\/v2\/types\/product"}],"wp:featuredmedia":[{"embeddable":true,"href":"https:\/\/iberus.pl\/index.php?rest_route=\/wp\/v2\/media\/9645"}],"wp:attachment":[{"href":"https:\/\/iberus.pl\/index.php?rest_route=%2Fwp%2Fv2%2Fmedia&parent=9649"}],"wp:term":[{"taxonomy":"product_cat","embeddable":true,"href":"https:\/\/iberus.pl\/index.php?rest_route=%2Fwp%2Fv2%2Fproduct_cat&post=9649"},{"taxonomy":"product_tag","embeddable":true,"href":"https:\/\/iberus.pl\/index.php?rest_route=%2Fwp%2Fv2%2Fproduct_tag&post=9649"}],"curies":[{"name":"wp","href":"https:\/\/api.w.org\/{rel}","templated":true}]}}