{"id":9465,"date":"2018-01-15T09:27:10","date_gmt":"2018-01-15T09:27:10","guid":{"rendered":"http:\/\/iberus.pl\/?post_type=product&#038;p=9465"},"modified":"2018-01-15T09:28:34","modified_gmt":"2018-01-15T09:28:34","slug":"furnierpresse-joos-typ-hp-65-2","status":"publish","type":"product","link":"https:\/\/iberus.pl\/?product=furnierpresse-joos-typ-hp-65-2","title":{"rendered":"Furnierpresse JOOS Typ HP 65\/2"},"content":{"rendered":"<p>Furnierpresse hydraulisch mit Elektroheizplatten mit GOLDELOXAL-Oberflaechen, gereinigt, funktionsgepr\u00fcft, Probelauf<\/p>\n<table cellspacing=\"0\" cellpadding=\"0\">\n<tbody>\n<tr>\n<td valign=\"top\">\n<p>Masch.-Nr.:<\/p>\n<\/td>\n<td valign=\"top\">\n<p>9626<\/p>\n<\/td>\n<\/tr>\n<tr>\n<td valign=\"top\">\n<p>1 Etage<\/p>\n<\/td>\n<td valign=\"top\">&nbsp;<\/td>\n<\/tr>\n<tr>\n<td valign=\"top\">\n<p>Plattengr\u00f6\u00dfe<\/p>\n<\/td>\n<td valign=\"top\">\n<p>2500 x 1100 mm<\/p>\n<\/td>\n<\/tr>\n<tr>\n<td valign=\"top\">\n<p>\u00d6ffnung max.<\/p>\n<\/td>\n<td valign=\"top\">\n<p>350 mm<\/p>\n<\/td>\n<\/tr>\n<tr>\n<td valign=\"top\">\n<p>Pressdruck<\/p>\n<\/td>\n<td valign=\"top\">\n<p>65 to<\/p>\n<\/td>\n<\/tr>\n<tr>\n<td valign=\"top\">\n<p>Spez. Druck<\/p>\n<\/td>\n<td valign=\"top\">\n<p>2,4 kg\/cm\u00b2<\/p>\n<\/td>\n<\/tr>\n<tr>\n<td valign=\"top\">\n<p>Unterkolbenanzahl<\/p>\n<\/td>\n<td valign=\"top\">\n<p>4 St\u00fcck<\/p>\n<\/td>\n<\/tr>\n<tr>\n<td valign=\"top\">\n<p>Kolbendurchmesser<\/p>\n<\/td>\n<td valign=\"top\">\n<p>80 mm<\/p>\n<\/td>\n<\/tr>\n<tr>\n<td valign=\"top\">\n<p>Betriebsdr\u00fcck<\/p>\n<\/td>\n<td valign=\"top\">\n<p>325 at\u00fc<\/p>\n<\/td>\n<\/tr>\n<tr>\n<td valign=\"top\">\n<p>Heizmedium<\/p>\n<\/td>\n<td valign=\"top\">\n<p>elektrisch<\/p>\n<\/td>\n<\/tr>\n<tr>\n<td valign=\"top\">\n<p>Tippsteuerung<\/p>\n<\/td>\n<td valign=\"top\">\n<p>Schwenkpult<\/p>\n<\/td>\n<\/tr>\n<tr>\n<td valign=\"top\">\n<p>Anschl. \u2013 Wert<\/p>\n<\/td>\n<td valign=\"top\">\n<p>15,4 kW<\/p>\n<\/td>\n<\/tr>\n<tr>\n<td valign=\"top\">\n<p>LxBxH ca.<\/p>\n<\/td>\n<td valign=\"top\">\n<p>3000 x 1300 x 2000<\/p>\n<\/td>\n<\/tr>\n<tr>\n<td valign=\"top\">\n<p>Gewicht ca.<\/p>\n<\/td>\n<td valign=\"top\">\n<p>ca. 3000 kg<\/p>\n<\/td>\n<\/tr>\n<tr>\n<td valign=\"top\">\n<p>Standort<\/p>\n<\/td>\n<td valign=\"top\">\n<p>D-32683 Barntrup<\/p>\n<\/td>\n<\/tr>\n<\/tbody>\n<\/table>\n<p><i>(\u00c4nderungen und Irrt\u00fcmer in den technischen Daten, sowie Zwischenverkauf vorbehalten)<\/i><\/p>\n","protected":false},"excerpt":{"rendered":"<p>Furnierpresse hydraulisch mit Elektroheizplatten mit GOLDELOXAL-Oberflaechen, gereinigt, funktionsgepr\u00fcft, Probelauf Masch.-Nr.: 9626 1 Etage &nbsp; Plattengr\u00f6\u00dfe 2500 x 1100 mm \u00d6ffnung max. 350 mm Pressdruck 65 to Spez. Druck 2,4 kg\/cm\u00b2 Unterkolbenanzahl 4 St\u00fcck Kolbendurchmesser 80 mm Betriebsdr\u00fcck 325 at\u00fc Heizmedium elektrisch Tippsteuerung Schwenkpult Anschl. \u2013 Wert 15,4 kW LxBxH ca. 3000 x 1300 x 2000 [&hellip;]<\/p>\n","protected":false},"featured_media":9477,"template":"","meta":{"_monsterinsights_skip_tracking":false,"_monsterinsights_sitenote_active":false,"_monsterinsights_sitenote_note":"","_monsterinsights_sitenote_category":0,"ngg_post_thumbnail":0},"product_cat":[316,262],"product_tag":[],"class_list":{"0":"post-9465","1":"product","2":"type-product","3":"status-publish","4":"has-post-thumbnail","6":"product_cat-furniermaschinen","7":"product_cat-pressen","9":"first","10":"instock","11":"shipping-taxable","12":"product-type-simple"},"_links":{"self":[{"href":"https:\/\/iberus.pl\/index.php?rest_route=\/wp\/v2\/product\/9465"}],"collection":[{"href":"https:\/\/iberus.pl\/index.php?rest_route=\/wp\/v2\/product"}],"about":[{"href":"https:\/\/iberus.pl\/index.php?rest_route=\/wp\/v2\/types\/product"}],"wp:featuredmedia":[{"embeddable":true,"href":"https:\/\/iberus.pl\/index.php?rest_route=\/wp\/v2\/media\/9477"}],"wp:attachment":[{"href":"https:\/\/iberus.pl\/index.php?rest_route=%2Fwp%2Fv2%2Fmedia&parent=9465"}],"wp:term":[{"taxonomy":"product_cat","embeddable":true,"href":"https:\/\/iberus.pl\/index.php?rest_route=%2Fwp%2Fv2%2Fproduct_cat&post=9465"},{"taxonomy":"product_tag","embeddable":true,"href":"https:\/\/iberus.pl\/index.php?rest_route=%2Fwp%2Fv2%2Fproduct_tag&post=9465"}],"curies":[{"name":"wp","href":"https:\/\/api.w.org\/{rel}","templated":true}]}}