{"id":9446,"date":"2018-01-14T22:38:58","date_gmt":"2018-01-14T22:38:58","guid":{"rendered":"http:\/\/iberus.pl\/?post_type=product&#038;p=9446"},"modified":"2018-01-14T22:38:58","modified_gmt":"2018-01-14T22:38:58","slug":"breitbandschleifmaschine-weber-typ-ofz-k2-o-v-1350","status":"publish","type":"product","link":"https:\/\/iberus.pl\/?product=breitbandschleifmaschine-weber-typ-ofz-k2-o-v-1350","title":{"rendered":"Breitbandschleifmaschine WEBER Typ OFZ-K2 (o) V 1350"},"content":{"rendered":"<table width=\"473.2\" cellspacing=\"0\" cellpadding=\"0\">\n<tbody>\n<tr>\n<td valign=\"top\">\n<p>Masch. \u2013 Nr.:<\/p>\n<\/td>\n<td valign=\"top\">\n<p>89.445.18<\/p>\n<\/td>\n<\/tr>\n<tr>\n<td valign=\"top\">\n<p>Arbeitsbreite&nbsp;<\/p>\n<\/td>\n<td valign=\"top\">\n<p>1350 mm<\/p>\n<\/td>\n<\/tr>\n<tr>\n<td valign=\"top\">\n<p>Arbeitsh\u00f6he<\/p>\n<\/td>\n<td valign=\"top\">\n<p>850 mm<\/p>\n<\/td>\n<\/tr>\n<tr>\n<td valign=\"top\">\n<p>Werkst\u00fcckh\u00f6he<\/p>\n<\/td>\n<td valign=\"top\">\n<p>4 &#8211; 150 mm<\/p>\n<\/td>\n<\/tr>\n<tr>\n<td valign=\"top\">\n<p>Schleifen von oben<\/p>\n<\/td>\n<td valign=\"top\">\n<p>Einstellung durch h\u00f6henverstellbaren Schleifaggregat bei konstanter Arbeitsh\u00f6he.<\/p>\n<\/td>\n<\/tr>\n<tr>\n<td valign=\"top\">\n<p>Ausr\u00fcstung:<\/p>\n<\/td>\n<td valign=\"top\">&nbsp;<\/td>\n<\/tr>\n<tr>\n<td valign=\"top\">\n<ol>\n<li>1. Kontaktwalze \u2013 Stahlausf\u00fchrung D-300 mm<\/li>\n<\/ol>\n<\/td>\n<td valign=\"top\">\n<p>18,5 kW<\/p>\n<\/td>\n<\/tr>\n<tr>\n<td valign=\"top\">\n<ol>\n<li>2. Schleifbalkenaggregat (Schleifkissen)<\/li>\n<\/ol>\n<\/td>\n<td valign=\"top\">\n<p>11 kW<\/p>\n<\/td>\n<\/tr>\n<tr>\n<td valign=\"top\">\n<ol>\n<li>3. B\u00fcrste<\/li>\n<\/ol>\n<\/td>\n<td valign=\"top\">\n<p>vom Haubtantrieb<\/p>\n<\/td>\n<\/tr>\n<tr>\n<td valign=\"top\">\n<p>Transportband &#8211; Geschwindigkeit &nbsp;<\/p>\n<\/td>\n<td valign=\"top\">\n<p>3 \u2013 15 m\/min<\/p>\n<\/td>\n<\/tr>\n<tr>\n<td valign=\"top\">\n<p>Antrieb Vorschub &nbsp;<\/p>\n<\/td>\n<td valign=\"top\">\n<p>2,2 kW<\/p>\n<\/td>\n<\/tr>\n<tr>\n<td valign=\"top\">\n<p>Schleifband &#8211; Geschwindigkeit&nbsp;<\/p>\n<\/td>\n<td valign=\"top\">\n<p>ca. 22 m\/sek<\/p>\n<\/td>\n<\/tr>\n<tr>\n<td valign=\"top\">\n<p>Schleifband &#8211; Abmessung &nbsp;<\/p>\n<\/td>\n<td valign=\"top\">\n<p>1400 x 2500 mm<\/p>\n<\/td>\n<\/tr>\n<tr>\n<td valign=\"top\">\n<p>Steuerungspult<\/p>\n<\/td>\n<td valign=\"top\">&nbsp;<\/td>\n<\/tr>\n<tr>\n<td valign=\"top\">\n<p>Kurzen Transporttisch&nbsp;<\/p>\n<\/td>\n<td valign=\"top\">\n<p>Einlauf und Auslauf<\/p>\n<\/td>\n<\/tr>\n<tr>\n<td valign=\"top\">\n<p>Anschlu\u00dfwert &nbsp;<\/p>\n<\/td>\n<td valign=\"top\">\n<p>39 kW<\/p>\n<\/td>\n<\/tr>\n<tr>\n<td valign=\"top\">\n<p>Druckluftanschlu\u00df<\/p>\n<\/td>\n<td valign=\"top\">\n<p>5 &#8211; 7 bar<\/p>\n<\/td>\n<\/tr>\n<tr>\n<td valign=\"top\">\n<p>Absaugstutzendurchmesser&nbsp;<\/p>\n<\/td>\n<td valign=\"top\">\n<p>2 x 200mm, 1 x 120mm<\/p>\n<\/td>\n<\/tr>\n<tr>\n<td valign=\"top\">\n<p>Saugluftmenge<\/p>\n<\/td>\n<td valign=\"top\">\n<p>ok. 1,7 m3\/sek<\/p>\n<\/td>\n<\/tr>\n<tr>\n<td valign=\"top\">\n<p>Betriebsspannung<\/p>\n<\/td>\n<td valign=\"top\">\n<p>230\/400 V, 50 Hz<\/p>\n<\/td>\n<\/tr>\n<tr>\n<td valign=\"top\">\n<p>Steuerspannung<\/p>\n<\/td>\n<td valign=\"top\">\n<p>230 V<\/p>\n<\/td>\n<\/tr>\n<tr>\n<td valign=\"top\">\n<p>Abmessungen<\/p>\n<\/td>\n<td valign=\"top\">\n<p>2550 x 1910 x 2150 mm<\/p>\n<\/td>\n<\/tr>\n<tr>\n<td valign=\"top\">\n<p>Gewicht<\/p>\n<\/td>\n<td valign=\"top\">\n<p>3200 kg<\/p>\n<\/td>\n<\/tr>\n<\/tbody>\n<\/table>\n<p><i>(\u00c4nderungen und Irrt\u00fcmer in den technischen Daten sowie Zwischenverkauf vorbehalten)<\/i><\/p>\n","protected":false},"excerpt":{"rendered":"<p>Masch. \u2013 Nr.: 89.445.18 Arbeitsbreite&nbsp; 1350 mm Arbeitsh\u00f6he 850 mm Werkst\u00fcckh\u00f6he 4 &#8211; 150 mm Schleifen von oben Einstellung durch h\u00f6henverstellbaren Schleifaggregat bei konstanter Arbeitsh\u00f6he. Ausr\u00fcstung: &nbsp; 1. Kontaktwalze \u2013 Stahlausf\u00fchrung D-300 mm 18,5 kW 2. Schleifbalkenaggregat (Schleifkissen) 11 kW 3. B\u00fcrste vom Haubtantrieb Transportband &#8211; Geschwindigkeit &nbsp; 3 \u2013 15 m\/min Antrieb Vorschub &nbsp; [&hellip;]<\/p>\n","protected":false},"featured_media":9459,"template":"","meta":{"_monsterinsights_skip_tracking":false,"_monsterinsights_sitenote_active":false,"_monsterinsights_sitenote_note":"","_monsterinsights_sitenote_category":0,"ngg_post_thumbnail":0},"product_cat":[280],"product_tag":[],"class_list":{"0":"post-9446","1":"product","2":"type-product","3":"status-publish","4":"has-post-thumbnail","6":"product_cat-schleifmaschinen","8":"first","9":"instock","10":"shipping-taxable","11":"product-type-simple"},"_links":{"self":[{"href":"https:\/\/iberus.pl\/index.php?rest_route=\/wp\/v2\/product\/9446"}],"collection":[{"href":"https:\/\/iberus.pl\/index.php?rest_route=\/wp\/v2\/product"}],"about":[{"href":"https:\/\/iberus.pl\/index.php?rest_route=\/wp\/v2\/types\/product"}],"wp:featuredmedia":[{"embeddable":true,"href":"https:\/\/iberus.pl\/index.php?rest_route=\/wp\/v2\/media\/9459"}],"wp:attachment":[{"href":"https:\/\/iberus.pl\/index.php?rest_route=%2Fwp%2Fv2%2Fmedia&parent=9446"}],"wp:term":[{"taxonomy":"product_cat","embeddable":true,"href":"https:\/\/iberus.pl\/index.php?rest_route=%2Fwp%2Fv2%2Fproduct_cat&post=9446"},{"taxonomy":"product_tag","embeddable":true,"href":"https:\/\/iberus.pl\/index.php?rest_route=%2Fwp%2Fv2%2Fproduct_tag&post=9446"}],"curies":[{"name":"wp","href":"https:\/\/api.w.org\/{rel}","templated":true}]}}