{"id":9412,"date":"2018-01-14T22:21:04","date_gmt":"2018-01-14T22:21:04","guid":{"rendered":"http:\/\/iberus.pl\/?post_type=product&#038;p=9412"},"modified":"2018-01-14T22:22:17","modified_gmt":"2018-01-14T22:22:17","slug":"breitbandschleifmaschine-weber-typ-lce-2000dk-bj-2000","status":"publish","type":"product","link":"https:\/\/iberus.pl\/?product=breitbandschleifmaschine-weber-typ-lce-2000dk-bj-2000","title":{"rendered":"Breitbandschleifmaschine WEBER Typ LCE-2000DK, Bj. 2000"},"content":{"rendered":"<table cellspacing=\"0\" cellpadding=\"0\">\n<tbody>\n<tr>\n<td valign=\"top\">\n<p>Masch. \u2013 Nr.:<\/p>\n<\/td>\n<td valign=\"top\">\n<p>95.467.101<\/p>\n<\/td>\n<\/tr>\n<tr>\n<td valign=\"top\">\n<p>Arbeitsbreite&nbsp;<\/p>\n<\/td>\n<td valign=\"top\">\n<p>1350 mm<\/p>\n<\/td>\n<\/tr>\n<tr>\n<td valign=\"top\">\n<p>Arbeitsh\u00f6he<\/p>\n<\/td>\n<td valign=\"top\">\n<p>850 mm<\/p>\n<\/td>\n<\/tr>\n<tr>\n<td valign=\"top\">\n<p>Werkst\u00fcckh\u00f6he<\/p>\n<\/td>\n<td valign=\"top\">\n<p>4 &#8211; 150 mm<\/p>\n<\/td>\n<\/tr>\n<tr>\n<td valign=\"top\">\n<p>Arbeitsh\u00f6he variabel&nbsp;<\/p>\n<\/td>\n<td valign=\"top\">\n<p>850 mm<\/p>\n<\/td>\n<\/tr>\n<tr>\n<td valign=\"top\">\n<p>Automatische&nbsp;Werkst\u00fcck- Dickenmessung<\/p>\n<\/td>\n<td valign=\"top\">&nbsp;<\/td>\n<\/tr>\n<tr>\n<td valign=\"top\">\n<p>Ausr\u00fcstung:<\/p>\n<\/td>\n<td valign=\"top\">&nbsp;<\/td>\n<\/tr>\n<tr>\n<td valign=\"top\">\n<ol>\n<li><b>1. Kontaktwalze \u2013 Stahlausf\u00fchrung (spiralf\u00f6rmig genutete Walze)<\/b><\/li>\n<\/ol>\n<\/td>\n<td valign=\"top\">\n<p>f\u00fcr ma\u00dfgenaues Kalibrieren, Motor 15 kW<\/p>\n<\/td>\n<\/tr>\n<tr>\n<td valign=\"top\">\n<ol>\n<li><b>2. Kombiaggregat mit Gliederdruckbalkenausf\u00fchrung<\/b><\/li>\n<\/ol>\n<\/td>\n<td valign=\"top\">\n<p>elektromagnetisch gesteuert, Motor 11 kW<\/p>\n<\/td>\n<\/tr>\n<tr>\n<td valign=\"top\">\n<ol>\n<li><b>3. Reinigungsb\u00fcrste<\/b><\/li>\n<\/ol>\n<\/td>\n<td valign=\"top\">\n<p>vom Haubtantrieb &nbsp;<\/p>\n<\/td>\n<\/tr>\n<tr>\n<td valign=\"top\">\n<p>Werkst\u00fcckerkennung<\/p>\n<\/td>\n<td valign=\"top\">\n<p>Werkst\u00fcckabtastung mit 32 mm Aufl\u00f6sung<\/p>\n<\/td>\n<\/tr>\n<tr>\n<td valign=\"top\">\n<p>Transportband \u2013 Vorschub Geschwindigkeit &nbsp;<\/p>\n<\/td>\n<td valign=\"top\">\n<p>max 14 m\/min<\/p>\n<\/td>\n<\/tr>\n<tr>\n<td valign=\"top\">\n<p>Schleifband &#8211; Geschwindigkeit&nbsp;<\/p>\n<\/td>\n<td valign=\"top\">\n<p>max. 20m\/sek<\/p>\n<\/td>\n<\/tr>\n<tr>\n<td valign=\"top\">\n<p>Schleifband &#8211; Abmessung &nbsp;<\/p>\n<\/td>\n<td valign=\"top\">\n<p>?<\/p>\n<\/td>\n<\/tr>\n<tr>\n<td valign=\"top\">\n<p>Maschinensteuerung<\/p>\n<\/td>\n<td valign=\"top\">\n<p>Siemens Simatic C7 \u2013 634 Bedienterminal<\/p>\n<\/td>\n<\/tr>\n<tr>\n<td valign=\"top\">\n<p>Tischverl\u00e4ngerung<\/p>\n<\/td>\n<td valign=\"top\">\n<p>am Ein- und Auslauf ca. 400 mm<\/p>\n<\/td>\n<\/tr>\n<tr>\n<td valign=\"top\">\n<p>Anschlu\u00dfwert &nbsp;<\/p>\n<\/td>\n<td valign=\"top\">\n<p>ca. 28 kW<\/p>\n<\/td>\n<\/tr>\n<tr>\n<td valign=\"top\">\n<p>Druckluftanschlu\u00df<\/p>\n<\/td>\n<td valign=\"top\">\n<p>5 &#8211; 7 bar<\/p>\n<\/td>\n<\/tr>\n<tr>\n<td valign=\"top\">\n<p>Betriebsspannung<\/p>\n<\/td>\n<td valign=\"top\">\n<p>230\/400 V, 50 Hz<\/p>\n<\/td>\n<\/tr>\n<tr>\n<td valign=\"top\">\n<p>Abmessungen<\/p>\n<\/td>\n<td valign=\"top\">\n<p>2550 x 1930 x 2150 mm<\/p>\n<\/td>\n<\/tr>\n<tr>\n<td valign=\"top\">\n<p>Gewicht<\/p>\n<\/td>\n<td valign=\"top\">\n<p>2300 kg<\/p>\n<\/td>\n<\/tr>\n<\/tbody>\n<\/table>\n<p><i>(\u00c4nderungen und Irrt\u00fcmer in den technischen Daten sowie Zwischenverkauf vorbehalten)<\/i><\/p>\n","protected":false},"excerpt":{"rendered":"<p>Masch. \u2013 Nr.: 95.467.101 Arbeitsbreite&nbsp; 1350 mm Arbeitsh\u00f6he 850 mm Werkst\u00fcckh\u00f6he 4 &#8211; 150 mm Arbeitsh\u00f6he variabel&nbsp; 850 mm Automatische&nbsp;Werkst\u00fcck- Dickenmessung &nbsp; Ausr\u00fcstung: &nbsp; 1. Kontaktwalze \u2013 Stahlausf\u00fchrung (spiralf\u00f6rmig genutete Walze) f\u00fcr ma\u00dfgenaues Kalibrieren, Motor 15 kW 2. Kombiaggregat mit Gliederdruckbalkenausf\u00fchrung elektromagnetisch gesteuert, Motor 11 kW 3. Reinigungsb\u00fcrste vom Haubtantrieb &nbsp; Werkst\u00fcckerkennung Werkst\u00fcckabtastung mit 32 [&hellip;]<\/p>\n","protected":false},"featured_media":9413,"template":"","meta":{"_monsterinsights_skip_tracking":false,"_monsterinsights_sitenote_active":false,"_monsterinsights_sitenote_note":"","_monsterinsights_sitenote_category":0,"ngg_post_thumbnail":0},"product_cat":[280],"product_tag":[],"class_list":{"0":"post-9412","1":"product","2":"type-product","3":"status-publish","4":"has-post-thumbnail","6":"product_cat-schleifmaschinen","8":"first","9":"instock","10":"shipping-taxable","11":"product-type-simple"},"_links":{"self":[{"href":"https:\/\/iberus.pl\/index.php?rest_route=\/wp\/v2\/product\/9412"}],"collection":[{"href":"https:\/\/iberus.pl\/index.php?rest_route=\/wp\/v2\/product"}],"about":[{"href":"https:\/\/iberus.pl\/index.php?rest_route=\/wp\/v2\/types\/product"}],"wp:featuredmedia":[{"embeddable":true,"href":"https:\/\/iberus.pl\/index.php?rest_route=\/wp\/v2\/media\/9413"}],"wp:attachment":[{"href":"https:\/\/iberus.pl\/index.php?rest_route=%2Fwp%2Fv2%2Fmedia&parent=9412"}],"wp:term":[{"taxonomy":"product_cat","embeddable":true,"href":"https:\/\/iberus.pl\/index.php?rest_route=%2Fwp%2Fv2%2Fproduct_cat&post=9412"},{"taxonomy":"product_tag","embeddable":true,"href":"https:\/\/iberus.pl\/index.php?rest_route=%2Fwp%2Fv2%2Fproduct_tag&post=9412"}],"curies":[{"name":"wp","href":"https:\/\/api.w.org\/{rel}","templated":true}]}}