{"id":8745,"date":"2017-07-23T14:59:12","date_gmt":"2017-07-23T14:59:12","guid":{"rendered":"http:\/\/gromar.de\/?product=okleiniarka-homag-optimat-kal-3106a20s2-rok-budowy-2007"},"modified":"2017-08-14T13:44:06","modified_gmt":"2017-08-14T13:44:06","slug":"okleiniarka-homag-optimat-kal-3106a20s2-rok-budowy-2007","status":"publish","type":"product","link":"https:\/\/iberus.pl\/?product=okleiniarka-homag-optimat-kal-3106a20s2-rok-budowy-2007","title":{"rendered":"Okleiniarka Homag Optimat KAL 310\/6\/A20\/S2, rok budowy: 2007"},"content":{"rendered":"<p><em>Przeznaczona m.in. do PVC, forniru i delikatnej kraw\u0119dzi (np. kraw\u0119dzi aluminiowej).<\/em><\/p>\n<p><em>Z oddzielnym topielnikiem ROBATECH dla klejow PUR Hot &#8211; Melt.<\/em><\/p>\n<p><em>Bdb stan techniczny &#8211; 1 wlasciciel, maszyna regularnie serwisowana przez producenta.<\/em><\/p>\n<table>\n<tbody>\n<tr>\n<td width=\"503\">\n<p>Ilosc godzin w stanie gotowosci<\/p>\n<\/td>\n<td width=\"564\">\n<p>14.242 h<\/p>\n<\/td>\n<\/tr>\n<tr>\n<td width=\"503\">\n<p>Ilosc przepracowanych godzin<\/p>\n<\/td>\n<td width=\"564\">\n<p>615.5 h<\/p>\n<\/td>\n<\/tr>\n<tr>\n<td width=\"503\">\n<p>Ilosc przepuszczonych mb<\/p>\n<\/td>\n<td width=\"564\">\n<p>282.965<\/p>\n<\/td>\n<\/tr>\n<tr>\n<td width=\"503\">\n<p>Numer maszyny<\/p>\n<\/td>\n<td width=\"564\">\n<p>0-200-19-2499<\/p>\n<\/td>\n<\/tr>\n<tr>\n<td width=\"503\">\n<p>Wysokosc robocza od podloza<\/p>\n<\/td>\n<td width=\"564\">\n<p>950 mm<\/p>\n<\/td>\n<\/tr>\n<tr>\n<td width=\"503\">\n<p>Podpora\/podtrzymka obrabianych elementow<\/p>\n<\/td>\n<td width=\"564\">\n<p>szyna rolkowa rozciagana na ok. 800 mm<\/p>\n<\/td>\n<\/tr>\n<tr>\n<td width=\"503\">\n<p><strong>Wymiary obrobcze:<\/strong><\/p>\n<\/td>\n<td width=\"564\">\n<p>&nbsp;<\/p>\n<\/td>\n<\/tr>\n<tr>\n<td width=\"503\">\n<p>Grubosc formatek<\/p>\n<\/td>\n<td width=\"564\">\n<p>12 \u2013 60 mm<\/p>\n<\/td>\n<\/tr>\n<tr>\n<td width=\"503\">\n<p>Szerokosc robocza min.<\/p>\n<\/td>\n<td width=\"564\">\n<p>&nbsp;<\/p>\n<\/td>\n<\/tr>\n<tr>\n<td width=\"503\">\n<p>przy grubosciach elementow 22 mm<\/p>\n<\/td>\n<td width=\"564\">\n<p>min. 55 mm<\/p>\n<\/td>\n<\/tr>\n<tr>\n<td width=\"503\">\n<p>przy grubosciach elementow 60 mm<\/p>\n<\/td>\n<td width=\"564\">\n<p>min. 100 mm<\/p>\n<\/td>\n<\/tr>\n<tr>\n<td width=\"503\">\n<p>Naddatek formatek<\/p>\n<\/td>\n<td width=\"564\">\n<p>30 mm<\/p>\n<\/td>\n<\/tr>\n<tr>\n<td width=\"503\">\n<p>Dlugosc formatek<\/p>\n<\/td>\n<td width=\"564\">\n<p>min. 300 mm<\/p>\n<\/td>\n<\/tr>\n<tr>\n<td width=\"503\">\n<p>Okleina w paski grubosc max.<\/p>\n<\/td>\n<td width=\"564\">\n<p>0,4 &#8211; 20 mm<\/p>\n<\/td>\n<\/tr>\n<tr>\n<td width=\"503\">\n<p>Okleina w paski przekroj max.<\/p>\n<\/td>\n<td width=\"564\">\n<p>900m2<\/p>\n<\/td>\n<\/tr>\n<tr>\n<td width=\"503\">\n<p>Material w rolce, grubosc<\/p>\n<\/td>\n<td width=\"564\">\n<p>0,3 \u2013 3mm<\/p>\n<\/td>\n<\/tr>\n<tr>\n<td width=\"503\">\n<p>Max przekroj krawedzi przy PVC<\/p>\n<\/td>\n<td width=\"564\">\n<p>135 mm2<\/p>\n<\/td>\n<\/tr>\n<tr>\n<td width=\"503\">\n<p>Max przekroj krawedzi przy fornir<\/p>\n<\/td>\n<td width=\"564\">\n<p>100 mm2<\/p>\n<\/td>\n<\/tr>\n<tr>\n<td width=\"503\">\n<p>Max przekroj krawedzi przy okleinie alu<\/p>\n<\/td>\n<td width=\"564\">\n<p>&nbsp;<\/p>\n<\/td>\n<\/tr>\n<tr>\n<td width=\"503\">\n<p>Srednica magazynku rolki max.<\/p>\n<\/td>\n<td width=\"564\">\n<p>830 mm<\/p>\n<\/td>\n<\/tr>\n<tr>\n<td width=\"503\">\n<p>Cisnienie robocze<\/p>\n<\/td>\n<td width=\"564\">\n<p>7-8 bar<\/p>\n<\/td>\n<\/tr>\n<tr>\n<td width=\"503\">\n<p><strong>Frezowanie wstepne<\/strong><\/p>\n<\/td>\n<td width=\"564\">\n<p>2 x 3 kW; 150 Hz; 9000Upm z 2 DIA \u2013 glowicami , grubosc elementu max 30mm<\/p>\n<\/td>\n<\/tr>\n<tr>\n<td width=\"503\">\n<p>Sterfa podgrzewania &#8211; lampa kwarcowa na podczerwien<\/p>\n<\/td>\n<td width=\"564\">\n<p>W celu lepszej przyczepnosci obrzezy przy zimnych formatkach<\/p>\n<\/td>\n<\/tr>\n<tr>\n<td width=\"503\">\n<p><strong>Wysokiej klasy wolno-stojacy agregat topliwy ROBATECH PUR Premelter Typ 18\/Homag\/EU<\/strong><\/p>\n<\/td>\n<td width=\"564\">\n<p>do topienia reaktywnych klej\u00f3w poliuretanowych PUR. Zawarto\u015b\u0107 pojemnika 18 l, wsad o wymiarach 170&#215;170 mm, wydajnosc ok. 10 kg\/h, regulacja ci\u015bnienia do 70 bar.<\/p>\n<\/td>\n<\/tr>\n<tr>\n<td width=\"503\">\n<p>&nbsp;<\/p>\n<p>Dluga sonda klejowa<\/p>\n<\/td>\n<td width=\"564\">\n<p>&nbsp;<\/p>\n<p>podlaczenie pomiedzy topielnikiem Robatech, a agreagtem z rolka.<\/p>\n<\/td>\n<\/tr>\n<tr>\n<td width=\"503\">\n<p>Magazynek talerzowy<\/p>\n<\/td>\n<td width=\"564\">\n<p>dla krawedzi masywnej, w paskach i w rolce<\/p>\n<\/td>\n<\/tr>\n<tr>\n<td width=\"503\">\n<p>Strefa docisku C<\/p>\n<\/td>\n<td width=\"564\">\n<p>1 glowna rolka dociskowa napedzana 150mm, 6 dodatkowych rolek dociskowych 70 mm<\/p>\n<\/td>\n<\/tr>\n<tr>\n<td width=\"503\">\n<p>Zespol obcinania HL84\/85 &#8211; kapowki<\/p>\n<\/td>\n<td width=\"564\">\n<p>2 x 0,5 kW; 200 Hz; 12000 Upm<\/p>\n<\/td>\n<\/tr>\n<tr>\n<td width=\"503\">\n<p>Zespol frezowania wstepnego<\/p>\n<\/td>\n<td width=\"564\">\n<p>2 x 1,5 kW; 200 Hz; 12000 obr\/min<\/p>\n<\/td>\n<\/tr>\n<tr>\n<td width=\"503\">\n<p>Zespol frezowania naroznikow FK 11<\/p>\n<\/td>\n<td width=\"564\">\n<p>2 x 0,55 kW; 200 Hz; 12000 obr\/min<\/p>\n<\/td>\n<\/tr>\n<tr>\n<td width=\"503\">\n<p>Dodatkowa grupa do krawedzi ALU (Alukante Verleimteil A20)<\/p>\n<\/td>\n<td width=\"564\">\n<p>&#8211; jednostka klejenia A20 przygotowana pod klejenie obrze\u017ca z aluminium<br \/>\n &#8211; wymiary obrzeza:<br \/>\n Rolki do max. 1,5 mm<br \/>\n Kraw\u0119d\u017a przekr\u00f3j max. 42 mm2<br \/>\n &#8211; zawiera specjalne oprogramowanie i dodatkowa pozioma rolke odbierajaca<\/p>\n<\/td>\n<\/tr>\n<tr>\n<td width=\"503\">\n<p>Zestaw glowic wymiennych automatycznie przestawnych FK<\/p>\n<\/td>\n<td width=\"564\">\n<p>2 glowice wymienne do zamontowania na agregacie FK11\/13\/21\/23<\/p>\n<\/td>\n<\/tr>\n<tr>\n<td width=\"503\">\n<p>Zestaw glowic wymiennych manualnie przestawnych FK<\/p>\n<\/td>\n<td width=\"564\">\n<p>2 glowice wymienne do zamontowania \u00a0na agregacie FK11\/21<\/p>\n<\/td>\n<\/tr>\n<tr>\n<td width=\"503\">\n<p>DIA- Zestaw frezow do zaokraglania<\/p>\n<\/td>\n<td width=\"564\">\n<p>dla FK R=2 mm, Z=4<\/p>\n<\/td>\n<\/tr>\n<tr>\n<td width=\"503\">\n<p>DIA- Zestaw frezow do zaokraglania<\/p>\n<\/td>\n<td width=\"564\">\n<p>dla FK R=1,5 mm, Z=4<\/p>\n<\/td>\n<\/tr>\n<tr>\n<td width=\"503\">\n<p>Zespol czyszczenia, profil PN 10<\/p>\n<\/td>\n<td width=\"564\">\n<p>z gory, dolu i po bokach fazowanie badz zaokraglanie \u00a0wczesniej frezowanej krawedzi PVC<\/p>\n<\/td>\n<\/tr>\n<tr>\n<td width=\"503\">\n<p>Szybko- wymienny zestaw glowic<\/p>\n<\/td>\n<td width=\"564\">\n<p>2 szybko wymienne glowice R=2 mm dla PN10 dla prostej zmiany promienia<\/p>\n<\/td>\n<\/tr>\n<tr>\n<td width=\"503\">\n<p>Szybko- wymienny zestaw glowic<\/p>\n<\/td>\n<td width=\"564\">\n<p>2 szybko wymienne glowice R=1 mm dla PN10 dla prostej zmiany promienia<\/p>\n<\/td>\n<\/tr>\n<tr>\n<td width=\"503\">\n<p>Zespol wykanczajacy Finischaggregat FA 11<\/p>\n<\/td>\n<td width=\"564\">\n<p>skrobanie kleju nozykiem HM, dysza natryskujaca srodek czyszczacy, polerowanie.<\/p>\n<\/td>\n<\/tr>\n<tr>\n<td width=\"503\">\n<p>Predkosc posuwu<\/p>\n<\/td>\n<td width=\"564\">\n<p>max. 18 m\/min<\/p>\n<\/td>\n<\/tr>\n<tr>\n<td width=\"503\">\n<p>Sterowanie<\/p>\n<\/td>\n<td width=\"564\">\n<p>power control PC 22<\/p>\n<\/td>\n<\/tr>\n<tr>\n<td width=\"503\">\n<p>Skrobak do rolki dociskowej, strefy docisku<\/p>\n<\/td>\n<td width=\"564\">\n<p>&nbsp;<\/p>\n<\/td>\n<\/tr>\n<tr>\n<td width=\"503\">\n<p>Stand by \u2013 przy strefie klejenia<\/p>\n<\/td>\n<td width=\"564\">\n<p>przy wolnym biegu, obnizanie temperatury kleju indywidualnie regulowane<\/p>\n<\/td>\n<\/tr>\n<tr>\n<td width=\"503\">\n<p>Licznik przestawiania (tastowania) rolek<\/p>\n<\/td>\n<td width=\"564\">\n<p>gora\/dol przy frezowaniu wstepnym<\/p>\n<\/td>\n<\/tr>\n<tr>\n<td width=\"503\">\n<p>Maszyna wyposazona w instalacje elektryczna i mechaniczna do podlaczenia stacji powrotu materialu Boomerang ZHR05<\/p>\n<\/td>\n<td width=\"564\">\n<p>&nbsp;<\/p>\n<\/td>\n<\/tr>\n<tr>\n<td width=\"503\">\n<p>Wymiary zewnetrzne:<\/p>\n<\/td>\n<td width=\"564\">\n<p>&nbsp;<\/p>\n<\/td>\n<\/tr>\n<tr>\n<td width=\"503\">\n<p>Dlugosc calkowita<\/p>\n<\/td>\n<td width=\"564\">\n<p>7975 mm<\/p>\n<\/td>\n<\/tr>\n<tr>\n<td width=\"503\">\n<p>Szerokosc calkowita maszyna zamknieta\/otwarta<\/p>\n<\/td>\n<td width=\"564\">\n<p>910\/ 1540 mm<\/p>\n<\/td>\n<\/tr>\n<tr>\n<td width=\"503\">\n<p>Wysokosc calkowita maszyna zamknieta\/otwarta<\/p>\n<\/td>\n<td width=\"564\">\n<p>1803\/ 2250 mm<\/p>\n<\/td>\n<\/tr>\n<tr>\n<td width=\"503\">\n<p>Waga<\/p>\n<\/td>\n<td width=\"564\">\n<p>ok. 6000 kg<\/p>\n<\/td>\n<\/tr>\n<tr>\n<td width=\"503\">\n<p>Moc calkowita<\/p>\n<\/td>\n<td width=\"564\">\n<p>ok. 31 kW<\/p>\n<\/td>\n<\/tr>\n<tr>\n<td width=\"503\">\n<p>Dokumentacja i oprogramowanie<\/p>\n<\/td>\n<td width=\"564\">\n<p>dostepne w oryginale<\/p>\n<\/td>\n<\/tr>\n<tr>\n<td width=\"503\">\n<p>Aktualna lokalizacja<\/p>\n<\/td>\n<td width=\"564\">\n<p>D-32683 Barntrup, Niemcy<\/p>\n<\/td>\n<\/tr>\n<\/tbody>\n<\/table>\n<p><em><br \/>\n Oryginalna cena przy zakupie w roku 2007\u00a0 &#8211; 161.000,00 \u20ac netto<\/em><\/p>\n<p><em>\u00a0<\/em><\/p>\n<p><em>(Z zastrze\u017ceniem, pomy\u0142ek, zmian technicznych i wcze\u015bniejszej sprzeda\u017cy)<\/em><\/p>\n<p>&nbsp;<\/p>\n<p>&nbsp;<\/p>\n","protected":false},"excerpt":{"rendered":"<p>Przeznaczona m.in. do PVC, forniru i delikatnej kraw\u0119dzi (np. kraw\u0119dzi aluminiowej). Z oddzielnym topielnikiem ROBATECH dla klejow PUR Hot &#8211; Melt. Bdb stan techniczny &#8211; 1 wlasciciel, maszyna regularnie serwisowana przez producenta. Ilosc godzin w stanie gotowosci 14.242 h Ilosc przepracowanych godzin 615.5 h Ilosc przepuszczonych mb 282.965 Numer maszyny 0-200-19-2499 Wysokosc robocza od podloza [&hellip;]<\/p>\n","protected":false},"featured_media":8737,"template":"","meta":{"_monsterinsights_skip_tracking":false,"_monsterinsights_sitenote_active":false,"_monsterinsights_sitenote_note":"","_monsterinsights_sitenote_category":0,"ngg_post_thumbnail":0},"product_cat":[338],"product_tag":[],"class_list":{"0":"post-8745","1":"product","2":"type-product","3":"status-publish","4":"has-post-thumbnail","6":"product_cat-sprzedane","8":"first","9":"instock","10":"downloadable","11":"shipping-taxable","12":"product-type-simple"},"_links":{"self":[{"href":"https:\/\/iberus.pl\/index.php?rest_route=\/wp\/v2\/product\/8745"}],"collection":[{"href":"https:\/\/iberus.pl\/index.php?rest_route=\/wp\/v2\/product"}],"about":[{"href":"https:\/\/iberus.pl\/index.php?rest_route=\/wp\/v2\/types\/product"}],"wp:featuredmedia":[{"embeddable":true,"href":"https:\/\/iberus.pl\/index.php?rest_route=\/wp\/v2\/media\/8737"}],"wp:attachment":[{"href":"https:\/\/iberus.pl\/index.php?rest_route=%2Fwp%2Fv2%2Fmedia&parent=8745"}],"wp:term":[{"taxonomy":"product_cat","embeddable":true,"href":"https:\/\/iberus.pl\/index.php?rest_route=%2Fwp%2Fv2%2Fproduct_cat&post=8745"},{"taxonomy":"product_tag","embeddable":true,"href":"https:\/\/iberus.pl\/index.php?rest_route=%2Fwp%2Fv2%2Fproduct_tag&post=8745"}],"curies":[{"name":"wp","href":"https:\/\/api.w.org\/{rel}","templated":true}]}}