{"id":865,"date":"2014-10-24T17:39:21","date_gmt":"2014-10-24T17:39:21","guid":{"rendered":"http:\/\/gromar.de\/?post_type=product&#038;p=865"},"modified":"2015-05-20T21:53:39","modified_gmt":"2015-05-20T21:53:39","slug":"strugarka-profilarka-weinig-model-unimat-1000-star-rok-budowy-2003","status":"publish","type":"product","link":"https:\/\/iberus.pl\/?product=strugarka-profilarka-weinig-model-unimat-1000-star-rok-budowy-2003","title":{"rendered":"Strugarka profilarka Weinig, Model: Unimat 1000 Star, rok budowy: 2003"},"content":{"rendered":"<table class=\"techdata\" width=\"450\" cellspacing=\"2\">\n<tbody>\n<tr>\n<td><b>Numer maszyny<\/b><\/td>\n<td>99221<\/td>\n<\/tr>\n<tr>\n<td><b>Szerokosc robocza<\/b><\/td>\n<td>20 \u2013230 mm<\/td>\n<\/tr>\n<tr>\n<td><b>Wysokosc robocza<\/b><\/td>\n<td>8 \u2013120 mm<\/td>\n<\/tr>\n<tr>\n<td><b>Stol podawczy<\/b><\/td>\n<td>2000 mm<\/td>\n<\/tr>\n<tr>\n<td><b>Silnik posuwu<\/b><\/td>\n<td>4 kW, z mechanicznym hamulcem<\/td>\n<\/tr>\n<tr>\n<td><b>Predkosc posuwu<\/b><\/td>\n<td>6 \u2013 24 m\/min bezstopniowo regulowany<\/td>\n<\/tr>\n<tr>\n<td><b>Wrzeciona<\/b><\/td>\n<td>7 sztuk o konfiguracji:<\/td>\n<\/tr>\n<tr>\n<td><b>1. pierwsze wrzeciono dolne<\/b><\/td>\n<td>7,5 kW; 8000 obr.\/min<\/td>\n<\/tr>\n<tr>\n<td><b>2. pierwsze wrzeciono prawe<\/b><\/td>\n<td>7,5 kW; 8000 obr.\/min<\/td>\n<\/tr>\n<tr>\n<td><b>3. pierwsze wrzeciono lewe<\/b><\/td>\n<td>7,5 kW; 8000 obr.\/min; ATS\/ E- System, Mobilne<\/td>\n<\/tr>\n<tr>\n<td><b>4. drugie rzeciono prawe<\/b><\/td>\n<td>11 kW; 8000 obr.\/min<\/td>\n<\/tr>\n<tr>\n<td><b>5. pierwsze wrzeciono gorne<\/b><\/td>\n<td>7,5 kW; 8000 obr.\/min; ATS\/ E- System, Mobilne<\/td>\n<\/tr>\n<tr>\n<td><b>6. drugie wrzeciono dolne<\/b><\/td>\n<td>11 kW; 7000 obr.\/min<\/td>\n<\/tr>\n<tr>\n<td><b>7. wrzeciono uniwersalne<\/b><\/td>\n<td>11 kW; 6000 obr.\/min, przestawne 360\u00b0<\/td>\n<\/tr>\n<tr>\n<td><b>Waga<\/b><\/td>\n<td>6500 kg<\/td>\n<\/tr>\n<tr>\n<td><b>Miejsce postoju<\/b><\/td>\n<td>Barntrup, Niemcy<\/td>\n<\/tr>\n<\/tbody>\n<\/table>\n<p>&nbsp;<\/p>\n<h4>UWAGI<\/h4>\n<p>(Z zastrze\u017ceniem, pomy\u0142ek, zmian technicznych i wcze\u015bniejszej sprzeda\u017cy)<\/p>\n","protected":false},"excerpt":{"rendered":"<h3><span style=\"color: #ff0000;\"><em>Pozycja sprzedana<\/em><\/span><\/h3>\n","protected":false},"featured_media":868,"template":"","meta":{"_monsterinsights_skip_tracking":false,"_monsterinsights_sitenote_active":false,"_monsterinsights_sitenote_note":"","_monsterinsights_sitenote_category":0,"ngg_post_thumbnail":0},"product_cat":[338],"product_tag":[],"class_list":{"0":"post-865","1":"product","2":"type-product","3":"status-publish","4":"has-post-thumbnail","6":"product_cat-sprzedane","8":"first","9":"instock","10":"downloadable","11":"shipping-taxable","12":"product-type-simple"},"_links":{"self":[{"href":"https:\/\/iberus.pl\/index.php?rest_route=\/wp\/v2\/product\/865"}],"collection":[{"href":"https:\/\/iberus.pl\/index.php?rest_route=\/wp\/v2\/product"}],"about":[{"href":"https:\/\/iberus.pl\/index.php?rest_route=\/wp\/v2\/types\/product"}],"wp:featuredmedia":[{"embeddable":true,"href":"https:\/\/iberus.pl\/index.php?rest_route=\/wp\/v2\/media\/868"}],"wp:attachment":[{"href":"https:\/\/iberus.pl\/index.php?rest_route=%2Fwp%2Fv2%2Fmedia&parent=865"}],"wp:term":[{"taxonomy":"product_cat","embeddable":true,"href":"https:\/\/iberus.pl\/index.php?rest_route=%2Fwp%2Fv2%2Fproduct_cat&post=865"},{"taxonomy":"product_tag","embeddable":true,"href":"https:\/\/iberus.pl\/index.php?rest_route=%2Fwp%2Fv2%2Fproduct_tag&post=865"}],"curies":[{"name":"wp","href":"https:\/\/api.w.org\/{rel}","templated":true}]}}