{"id":8556,"date":"2017-06-12T16:14:11","date_gmt":"2017-06-12T16:14:11","guid":{"rendered":"http:\/\/gromar.de\/?post_type=product&#038;p=8556"},"modified":"2021-02-26T16:15:48","modified_gmt":"2021-02-26T16:15:48","slug":"rebak-rozdrabniarka-przemyslowa-vecoplan-model-vaz-145-135","status":"publish","type":"product","link":"https:\/\/iberus.pl\/?product=rebak-rozdrabniarka-przemyslowa-vecoplan-model-vaz-145-135","title":{"rendered":"Rebak, Rozdrabniarka przemyslowa Vecoplan, Model: VAZ 145\/ 135, 55kW"},"content":{"rendered":"<table>\n<tbody>\n<tr>\n<td width=\"560\">\n<p>Nr. maszyny<\/p>\n<\/td>\n<td width=\"662\">\n<p>216301<\/p>\n<\/td>\n<\/tr>\n<tr>\n<td width=\"560\">\n<p>Przekroj wlotu<\/p>\n<\/td>\n<td width=\"662\">\n<p>2100 mm x&nbsp; 1400 mm<\/p>\n<\/td>\n<\/tr>\n<tr>\n<td width=\"560\">\n<p>Glebokosc wlotu<\/p>\n<\/td>\n<td width=\"662\">\n<p>1400 mm&nbsp;&nbsp;&nbsp;&nbsp;&nbsp;&nbsp;&nbsp;&nbsp;&nbsp;&nbsp;&nbsp;&nbsp;&nbsp;&nbsp;&nbsp;&nbsp;&nbsp;&nbsp;&nbsp;&nbsp;<\/p>\n<\/td>\n<\/tr>\n<tr>\n<td width=\"560\">\n<p>Srednica sita<\/p>\n<\/td>\n<td width=\"662\">\n<p>20 mm&nbsp;&nbsp;&nbsp;&nbsp;&nbsp;&nbsp;&nbsp;&nbsp;&nbsp;&nbsp;&nbsp;&nbsp;<\/p>\n<\/td>\n<\/tr>\n<tr>\n<td width=\"560\">\n<p>Wydajnosc<\/p>\n<\/td>\n<td width=\"662\">\n<p>800 kg\/h (przy srednicy sita 20 mm)<\/p>\n<\/td>\n<\/tr>\n<tr>\n<td width=\"560\">\n<p><strong>Naped glowny<\/strong><\/p>\n<\/td>\n<td width=\"662\">\n<p>&nbsp;<\/p>\n<\/td>\n<\/tr>\n<tr>\n<td width=\"560\">\n<p>Silnik elektryczny ze sprz\u0119g\u0142em Turbo, przek\u0142adni pasowej, dwustopniowej przek\u0142adni \u015brubowej<\/p>\n<\/td>\n<td width=\"662\">\n<p>&nbsp;<\/p>\n<\/td>\n<\/tr>\n<tr>\n<td width=\"560\">\n<p>Moc silnika glownego<\/p>\n<\/td>\n<td width=\"662\">\n<p>55 kW<\/p>\n<\/td>\n<\/tr>\n<tr>\n<td width=\"560\">\n<p>Obroty silnika glownego<\/p>\n<\/td>\n<td width=\"662\">\n<p>1460 \/ min<\/p>\n<\/td>\n<\/tr>\n<tr>\n<td width=\"560\">\n<p><strong>Rotor<\/strong><\/p>\n<\/td>\n<td width=\"662\">\n<p>&nbsp;<\/p>\n<\/td>\n<\/tr>\n<tr>\n<td width=\"560\">\n<p>Srednica rotoru<\/p>\n<\/td>\n<td width=\"662\">\n<p>370 mm&nbsp;&nbsp;&nbsp;&nbsp;&nbsp;&nbsp;&nbsp;&nbsp;&nbsp;&nbsp;&nbsp;&nbsp;&nbsp;&nbsp;&nbsp;&nbsp;&nbsp;&nbsp;&nbsp;&nbsp;&nbsp;&nbsp; &nbsp;&nbsp;&nbsp;&nbsp;&nbsp;&nbsp;&nbsp;&nbsp;&nbsp;&nbsp;&nbsp;<\/p>\n<\/td>\n<\/tr>\n<tr>\n<td width=\"560\">\n<p>Szerokosc rotoru<\/p>\n<\/td>\n<td width=\"662\">\n<p>1299 mm&nbsp;&nbsp;&nbsp;&nbsp;&nbsp;&nbsp;&nbsp;&nbsp;&nbsp;&nbsp;&nbsp;&nbsp;&nbsp;&nbsp;&nbsp;&nbsp;&nbsp;&nbsp;&nbsp;&nbsp;<\/p>\n<\/td>\n<\/tr>\n<tr>\n<td width=\"560\">\n<p>Obrotowosc rotoru<\/p>\n<\/td>\n<td width=\"662\">\n<p>106 obr.\/min&nbsp;&nbsp;&nbsp;&nbsp;&nbsp;&nbsp;&nbsp;&nbsp;&nbsp;&nbsp;&nbsp;&nbsp;&nbsp;&nbsp;&nbsp;<\/p>\n<\/td>\n<\/tr>\n<tr>\n<td width=\"560\">\n<p>Ilosc nozy<\/p>\n<\/td>\n<td width=\"662\">\n<p>30<\/p>\n<\/td>\n<\/tr>\n<tr>\n<td width=\"560\">\n<p>Z hydraulicznie napedzana\/przesuwana szuflada dociskowa<\/p>\n<\/td>\n<td width=\"662\">\n<p>2 cylindry hydrauliczne z pompa oleju max 180 bar<\/p>\n<\/td>\n<\/tr>\n<tr>\n<td width=\"560\">\n<p>Z szafa sterownicza<\/p>\n<\/td>\n<td width=\"662\">\n<p>&nbsp;<\/p>\n<\/td>\n<\/tr>\n<tr>\n<td width=\"560\">\n<p>Z wykrywaczem magnetycznym metalu<\/p>\n<\/td>\n<td width=\"662\">\n<p>&nbsp;<\/p>\n<\/td>\n<\/tr>\n<tr>\n<td width=\"560\">\n<p>Napiecie<\/p>\n<\/td>\n<td width=\"662\">\n<p>400 V, 50 Hz<\/p>\n<\/td>\n<\/tr>\n<tr>\n<td width=\"560\">\n<p>Moc podlaczeniowa rebaka<\/p>\n<\/td>\n<td width=\"662\">\n<p>58 kW<\/p>\n<\/td>\n<\/tr>\n<tr>\n<td width=\"560\">\n<p>Wymiary<\/p>\n<\/td>\n<td width=\"662\">\n<p>3350 x 2500 x 2900 mm<\/p>\n<\/td>\n<\/tr>\n<tr>\n<td width=\"560\">\n<p>Ciezar<\/p>\n<\/td>\n<td width=\"662\">\n<p>ok. 5700 kg&nbsp;&nbsp;&nbsp;&nbsp;&nbsp;&nbsp;&nbsp;&nbsp;&nbsp;&nbsp;&nbsp;&nbsp;&nbsp;&nbsp;&nbsp;&nbsp;&nbsp;<\/p>\n<\/td>\n<\/tr>\n<tr>\n<td width=\"560\">\n<p>&nbsp;<\/p>\n<\/td>\n<td width=\"662\">\n<p>&nbsp;<\/p>\n<\/td>\n<\/tr>\n<tr>\n<td width=\"560\">\n<p><strong>Maszyna wyposazona w wentylator do odciagu zrebek<\/strong><\/p>\n<\/td>\n<td width=\"662\">\n<p><strong>H\u00f6cker Polytechnik DTO-020-280-300-11,0-2, rok budowy 2013<\/strong><\/p>\n<\/td>\n<\/tr>\n<tr>\n<td width=\"560\">\n<p>&nbsp;Wydajnosc wentylatora<\/p>\n<\/td>\n<td width=\"662\">\n<p>6000 m3\/h<\/p>\n<\/td>\n<\/tr>\n<tr>\n<td width=\"560\">\n<p>&nbsp;Moc wentylatora<\/p>\n<\/td>\n<td width=\"662\">\n<p>11 kW<\/p>\n<\/td>\n<\/tr>\n<tr>\n<td width=\"560\">\n<p>&nbsp;<\/p>\n<\/td>\n<td width=\"662\">\n<p>&nbsp;<\/p>\n<\/td>\n<\/tr>\n<tr>\n<td width=\"560\">\n<p>&nbsp;Pelna dokumentacja techniczna<\/p>\n<\/td>\n<td width=\"662\">\n<p>&nbsp;<\/p>\n<\/td>\n<\/tr>\n<tr>\n<td width=\"560\">\n<p>&nbsp;Miejsce postoju<\/p>\n<\/td>\n<td width=\"662\">\n<p>D-32139 Spenge \/ Niemcy<\/p>\n<\/td>\n<\/tr>\n<\/tbody>\n<\/table>\n<p>&nbsp;<\/p>\n<p><em>(Zmiany i b\u0142\u0119dy w opisie danych technicznych jak i wczesniejsza sprzeda\u017c dozwolone)<\/em><\/p>\n<p>&nbsp;<\/p>\n<p>&nbsp;<\/p>\n<p>&nbsp;<\/p>\n<p>&nbsp;<\/p>\n<p>&nbsp;<\/p>\n<p>&nbsp;<\/p>\n<p>&nbsp;<\/p>\n","protected":false},"excerpt":{"rendered":"<p>Nr. maszyny 216301 Przekroj wlotu 2100 mm x&nbsp; 1400 mm Glebokosc wlotu 1400 mm&nbsp;&nbsp;&nbsp;&nbsp;&nbsp;&nbsp;&nbsp;&nbsp;&nbsp;&nbsp;&nbsp;&nbsp;&nbsp;&nbsp;&nbsp;&nbsp;&nbsp;&nbsp;&nbsp;&nbsp; Srednica sita 20 mm&nbsp;&nbsp;&nbsp;&nbsp;&nbsp;&nbsp;&nbsp;&nbsp;&nbsp;&nbsp;&nbsp;&nbsp; Wydajnosc 800 kg\/h (przy srednicy sita 20 mm) Naped glowny &nbsp; Silnik elektryczny ze sprz\u0119g\u0142em Turbo, przek\u0142adni pasowej, dwustopniowej przek\u0142adni \u015brubowej &nbsp; Moc silnika glownego 55 kW Obroty silnika glownego 1460 \/ min Rotor &nbsp; Srednica rotoru [&hellip;]<\/p>\n","protected":false},"featured_media":9313,"template":"","meta":{"_monsterinsights_skip_tracking":false,"_monsterinsights_sitenote_active":false,"_monsterinsights_sitenote_note":"","_monsterinsights_sitenote_category":0,"ngg_post_thumbnail":0},"product_cat":[338],"product_tag":[],"class_list":{"0":"post-8556","1":"product","2":"type-product","3":"status-publish","4":"has-post-thumbnail","6":"product_cat-sprzedane","8":"first","9":"instock","10":"shipping-taxable","11":"product-type-simple"},"_links":{"self":[{"href":"https:\/\/iberus.pl\/index.php?rest_route=\/wp\/v2\/product\/8556"}],"collection":[{"href":"https:\/\/iberus.pl\/index.php?rest_route=\/wp\/v2\/product"}],"about":[{"href":"https:\/\/iberus.pl\/index.php?rest_route=\/wp\/v2\/types\/product"}],"wp:featuredmedia":[{"embeddable":true,"href":"https:\/\/iberus.pl\/index.php?rest_route=\/wp\/v2\/media\/9313"}],"wp:attachment":[{"href":"https:\/\/iberus.pl\/index.php?rest_route=%2Fwp%2Fv2%2Fmedia&parent=8556"}],"wp:term":[{"taxonomy":"product_cat","embeddable":true,"href":"https:\/\/iberus.pl\/index.php?rest_route=%2Fwp%2Fv2%2Fproduct_cat&post=8556"},{"taxonomy":"product_tag","embeddable":true,"href":"https:\/\/iberus.pl\/index.php?rest_route=%2Fwp%2Fv2%2Fproduct_tag&post=8556"}],"curies":[{"name":"wp","href":"https:\/\/api.w.org\/{rel}","templated":true}]}}