{"id":8536,"date":"2017-06-12T13:11:35","date_gmt":"2017-06-12T13:11:35","guid":{"rendered":"http:\/\/gromar.de\/?product=strugarka-czterostronna-scm-typ-sintex-xl-rok-2004"},"modified":"2017-08-15T12:42:06","modified_gmt":"2017-08-15T12:42:06","slug":"strugarka-czterostronna-scm-typ-sintex-xl-rok-2004","status":"publish","type":"product","link":"https:\/\/iberus.pl\/?product=strugarka-czterostronna-scm-typ-sintex-xl-rok-2004","title":{"rendered":"Strugarka czterostronna SCM,\u00a0 Typ SINTEX XL, rok 2004"},"content":{"rendered":"<table>\n<tbody>\n<tr>\n<td width=\"291\">\n<p>Maszyna Nr.<\/p>\n<\/td>\n<td width=\"274\">\n<p>AB 168067<\/p>\n<\/td>\n<\/tr>\n<tr>\n<td width=\"291\">\n<p>Szerokosc robocza<\/p>\n<\/td>\n<td width=\"274\">\n<p>23-180 mm<\/p>\n<\/td>\n<\/tr>\n<tr>\n<td width=\"291\">\n<p>Wysokosc robocza<\/p>\n<\/td>\n<td width=\"274\">\n<p>6-105 mm<\/p>\n<\/td>\n<\/tr>\n<tr>\n<td width=\"291\">\n<p>Dlugosc elementu min.<\/p>\n<\/td>\n<td width=\"274\">\n<p>300 mm<\/p>\n<\/td>\n<\/tr>\n<tr>\n<td width=\"291\">\n<p>Dlugosc stolu wprowadzajacego<\/p>\n<\/td>\n<td width=\"274\">\n<p>2300 mm<\/p>\n<\/td>\n<\/tr>\n<tr>\n<td width=\"291\">\n<p>Predkosc posuwu<\/p>\n<\/td>\n<td width=\"274\">\n<p>6 u.12 m\/min<\/p>\n<\/td>\n<\/tr>\n<tr>\n<td width=\"291\">\n<p>Motor predkosci posuwu<\/p>\n<\/td>\n<td width=\"274\">\n<p>1,1 kW<\/p>\n<\/td>\n<\/tr>\n<tr>\n<td width=\"291\">\n<p>Srednica rolek posuwowych<\/p>\n<\/td>\n<td width=\"274\">\n<p>120 mm<\/p>\n<\/td>\n<\/tr>\n<tr>\n<td width=\"291\">\n<p>4 Wrzeciona<\/p>\n<\/td>\n<td width=\"274\">\n<p>z glowicami\u00a0<\/p>\n<\/td>\n<\/tr>\n<tr>\n<td width=\"291\">\n<p>Moc silnika wrzecion poziomych\u00a0<\/p>\n<\/td>\n<td width=\"274\">\n<p>7,5 kW<\/p>\n<\/td>\n<\/tr>\n<tr>\n<td width=\"291\">\n<p>Moc silnika wrzecion pionowych\u00a0<\/p>\n<\/td>\n<td width=\"274\">\n<p>5,5 kW<\/p>\n<\/td>\n<\/tr>\n<tr>\n<td width=\"291\">\n<p>Srednica narzedzi\u00a0<\/p>\n<\/td>\n<td width=\"274\">\n<p>100 mm<\/p>\n<\/td>\n<\/tr>\n<tr>\n<td width=\"291\">\n<p>Srednica wrzeciona\u00a0<\/p>\n<\/td>\n<td width=\"274\">\n<p>35 mm<\/p>\n<\/td>\n<\/tr>\n<tr>\n<td width=\"291\">\n<p>Liczba obrotow<\/p>\n<\/td>\n<td width=\"274\">\n<p>6000 U\/min<\/p>\n<\/td>\n<\/tr>\n<tr>\n<td width=\"291\">\n<p>Ciezar<\/p>\n<\/td>\n<td width=\"274\">\n<p>890 kg<\/p>\n<\/td>\n<\/tr>\n<tr>\n<td width=\"291\">\n<p>Wymiary\u00a0 (L x B xH )<\/p>\n<\/td>\n<td width=\"274\">\n<p>3350x900x1600 mm<\/p>\n<\/td>\n<\/tr>\n<tr>\n<td width=\"291\">\n<p>Miejsce postoju<\/p>\n<\/td>\n<td width=\"274\">\n<p>D-Barntrup<\/p>\n<\/td>\n<\/tr>\n<\/tbody>\n<\/table>\n<p><strong>\u00a0<\/strong><\/p>\n<p><em>\u00a0<\/em><\/p>\n<p><em>(Z zastrze\u017ceniem, pomy\u0142ek, zmian technicznych i wcze\u015bniejszej sprzeda\u017cy)<\/em><\/p>\n<p><em>\u00a0<\/em><\/p>\n","protected":false},"excerpt":{"rendered":"<p>Maszyna Nr. AB 168067 Szerokosc robocza 23-180 mm Wysokosc robocza 6-105 mm Dlugosc elementu min. 300 mm Dlugosc stolu wprowadzajacego 2300 mm Predkosc posuwu 6 u.12 m\/min Motor predkosci posuwu 1,1 kW Srednica rolek posuwowych 120 mm 4 Wrzeciona z glowicami\u00a0 Moc silnika wrzecion poziomych\u00a0 7,5 kW Moc silnika wrzecion pionowych\u00a0 5,5 kW Srednica narzedzi\u00a0 [&hellip;]<\/p>\n","protected":false},"featured_media":8528,"template":"","meta":{"_monsterinsights_skip_tracking":false,"_monsterinsights_sitenote_active":false,"_monsterinsights_sitenote_note":"","_monsterinsights_sitenote_category":0,"ngg_post_thumbnail":0},"product_cat":[85,338],"product_tag":[],"class_list":{"0":"post-8536","1":"product","2":"type-product","3":"status-publish","4":"has-post-thumbnail","6":"product_cat-polish","7":"product_cat-sprzedane","9":"first","10":"instock","11":"shipping-taxable","12":"product-type-simple"},"_links":{"self":[{"href":"https:\/\/iberus.pl\/index.php?rest_route=\/wp\/v2\/product\/8536"}],"collection":[{"href":"https:\/\/iberus.pl\/index.php?rest_route=\/wp\/v2\/product"}],"about":[{"href":"https:\/\/iberus.pl\/index.php?rest_route=\/wp\/v2\/types\/product"}],"wp:featuredmedia":[{"embeddable":true,"href":"https:\/\/iberus.pl\/index.php?rest_route=\/wp\/v2\/media\/8528"}],"wp:attachment":[{"href":"https:\/\/iberus.pl\/index.php?rest_route=%2Fwp%2Fv2%2Fmedia&parent=8536"}],"wp:term":[{"taxonomy":"product_cat","embeddable":true,"href":"https:\/\/iberus.pl\/index.php?rest_route=%2Fwp%2Fv2%2Fproduct_cat&post=8536"},{"taxonomy":"product_tag","embeddable":true,"href":"https:\/\/iberus.pl\/index.php?rest_route=%2Fwp%2Fv2%2Fproduct_tag&post=8536"}],"curies":[{"name":"wp","href":"https:\/\/api.w.org\/{rel}","templated":true}]}}