{"id":8466,"date":"2018-01-07T18:36:12","date_gmt":"2018-01-07T18:36:12","guid":{"rendered":"http:\/\/gromar.de\/?product=nakladarka-walcowa-lakieru-cefla-sorbini-model-smartcoater-mf-rok-2007"},"modified":"2021-02-26T16:10:21","modified_gmt":"2021-02-26T16:10:21","slug":"nakladarka-walcowa-lakieru-cefla-sorbini-model-smartcoater-mf-rok-2007","status":"publish","type":"product","link":"https:\/\/iberus.pl\/?product=nakladarka-walcowa-lakieru-cefla-sorbini-model-smartcoater-mf-rok-2007","title":{"rendered":"Nakladarka walcowa lakieru Cefla Sorbini Model.: Smartcoater MF, rok.: 2007"},"content":{"rendered":"<table>\n<tbody>\n<tr>\n<td width=\"541\">\n<p>Numer maszyny<\/p>\n<\/td>\n<td width=\"583\">\n<p>MR1TFF27365<\/p>\n<\/td>\n<\/tr>\n<tr>\n<td width=\"541\">\n<p>Maszyna ruchoma na kolach<\/p>\n<\/td>\n<td width=\"583\">\n<p>do wysuwania z linii lakierniczej lub zamocowana na stale.<\/p>\n<\/td>\n<\/tr>\n<tr>\n<td width=\"541\">\n<p>Szerokosc robocza<\/p>\n<\/td>\n<td width=\"583\">\n<p>1350 mm<\/p>\n<\/td>\n<\/tr>\n<tr>\n<td width=\"541\">\n<p>Szerokosc transportera rolkowego<\/p>\n<\/td>\n<td width=\"583\">\n<p>1330 mm<\/p>\n<\/td>\n<\/tr>\n<tr>\n<td width=\"541\">\n<p>1 walec dozujacy chromowany<\/p>\n<\/td>\n<td width=\"583\">\n<p>srednica 173 mm<\/p>\n<\/td>\n<\/tr>\n<tr>\n<td width=\"541\">\n<p>1 walec gumowy nakladajacy<\/p>\n<\/td>\n<td width=\"583\">\n<p>srednica 248 mm<\/p>\n<\/td>\n<\/tr>\n<tr>\n<td width=\"541\">\n<p>System szybkiej wymiany walcow<\/p>\n<\/td>\n<td width=\"583\">\n<p>&nbsp;<\/p>\n<\/td>\n<\/tr>\n<tr>\n<td width=\"541\">\n<p>Dlugosc materialu obrabianego<\/p>\n<\/td>\n<td width=\"583\">\n<p>min 300 mm<\/p>\n<\/td>\n<\/tr>\n<tr>\n<td width=\"541\">\n<p>Posuw<\/p>\n<\/td>\n<td width=\"583\">\n<p>4 &#8211; 20 m\/min, elektronicznie regulowany<\/p>\n<\/td>\n<\/tr>\n<tr>\n<td width=\"541\">\n<p>Wysokosc robocza od podloza<\/p>\n<\/td>\n<td width=\"583\">\n<p>880 \u2013 940 mm<\/p>\n<\/td>\n<\/tr>\n<tr>\n<td width=\"541\">\n<p>Przeswit, Grubosc plyty<\/p>\n<\/td>\n<td width=\"583\">\n<p>3 \u2013 100 mm<\/p>\n<\/td>\n<\/tr>\n<tr>\n<td width=\"541\">\n<p>Elektromotoryczna wysokosc podnoszenia<\/p>\n<\/td>\n<td width=\"583\">\n<p>poprzez przycisk z pulpitu sterowniczego<\/p>\n<\/td>\n<\/tr>\n<tr>\n<td width=\"541\">\n<p>Obieg lakieru<\/p>\n<\/td>\n<td width=\"583\">\n<p>za pomoca pompy z podwojna membrana<\/p>\n<\/td>\n<\/tr>\n<tr>\n<td width=\"541\">\n<p>Strona uzytkowa<\/p>\n<\/td>\n<td width=\"583\">\n<p>prawa<\/p>\n<\/td>\n<\/tr>\n<tr>\n<td width=\"541\">\n<p>Pulpit sterowniczy skretny<\/p>\n<\/td>\n<td width=\"583\">\n<p>umieszczony na maszynie<\/p>\n<\/td>\n<\/tr>\n<tr>\n<td width=\"541\">\n<p>Wolnostojaca szafa sterownicza po stronie napedow<\/p>\n<\/td>\n<td width=\"583\">\n<p>polaczenie maszyny z szafa poprzez tunel kablowy na zatrzaski<\/p>\n<\/td>\n<\/tr>\n<tr>\n<td width=\"541\">\n<p>Moc calkowita<\/p>\n<\/td>\n<td width=\"583\">\n<p>2,7 kW<\/p>\n<\/td>\n<\/tr>\n<tr>\n<td width=\"541\">\n<p>Napiecie robocze<\/p>\n<\/td>\n<td width=\"583\">\n<p>400 V, AC, 50 Hz, 3 Phasen<\/p>\n<\/td>\n<\/tr>\n<tr>\n<td width=\"541\">\n<p>Waga<\/p>\n<\/td>\n<td width=\"583\">\n<p>1520 kg<\/p>\n<\/td>\n<\/tr>\n<tr>\n<td width=\"541\">\n<p>Lokalizacja<\/p>\n<\/td>\n<td width=\"583\">\n<p>D-32683 Barntrup<\/p>\n<\/td>\n<\/tr>\n<\/tbody>\n<\/table>\n<p>&nbsp;<\/p>\n<p><em>(Zmiany i b\u0142\u0119dy w opisie danych technicznych jak i wczesniejsza sprzeda\u017c dozwolone)<\/em><\/p>\n<p>&nbsp;<\/p>\n","protected":false},"excerpt":{"rendered":"<p>Numer maszyny MR1TFF27365 Maszyna ruchoma na kolach do wysuwania z linii lakierniczej lub zamocowana na stale. Szerokosc robocza 1350 mm Szerokosc transportera rolkowego 1330 mm 1 walec dozujacy chromowany srednica 173 mm 1 walec gumowy nakladajacy srednica 248 mm System szybkiej wymiany walcow &nbsp; Dlugosc materialu obrabianego min 300 mm Posuw 4 &#8211; 20 m\/min, [&hellip;]<\/p>\n","protected":false},"featured_media":9405,"template":"","meta":{"_monsterinsights_skip_tracking":false,"_monsterinsights_sitenote_active":false,"_monsterinsights_sitenote_note":"","_monsterinsights_sitenote_category":0,"ngg_post_thumbnail":0},"product_cat":[338],"product_tag":[],"class_list":{"0":"post-8466","1":"product","2":"type-product","3":"status-publish","4":"has-post-thumbnail","6":"product_cat-sprzedane","8":"first","9":"instock","10":"shipping-taxable","11":"product-type-simple"},"_links":{"self":[{"href":"https:\/\/iberus.pl\/index.php?rest_route=\/wp\/v2\/product\/8466"}],"collection":[{"href":"https:\/\/iberus.pl\/index.php?rest_route=\/wp\/v2\/product"}],"about":[{"href":"https:\/\/iberus.pl\/index.php?rest_route=\/wp\/v2\/types\/product"}],"wp:featuredmedia":[{"embeddable":true,"href":"https:\/\/iberus.pl\/index.php?rest_route=\/wp\/v2\/media\/9405"}],"wp:attachment":[{"href":"https:\/\/iberus.pl\/index.php?rest_route=%2Fwp%2Fv2%2Fmedia&parent=8466"}],"wp:term":[{"taxonomy":"product_cat","embeddable":true,"href":"https:\/\/iberus.pl\/index.php?rest_route=%2Fwp%2Fv2%2Fproduct_cat&post=8466"},{"taxonomy":"product_tag","embeddable":true,"href":"https:\/\/iberus.pl\/index.php?rest_route=%2Fwp%2Fv2%2Fproduct_tag&post=8466"}],"curies":[{"name":"wp","href":"https:\/\/api.w.org\/{rel}","templated":true}]}}