{"id":8443,"date":"2018-03-28T18:29:02","date_gmt":"2018-03-28T18:29:02","guid":{"rendered":"http:\/\/gromar.de\/?post_type=product&#038;p=8443"},"modified":"2018-10-18T10:10:19","modified_gmt":"2018-10-18T10:10:19","slug":"doppelwalzlackauftragsmaschine-cefla-sorbini-model-smartcoater-reverse-mf-bj-2006","status":"publish","type":"product","link":"https:\/\/iberus.pl\/?product=doppelwalzlackauftragsmaschine-cefla-sorbini-model-smartcoater-reverse-mf-bj-2006","title":{"rendered":"Doppelwalzlackauftragsmaschine Cefla Sorbini Model.: Smartcoater Reverse MF,  Bj.: 2006"},"content":{"rendered":"<p><div class='avia-iframe-wrap'><iframe loading=\"lazy\" width=\"1500\" height=\"844\" src=\"https:\/\/www.youtube.com\/embed\/EbNVtCFeB8U?feature=oembed\" frameborder=\"0\" allow=\"autoplay; encrypted-media\" allowfullscreen><\/iframe><\/div>\n<\/p>\n<p>Walzenauftragsmaschine mit 2 K\u00f6pfen; die zweite Auftragswalze ist eine REVERSE Walze zum Auftrag von erh\u00f6hten Grundiermengen mit &nbsp;hoher Viskosit\u00e4t.<\/p>\n<p>Maschine zus\u00e4tzlich mit oszillierende und motorisierte Rakeln ausgestattet.<\/p>\n<p>&nbsp;<\/p>\n<table>\n<tbody>\n<tr>\n<td width=\"541\">\n<p>Masch.: &#8211; Nr.<\/p>\n<\/td>\n<td width=\"583\">\n<p>MR2TRF26117<\/p>\n<\/td>\n<\/tr>\n<tr>\n<td width=\"541\">\n<p>Frei bewegliche Maschine auf R\u00e4der<\/p>\n<\/td>\n<td width=\"583\">\n<p>zum Herausfahren aus der Linie oder einzeln einsetzbar<\/p>\n<\/td>\n<\/tr>\n<tr>\n<td width=\"541\">\n<p>Arbeitsbreite<\/p>\n<\/td>\n<td width=\"583\">\n<p>1350 mm<\/p>\n<\/td>\n<\/tr>\n<tr>\n<td width=\"541\">\n<p>Transportbreite (rollers)<\/p>\n<\/td>\n<td width=\"583\">\n<p>1330 mm<\/p>\n<\/td>\n<\/tr>\n<tr>\n<td width=\"541\">\n<p><strong>Erste Kopf <\/strong><\/p>\n<\/td>\n<td width=\"583\">\n<p>&nbsp;<\/p>\n<\/td>\n<\/tr>\n<tr>\n<td width=\"541\">\n<p>1 verchromte Dosierwalze<\/p>\n<\/td>\n<td width=\"583\">\n<p>173 mm Durchmesser<\/p>\n<\/td>\n<\/tr>\n<tr>\n<td width=\"541\">\n<p>1 gummierte Auftragswalze<\/p>\n<\/td>\n<td width=\"583\">\n<p>248 mm Durchmesser<\/p>\n<\/td>\n<\/tr>\n<tr>\n<td width=\"541\">\n<p><strong>Zweite Kopf \u201eReverse\u201c<\/strong><\/p>\n<\/td>\n<td width=\"583\">\n<p>&nbsp;<\/p>\n<\/td>\n<\/tr>\n<tr>\n<td width=\"541\">\n<p>1 verchromte Dosierwalze<\/p>\n<\/td>\n<td width=\"583\">\n<p>173 mm Durchmesser<\/p>\n<\/td>\n<\/tr>\n<tr>\n<td width=\"541\">\n<p>1 gummierte Auftragswalze<\/p>\n<\/td>\n<td width=\"583\">\n<p>248 mm Durchmesser<\/p>\n<\/td>\n<\/tr>\n<tr>\n<td width=\"541\">\n<p>Schnellwechselsystem<\/p>\n<\/td>\n<td width=\"583\">\n<p>der Auftragswalze<\/p>\n<\/td>\n<\/tr>\n<tr>\n<td width=\"541\">\n<p>Werkst\u00fcckl\u00e4nge<\/p>\n<\/td>\n<td width=\"583\">\n<p>min 300 mm<\/p>\n<\/td>\n<\/tr>\n<tr>\n<td width=\"541\">\n<p>Vorschub<\/p>\n<\/td>\n<td width=\"583\">\n<p>4 &#8211; 20 m\/min, elektronisch stufenlos regelbar<\/p>\n<\/td>\n<\/tr>\n<tr>\n<td width=\"541\">\n<p>Arbeitsh\u00f6he \u00fcber Flur ca.<\/p>\n<\/td>\n<td width=\"583\">\n<p>880 \u2013 940 mm<\/p>\n<\/td>\n<\/tr>\n<tr>\n<td width=\"541\">\n<p>Durchla\u00dfh\u00f6he, Platendicke<\/p>\n<\/td>\n<td width=\"583\">\n<p>3 \u2013 100 mm<\/p>\n<\/td>\n<\/tr>\n<tr>\n<td width=\"541\">\n<p>Motorische H\u00f6heneinstellung<\/p>\n<\/td>\n<td width=\"583\">\n<p>\u00fcber Drucktaster am Bedientableau<\/p>\n<\/td>\n<\/tr>\n<tr>\n<td width=\"541\">\n<p>Lackumlauf<\/p>\n<\/td>\n<td width=\"583\">\n<p>mit Doppelmembranpumpe<\/p>\n<\/td>\n<\/tr>\n<tr>\n<td width=\"541\">\n<p>Bedienungsseite<\/p>\n<\/td>\n<td width=\"583\">\n<p>rechts<\/p>\n<\/td>\n<\/tr>\n<tr>\n<td width=\"541\">\n<p>Schwenkbares H\u00e4ngeschaltpult<\/p>\n<\/td>\n<td width=\"583\">\n<p>f\u00fcr die Maschinenbedienung<\/p>\n<\/td>\n<\/tr>\n<tr>\n<td width=\"541\">\n<p>Frei stehender Elektroschaltschrank auf Antriebsseite<\/p>\n<\/td>\n<td width=\"583\">\n<p>Kabelverbindung von Maschine zum Schaltschrank \u00fcber Kabelschlepp<\/p>\n<\/td>\n<\/tr>\n<tr>\n<td width=\"541\">\n<p>Gesamtanschlusswert<\/p>\n<\/td>\n<td width=\"583\">\n<p>5,4 kW<\/p>\n<\/td>\n<\/tr>\n<tr>\n<td width=\"541\">\n<p>Betriebsspannung<\/p>\n<\/td>\n<td width=\"583\">\n<p>400 V, AC, 50 Hz, 3 Phasen<\/p>\n<\/td>\n<\/tr>\n<tr>\n<td width=\"541\">\n<p>Gewicht<\/p>\n<\/td>\n<td width=\"583\">\n<p>2760 kg<\/p>\n<\/td>\n<\/tr>\n<tr>\n<td width=\"541\">\n<p>Standort<\/p>\n<\/td>\n<td width=\"583\">\n<p>Danzig Polen<\/p>\n<\/td>\n<\/tr>\n<\/tbody>\n<\/table>\n<p>(<em>\u00c4nderungen und Irrt\u00fcmer in den technischen Daten, sowie Zwischenverkauf vorbehalten)<\/em><\/p>\n","protected":false},"excerpt":{"rendered":"<p>Walzenauftragsmaschine mit 2 K\u00f6pfen; die zweite Auftragswalze ist eine REVERSE Walze zum Auftrag von erh\u00f6hten Grundiermengen mit &nbsp;hoher Viskosit\u00e4t. Maschine zus\u00e4tzlich mit oszillierende und motorisierte Rakeln ausgestattet. &nbsp; Masch.: &#8211; Nr. MR2TRF26117 Frei bewegliche Maschine auf R\u00e4der zum Herausfahren aus der Linie oder einzeln einsetzbar Arbeitsbreite 1350 mm Transportbreite (rollers) 1330 mm Erste Kopf &nbsp; [&hellip;]<\/p>\n","protected":false},"featured_media":8446,"template":"","meta":{"_monsterinsights_skip_tracking":false,"_monsterinsights_sitenote_active":false,"_monsterinsights_sitenote_note":"","_monsterinsights_sitenote_category":0,"ngg_post_thumbnail":0},"product_cat":[310],"product_tag":[],"class_list":{"0":"post-8443","1":"product","2":"type-product","3":"status-publish","4":"has-post-thumbnail","6":"product_cat-oberflachentechnik","8":"first","9":"instock","10":"shipping-taxable","11":"product-type-simple"},"_links":{"self":[{"href":"https:\/\/iberus.pl\/index.php?rest_route=\/wp\/v2\/product\/8443"}],"collection":[{"href":"https:\/\/iberus.pl\/index.php?rest_route=\/wp\/v2\/product"}],"about":[{"href":"https:\/\/iberus.pl\/index.php?rest_route=\/wp\/v2\/types\/product"}],"wp:featuredmedia":[{"embeddable":true,"href":"https:\/\/iberus.pl\/index.php?rest_route=\/wp\/v2\/media\/8446"}],"wp:attachment":[{"href":"https:\/\/iberus.pl\/index.php?rest_route=%2Fwp%2Fv2%2Fmedia&parent=8443"}],"wp:term":[{"taxonomy":"product_cat","embeddable":true,"href":"https:\/\/iberus.pl\/index.php?rest_route=%2Fwp%2Fv2%2Fproduct_cat&post=8443"},{"taxonomy":"product_tag","embeddable":true,"href":"https:\/\/iberus.pl\/index.php?rest_route=%2Fwp%2Fv2%2Fproduct_tag&post=8443"}],"curies":[{"name":"wp","href":"https:\/\/api.w.org\/{rel}","templated":true}]}}