{"id":8418,"date":"2017-05-28T18:06:26","date_gmt":"2017-05-28T18:06:26","guid":{"rendered":"http:\/\/gromar.de\/?product=spachtel-und-lackauftragmaschine-cefla-sorbini-model-smartcoater-sp-bj-2006"},"modified":"2018-01-15T14:57:28","modified_gmt":"2018-01-15T14:57:28","slug":"spachtel-und-lackauftragmaschine-cefla-sorbini-model-smartcoater-sp-bj-2006","status":"publish","type":"product","link":"https:\/\/iberus.pl\/?product=spachtel-und-lackauftragmaschine-cefla-sorbini-model-smartcoater-sp-bj-2006","title":{"rendered":"Spachtel- und Lackauftragmaschine  Cefla Sorbini Model.: Smartcoater SP,  Bj.: 2006"},"content":{"rendered":"<p>Maschine f\u00fcr die perfekte Zudeckung der Poren auf flache Holzoberfl\u00e4chen, Furnier, Faserplatten oder \u00c4hnliches beim Auftrag von Spachtel oder Grundlacke. Es wird dazu ein Kopf verwendet, der den Spachtel auftr\u00e4gt, und einer Gl\u00e4ttwalze die sich das Produkt gl\u00e4ttet. Die Werkst\u00fccke werden von einem l\u00f6semittelbest\u00e4ndingen Transportband bef\u00f6rdert.<\/p>\n<p>Selbstnivellierender Schwebekopf mit longitudinaler und kreuzender automatischer Angleichung, erm\u00f6glicht auch eine Bearbeitung von nicht perfekt kalibrierten Teilen. Hohe St\u00e4rkentoleranz.<\/p>\n<table>\n<tbody>\n<tr>\n<td width=\"428\">\n<p>Masch.: &#8211; Nr.<\/p>\n<\/td>\n<td width=\"696\">\n<p>MR1TLP26116<\/p>\n<\/td>\n<\/tr>\n<tr>\n<td width=\"428\">\n<p>Frei bewegliche Maschine auf R\u00e4der<\/p>\n<\/td>\n<td width=\"696\">\n<p>zum Herausfahren aus der Linie oder einzeln einsetzbar<\/p>\n<\/td>\n<\/tr>\n<tr>\n<td width=\"428\">\n<p>Arbeitsbreite<\/p>\n<\/td>\n<td width=\"696\">\n<p>1350 mm<\/p>\n<\/td>\n<\/tr>\n<tr>\n<td width=\"428\">\n<p>Transportbreite<\/p>\n<\/td>\n<td width=\"696\">\n<p>1330 mm<\/p>\n<\/td>\n<\/tr>\n<tr>\n<td width=\"428\">\n<p>1 verchromte Dosierwalze<\/p>\n<\/td>\n<td width=\"696\">\n<p>173 mm Durchmesser<\/p>\n<\/td>\n<\/tr>\n<tr>\n<td width=\"428\">\n<p>1 gummierte Auftragswalze<\/p>\n<\/td>\n<td width=\"696\">\n<p>248 mm Durchmesser<\/p>\n<\/td>\n<\/tr>\n<tr>\n<td width=\"428\">\n<p>1 verchromte Gl\u00e4ttwalze<\/p>\n<\/td>\n<td width=\"696\">\n<p>250 mm Durchmesser<\/p>\n<\/td>\n<\/tr>\n<tr>\n<td width=\"428\">\n<p>Schnellwechselsystem<\/p>\n<\/td>\n<td width=\"696\">\n<p>der Auftragswalze<\/p>\n<\/td>\n<\/tr>\n<tr>\n<td width=\"428\">\n<p>Werkst\u00fcckl\u00e4nge<\/p>\n<\/td>\n<td width=\"696\">\n<p>min 300 mm<\/p>\n<\/td>\n<\/tr>\n<tr>\n<td width=\"428\">\n<p>Vorschub<\/p>\n<\/td>\n<td width=\"696\">\n<p>4 &#8211; 20 m\/min, elektronisch stufenlos regelbar<\/p>\n<\/td>\n<\/tr>\n<tr>\n<td width=\"428\">\n<p>Arbeitsh\u00f6he \u00fcber Flur<\/p>\n<\/td>\n<td width=\"696\">\n<p>880 \u2013 940 mm<\/p>\n<\/td>\n<\/tr>\n<tr>\n<td width=\"428\">\n<p>Durchla\u00dfh\u00f6he, Platendicke<\/p>\n<\/td>\n<td width=\"696\">\n<p>3 \u2013 100 mm<\/p>\n<\/td>\n<\/tr>\n<tr>\n<td width=\"428\">\n<p>Motorische H\u00f6heneinstellung<\/p>\n<\/td>\n<td width=\"696\">\n<p>\u00fcber Drucktaster am Bedientableau<\/p>\n<\/td>\n<\/tr>\n<tr>\n<td width=\"428\">\n<p>Lackumlauf<\/p>\n<\/td>\n<td width=\"696\">\n<p>mit Doppelmembranpumpe Wagner<\/p>\n<\/td>\n<\/tr>\n<tr>\n<td width=\"428\">\n<p>Bedienungsseite<\/p>\n<\/td>\n<td width=\"696\">\n<p>rechts<\/p>\n<\/td>\n<\/tr>\n<tr>\n<td width=\"428\">\n<p>Schwenkbares H\u00e4ngeschaltpult<\/p>\n<\/td>\n<td width=\"696\">\n<p>f\u00fcr die Maschinenbedienung<\/p>\n<\/td>\n<\/tr>\n<tr>\n<td width=\"428\">\n<p>Frei stehender Elektroschaltschrank auf Antriebsseite<\/p>\n<\/td>\n<td width=\"696\">\n<p>Kabelverbindung von Maschine zum Schaltschrank \u00fcber Kabelschlepp<\/p>\n<\/td>\n<\/tr>\n<tr>\n<td width=\"428\">\n<p>Gesamtanschlusswert<\/p>\n<\/td>\n<td width=\"696\">\n<p>5,4 kW<\/p>\n<\/td>\n<\/tr>\n<tr>\n<td width=\"428\">\n<p>Betriebsspannung<\/p>\n<\/td>\n<td width=\"696\">\n<p>400 V, AC, 50 Hz, 3 Phasen<\/p>\n<\/td>\n<\/tr>\n<tr>\n<td width=\"428\">\n<p>Gewicht<\/p>\n<\/td>\n<td width=\"696\">\n<p>ca. 2960 kg<\/p>\n<\/td>\n<\/tr>\n<tr>\n<td width=\"428\">\n<p>Standort<\/p>\n<\/td>\n<td width=\"696\">\n<p>D-32683 Barntrup<\/p>\n<\/td>\n<\/tr>\n<\/tbody>\n<\/table>\n<p>(<em>\u00c4nderungen und Irrt\u00fcmer in den technischen Daten, sowie Zwischenverkauf vorbehalten)<\/em><\/p>\n<p>&nbsp;<\/p>\n","protected":false},"excerpt":{"rendered":"<p>Maschine f\u00fcr die perfekte Zudeckung der Poren auf flache Holzoberfl\u00e4chen, Furnier, Faserplatten oder \u00c4hnliches beim Auftrag von Spachtel oder Grundlacke. Es wird dazu ein Kopf verwendet, der den Spachtel auftr\u00e4gt, und einer Gl\u00e4ttwalze die sich das Produkt gl\u00e4ttet. Die Werkst\u00fccke werden von einem l\u00f6semittelbest\u00e4ndingen Transportband bef\u00f6rdert. Selbstnivellierender Schwebekopf mit longitudinaler und kreuzender automatischer Angleichung, erm\u00f6glicht [&hellip;]<\/p>\n","protected":false},"featured_media":9599,"template":"","meta":{"_monsterinsights_skip_tracking":false,"_monsterinsights_sitenote_active":false,"_monsterinsights_sitenote_note":"","_monsterinsights_sitenote_category":0,"ngg_post_thumbnail":0},"product_cat":[310],"product_tag":[],"class_list":{"0":"post-8418","1":"product","2":"type-product","3":"status-publish","4":"has-post-thumbnail","6":"product_cat-oberflachentechnik","8":"first","9":"instock","10":"shipping-taxable","11":"product-type-simple"},"_links":{"self":[{"href":"https:\/\/iberus.pl\/index.php?rest_route=\/wp\/v2\/product\/8418"}],"collection":[{"href":"https:\/\/iberus.pl\/index.php?rest_route=\/wp\/v2\/product"}],"about":[{"href":"https:\/\/iberus.pl\/index.php?rest_route=\/wp\/v2\/types\/product"}],"wp:featuredmedia":[{"embeddable":true,"href":"https:\/\/iberus.pl\/index.php?rest_route=\/wp\/v2\/media\/9599"}],"wp:attachment":[{"href":"https:\/\/iberus.pl\/index.php?rest_route=%2Fwp%2Fv2%2Fmedia&parent=8418"}],"wp:term":[{"taxonomy":"product_cat","embeddable":true,"href":"https:\/\/iberus.pl\/index.php?rest_route=%2Fwp%2Fv2%2Fproduct_cat&post=8418"},{"taxonomy":"product_tag","embeddable":true,"href":"https:\/\/iberus.pl\/index.php?rest_route=%2Fwp%2Fv2%2Fproduct_tag&post=8418"}],"curies":[{"name":"wp","href":"https:\/\/api.w.org\/{rel}","templated":true}]}}