{"id":8310,"date":"2017-05-26T16:39:52","date_gmt":"2017-05-26T16:39:52","guid":{"rendered":"http:\/\/gromar.de\/?post_type=product&#038;p=8310"},"modified":"2018-01-15T14:40:59","modified_gmt":"2018-01-15T14:40:59","slug":"automat-sztaplujacy-falcioni-model-rotoplus-4-rok-2006","status":"publish","type":"product","link":"https:\/\/iberus.pl\/?product=automat-sztaplujacy-falcioni-model-rotoplus-4-rok-2006","title":{"rendered":"Automat sztaplujacy Falcioni Model.: Rotoplus \/ 4,  rok.: 2006"},"content":{"rendered":"<p><strong>\u00a0<\/strong><\/p>\n<table width=\"1311\">\n<tbody>\n<tr>\n<td width=\"616\">\n<p>Ilosc wysiegnikow\/ ramion<\/p>\n<\/td>\n<td width=\"695\">\n<p>4 szt.<\/p>\n<\/td>\n<\/tr>\n<tr>\n<td width=\"616\">\n<p>Odstepy miedzy ramionami\/wysiegnikami<\/p>\n<\/td>\n<td width=\"695\">\n<p>Max 1800 mm (300, 600, 900 mm)<\/p>\n<\/td>\n<\/tr>\n<tr>\n<td width=\"616\">\n<p>Wymiar elementow \/ profili listew :<\/p>\n<\/td>\n<td width=\"695\">\n<p>&nbsp;<\/p>\n<\/td>\n<\/tr>\n<tr>\n<td width=\"616\">\n<p>Szerokosc elementu\u00a0sztaplowanego max.<\/p>\n<\/td>\n<td width=\"695\">\n<p>180 mm<\/p>\n<\/td>\n<\/tr>\n<tr>\n<td width=\"616\">\n<p>Grubosc elementu sztaplowanego max.<\/p>\n<\/td>\n<td width=\"695\">\n<p>60 mm<\/p>\n<\/td>\n<\/tr>\n<tr>\n<td width=\"616\">\n<p>Dlugosc elementow sztaplowanych min. \u2013 max.<\/p>\n<\/td>\n<td width=\"695\">\n<p>450-3300 mm<\/p>\n<\/td>\n<\/tr>\n<tr>\n<td width=\"616\">\n<p>Ukladanie \/ staplowanie &#8211; wysokosc do wozka min. dolna i max. gorna<\/p>\n<\/td>\n<td width=\"695\">\n<p>740- 2160 mm<\/p>\n<\/td>\n<\/tr>\n<tr>\n<td width=\"616\">\n<p>Max. ciezar elementu<\/p>\n<\/td>\n<td width=\"695\">\n<p>7 kg na jedno ramie<\/p>\n<\/td>\n<\/tr>\n<tr>\n<td width=\"616\">\n<p>Predkosc posuwu elementu<\/p>\n<\/td>\n<td width=\"695\">\n<p>25-100 m\/min<\/p>\n<\/td>\n<\/tr>\n<tr>\n<td width=\"616\">\n<p>Dlugosc przenosnika rolkowego<\/p>\n<\/td>\n<td width=\"695\">\n<p>3550 mm<\/p>\n<\/td>\n<\/tr>\n<tr>\n<td width=\"616\">\n<p>Szerokosc rolek przenosnika<\/p>\n<\/td>\n<td width=\"695\">\n<p>200 mm<\/p>\n<\/td>\n<\/tr>\n<tr>\n<td width=\"616\">\n<p>Odstep miedzy rolkami mierzony od srodka do srodka<\/p>\n<\/td>\n<td width=\"695\">\n<p>300 mm<\/p>\n<\/td>\n<\/tr>\n<tr>\n<td width=\"616\">\n<p>Moc przylaczeniowa<\/p>\n<\/td>\n<td width=\"695\">\n<p>3 kW<\/p>\n<\/td>\n<\/tr>\n<tr>\n<td width=\"616\">\n<p>Wymiary maszyny (LxBxH)<\/p>\n<\/td>\n<td width=\"695\">\n<p>3600x2454x2605 mm<\/p>\n<\/td>\n<\/tr>\n<tr>\n<td width=\"616\">\n<p>Ciezar<\/p>\n<\/td>\n<td width=\"695\">\n<p>2000 kg<\/p>\n<\/td>\n<\/tr>\n<tr>\n<td width=\"616\">\n<p>Miejsce postoju<\/p>\n<\/td>\n<td width=\"695\">\n<p>80-958 Gdansk <\/p>\n<\/td>\n<\/tr>\n<tr>\n<td width=\"616\">\n<p>Dokumentacja i schematy<\/p>\n<\/td>\n<td width=\"695\">\n<p>dostepna<\/p>\n<\/td>\n<\/tr>\n<\/tbody>\n<\/table>\n<p>&nbsp;<\/p>\n<p><em>(Zmiany i b\u0142\u0119dy w opisie danych technicznych jak i wczesniejsza sprzeda\u017c dozwolone)<\/em><\/p>\n<p>&nbsp;<\/p>\n","protected":false},"excerpt":{"rendered":"<p>\u00a0 Ilosc wysiegnikow\/ ramion 4 szt. Odstepy miedzy ramionami\/wysiegnikami Max 1800 mm (300, 600, 900 mm) Wymiar elementow \/ profili listew : &nbsp; Szerokosc elementu\u00a0sztaplowanego max. 180 mm Grubosc elementu sztaplowanego max. 60 mm Dlugosc elementow sztaplowanych min. \u2013 max. 450-3300 mm Ukladanie \/ staplowanie &#8211; wysokosc do wozka min. dolna i max. gorna 740- [&hellip;]<\/p>\n","protected":false},"featured_media":8311,"template":"","meta":{"_monsterinsights_skip_tracking":false,"_monsterinsights_sitenote_active":false,"_monsterinsights_sitenote_note":"","_monsterinsights_sitenote_category":0,"ngg_post_thumbnail":0},"product_cat":[338],"product_tag":[],"class_list":{"0":"post-8310","1":"product","2":"type-product","3":"status-publish","4":"has-post-thumbnail","6":"product_cat-sprzedane","8":"first","9":"instock","10":"shipping-taxable","11":"product-type-simple"},"_links":{"self":[{"href":"https:\/\/iberus.pl\/index.php?rest_route=\/wp\/v2\/product\/8310"}],"collection":[{"href":"https:\/\/iberus.pl\/index.php?rest_route=\/wp\/v2\/product"}],"about":[{"href":"https:\/\/iberus.pl\/index.php?rest_route=\/wp\/v2\/types\/product"}],"wp:featuredmedia":[{"embeddable":true,"href":"https:\/\/iberus.pl\/index.php?rest_route=\/wp\/v2\/media\/8311"}],"wp:attachment":[{"href":"https:\/\/iberus.pl\/index.php?rest_route=%2Fwp%2Fv2%2Fmedia&parent=8310"}],"wp:term":[{"taxonomy":"product_cat","embeddable":true,"href":"https:\/\/iberus.pl\/index.php?rest_route=%2Fwp%2Fv2%2Fproduct_cat&post=8310"},{"taxonomy":"product_tag","embeddable":true,"href":"https:\/\/iberus.pl\/index.php?rest_route=%2Fwp%2Fv2%2Fproduct_tag&post=8310"}],"curies":[{"name":"wp","href":"https:\/\/api.w.org\/{rel}","templated":true}]}}