{"id":8192,"date":"2017-05-19T07:28:34","date_gmt":"2017-05-19T07:28:34","guid":{"rendered":"http:\/\/gromar.de\/?product=rebak-rozdrabniarka-reinbold-typ-rhzr-400"},"modified":"2017-05-19T07:38:07","modified_gmt":"2017-05-19T07:38:07","slug":"rebak-rozdrabniarka-reinbold-typ-rhzr-400","status":"publish","type":"product","link":"https:\/\/iberus.pl\/?product=rebak-rozdrabniarka-reinbold-typ-rhzr-400","title":{"rendered":"Rebak, rozdrabniarka\u00a0 REINBOLD, Typ: RHZR 400"},"content":{"rendered":"<table>\n<tbody>\n<tr>\n<td width=\"215\">\n<p>Maszyna -Nr.<\/p>\n<\/td>\n<td width=\"350\">\n<p>400 021<\/p>\n<\/td>\n<\/tr>\n<tr>\n<td width=\"215\">\n<p>Wymiar wsypu<\/p>\n<\/td>\n<td width=\"350\">\n<p>400&#215;500 mm<\/p>\n<\/td>\n<\/tr>\n<tr>\n<td width=\"215\">\n<p>Dlugosc rotoru<\/p>\n<\/td>\n<td width=\"350\">\n<p>400 mm<\/p>\n<\/td>\n<\/tr>\n<tr>\n<td width=\"215\">\n<p>Motor<\/p>\n<\/td>\n<td width=\"350\">\n<p>9,2 kW<\/p>\n<\/td>\n<\/tr>\n<tr>\n<td width=\"215\">\n<p>Narzedzie rozdrabniajace<\/p>\n<\/td>\n<td width=\"350\">\n<p>Noze wymienne<\/p>\n<\/td>\n<\/tr>\n<tr>\n<td width=\"215\">\n<p>Wydajnosc<\/p>\n<\/td>\n<td width=\"350\">\n<p>Uzalezniona od materialu i otworow sita<\/p>\n<\/td>\n<\/tr>\n<tr>\n<td width=\"215\">\n<p>Srednica otworow sita<\/p>\n<\/td>\n<td width=\"350\">\n<p>9,5 mm<\/p>\n<\/td>\n<\/tr>\n<tr>\n<td width=\"215\">\n<p>Max. Dlugosc materialu<\/p>\n<p>Max. Grubosc materiau<\/p>\n<p>Max. Wymiar plyt\u00a0<\/p>\n<\/td>\n<td width=\"350\">\n<p>300 mm<\/p>\n<p>200 mm<\/p>\n<p>300&#215;300 mm<\/p>\n<\/td>\n<\/tr>\n<tr>\n<td width=\"215\">\n<p>Srednica podlaczenia odciagu\u00a0<\/p>\n<\/td>\n<td width=\"350\">\n<p>180 mm<\/p>\n<\/td>\n<\/tr>\n<tr>\n<td width=\"215\">\n<p>Zastosowanie<\/p>\n<p>&nbsp;<\/p>\n<\/td>\n<td width=\"350\">\n<p>Rozdrabnianie resztek drewna, elementow drewnopodobnych. Rozdrabnianie papieru, kartonow czy forniru mozliwe tylko w wymiaszaniu z drewnem<\/p>\n<\/td>\n<\/tr>\n<tr>\n<td width=\"215\">\n<p>Wymiary\u00a0 (L x B xH )<\/p>\n<\/td>\n<td width=\"350\">\n<p>1100x900x1650\/2300 mm<\/p>\n<\/td>\n<\/tr>\n<tr>\n<td width=\"215\">\n<p>Ciezar\u00a0<\/p>\n<\/td>\n<td width=\"350\">\n<p>1010 kg<\/p>\n<\/td>\n<\/tr>\n<tr>\n<td width=\"215\">\n<p>Miejsce postoju<\/p>\n<\/td>\n<td width=\"350\">\n<p>D-32683 Barntrup<\/p>\n<\/td>\n<\/tr>\n<\/tbody>\n<\/table>\n<p><em>\u00a0<\/em><\/p>\n<p><em>(Z zastrze\u017ceniem, pomy\u0142ek, zmian technicznych i wcze\u015bniejszej sprzeda\u017cy)<\/em><\/p>\n<p><em>\u00a0<\/em><\/p>\n","protected":false},"excerpt":{"rendered":"<p>Maszyna -Nr. 400 021 Wymiar wsypu 400&#215;500 mm Dlugosc rotoru 400 mm Motor 9,2 kW Narzedzie rozdrabniajace Noze wymienne Wydajnosc Uzalezniona od materialu i otworow sita Srednica otworow sita 9,5 mm Max. Dlugosc materialu Max. Grubosc materiau Max. Wymiar plyt\u00a0 300 mm 200 mm 300&#215;300 mm Srednica podlaczenia odciagu\u00a0 180 mm Zastosowanie &nbsp; Rozdrabnianie resztek [&hellip;]<\/p>\n","protected":false},"featured_media":8184,"template":"","meta":{"_monsterinsights_skip_tracking":false,"_monsterinsights_sitenote_active":false,"_monsterinsights_sitenote_note":"","_monsterinsights_sitenote_category":0,"ngg_post_thumbnail":0},"product_cat":[85,324],"product_tag":[],"class_list":{"0":"post-8192","1":"product","2":"type-product","3":"status-publish","4":"has-post-thumbnail","6":"product_cat-polish","7":"product_cat-filtry-rebaki","9":"first","10":"instock","11":"shipping-taxable","12":"product-type-simple"},"_links":{"self":[{"href":"https:\/\/iberus.pl\/index.php?rest_route=\/wp\/v2\/product\/8192"}],"collection":[{"href":"https:\/\/iberus.pl\/index.php?rest_route=\/wp\/v2\/product"}],"about":[{"href":"https:\/\/iberus.pl\/index.php?rest_route=\/wp\/v2\/types\/product"}],"wp:featuredmedia":[{"embeddable":true,"href":"https:\/\/iberus.pl\/index.php?rest_route=\/wp\/v2\/media\/8184"}],"wp:attachment":[{"href":"https:\/\/iberus.pl\/index.php?rest_route=%2Fwp%2Fv2%2Fmedia&parent=8192"}],"wp:term":[{"taxonomy":"product_cat","embeddable":true,"href":"https:\/\/iberus.pl\/index.php?rest_route=%2Fwp%2Fv2%2Fproduct_cat&post=8192"},{"taxonomy":"product_tag","embeddable":true,"href":"https:\/\/iberus.pl\/index.php?rest_route=%2Fwp%2Fv2%2Fproduct_tag&post=8192"}],"curies":[{"name":"wp","href":"https:\/\/api.w.org\/{rel}","templated":true}]}}