{"id":7893,"date":"2017-04-11T11:18:37","date_gmt":"2017-04-11T11:18:37","guid":{"rendered":"http:\/\/gromar.de\/?product=automatyczna-stacja-zaladunku-plyt-z-mechanizacja-podawczo-odbiorcza-bargstedt"},"modified":"2017-08-15T12:57:57","modified_gmt":"2017-08-15T12:57:57","slug":"automatyczna-stacja-zaladunku-plyt-z-mechanizacja-podawczo-odbiorcza-bargstedt","status":"publish","type":"product","link":"https:\/\/iberus.pl\/?product=automatyczna-stacja-zaladunku-plyt-z-mechanizacja-podawczo-odbiorcza-bargstedt","title":{"rendered":"Automatyczna stacja zaladunku plyt z mechanizacja podawczo-odbiorcza  BARGSTEDT"},"content":{"rendered":"<table>\n<tbody>\n<tr>\n<td width=\"215\">\n<p>Stacja zaladunku<\/p>\n<\/td>\n<td width=\"350\">\n<p>Typ TBS\/ ELG\/25\/14\/S<\/p>\n<\/td>\n<\/tr>\n<tr>\n<td width=\"215\">\n<p>Trawers z ssawkami prozniowymi<\/p>\n<\/td>\n<td width=\"350\">\n<p>2500&#215;1200 mm<\/p>\n<\/td>\n<\/tr>\n<tr>\n<td width=\"215\">\n<p>Wymiar elementu<\/p>\n<\/td>\n<td width=\"350\">\n<p>min.\u00a0\u00a0\u00a0 300x280x12 mm\u00a0\u00a0<\/p>\n<\/td>\n<\/tr>\n<tr>\n<td width=\"215\">\n<p>Wymiar plyt<\/p>\n<\/td>\n<td width=\"350\">\n<p>min.\u00a0\u00a0\u00a0 800 x 450&#215;19 mm<\/p>\n<\/td>\n<\/tr>\n<tr>\n<td width=\"215\">\n<p>&nbsp;<\/p>\n<\/td>\n<td width=\"350\">\n<p>max.2500x1200x60 mm<\/p>\n<\/td>\n<\/tr>\n<tr>\n<td width=\"215\">\n<p>max. Ciezar elementu<\/p>\n<\/td>\n<td width=\"350\">\n<p>75 kg<\/p>\n<\/td>\n<\/tr>\n<tr>\n<td width=\"215\">\n<p>Liczba obrotow na<\/p>\n<\/td>\n<td width=\"350\">\n<p>54 grad\/sek<\/p>\n<\/td>\n<\/tr>\n<tr>\n<td width=\"215\">\n<p>Predkosc podnoszenia<\/p>\n<\/td>\n<td width=\"350\">\n<p>12 \u2013 42 m\/min<\/p>\n<\/td>\n<\/tr>\n<tr>\n<td width=\"215\">\n<p>Motor<\/p>\n<\/td>\n<td width=\"350\">\n<p>7 kW<\/p>\n<\/td>\n<\/tr>\n<tr>\n<td width=\"215\">\n<p>&nbsp;<\/p>\n<\/td>\n<td width=\"350\">\n<p>&nbsp;<\/p>\n<\/td>\n<\/tr>\n<tr>\n<td width=\"215\">\n<p>Przenosnik\/ podajnik\u00a0 rolkowy<\/p>\n<\/td>\n<td width=\"350\">\n<p>Typ TFR 60\/S\/L\/28\/53\/14<\/p>\n<\/td>\n<\/tr>\n<tr>\n<td width=\"215\">\n<p>Dlugosc przenosnika<\/p>\n<\/td>\n<td width=\"350\">\n<p>4080 mm<\/p>\n<\/td>\n<\/tr>\n<tr>\n<td width=\"215\">\n<p>Szerokosc przenosnika<\/p>\n<\/td>\n<td width=\"350\">\n<p>1400 mm<\/p>\n<\/td>\n<\/tr>\n<tr>\n<td width=\"215\">\n<p>Predkosc posuwu<\/p>\n<\/td>\n<td width=\"350\">\n<p>5-20 m\/min<\/p>\n<\/td>\n<\/tr>\n<tr>\n<td width=\"215\">\n<p>Motor<\/p>\n<\/td>\n<td width=\"350\">\n<p>2 kW<\/p>\n<\/td>\n<\/tr>\n<tr>\n<td width=\"215\">\n<p>&nbsp;<\/p>\n<\/td>\n<td width=\"350\">\n<p>&nbsp;<\/p>\n<\/td>\n<\/tr>\n<tr>\n<td width=\"215\">\n<p>Przenosnik tasmowy<\/p>\n<\/td>\n<td width=\"350\">\n<p>Typ TFB 20\/031\/12<\/p>\n<\/td>\n<\/tr>\n<tr>\n<td width=\"215\">\n<p>Dlugosc przenosnika<\/p>\n<\/td>\n<td width=\"350\">\n<p>2080 mm<\/p>\n<\/td>\n<\/tr>\n<tr>\n<td width=\"215\">\n<p>Szerokosc przenosnika<\/p>\n<\/td>\n<td width=\"350\">\n<p>1400 mm<\/p>\n<\/td>\n<\/tr>\n<\/tbody>\n<\/table>\n<p>&nbsp;<\/p>\n<p>&nbsp;<\/p>\n<p><em>(Z zastrze\u017ceniem, pomy\u0142ek, zmian technicznych i wcze\u015bniejszej sprzeda\u017cy)<\/em><\/p>\n<p><em>\u00a0<\/em><\/p>\n","protected":false},"excerpt":{"rendered":"<p>Stacja zaladunku Typ TBS\/ ELG\/25\/14\/S Trawers z ssawkami prozniowymi 2500&#215;1200 mm Wymiar elementu min.\u00a0\u00a0\u00a0 300x280x12 mm\u00a0\u00a0 Wymiar plyt min.\u00a0\u00a0\u00a0 800 x 450&#215;19 mm &nbsp; max.2500x1200x60 mm max. Ciezar elementu 75 kg Liczba obrotow na 54 grad\/sek Predkosc podnoszenia 12 \u2013 42 m\/min Motor 7 kW &nbsp; &nbsp; Przenosnik\/ podajnik\u00a0 rolkowy Typ TFR 60\/S\/L\/28\/53\/14 Dlugosc przenosnika [&hellip;]<\/p>\n","protected":false},"featured_media":7884,"template":"","meta":{"_monsterinsights_skip_tracking":false,"_monsterinsights_sitenote_active":false,"_monsterinsights_sitenote_note":"","_monsterinsights_sitenote_category":0,"ngg_post_thumbnail":0},"product_cat":[85,338],"product_tag":[],"class_list":{"0":"post-7893","1":"product","2":"type-product","3":"status-publish","4":"has-post-thumbnail","6":"product_cat-polish","7":"product_cat-sprzedane","9":"first","10":"instock","11":"downloadable","12":"shipping-taxable","13":"product-type-simple"},"_links":{"self":[{"href":"https:\/\/iberus.pl\/index.php?rest_route=\/wp\/v2\/product\/7893"}],"collection":[{"href":"https:\/\/iberus.pl\/index.php?rest_route=\/wp\/v2\/product"}],"about":[{"href":"https:\/\/iberus.pl\/index.php?rest_route=\/wp\/v2\/types\/product"}],"wp:featuredmedia":[{"embeddable":true,"href":"https:\/\/iberus.pl\/index.php?rest_route=\/wp\/v2\/media\/7884"}],"wp:attachment":[{"href":"https:\/\/iberus.pl\/index.php?rest_route=%2Fwp%2Fv2%2Fmedia&parent=7893"}],"wp:term":[{"taxonomy":"product_cat","embeddable":true,"href":"https:\/\/iberus.pl\/index.php?rest_route=%2Fwp%2Fv2%2Fproduct_cat&post=7893"},{"taxonomy":"product_tag","embeddable":true,"href":"https:\/\/iberus.pl\/index.php?rest_route=%2Fwp%2Fv2%2Fproduct_tag&post=7893"}],"curies":[{"name":"wp","href":"https:\/\/api.w.org\/{rel}","templated":true}]}}