{"id":7876,"date":"2017-04-11T10:58:17","date_gmt":"2017-04-11T10:58:17","guid":{"rendered":"http:\/\/gromar.de\/?product=topielnik-klejowy-hhs-typ-hmp-06-1x2-m"},"modified":"2017-04-11T11:00:47","modified_gmt":"2017-04-11T11:00:47","slug":"topielnik-klejowy-hhs-typ-hmp-06-1x2-m","status":"publish","type":"product","link":"https:\/\/iberus.pl\/?product=topielnik-klejowy-hhs-typ-hmp-06-1x2-m","title":{"rendered":"Topielnik klejowy HHS, Typ HMP 06-1&#215;2 M"},"content":{"rendered":"<table>\n<tbody>\n<tr>\n<td width=\"215\">\n<p>Maszyna \u2013Nr.<\/p>\n<\/td>\n<td width=\"350\">\n<p>470203118158<\/p>\n<\/td>\n<\/tr>\n<tr>\n<td width=\"215\">\n<p>Topielnik<\/p>\n<\/td>\n<td width=\"350\">\n<p>aluminowy<\/p>\n<\/td>\n<\/tr>\n<tr>\n<td width=\"215\">\n<p>Pojemnosc topielnika<\/p>\n<\/td>\n<td width=\"350\">\n<p>6 kg<\/p>\n<\/td>\n<\/tr>\n<tr>\n<td width=\"215\">\n<p>Wydajnosc<\/p>\n<\/td>\n<td width=\"350\">\n<p>7 kg\/ h<\/p>\n<\/td>\n<\/tr>\n<tr>\n<td width=\"215\">\n<p>Rodzaj kleju<\/p>\n<\/td>\n<td width=\"350\">\n<p>Granulat, blok\u00a0<\/p>\n<\/td>\n<\/tr>\n<tr>\n<td width=\"215\">\n<p>Liczba podlaczen wezy<\/p>\n<\/td>\n<td width=\"350\">\n<p>max. 2<\/p>\n<\/td>\n<\/tr>\n<tr>\n<td width=\"215\">\n<p>Regulator temperatury<\/p>\n<\/td>\n<td width=\"350\">\n<p>5-Kanal-Regler<\/p>\n<\/td>\n<\/tr>\n<tr>\n<td width=\"215\">\n<p>Temperatura max.<\/p>\n<\/td>\n<td width=\"350\">\n<p>200 \u00b0C<\/p>\n<\/td>\n<\/tr>\n<tr>\n<td width=\"215\">\n<p>Cisnienie zasilania<\/p>\n<\/td>\n<td width=\"350\">\n<p>min. 6 bar<\/p>\n<\/td>\n<\/tr>\n<tr>\n<td width=\"215\">\n<p>Bypass, cisnienie obwodowe<\/p>\n<\/td>\n<td width=\"350\">\n<p>max. 80 bar<\/p>\n<\/td>\n<\/tr>\n<tr>\n<td width=\"215\">\n<p>Moc przylaczeniowa<\/p>\n<\/td>\n<td width=\"350\">\n<p>4 kW<\/p>\n<\/td>\n<\/tr>\n<tr>\n<td width=\"215\">\n<p>Ciezar\u00a0 ok.<\/p>\n<\/td>\n<td width=\"350\">\n<p>30 kg<\/p>\n<\/td>\n<\/tr>\n<tr>\n<td width=\"215\">\n<p>Standort<\/p>\n<\/td>\n<td width=\"350\">\n<p>32683 Barntrup<\/p>\n<\/td>\n<\/tr>\n<\/tbody>\n<\/table>\n<p><em>(Z zastrze\u017ceniem, pomy\u0142ek, zmian technicznych i wcze\u015bniejszej sprzeda\u017cy)<\/em><\/p>\n","protected":false},"excerpt":{"rendered":"<p>Maszyna \u2013Nr. 470203118158 Topielnik aluminowy Pojemnosc topielnika 6 kg Wydajnosc 7 kg\/ h Rodzaj kleju Granulat, blok\u00a0 Liczba podlaczen wezy max. 2 Regulator temperatury 5-Kanal-Regler Temperatura max. 200 \u00b0C Cisnienie zasilania min. 6 bar Bypass, cisnienie obwodowe max. 80 bar Moc przylaczeniowa 4 kW Ciezar\u00a0 ok. 30 kg Standort 32683 Barntrup (Z zastrze\u017ceniem, pomy\u0142ek, zmian [&hellip;]<\/p>\n","protected":false},"featured_media":7875,"template":"","meta":{"_monsterinsights_skip_tracking":false,"_monsterinsights_sitenote_active":false,"_monsterinsights_sitenote_note":"","_monsterinsights_sitenote_category":0,"ngg_post_thumbnail":0},"product_cat":[85,330],"product_tag":[],"class_list":{"0":"post-7876","1":"product","2":"type-product","3":"status-publish","4":"has-post-thumbnail","6":"product_cat-polish","7":"product_cat-pozostale","9":"first","10":"instock","11":"shipping-taxable","12":"product-type-simple"},"_links":{"self":[{"href":"https:\/\/iberus.pl\/index.php?rest_route=\/wp\/v2\/product\/7876"}],"collection":[{"href":"https:\/\/iberus.pl\/index.php?rest_route=\/wp\/v2\/product"}],"about":[{"href":"https:\/\/iberus.pl\/index.php?rest_route=\/wp\/v2\/types\/product"}],"wp:featuredmedia":[{"embeddable":true,"href":"https:\/\/iberus.pl\/index.php?rest_route=\/wp\/v2\/media\/7875"}],"wp:attachment":[{"href":"https:\/\/iberus.pl\/index.php?rest_route=%2Fwp%2Fv2%2Fmedia&parent=7876"}],"wp:term":[{"taxonomy":"product_cat","embeddable":true,"href":"https:\/\/iberus.pl\/index.php?rest_route=%2Fwp%2Fv2%2Fproduct_cat&post=7876"},{"taxonomy":"product_tag","embeddable":true,"href":"https:\/\/iberus.pl\/index.php?rest_route=%2Fwp%2Fv2%2Fproduct_tag&post=7876"}],"curies":[{"name":"wp","href":"https:\/\/api.w.org\/{rel}","templated":true}]}}