{"id":7852,"date":"2017-04-11T10:01:58","date_gmt":"2017-04-11T10:01:58","guid":{"rendered":"http:\/\/gromar.de\/?post_type=product&#038;p=7852"},"modified":"2017-08-15T12:55:18","modified_gmt":"2017-08-15T12:55:18","slug":"spanebrikettierpresse-ipe-typ-ecopress-5010-bj-2012","status":"publish","type":"product","link":"https:\/\/iberus.pl\/?product=spanebrikettierpresse-ipe-typ-ecopress-5010-bj-2012","title":{"rendered":"Sp\u00e4nebrikettierpresse IPE, Typ: ECOpress 50\/10, Bj.: 2012"},"content":{"rendered":"<table>\n<tbody>\n<tr>\n<td width=\"215\">\n<p>Maschinen-Nr.<\/p>\n<\/td>\n<td width=\"350\">\n<p>11912<\/p>\n<\/td>\n<\/tr>\n<tr>\n<td width=\"215\">\n<p>Pressleistung (materialabh\u00e4ngig)<\/p>\n<\/td>\n<td width=\"350\">\n<p>30 -50 kg\/h<\/p>\n<\/td>\n<\/tr>\n<tr>\n<td width=\"215\">\n<p>Brikett Durchmesser<\/p>\n<\/td>\n<td width=\"350\">\n<p>60 mm<\/p>\n<\/td>\n<\/tr>\n<tr>\n<td width=\"215\">\n<p>Motorleistung Hydraulik<\/p>\n<\/td>\n<td width=\"350\">\n<p>4 kW<\/p>\n<\/td>\n<\/tr>\n<tr>\n<td width=\"215\">\n<p>Motorleistung Austragung<\/p>\n<\/td>\n<td width=\"350\">\n<p>0,37 kW<\/p>\n<\/td>\n<\/tr>\n<tr>\n<td width=\"215\">\n<p>Motorleistung Schnecke<\/p>\n<\/td>\n<td width=\"350\">\n<p>0,55 kW<\/p>\n<\/td>\n<\/tr>\n<tr>\n<td width=\"215\">\n<p>Grundfl\u00e4che und H\u00f6he f\u00fcr Beh\u00e4lter<\/p>\n<\/td>\n<td width=\"350\">\n<p>1000 x 1000 x 450 mm<\/p>\n<\/td>\n<\/tr>\n<tr>\n<td width=\"215\">\n<p>Gewicht<\/p>\n<\/td>\n<td width=\"350\">\n<p>600 kg<\/p>\n<\/td>\n<\/tr>\n<tr>\n<td width=\"215\">\n<p>Abmessungen<\/p>\n<\/td>\n<td width=\"350\">\n<p>1270 x 2053 x 915 mm<\/p>\n<\/td>\n<\/tr>\n<tr>\n<td width=\"215\">\n<p>Standort<\/p>\n<\/td>\n<td width=\"350\">\n<p>97076 W\u00fcrzburg<\/p>\n<\/td>\n<\/tr>\n<\/tbody>\n<\/table>\n<p><em>\u00a0<\/em><\/p>\n<p><em>(\u00c4nderungen und Irrt\u00fcmer in den technischen Daten sowie Zwischenverkauf vorbehalten)<\/em><\/p>\n","protected":false},"excerpt":{"rendered":"<p>Maschinen-Nr. 11912 Pressleistung (materialabh\u00e4ngig) 30 -50 kg\/h Brikett Durchmesser 60 mm Motorleistung Hydraulik 4 kW Motorleistung Austragung 0,37 kW Motorleistung Schnecke 0,55 kW Grundfl\u00e4che und H\u00f6he f\u00fcr Beh\u00e4lter 1000 x 1000 x 450 mm Gewicht 600 kg Abmessungen 1270 x 2053 x 915 mm Standort 97076 W\u00fcrzburg \u00a0 (\u00c4nderungen und Irrt\u00fcmer in den technischen Daten [&hellip;]<\/p>\n","protected":false},"featured_media":8174,"template":"","meta":{"_monsterinsights_skip_tracking":false,"_monsterinsights_sitenote_active":false,"_monsterinsights_sitenote_note":"","_monsterinsights_sitenote_category":0,"ngg_post_thumbnail":0},"product_cat":[87,340],"product_tag":[],"class_list":{"0":"post-7852","1":"product","2":"type-product","3":"status-publish","4":"has-post-thumbnail","6":"product_cat-german","7":"product_cat-verkauft","9":"first","10":"instock","11":"downloadable","12":"shipping-taxable","13":"product-type-simple"},"_links":{"self":[{"href":"https:\/\/iberus.pl\/index.php?rest_route=\/wp\/v2\/product\/7852"}],"collection":[{"href":"https:\/\/iberus.pl\/index.php?rest_route=\/wp\/v2\/product"}],"about":[{"href":"https:\/\/iberus.pl\/index.php?rest_route=\/wp\/v2\/types\/product"}],"wp:featuredmedia":[{"embeddable":true,"href":"https:\/\/iberus.pl\/index.php?rest_route=\/wp\/v2\/media\/8174"}],"wp:attachment":[{"href":"https:\/\/iberus.pl\/index.php?rest_route=%2Fwp%2Fv2%2Fmedia&parent=7852"}],"wp:term":[{"taxonomy":"product_cat","embeddable":true,"href":"https:\/\/iberus.pl\/index.php?rest_route=%2Fwp%2Fv2%2Fproduct_cat&post=7852"},{"taxonomy":"product_tag","embeddable":true,"href":"https:\/\/iberus.pl\/index.php?rest_route=%2Fwp%2Fv2%2Fproduct_tag&post=7852"}],"curies":[{"name":"wp","href":"https:\/\/api.w.org\/{rel}","templated":true}]}}