{"id":7773,"date":"2017-04-10T16:52:56","date_gmt":"2017-04-10T16:52:56","guid":{"rendered":"http:\/\/gromar.de\/?product=cnc-centrum-frezujaco-wiercace-ima-typ-bima-610"},"modified":"2017-04-22T14:11:31","modified_gmt":"2017-04-22T14:11:31","slug":"cnc-centrum-frezujaco-wiercace-ima-typ-bima-610","status":"publish","type":"product","link":"https:\/\/iberus.pl\/?product=cnc-centrum-frezujaco-wiercace-ima-typ-bima-610","title":{"rendered":"CNC Centrum frezujaco-wiercace  IMA, Typ: BIMA 610"},"content":{"rendered":"<table>\n<tbody>\n<tr>\n<td width=\"302\">\n<p>Maszyna\u00a0 Nr.:<\/p>\n<\/td>\n<td width=\"283\">\n<p>21618<\/p>\n<\/td>\n<\/tr>\n<tr>\n<td width=\"302\">\n<p>Zakres poruszania w osiach<\/p>\n<\/td>\n<td width=\"283\">\n<p>X 6700 mm, Y 1900 mm, Z\u00a0 440 mm<\/p>\n<\/td>\n<\/tr>\n<tr>\n<td width=\"302\">\n<p>Zakres obrobki<\/p>\n<\/td>\n<td width=\"283\">\n<p>X 6000 mm, Y 1200 mm<\/p>\n<p>Max. grubosc elementu\u00a0 65 mm<\/p>\n<p>&nbsp;<\/p>\n<\/td>\n<\/tr>\n<tr>\n<td width=\"302\">\n<p>&nbsp;<\/p>\n<\/td>\n<td width=\"283\">\n<p>&nbsp;<\/p>\n<\/td>\n<\/tr>\n<tr>\n<td width=\"302\">\n<p>Wrzeciono glowne<\/p>\n<\/td>\n<td width=\"283\">\n<p>7,5 kW, chlodzone woda<\/p>\n<p>System mocowania narzedzi \u00a0HSK F63<\/p>\n<\/td>\n<\/tr>\n<tr>\n<td width=\"302\">\n<p>1 automatyczny wymiennik narzedzi<\/p>\n<p>&nbsp;<\/p>\n<\/td>\n<td width=\"283\">\n<p>12-miejscowy magazynek talerzowy \u00a0<\/p>\n<\/td>\n<\/tr>\n<tr>\n<td width=\"302\">\n<p>Agregat katowy pily<\/p>\n<\/td>\n<td width=\"283\">\n<p>&nbsp;<\/p>\n<\/td>\n<\/tr>\n<tr>\n<td width=\"302\">\n<p>Adapter katowy frezjaco-wiercacy<\/p>\n<\/td>\n<td width=\"283\">\n<p>&nbsp;<\/p>\n<\/td>\n<\/tr>\n<tr>\n<td width=\"302\">\n<p>&nbsp;<\/p>\n<\/td>\n<td width=\"283\">\n<p>&nbsp;<\/p>\n<\/td>\n<\/tr>\n<tr>\n<td width=\"302\">\n<p>1 pionowy agregat wiercacy \u00a01 kW<\/p>\n<\/td>\n<td width=\"283\">\n<p>7 jednostek wiercacych w kierunku \u00a0&#8211; X<\/p>\n<p>podzialka 32 mm<\/p>\n<\/td>\n<\/tr>\n<tr>\n<td width=\"302\">\n<p>1 pionowy agregat wiercacy \u00a01 kW<\/p>\n<\/td>\n<td width=\"283\">\n<p>9 jednostek wiercacych w kierunku- Y<\/p>\n<p>podzialka \u00a032 mm<\/p>\n<\/td>\n<\/tr>\n<tr>\n<td width=\"302\">\n<p>&nbsp;<\/p>\n<\/td>\n<td width=\"283\">\n<p>&nbsp;<\/p>\n<\/td>\n<\/tr>\n<tr>\n<td width=\"302\">\n<p>Stol roboczy<\/p>\n<\/td>\n<td width=\"283\">\n<p>8 Trawersow z ssawkami prozniowymi\u00a0<\/p>\n<\/td>\n<\/tr>\n<tr>\n<td width=\"302\">\n<p>Pompa prozniowa<\/p>\n<\/td>\n<td width=\"283\">\n<p>&nbsp;<\/p>\n<\/td>\n<\/tr>\n<tr>\n<td width=\"302\">\n<p>Mata bezpieczenstwa<\/p>\n<\/td>\n<td width=\"283\">\n<p>&nbsp;<\/p>\n<\/td>\n<\/tr>\n<tr>\n<td width=\"302\">\n<p>Na wyposazeniu maszyny kilka narzedzi<\/p>\n<\/td>\n<td width=\"283\">\n<p>&nbsp;<\/p>\n<\/td>\n<\/tr>\n<tr>\n<td width=\"302\">\n<p>Zapotrzebowanie miejsca<\/p>\n<\/td>\n<td width=\"283\">\n<p>ok. 9500&#215;2300 mm<\/p>\n<\/td>\n<\/tr>\n<tr>\n<td width=\"302\">\n<p>Ciezar<\/p>\n<\/td>\n<td width=\"283\">\n<p>8500 kg<\/p>\n<\/td>\n<\/tr>\n<tr>\n<td width=\"302\">\n<p>Miejsce postoju<\/p>\n<\/td>\n<td width=\"283\">\n<p>33129 Delbr\u00fcck<\/p>\n<\/td>\n<\/tr>\n<\/tbody>\n<\/table>\n<p><em>\u00a0<\/em><\/p>\n<p><em>(Z zastrze\u017ceniem, pomy\u0142ek, zmian technicznych i wcze\u015bniejszej sprzeda\u017cy)<\/em><\/p>\n<p><em>\u00a0<\/em><\/p>\n","protected":false},"excerpt":{"rendered":"<p>Maszyna\u00a0 Nr.: 21618 Zakres poruszania w osiach X 6700 mm, Y 1900 mm, Z\u00a0 440 mm Zakres obrobki X 6000 mm, Y 1200 mm Max. grubosc elementu\u00a0 65 mm &nbsp; &nbsp; &nbsp; Wrzeciono glowne 7,5 kW, chlodzone woda System mocowania narzedzi \u00a0HSK F63 1 automatyczny wymiennik narzedzi &nbsp; 12-miejscowy magazynek talerzowy \u00a0 Agregat katowy pily [&hellip;]<\/p>\n","protected":false},"featured_media":7936,"template":"","meta":{"_monsterinsights_skip_tracking":false,"_monsterinsights_sitenote_active":false,"_monsterinsights_sitenote_note":"","_monsterinsights_sitenote_category":0,"ngg_post_thumbnail":0},"product_cat":[338],"product_tag":[],"class_list":{"0":"post-7773","1":"product","2":"type-product","3":"status-publish","4":"has-post-thumbnail","6":"product_cat-sprzedane","8":"first","9":"instock","10":"downloadable","11":"shipping-taxable","12":"product-type-simple"},"_links":{"self":[{"href":"https:\/\/iberus.pl\/index.php?rest_route=\/wp\/v2\/product\/7773"}],"collection":[{"href":"https:\/\/iberus.pl\/index.php?rest_route=\/wp\/v2\/product"}],"about":[{"href":"https:\/\/iberus.pl\/index.php?rest_route=\/wp\/v2\/types\/product"}],"wp:featuredmedia":[{"embeddable":true,"href":"https:\/\/iberus.pl\/index.php?rest_route=\/wp\/v2\/media\/7936"}],"wp:attachment":[{"href":"https:\/\/iberus.pl\/index.php?rest_route=%2Fwp%2Fv2%2Fmedia&parent=7773"}],"wp:term":[{"taxonomy":"product_cat","embeddable":true,"href":"https:\/\/iberus.pl\/index.php?rest_route=%2Fwp%2Fv2%2Fproduct_cat&post=7773"},{"taxonomy":"product_tag","embeddable":true,"href":"https:\/\/iberus.pl\/index.php?rest_route=%2Fwp%2Fv2%2Fproduct_tag&post=7773"}],"curies":[{"name":"wp","href":"https:\/\/api.w.org\/{rel}","templated":true}]}}