{"id":768,"date":"2014-10-24T17:03:21","date_gmt":"2014-10-24T17:03:21","guid":{"rendered":"http:\/\/gromar.de\/?post_type=product&#038;p=768"},"modified":"2016-07-25T10:40:58","modified_gmt":"2016-07-25T10:40:58","slug":"pila-do-ciecia-wzdluznego-raimann-jrion-flexirip-3200-rocznik-2007","status":"publish","type":"product","link":"https:\/\/iberus.pl\/?product=pila-do-ciecia-wzdluznego-raimann-jrion-flexirip-3200-rocznik-2007","title":{"rendered":"Pila do ciecia wzd\u0142u\u017cnego Raimann Jrion FlexiRip 3200, rocznik 2007"},"content":{"rendered":"<table class=\"techdata\" width=\"450\" cellspacing=\"2\">\n<tbody>\n<tr>\n<td><b>D\u0142ugo\u015b\u0107 ci\u0119cia<\/b><\/td>\n<td>max 3200 mm<\/td>\n<\/tr>\n<tr>\n<td><b>Wysoko\u015b\u0107 ci\u0119cia<\/b><\/td>\n<td>90-190 mm<\/td>\n<\/tr>\n<tr>\n<td><b>\u015arednica pi\u0142y<\/b><\/td>\n<td>400 &#8211; 600 mm<\/td>\n<\/tr>\n<tr>\n<td><b>Szeroko\u015b\u0107 ci\u0119cia<\/b><\/td>\n<td>max 450 mm<\/td>\n<\/tr>\n<tr>\n<td><b>Obroty pily<\/b><\/td>\n<td>2900 obr \/ min<\/td>\n<\/tr>\n<tr>\n<td><b>Ilo\u015b\u0107 pi\u0142:<\/b><\/td>\n<td>1<\/td>\n<\/tr>\n<tr>\n<td><b>Silnik g\u0142\u00f3wny<\/b><\/td>\n<td>11 kW<\/td>\n<\/tr>\n<tr>\n<td><b>pr\u0119dko\u015b\u0107 posuwu pily<\/b><\/td>\n<td>1 &#8211; 80 m \/ min<\/td>\n<\/tr>\n<tr>\n<td><b>1 laser<\/b><\/td>\n<td>30 mW<\/td>\n<\/tr>\n<tr>\n<td><b>3 wsporniki<\/b><\/td>\n<td>kazdy z 6 kulkami<\/td>\n<\/tr>\n<tr>\n<td><b>Waga<\/b><\/td>\n<td>2100 kg<\/td>\n<\/tr>\n<tr>\n<td><b>Napi\u0119cie<\/b><\/td>\n<td>400V\/50Hz<\/td>\n<\/tr>\n<\/tbody>\n<\/table>\n","protected":false},"excerpt":{"rendered":"<h3><strong><span style=\"color: #ff0000;\"><em>Pozycja sprzedana<\/em><\/span><\/strong><\/h3>\n","protected":false},"featured_media":775,"template":"","meta":{"_monsterinsights_skip_tracking":false,"_monsterinsights_sitenote_active":false,"_monsterinsights_sitenote_note":"","_monsterinsights_sitenote_category":0,"ngg_post_thumbnail":0},"product_cat":[338],"product_tag":[],"class_list":{"0":"post-768","1":"product","2":"type-product","3":"status-publish","4":"has-post-thumbnail","6":"product_cat-sprzedane","8":"first","9":"instock","10":"downloadable","11":"shipping-taxable","12":"product-type-simple"},"_links":{"self":[{"href":"https:\/\/iberus.pl\/index.php?rest_route=\/wp\/v2\/product\/768"}],"collection":[{"href":"https:\/\/iberus.pl\/index.php?rest_route=\/wp\/v2\/product"}],"about":[{"href":"https:\/\/iberus.pl\/index.php?rest_route=\/wp\/v2\/types\/product"}],"wp:featuredmedia":[{"embeddable":true,"href":"https:\/\/iberus.pl\/index.php?rest_route=\/wp\/v2\/media\/775"}],"wp:attachment":[{"href":"https:\/\/iberus.pl\/index.php?rest_route=%2Fwp%2Fv2%2Fmedia&parent=768"}],"wp:term":[{"taxonomy":"product_cat","embeddable":true,"href":"https:\/\/iberus.pl\/index.php?rest_route=%2Fwp%2Fv2%2Fproduct_cat&post=768"},{"taxonomy":"product_tag","embeddable":true,"href":"https:\/\/iberus.pl\/index.php?rest_route=%2Fwp%2Fv2%2Fproduct_tag&post=768"}],"curies":[{"name":"wp","href":"https:\/\/api.w.org\/{rel}","templated":true}]}}