{"id":7643,"date":"2017-03-08T18:12:45","date_gmt":"2017-03-08T18:12:45","guid":{"rendered":"http:\/\/gromar.de\/?post_type=product&#038;p=7643"},"modified":"2017-07-01T11:27:08","modified_gmt":"2017-07-01T11:27:08","slug":"szczotkarka-szlifierka-sorbini-typ-vs26-3","status":"publish","type":"product","link":"https:\/\/iberus.pl\/?product=szczotkarka-szlifierka-sorbini-typ-vs26-3","title":{"rendered":"Szczotkarka, szlifierka Sorbini Typ VS\/26-3"},"content":{"rendered":"<table>\n<tbody>\n<tr>\n<td width=\"616\">\n<p>Numer maszyny<\/p>\n<\/td>\n<td width=\"508\">\n<p>8006<\/p>\n<\/td>\n<\/tr>\n<tr>\n<td width=\"616\">\n<p>Szerokosc robocza<\/p>\n<\/td>\n<td width=\"508\">\n<p>1200 (1300) mm<\/p>\n<\/td>\n<\/tr>\n<tr>\n<td width=\"616\">\n<p>Szerokosc tasmy transportujacej<\/p>\n<\/td>\n<td width=\"508\">\n<p>1200 mm<\/p>\n<\/td>\n<\/tr>\n<tr>\n<td width=\"616\">\n<p>Wysokosc robocza \u2013 kazdy agregat oddzielnie regulowany pokretlem<\/p>\n<\/td>\n<td width=\"508\">\n<p>0-120 mm<\/p>\n<\/td>\n<\/tr>\n<tr>\n<td width=\"616\">\n<p>Wysokosc tasmy od podloza<\/p>\n<\/td>\n<td width=\"508\">\n<p>900 \u2013 950 mm<\/p>\n<\/td>\n<\/tr>\n<tr>\n<td width=\"616\">\n<p>1. Agregat szlifierski &#8211; trzewik z oscylacja<\/p>\n<\/td>\n<td width=\"508\">\n<p>&nbsp;<\/p>\n<\/td>\n<\/tr>\n<tr>\n<td width=\"616\">\n<p>Dlugosc trzewika<\/p>\n<\/td>\n<td width=\"508\">\n<p>1300 mm<\/p>\n<\/td>\n<\/tr>\n<tr>\n<td width=\"616\">\n<p>Szerokosc trzewika<\/p>\n<\/td>\n<td width=\"508\">\n<p>150 mm<\/p>\n<\/td>\n<\/tr>\n<tr>\n<td width=\"616\">\n<p>Silnik oscylacji od gory<\/p>\n<\/td>\n<td width=\"508\">\n<p>0,55 kW<\/p>\n<\/td>\n<\/tr>\n<tr>\n<td width=\"616\">\n<p>Srednica odciagu pylow<\/p>\n<\/td>\n<td width=\"508\">\n<p>2 x 180 mm<\/p>\n<\/td>\n<\/tr>\n<tr>\n<td width=\"616\">\n<p>Wymiana papieru na nowy<\/p>\n<\/td>\n<td width=\"508\">\n<p>poprzez przewijanie<\/p>\n<\/td>\n<\/tr>\n<tr>\n<td width=\"616\">\n<p>2. Agregat szczotka szlifierska<\/p>\n<\/td>\n<td width=\"508\">\n<p>&nbsp;<\/p>\n<\/td>\n<\/tr>\n<tr>\n<td width=\"616\">\n<p>Silnik<\/p>\n<\/td>\n<td width=\"508\">\n<p>1,1 kW<\/p>\n<\/td>\n<\/tr>\n<tr>\n<td width=\"616\">\n<p>Srednica szczotki<\/p>\n<\/td>\n<td width=\"508\">\n<p>max. 230 mm<\/p>\n<\/td>\n<\/tr>\n<tr>\n<td width=\"616\">\n<p>Dlugosc szczotki<\/p>\n<\/td>\n<td width=\"508\">\n<p>1300 mm<\/p>\n<\/td>\n<\/tr>\n<tr>\n<td width=\"616\">\n<p>Srednica odciagu pylow<\/p>\n<\/td>\n<td width=\"508\">\n<p>1 x 180 mm<\/p>\n<\/td>\n<\/tr>\n<tr>\n<td width=\"616\">\n<p>3. Agregat szczotka czyszczaca<\/p>\n<\/td>\n<td width=\"508\">\n<p>&nbsp;<\/p>\n<\/td>\n<\/tr>\n<tr>\n<td width=\"616\">\n<p>Silnik<\/p>\n<\/td>\n<td width=\"508\">\n<p>0,55 kW<\/p>\n<\/td>\n<\/tr>\n<tr>\n<td width=\"616\">\n<p>Srednica szczotki<\/p>\n<\/td>\n<td width=\"508\">\n<p>200 mm<\/p>\n<\/td>\n<\/tr>\n<tr>\n<td width=\"616\">\n<p>Dlugosc szczotki<\/p>\n<\/td>\n<td width=\"508\">\n<p>1300 mm<\/p>\n<\/td>\n<\/tr>\n<tr>\n<td width=\"616\">\n<p>Srednica odciagu pylow<\/p>\n<\/td>\n<td width=\"508\">\n<p>1 x 180 mm<\/p>\n<\/td>\n<\/tr>\n<tr>\n<td width=\"616\">\n<p>Posuw<\/p>\n<\/td>\n<td width=\"508\">\n<p>1,5 \u2013 18 m\/min, recznie regulowany pokretlem<\/p>\n<\/td>\n<\/tr>\n<tr>\n<td width=\"616\">\n<p>Silnik posuwu<\/p>\n<\/td>\n<td width=\"508\">\n<p>0,75 kW<\/p>\n<\/td>\n<\/tr>\n<tr>\n<td width=\"616\">\n<p>Zastosowanie<\/p>\n<\/td>\n<td width=\"508\">\n<p>Do szlifowania prostych i profilowych powierzchni i plyt z HDF, MDF i drewna litego.<\/p>\n<\/td>\n<\/tr>\n<tr>\n<td width=\"616\">\n<p>Wymiary zewnetrzne bez szafy sterowniczej (LxBxH)<\/p>\n<\/td>\n<td width=\"508\">\n<p>2400 x 2300 x 1700 mm<\/p>\n<\/td>\n<\/tr>\n<tr>\n<td width=\"616\">\n<p>Waga<\/p>\n<\/td>\n<td width=\"508\">\n<p>Ok. 1400 kg<\/p>\n<\/td>\n<\/tr>\n<tr>\n<td width=\"616\">\n<p>Napiecie robocze<\/p>\n<\/td>\n<td width=\"508\">\n<p>3\/220\/380 V\u00a0 &#8211; 50 Hz<\/p>\n<\/td>\n<\/tr>\n<tr>\n<td width=\"616\">\n<p>Moc calkowita<\/p>\n<\/td>\n<td width=\"508\">\n<p>4,5 kW<\/p>\n<\/td>\n<\/tr>\n<tr>\n<td width=\"616\">\n<p>Podlaczenie sprezonego pow.<\/p>\n<\/td>\n<td width=\"508\">\n<p>6 bar<\/p>\n<\/td>\n<\/tr>\n<tr>\n<td width=\"616\">\n<p>Sterowanie<\/p>\n<\/td>\n<td width=\"508\">\n<p>przez pulpit sterowniczy<\/p>\n<\/td>\n<\/tr>\n<tr>\n<td width=\"616\">\n<p>Miejsce postoju<\/p>\n<\/td>\n<td width=\"508\">\n<p>Germany<\/p>\n<\/td>\n<\/tr>\n<\/tbody>\n<\/table>\n<p><em>\u00a0(Z zastrze\u017ceniem, pomy\u0142ek, zmian technicznych i wcze\u015bniejszej sprzeda\u017cy)<\/em><\/p>\n<p><em>\u00a0<\/em><\/p>\n","protected":false},"excerpt":{"rendered":"<p>Numer maszyny 8006 Szerokosc robocza 1200 (1300) mm Szerokosc tasmy transportujacej 1200 mm Wysokosc robocza \u2013 kazdy agregat oddzielnie regulowany pokretlem 0-120 mm Wysokosc tasmy od podloza 900 \u2013 950 mm 1. Agregat szlifierski &#8211; trzewik z oscylacja &nbsp; Dlugosc trzewika 1300 mm Szerokosc trzewika 150 mm Silnik oscylacji od gory 0,55 kW Srednica odciagu [&hellip;]<\/p>\n","protected":false},"featured_media":7644,"template":"","meta":{"_monsterinsights_skip_tracking":false,"_monsterinsights_sitenote_active":false,"_monsterinsights_sitenote_note":"","_monsterinsights_sitenote_category":0,"ngg_post_thumbnail":0},"product_cat":[338],"product_tag":[],"class_list":{"0":"post-7643","1":"product","2":"type-product","3":"status-publish","4":"has-post-thumbnail","6":"product_cat-sprzedane","8":"first","9":"instock","10":"shipping-taxable","11":"product-type-simple"},"_links":{"self":[{"href":"https:\/\/iberus.pl\/index.php?rest_route=\/wp\/v2\/product\/7643"}],"collection":[{"href":"https:\/\/iberus.pl\/index.php?rest_route=\/wp\/v2\/product"}],"about":[{"href":"https:\/\/iberus.pl\/index.php?rest_route=\/wp\/v2\/types\/product"}],"wp:featuredmedia":[{"embeddable":true,"href":"https:\/\/iberus.pl\/index.php?rest_route=\/wp\/v2\/media\/7644"}],"wp:attachment":[{"href":"https:\/\/iberus.pl\/index.php?rest_route=%2Fwp%2Fv2%2Fmedia&parent=7643"}],"wp:term":[{"taxonomy":"product_cat","embeddable":true,"href":"https:\/\/iberus.pl\/index.php?rest_route=%2Fwp%2Fv2%2Fproduct_cat&post=7643"},{"taxonomy":"product_tag","embeddable":true,"href":"https:\/\/iberus.pl\/index.php?rest_route=%2Fwp%2Fv2%2Fproduct_tag&post=7643"}],"curies":[{"name":"wp","href":"https:\/\/api.w.org\/{rel}","templated":true}]}}