{"id":7400,"date":"2017-01-11T09:19:18","date_gmt":"2017-01-11T09:19:18","guid":{"rendered":"http:\/\/gromar.de\/?post_type=product&#038;p=7400"},"modified":"2018-01-15T14:42:10","modified_gmt":"2018-01-15T14:42:10","slug":"kanal-suszarniczy-lampy-uv-giardina-typ-spc-gst3016","status":"publish","type":"product","link":"https:\/\/iberus.pl\/?product=kanal-suszarniczy-lampy-uv-giardina-typ-spc-gst3016","title":{"rendered":"Kanal suszarniczy \/ Lampy UV Giardina Typ: SPC-GST301\/6"},"content":{"rendered":"<table>\n<tbody>\n<tr>\n<td width=\"400\">\n<p>Wymiar elementow<\/p>\n<\/td>\n<td width=\"560\">\n<p>min. 800 x 15 x 15 mm<\/p>\n<\/td>\n<\/tr>\n<tr>\n<td width=\"400\">\n<p>Wymiar elementow<\/p>\n<\/td>\n<td width=\"560\">\n<p>min. 800 x 15 x 15 mm<\/p>\n<\/td>\n<\/tr>\n<tr>\n<td width=\"400\">\n<p>Wymiar elementow<\/p>\n<\/td>\n<td width=\"560\">\n<p>min. 800 x 15 x 15 mm<\/p>\n<\/td>\n<\/tr>\n<tr>\n<td width=\"400\">\n<p>Przekroj. elementow<\/p>\n<\/td>\n<td width=\"560\">\n<p>max. 180 x 60 mm<\/p>\n<\/td>\n<\/tr>\n<tr>\n<td width=\"400\">\n<p>Lampy UV<\/p>\n<\/td>\n<td width=\"560\">\n<p>wychylne rteciowe lub galowe<\/p>\n<\/td>\n<\/tr>\n<tr>\n<td width=\"400\">\n<p>Predkosc posuwu<\/p>\n<\/td>\n<td width=\"560\">\n<p>15-45 m\/min.<\/p>\n<\/td>\n<\/tr>\n<tr>\n<td width=\"400\">\n<p>Silnik posuwu<\/p>\n<\/td>\n<td width=\"560\">\n<p>0,75 kW<\/p>\n<\/td>\n<\/tr>\n<tr>\n<td width=\"400\">\n<p>Wywiew powietrza<\/p>\n<\/td>\n<td width=\"560\">\n<p>4000 m\u00b3\/h<\/p>\n<\/td>\n<\/tr>\n<tr>\n<td width=\"400\">\n<p>Wymiary zewnatrzne<\/p>\n<\/td>\n<td width=\"560\">\n<p>2685 x 1400 x 2842 mm<\/p>\n<\/td>\n<\/tr>\n<tr>\n<td width=\"400\">\n<p>Wymiar szafy sterowniczej<\/p>\n<\/td>\n<td width=\"560\">\n<p>2400 x 600 x 2000 mm<\/p>\n<\/td>\n<\/tr>\n<tr>\n<td width=\"400\">\n<p>&nbsp;<\/p>\n<\/td>\n<td width=\"560\">\n<p>&nbsp;<\/p>\n<\/td>\n<\/tr>\n<\/tbody>\n<\/table>\n<p><em>(Z zastrze\u017ceniem, pomy\u0142ek, zmian technicznych i wcze\u015bniejszej sprzeda\u017cy)<\/em><\/p>\n","protected":false},"excerpt":{"rendered":"<p>Wymiar elementow min. 800 x 15 x 15 mm Wymiar elementow min. 800 x 15 x 15 mm Wymiar elementow min. 800 x 15 x 15 mm Przekroj. elementow max. 180 x 60 mm Lampy UV wychylne rteciowe lub galowe Predkosc posuwu 15-45 m\/min. Silnik posuwu 0,75 kW Wywiew powietrza 4000 m\u00b3\/h Wymiary zewnatrzne 2685 [&hellip;]<\/p>\n","protected":false},"featured_media":7401,"template":"","meta":{"_monsterinsights_skip_tracking":false,"_monsterinsights_sitenote_active":false,"_monsterinsights_sitenote_note":"","_monsterinsights_sitenote_category":0,"ngg_post_thumbnail":0},"product_cat":[338],"product_tag":[],"class_list":{"0":"post-7400","1":"product","2":"type-product","3":"status-publish","4":"has-post-thumbnail","6":"product_cat-sprzedane","8":"first","9":"instock","10":"downloadable","11":"shipping-taxable","12":"product-type-simple"},"_links":{"self":[{"href":"https:\/\/iberus.pl\/index.php?rest_route=\/wp\/v2\/product\/7400"}],"collection":[{"href":"https:\/\/iberus.pl\/index.php?rest_route=\/wp\/v2\/product"}],"about":[{"href":"https:\/\/iberus.pl\/index.php?rest_route=\/wp\/v2\/types\/product"}],"wp:featuredmedia":[{"embeddable":true,"href":"https:\/\/iberus.pl\/index.php?rest_route=\/wp\/v2\/media\/7401"}],"wp:attachment":[{"href":"https:\/\/iberus.pl\/index.php?rest_route=%2Fwp%2Fv2%2Fmedia&parent=7400"}],"wp:term":[{"taxonomy":"product_cat","embeddable":true,"href":"https:\/\/iberus.pl\/index.php?rest_route=%2Fwp%2Fv2%2Fproduct_cat&post=7400"},{"taxonomy":"product_tag","embeddable":true,"href":"https:\/\/iberus.pl\/index.php?rest_route=%2Fwp%2Fv2%2Fproduct_tag&post=7400"}],"curies":[{"name":"wp","href":"https:\/\/api.w.org\/{rel}","templated":true}]}}