{"id":7364,"date":"2017-01-09T11:18:25","date_gmt":"2017-01-09T11:18:25","guid":{"rendered":"http:\/\/gromar.de\/?post_type=product&#038;p=7364"},"modified":"2017-02-01T17:54:52","modified_gmt":"2017-02-01T17:54:52","slug":"prasa-do-klejonki-hess-model-verl-system-2000","status":"publish","type":"product","link":"https:\/\/iberus.pl\/?product=prasa-do-klejonki-hess-model-verl-system-2000","title":{"rendered":"Prasa do klejonki HESS Model Verl. System 2000"},"content":{"rendered":"<table>\n<tbody>\n<tr>\n<td width=\"560\">\n<p>Numer maszyny<\/p>\n<p>Prasa hydrauliczna do klejenia na grubosc<\/p>\n<\/td>\n<td width=\"564\">\n<p>VS961001 \/000<\/p>\n<p>kantowki okiennej , drzwiowej, belek ,<\/p>\n<p>czy elementow konstrukcyjnych<\/p>\n<\/td>\n<\/tr>\n<tr>\n<td width=\"560\">\n<p>Dlugosc robocza<\/p>\n<\/td>\n<td width=\"564\">\n<p>8000 mm (2 x 4000 mm)<\/p>\n<\/td>\n<\/tr>\n<tr>\n<td width=\"560\">\n<p>Wysokosc robocza<\/p>\n<\/td>\n<td width=\"564\">\n<p>1050 mm<\/p>\n<\/td>\n<\/tr>\n<tr>\n<td width=\"560\">\n<p>Szerokosc robocza\u00a0<\/p>\n<\/td>\n<td width=\"564\">\n<p>160 mm<\/p>\n<\/td>\n<\/tr>\n<tr>\n<td width=\"560\">\n<p>Hydrauliczne cylindry pionowe &#8211; ruchome prawo, lewo<\/p>\n<\/td>\n<td width=\"564\">\n<p>12 szt. kazda z dociskaczem<\/p>\n<\/td>\n<\/tr>\n<tr>\n<td width=\"560\">\n<p>Ilosc belek dociskajacych frontalnych<\/p>\n<\/td>\n<td width=\"564\">\n<p>8 kazda z dwoma dociskaczami pneumatycznymi<\/p>\n<\/td>\n<\/tr>\n<tr>\n<td width=\"560\">\n<p>Stanowiska obslugowe\u00a0<\/p>\n<\/td>\n<td width=\"564\">\n<p>4\u00a0 (przyciski uruchamijace 3 cylindry w jednej sekcji)<\/p>\n<\/td>\n<\/tr>\n<tr>\n<td width=\"560\">\n<p>Sila docisku<\/p>\n<p>Pompa hydrauliczna<\/p>\n<p>Powietrze sprezone<\/p>\n<p>Zasilanie<\/p>\n<\/td>\n<td width=\"564\">\n<p>max 120bar<\/p>\n<p>1,75 kW<\/p>\n<p>0 \u2013 8bar<\/p>\n<p>380V, 50Hz<\/p>\n<\/td>\n<\/tr>\n<\/tbody>\n<\/table>\n<p><em>\u00a0<\/em><\/p>\n<p><em>(Z zastrze\u017ceniem, pomy\u0142ek, zmian technicznych i wcze\u015bniejszej sprzeda\u017cy)<\/em><\/p>\n","protected":false},"excerpt":{"rendered":"<p>Numer maszyny Prasa hydrauliczna do klejenia na grubosc VS961001 \/000 kantowki okiennej , drzwiowej, belek , czy elementow konstrukcyjnych Dlugosc robocza 8000 mm (2 x 4000 mm) Wysokosc robocza 1050 mm Szerokosc robocza\u00a0 160 mm Hydrauliczne cylindry pionowe &#8211; ruchome prawo, lewo 12 szt. kazda z dociskaczem Ilosc belek dociskajacych frontalnych 8 kazda z dwoma [&hellip;]<\/p>\n","protected":false},"featured_media":7379,"template":"","meta":{"_monsterinsights_skip_tracking":false,"_monsterinsights_sitenote_active":false,"_monsterinsights_sitenote_note":"","_monsterinsights_sitenote_category":0,"ngg_post_thumbnail":0},"product_cat":[338],"product_tag":[],"class_list":{"0":"post-7364","1":"product","2":"type-product","3":"status-publish","4":"has-post-thumbnail","6":"product_cat-sprzedane","8":"first","9":"instock","10":"shipping-taxable","11":"product-type-simple"},"_links":{"self":[{"href":"https:\/\/iberus.pl\/index.php?rest_route=\/wp\/v2\/product\/7364"}],"collection":[{"href":"https:\/\/iberus.pl\/index.php?rest_route=\/wp\/v2\/product"}],"about":[{"href":"https:\/\/iberus.pl\/index.php?rest_route=\/wp\/v2\/types\/product"}],"wp:featuredmedia":[{"embeddable":true,"href":"https:\/\/iberus.pl\/index.php?rest_route=\/wp\/v2\/media\/7379"}],"wp:attachment":[{"href":"https:\/\/iberus.pl\/index.php?rest_route=%2Fwp%2Fv2%2Fmedia&parent=7364"}],"wp:term":[{"taxonomy":"product_cat","embeddable":true,"href":"https:\/\/iberus.pl\/index.php?rest_route=%2Fwp%2Fv2%2Fproduct_cat&post=7364"},{"taxonomy":"product_tag","embeddable":true,"href":"https:\/\/iberus.pl\/index.php?rest_route=%2Fwp%2Fv2%2Fproduct_tag&post=7364"}],"curies":[{"name":"wp","href":"https:\/\/api.w.org\/{rel}","templated":true}]}}