{"id":7081,"date":"2016-11-30T16:14:11","date_gmt":"2016-11-30T16:14:11","guid":{"rendered":"http:\/\/gromar.de\/?post_type=product&#038;p=7081"},"modified":"2017-04-11T11:11:17","modified_gmt":"2017-04-11T11:11:17","slug":"breitbandschleifmaschine-butfering-typ-sco313rrf-bj-2005","status":"publish","type":"product","link":"https:\/\/iberus.pl\/?product=breitbandschleifmaschine-butfering-typ-sco313rrf-bj-2005","title":{"rendered":"Breitbandschleifmaschine B\u00dcTFERING, Typ: SCO313\/RRF, Bj.:2005"},"content":{"rendered":"<table width=\"650\">\n<tbody>\n<tr>\n<td width=\"300\">\n<p>Maschinen-Nr.<\/p>\n<\/td>\n<td width=\"350\">\n<p>0-411-490-959<\/p>\n<\/td>\n<\/tr>\n<tr>\n<td width=\"300\">\n<p>Schleifbreite<\/p>\n<\/td>\n<td width=\"350\">\n<p>1350 mm<\/p>\n<\/td>\n<\/tr>\n<tr>\n<td width=\"300\">\n<p>Arbeitsh\u00f6he<\/p>\n<\/td>\n<td width=\"350\">\n<p>900 mm<\/p>\n<\/td>\n<\/tr>\n<tr>\n<td width=\"300\">\n<p>Werkst\u00fcckdicken<\/p>\n<\/td>\n<td width=\"350\">\n<p>3-160 mm<\/p>\n<\/td>\n<\/tr>\n<tr>\n<td width=\"300\">\u00a0<\/td>\n<td width=\"350\">\u00a0<\/td>\n<\/tr>\n<tr>\n<td width=\"300\">\n<p>Schleifaggregatte: \u00a0<\/p>\n<\/td>\n<td width=\"350\">\n<p>&nbsp;<\/p>\n<\/td>\n<\/tr>\n<tr>\n<td width=\"300\">\n<p>Kontaktwalzenaggregatt\u00a0<\/p>\n<\/td>\n<td width=\"350\">\n<p>Motor 22 \u00a0kW<\/p>\n<p>Schleifwalzenaggregat best\u00fcckt mit profilierter Gummiwalze, Gummierung 85 \u00b0 shore<\/p>\n<p>automatische Positionierung \u00a0der Kontaktwalze<\/p>\n<\/td>\n<\/tr>\n<tr>\n<td width=\"300\">\n<p>Kontaktwalzenaggregatt\u00a0<\/p>\n<\/td>\n<td width=\"350\">\n<p>Motor 18,5\u00a0 kW<\/p>\n<p>Schleifwalzenaggregat best\u00fcckt mit profilierter Gummiwalze, Gummierung 65 \u00b0 shore<\/p>\n<p>automatische Positionierung \u00a0der Kontaktwalze<\/p>\n<\/td>\n<\/tr>\n<tr>\n<td width=\"300\">\n<p>Luftkissenschuh<\/p>\n<\/td>\n<td width=\"350\">\n<p>Motor 15 kW<\/p>\n<p>Die Luft in dem Kissen verteilt den Schleifdruck gleichm\u00e4\u00dfig auf das Werkst\u00fcck<\/p>\n<p>Bandabblaseinrichtung<\/p>\n<\/td>\n<\/tr>\n<tr>\n<td width=\"300\">\u00a0<\/td>\n<td width=\"350\">\u00a0<\/td>\n<\/tr>\n<tr>\n<td width=\"300\">\n<p>Schleifbandabmessung<\/p>\n<\/td>\n<td width=\"350\">\n<p>1370&#215;2150 mm<\/p>\n<\/td>\n<\/tr>\n<tr>\n<td width=\"300\">\n<p>Optische, ber\u00fchrungslose Schleifbandsteuerung<\/p>\n<\/td>\n<td width=\"350\">\n<p>&nbsp;<\/p>\n<\/td>\n<\/tr>\n<tr>\n<td width=\"300\">\u00a0<\/td>\n<td width=\"350\">\u00a0<\/td>\n<\/tr>\n<tr>\n<td width=\"300\">\n<p>Transportbett \u00a0Vakuum<\/p>\n<\/td>\n<td width=\"350\">\n<p>Vakuumgebl\u00e4se in der Maschine integriert<\/p>\n<p>mit Ventilator 4 kW<\/p>\n<\/td>\n<\/tr>\n<tr>\n<td width=\"300\">\n<p>Vorschubgeschwindigkeit<\/p>\n<\/td>\n<td width=\"350\">\n<p>2,5-13 m\/min<\/p>\n<\/td>\n<\/tr>\n<tr>\n<td width=\"300\">\u00a0<\/td>\n<td width=\"350\">\u00a0<\/td>\n<\/tr>\n<tr>\n<td width=\"300\">\n<p>Maschinensteuerung<\/p>\n<\/td>\n<td width=\"350\">\n<p>Terminal Touch Screen<\/p>\n<\/td>\n<\/tr>\n<tr>\n<td width=\"300\">\n<p>&nbsp;<\/p>\n<\/td>\n<td width=\"350\">\n<p>&nbsp;<\/p>\n<\/td>\n<\/tr>\n<tr>\n<td width=\"300\">\n<p>Inkl. Mechanisierung BARGSTEDT<\/p>\n<\/td>\n<td width=\"350\">\n<p>&nbsp;<\/p>\n<\/td>\n<\/tr>\n<tr>\n<td width=\"300\">\u00a0<\/td>\n<td width=\"350\">\u00a0<\/td>\n<\/tr>\n<tr>\n<td width=\"300\">\n<p>Betriebsspannung<\/p>\n<\/td>\n<td width=\"350\">\n<p>220 V \/ 50 Hz<\/p>\n<\/td>\n<\/tr>\n<tr>\n<td width=\"300\">\n<p>Gesamtanschlusswert ca.<\/p>\n<\/td>\n<td width=\"350\">\n<p>63 \u00a0\u00a0kW<\/p>\n<\/td>\n<\/tr>\n<tr>\n<td width=\"300\">\n<p>Anwendung<\/p>\n<\/td>\n<td width=\"350\">\n<p>Kalibrieren von Massivholzplatten und Holzwerkstoffen. Der Einsatz erfolgt vor allem im Bereich Massivholz<\/p>\n<\/td>\n<\/tr>\n<tr>\n<td width=\"300\">\n<p>Gewicht<\/p>\n<\/td>\n<td width=\"350\">\n<p>ca. 5000 kg<\/p>\n<\/td>\n<\/tr>\n<tr>\n<td width=\"300\">\n<p>Platzbedarf ca. ( L x B x H)<\/p>\n<\/td>\n<td width=\"350\">\n<p>&nbsp;<\/p>\n<\/td>\n<\/tr>\n<tr>\n<td width=\"300\">\n<p>Standort<\/p>\n<\/td>\n<td width=\"350\">\n<p>Frankreich \u00a0<\/p>\n<\/td>\n<\/tr>\n<\/tbody>\n<\/table>\n<p><em>(\u00c4nderungen und Irrt\u00fcmer in den technischen Daten sowie Zwischenverkauf vorbehalten)<\/em><\/p>\n","protected":false},"excerpt":{"rendered":"<p>Maschinen-Nr. 0-411-490-959 Schleifbreite 1350 mm Arbeitsh\u00f6he 900 mm Werkst\u00fcckdicken 3-160 mm \u00a0 \u00a0 Schleifaggregatte: \u00a0 &nbsp; Kontaktwalzenaggregatt\u00a0 Motor 22 \u00a0kW Schleifwalzenaggregat best\u00fcckt mit profilierter Gummiwalze, Gummierung 85 \u00b0 shore automatische Positionierung \u00a0der Kontaktwalze Kontaktwalzenaggregatt\u00a0 Motor 18,5\u00a0 kW Schleifwalzenaggregat best\u00fcckt mit profilierter Gummiwalze, Gummierung 65 \u00b0 shore automatische Positionierung \u00a0der Kontaktwalze Luftkissenschuh Motor 15 kW Die [&hellip;]<\/p>\n","protected":false},"featured_media":7088,"template":"","meta":{"_monsterinsights_skip_tracking":false,"_monsterinsights_sitenote_active":false,"_monsterinsights_sitenote_note":"","_monsterinsights_sitenote_category":0,"ngg_post_thumbnail":0},"product_cat":[87,340],"product_tag":[],"class_list":{"0":"post-7081","1":"product","2":"type-product","3":"status-publish","4":"has-post-thumbnail","6":"product_cat-german","7":"product_cat-verkauft","9":"first","10":"instock","11":"downloadable","12":"shipping-taxable","13":"product-type-simple"},"_links":{"self":[{"href":"https:\/\/iberus.pl\/index.php?rest_route=\/wp\/v2\/product\/7081"}],"collection":[{"href":"https:\/\/iberus.pl\/index.php?rest_route=\/wp\/v2\/product"}],"about":[{"href":"https:\/\/iberus.pl\/index.php?rest_route=\/wp\/v2\/types\/product"}],"wp:featuredmedia":[{"embeddable":true,"href":"https:\/\/iberus.pl\/index.php?rest_route=\/wp\/v2\/media\/7088"}],"wp:attachment":[{"href":"https:\/\/iberus.pl\/index.php?rest_route=%2Fwp%2Fv2%2Fmedia&parent=7081"}],"wp:term":[{"taxonomy":"product_cat","embeddable":true,"href":"https:\/\/iberus.pl\/index.php?rest_route=%2Fwp%2Fv2%2Fproduct_cat&post=7081"},{"taxonomy":"product_tag","embeddable":true,"href":"https:\/\/iberus.pl\/index.php?rest_route=%2Fwp%2Fv2%2Fproduct_tag&post=7081"}],"curies":[{"name":"wp","href":"https:\/\/api.w.org\/{rel}","templated":true}]}}