{"id":6737,"date":"2016-11-14T13:08:33","date_gmt":"2016-11-14T13:08:33","guid":{"rendered":"http:\/\/gromar.de\/?product=fertigungslinie-zur-herstellung-von-holzfenstern-fabrikat-weinig-koch"},"modified":"2017-01-11T13:57:45","modified_gmt":"2017-01-11T13:57:45","slug":"fertigungslinie-zur-herstellung-von-holzfenstern-fabrikat-weinig-koch","status":"publish","type":"product","link":"https:\/\/iberus.pl\/?product=fertigungslinie-zur-herstellung-von-holzfenstern-fabrikat-weinig-koch","title":{"rendered":"Fertigungslinie zur Herstellung von Holzfenstern, Fabrikat  WEINIG, KOCH"},"content":{"rendered":"<div class='avia-iframe-wrap'><iframe loading=\"lazy\" width=\"1500\" height=\"844\" src=\"https:\/\/www.youtube.com\/embed\/mEgxesRk_Os?feature=oembed\" frameborder=\"0\" gesture=\"media\" allow=\"encrypted-media\" allowfullscreen><\/iframe><\/div>\n<p>&nbsp;<\/p>\n<p>&nbsp;<\/p>\n<table>\n<tbody>\n<tr>\n<td width=\"291\">\n<p><strong>KOCH Typ T-100-A Querf\u00f6rder<\/strong><\/p>\n<\/td>\n<td width=\"323\">\n<p><strong>(Pufferstation)<\/strong><\/p>\n<p>f\u00fcr den Transport von Werkst\u00fccken in die Profimat<\/p>\n<\/td>\n<\/tr>\n<tr>\n<td width=\"291\">\n<p><strong>WEINIG Typ PROFIMAT 23 <\/strong><\/p>\n<\/td>\n<td width=\"323\">\n<p><strong>Hobel und Profilfr\u00e4sautomat<\/strong><\/p>\n<\/td>\n<\/tr>\n<tr>\n<td width=\"291\">\n<p>Arbeitsbreite<\/p>\n<\/td>\n<td width=\"323\">\n<p>10-230 mm<\/p>\n<\/td>\n<\/tr>\n<tr>\n<td width=\"291\">\n<p>Arbeitsh\u00f6he<\/p>\n<\/td>\n<td width=\"323\">\n<p>4-120 mm<\/p>\n<\/td>\n<\/tr>\n<tr>\n<td width=\"291\">\n<p>1 Einzugswalze pneumatisch getktet<\/p>\n<\/td>\n<td width=\"323\">\n<p>vor der 1. Unteren Spindel<\/p>\n<\/td>\n<\/tr>\n<tr>\n<td width=\"291\">\n<p>1 Gummiwalze<\/p>\n<\/td>\n<td width=\"323\">\n<p>Im Auszug<\/p>\n<\/td>\n<\/tr>\n<tr>\n<td width=\"291\">\n<p>Vorschubgeschwindigkeit<\/p>\n<\/td>\n<td width=\"323\">\n<p>5-24 mm, stufenlos regelbar<\/p>\n<\/td>\n<\/tr>\n<tr>\n<td width=\"291\">\n<p>Vorschubmotor<\/p>\n<\/td>\n<td width=\"323\">\n<p>4 kW, mit Bremssystem<\/p>\n<\/td>\n<\/tr>\n<tr>\n<td width=\"291\">\n<p>Verk\u00fcrzter Walzenabstand<\/p>\n<\/td>\n<td width=\"323\">\n<p>&nbsp;<\/p>\n<\/td>\n<\/tr>\n<tr>\n<td width=\"291\">\n<p>Spindelanordnung:<\/p>\n<\/td>\n<td width=\"323\">\n<p>&nbsp;<\/p>\n<\/td>\n<\/tr>\n<tr>\n<td width=\"291\">\n<p>Unten<\/p>\n<\/td>\n<td width=\"323\">\n<p>5,5 kW<\/p>\n<\/td>\n<\/tr>\n<tr>\n<td width=\"291\">\n<p>Rechts und<\/p>\n<\/td>\n<td width=\"323\">\n<p>pneumatisch auf-ab getaktet<\/p>\n<\/td>\n<\/tr>\n<tr>\n<td width=\"291\">\n<p>Links zusammen<\/p>\n<\/td>\n<td width=\"323\">\n<p>5,5 kW<\/p>\n<\/td>\n<\/tr>\n<tr>\n<td width=\"291\">\n<p>Oben<\/p>\n<\/td>\n<td width=\"323\">\n<p>7,5 kW pneumatisch vor-zur\u00fcck<\/p>\n<\/td>\n<\/tr>\n<tr>\n<td width=\"291\">\n<p>S\u00e4geaggregat<\/p>\n<\/td>\n<td width=\"323\">\n<p>2,2 kW, zum\u00a0 Auschneiden der Glasleiste von oben<\/p>\n<p>pneumatisch auf-ab getaktet<\/p>\n<\/td>\n<\/tr>\n<tr>\n<td width=\"291\">\n<p>Spindelndurchmesser<\/p>\n<\/td>\n<td width=\"323\">\n<p>40 mm<\/p>\n<\/td>\n<\/tr>\n<tr>\n<td width=\"291\">\n<p>S\u00e4gedurchmesser<\/p>\n<\/td>\n<td width=\"323\">\n<p>max. 180 mm<\/p>\n<\/td>\n<\/tr>\n<tr>\n<td width=\"291\">\n<p>Schl\u00fcsselschalter mit Signalaustausch<\/p>\n<\/td>\n<td width=\"323\">\n<p>,,Hand,, , ,,Automatik,, , ,,Einrichten,,<\/p>\n<\/td>\n<\/tr>\n<tr>\n<td width=\"291\">\n<p>Not-Aus<\/p>\n<\/td>\n<td width=\"323\">\n<p>&nbsp;<\/p>\n<\/td>\n<\/tr>\n<tr>\n<td width=\"291\">\n<p>&nbsp;<\/p>\n<\/td>\n<td width=\"323\">\n<p>&nbsp;<\/p>\n<\/td>\n<\/tr>\n<tr>\n<td width=\"291\">\n<p><strong>KOCH Typ T-100-B L\u00e4ngstransportband<\/strong><\/p>\n<p><strong>\u00a0<\/strong><\/p>\n<\/td>\n<td width=\"323\">\n<p>f\u00fcr den Transport von Werkst\u00fccken aus der Profimat in die nachfolgende Maschine<\/p>\n<\/td>\n<\/tr>\n<tr>\n<td width=\"291\">\n<p><strong>\u00a0<\/strong><\/p>\n<\/td>\n<td width=\"323\">\n<p>&nbsp;<\/p>\n<\/td>\n<\/tr>\n<tr>\n<td width=\"291\">\n<p><strong>WEINIG Typ UNIPLAN<\/strong><\/p>\n<\/td>\n<td width=\"323\">\n<p>f\u00fcr zweiseitige horizontale Bearbeitung\u00a0<\/p>\n<\/td>\n<\/tr>\n<tr>\n<td width=\"291\">\n<p>Arbeitsbreite<\/p>\n<\/td>\n<td width=\"323\">\n<p>220 mm<\/p>\n<\/td>\n<\/tr>\n<tr>\n<td width=\"291\">\n<p>Arbeitsh\u00f6he<\/p>\n<\/td>\n<td width=\"323\">\n<p>15-220 mm<\/p>\n<\/td>\n<\/tr>\n<tr>\n<td width=\"291\">\n<p>1 Einzugswalze<\/p>\n<\/td>\n<td width=\"323\">\n<p>mit Fotozelle<\/p>\n<\/td>\n<\/tr>\n<tr>\n<td width=\"291\">\n<p>Vorschub<\/p>\n<\/td>\n<td width=\"323\">\n<p>3 kW<\/p>\n<\/td>\n<\/tr>\n<tr>\n<td width=\"291\">\n<p>Vorschubgeschwindigkeit<\/p>\n<\/td>\n<td width=\"323\">\n<p>6-32 m\/min<\/p>\n<\/td>\n<\/tr>\n<tr>\n<td width=\"291\">\n<p>Horizontalnspindeln<\/p>\n<\/td>\n<td width=\"323\">\n<p>5,5 kW<\/p>\n<\/td>\n<\/tr>\n<tr>\n<td width=\"291\">\n<p>Spindelndurchmesser<\/p>\n<\/td>\n<td width=\"323\">\n<p>50 mm<\/p>\n<\/td>\n<\/tr>\n<tr>\n<td width=\"291\">\n<p>Drehzahl der Spindel<\/p>\n<\/td>\n<td width=\"323\">\n<p>6000 Upm<\/p>\n<\/td>\n<\/tr>\n<tr>\n<td width=\"291\">\n<p>Spindelbremsen<\/p>\n<\/td>\n<td width=\"323\">\n<p>&nbsp;<\/p>\n<\/td>\n<\/tr>\n<tr>\n<td width=\"291\">\n<p>Geradejointer oben\/unten<\/p>\n<\/td>\n<td width=\"323\">\n<p>&nbsp;<\/p>\n<\/td>\n<\/tr>\n<tr>\n<td width=\"291\">\n<p>Schl\u00fcsselschalter mit Signalaustausch<\/p>\n<\/td>\n<td width=\"323\">\n<p>,,Hand,, , ,,Automatik,, , ,,Einrichten,,<\/p>\n<\/td>\n<\/tr>\n<tr>\n<td width=\"291\">\n<p>Not-Aus<\/p>\n<\/td>\n<td width=\"323\">\n<p>&nbsp;<\/p>\n<\/td>\n<\/tr>\n<tr>\n<td width=\"291\">\n<p><strong>\u00a0<\/strong><\/p>\n<\/td>\n<td width=\"323\">\n<p>&nbsp;<\/p>\n<\/td>\n<\/tr>\n<tr>\n<td width=\"291\">\n<p><strong>KOCH Typ T-100-B L\u00e4ngstransportband<\/strong><\/p>\n<p><strong>\u00a0<\/strong><\/p>\n<\/td>\n<td width=\"323\">\n<p>f\u00fcr den Transport von Werkst\u00fccken aus der vorgelagerten Maschine in die KOCH-Anlage\u00a0<\/p>\n<\/td>\n<\/tr>\n<tr>\n<td width=\"291\">\n<p><strong>\u00a0<\/strong><\/p>\n<\/td>\n<td width=\"323\">\n<p>&nbsp;<\/p>\n<\/td>\n<\/tr>\n<tr>\n<td width=\"291\">\n<p><strong>KOCH Typ SF-3 Querbearbeitungsanlage<\/strong><\/p>\n<\/td>\n<td width=\"323\">\n<p>Doppelseitig automatisch arbeitend,<\/p>\n<p>f\u00fcr gerade und rechtwinklige Werkst\u00fccke<\/p>\n<\/td>\n<\/tr>\n<tr>\n<td width=\"291\">\n<p>Werkst\u00fcckl\u00e4nge<\/p>\n<\/td>\n<td width=\"323\">\n<p>250 mm+ Schlitz und Zapfenl\u00e4nge(max.120 mm)<\/p>\n<p>bis\u00a0 4000 mm<\/p>\n<\/td>\n<\/tr>\n<tr>\n<td width=\"291\">\n<p>Best\u00fcckung der S\u00e4gestationen<\/p>\n<\/td>\n<td width=\"323\">\n<p>Abl\u00e4ngs\u00e4ge je Seite, S\u00e4gemotor 3 kW, 2800 Upm<\/p>\n<p>2xNC Einrichtung f\u00fcr die Positionierung der S\u00e4geeinheit f\u00fcr Schlitz und Zapfenl\u00e4nge<\/p>\n<\/td>\n<\/tr>\n<tr>\n<td width=\"291\">\n<p>Best\u00fcckung der Fr\u00e4sstation 1<\/p>\n<\/td>\n<td width=\"323\">\n<p>mit vertikaler Spindel<\/p>\n<p>je Aggregat 1 Fr\u00e4smotor mit Bremse 11 kW,<\/p>\n<p>4200 Upm, Werkzeugspannl\u00e4nge 620 mm<\/p>\n<p>Werkzeug Durchmesser max.340 mm<\/p>\n<p>f\u00fcr max.Zapfen-Schliztl\u00e4nge 120 mm,<\/p>\n<p>R\u00fcckanschlag mit Konterprofil,<\/p>\n<p>2 XNC Einrichtung f\u00fcr die Positionierung der Fr\u00e4sspindel in Arbeitsposition.\u00a0\u00a0<\/p>\n<\/td>\n<\/tr>\n<tr>\n<td width=\"291\">\n<p>Best\u00fcckung der Fr\u00e4sstation 2<\/p>\n<\/td>\n<td width=\"323\">\n<p>mit vertikaler Spindel<\/p>\n<p>je Aggregat 1 Fr\u00e4smotor mit Bremse 11 kW,<\/p>\n<p>\u00a04200 Upm, Werkzeugspannl\u00e4nge 620 mm<\/p>\n<p>Werkzeug Durchmesser max.340 mm<\/p>\n<p>f\u00fcr max.Zapfen-Schliztl\u00e4nge 120 mm,<\/p>\n<p>R\u00fcckanschlag mit Konterprofil,<\/p>\n<p>2 XNC Einrichtung f\u00fcr die Positionierung\u00a0\u00a0\u00a0 der Fr\u00e4sspindel in Arbeitsposition.\u00a0\u00a0\u00a0\u00a0\u00a0\u00a0\u00a0\u00a0\u00a0\u00a0\u00a0\u00a0\u00a0\u00a0\u00a0\u00a0\u00a0\u00a0 \u00a0\u00a0\u00a0\u00a0\u00a0\u00a0<\/p>\n<\/td>\n<\/tr>\n<tr>\n<td width=\"291\">\n<p>Anschlu\u00dfwert<\/p>\n<\/td>\n<td width=\"323\">\n<p>77 kW<\/p>\n<\/td>\n<\/tr>\n<tr>\n<td width=\"291\">\n<p>&nbsp;<\/p>\n<\/td>\n<td width=\"323\">\n<p>&nbsp;<\/p>\n<\/td>\n<\/tr>\n<tr>\n<td width=\"291\">\n<p><strong>KOCH Typ T-100-B L\u00e4ngstransportband<\/strong><\/p>\n<p><strong>\u00a0<\/strong><\/p>\n<\/td>\n<td width=\"323\">\n<p>f\u00fcr den Transport von Werkst\u00fccken aus der Koch-Anlage \u00a0in die Weinig Univar<\/p>\n<\/td>\n<\/tr>\n<tr>\n<td width=\"291\">\n<p><strong>\u00a0<\/strong><\/p>\n<\/td>\n<td width=\"323\">\n<p>&nbsp;<\/p>\n<\/td>\n<\/tr>\n<tr>\n<td width=\"291\">\n<p><strong>WEINIG Typ UNIVAR 2 G<\/strong><\/p>\n<\/td>\n<td width=\"323\">\n<p>zum Profilieren von 4-seitig gehobelten Werkst\u00fccken<\/p>\n<\/td>\n<\/tr>\n<tr>\n<td width=\"291\">\n<p>Arbeitsbreite<\/p>\n<\/td>\n<td width=\"323\">\n<p>48-200 mm<\/p>\n<\/td>\n<\/tr>\n<tr>\n<td width=\"291\">\n<p>Arbeitsh\u00f6he<\/p>\n<\/td>\n<td width=\"323\">\n<p>45-120 mm<\/p>\n<\/td>\n<\/tr>\n<tr>\n<td width=\"291\">\n<p>Werkst\u00fcckl\u00e4nge min.<\/p>\n<\/td>\n<td width=\"323\">\n<p>330 mm<\/p>\n<\/td>\n<\/tr>\n<tr>\n<td width=\"291\">\n<p>Vorschubmotor<\/p>\n<\/td>\n<td width=\"323\">\n<p>4 kW, mit Bremse<\/p>\n<\/td>\n<\/tr>\n<tr>\n<td width=\"291\">\n<p>Vorschubgechwidigkeit<\/p>\n<\/td>\n<td width=\"323\">\n<p>6-22 m\/min<\/p>\n<\/td>\n<\/tr>\n<tr>\n<td width=\"291\">\n<p>1x <strong>Nut \u2013 und S\u00e4geaggregat<\/strong> links<\/p>\n<\/td>\n<td width=\"323\">\n<p>5,5, kW, von oben arbeitend<\/p>\n<\/td>\n<\/tr>\n<tr>\n<td width=\"291\">\n<p>Axial verstellung f\u00fcr Nutenfr\u00e4saggregat<\/p>\n<\/td>\n<td width=\"323\">\n<p>Hub max. 80 mm<\/p>\n<\/td>\n<\/tr>\n<tr>\n<td width=\"291\">\n<p>4x <strong>Profilspinde<\/strong>l\u00a0 (links,rechts, links,rechts)<\/p>\n<\/td>\n<td width=\"323\">\n<p>je 11 kW<\/p>\n<\/td>\n<\/tr>\n<tr>\n<td width=\"291\">\n<p>Spindeldrehzahl<\/p>\n<\/td>\n<td width=\"323\">\n<p>6000 Upm<\/p>\n<\/td>\n<\/tr>\n<tr>\n<td width=\"291\">\n<p>Spindeldurchmesser<\/p>\n<\/td>\n<td width=\"323\">\n<p>50 mm<\/p>\n<\/td>\n<\/tr>\n<tr>\n<td width=\"291\">\n<p>Hub hydraulisch<\/p>\n<\/td>\n<td width=\"323\">\n<p>f\u00fcr 3 Werkzeugs\u00e4tze pro Spindel<\/p>\n<\/td>\n<\/tr>\n<tr>\n<td width=\"291\">\n<p>Werkzeugspannl\u00e4nge<\/p>\n<\/td>\n<td width=\"323\">\n<p>300 (320) mm<\/p>\n<\/td>\n<\/tr>\n<tr>\n<td width=\"291\">\n<p>Werkzeugflugkreis<\/p>\n<\/td>\n<td width=\"323\">\n<p>140-232 mm<\/p>\n<\/td>\n<\/tr>\n<tr>\n<td width=\"291\">\n<p>Spindelhub vertikal<\/p>\n<\/td>\n<td width=\"323\">\n<p>2&#215;100 mm<\/p>\n<\/td>\n<\/tr>\n<tr>\n<td width=\"291\">\n<p>Spindelhub horizontal<\/p>\n<\/td>\n<td width=\"323\">\n<p>rechts 80 mm<\/p>\n<p>links 180 mm<\/p>\n<\/td>\n<\/tr>\n<tr>\n<td width=\"291\">\n<p>1x <strong>S\u00e4ge,- und Nutspindel<\/strong> rechts<\/p>\n<\/td>\n<td width=\"323\">\n<p>2,2 kW, als Gleisleisten-Austrenns\u00e4ge<\/p>\n<p>oder Nutspindel von oben arbeitend.<\/p>\n<\/td>\n<\/tr>\n<tr>\n<td width=\"291\">\n<p>Spindeldrehzahl<\/p>\n<\/td>\n<td width=\"323\">\n<p>6000 Upm<\/p>\n<\/td>\n<\/tr>\n<tr>\n<td width=\"291\">\n<p>Spindeldurchmesser<\/p>\n<\/td>\n<td width=\"323\">\n<p>40 mm<\/p>\n<\/td>\n<\/tr>\n<tr>\n<td width=\"291\">\n<p>Aufspannl\u00e4nge<\/p>\n<\/td>\n<td width=\"323\">\n<p>13 mm<\/p>\n<\/td>\n<\/tr>\n<tr>\n<td width=\"291\">\n<p>S\u00e4geblattdurchmesser \/\u00a0 Nutfr\u00e4sdurchmesser<\/p>\n<\/td>\n<td width=\"323\">\n<p>180 mm \/ 140 mm<\/p>\n<p>Horizontal verstellbar bis 40 mm<\/p>\n<\/td>\n<\/tr>\n<tr>\n<td width=\"291\">\n<p>&nbsp;<\/p>\n<\/td>\n<td width=\"323\">\n<p>&nbsp;<\/p>\n<\/td>\n<\/tr>\n<tr>\n<td width=\"291\">\n<p>Schl\u00fcsselschalter mit Signalaustausch<\/p>\n<\/td>\n<td width=\"323\">\n<p>,,Hand,, , ,,Automatik,, , ,,Einrichten,,<\/p>\n<\/td>\n<\/tr>\n<tr>\n<td width=\"291\">\n<p>Not-Aus<\/p>\n<\/td>\n<td width=\"323\">\n<p>&nbsp;<\/p>\n<\/td>\n<\/tr>\n<tr>\n<td width=\"291\">\n<p>&nbsp;<\/p>\n<\/td>\n<td width=\"323\">\n<p>&nbsp;<\/p>\n<\/td>\n<\/tr>\n<tr>\n<td width=\"291\">\n<p><strong>KOCH Typ T-100-B L\u00e4ngstransportband<\/strong><\/p>\n<p><strong>\u00a0<\/strong><\/p>\n<\/td>\n<td width=\"323\">\n<p>f\u00fcr den Transport von Werkst\u00fccken aus der Weinig Univar<\/p>\n<\/td>\n<\/tr>\n<tr>\n<td width=\"291\">\n<p><strong>\u00a0<\/strong><\/p>\n<\/td>\n<td width=\"323\">\n<p>&nbsp;<\/p>\n<\/td>\n<\/tr>\n<tr>\n<td width=\"291\">\n<p>Platzbedarf ca.<\/p>\n<\/td>\n<td width=\"323\">\n<p>30 x 10 m<\/p>\n<\/td>\n<\/tr>\n<tr>\n<td width=\"291\">\n<p><strong>\u00a0<\/strong><\/p>\n<\/td>\n<td width=\"323\">\n<p>&nbsp;<\/p>\n<\/td>\n<\/tr>\n<tr>\n<td width=\"291\">\n<p><strong><u>Optional\u00a0 mit\/ohne:<\/u><\/strong><\/p>\n<\/td>\n<td width=\"323\">\n<p>&nbsp;<\/p>\n<\/td>\n<\/tr>\n<tr>\n<td width=\"291\">\n<p><strong>SCHUKO Typ ZF 2020 <\/strong><\/p>\n<\/td>\n<td width=\"323\">\n<p><strong>Absaug- und Filteranlage\u00a0 <\/strong><\/p>\n<\/td>\n<\/tr>\n<tr>\n<td width=\"291\">\n<p>Wetterfeste Au\u00dfenverkleidung<\/p>\n<\/td>\n<td width=\"323\">\n<p><strong>\u00a0<\/strong><\/p>\n<\/td>\n<\/tr>\n<tr>\n<td width=\"291\">\n<p>R\u00fcckluftf\u00fchrung aus der Filteranlage\u00a0 in der<\/p>\n<\/td>\n<td width=\"323\">\n<p>Werkstattbereich<\/p>\n<\/td>\n<\/tr>\n<tr>\n<td width=\"291\">\n<p>Feuerschutzklappe FK 90<\/p>\n<\/td>\n<td width=\"323\">\n<p>&nbsp;<\/p>\n<\/td>\n<\/tr>\n<tr>\n<td width=\"291\">\n<p>Filterfl\u00e4che<\/p>\n<\/td>\n<td width=\"323\">\n<p>394 m\u00b2<\/p>\n<\/td>\n<\/tr>\n<tr>\n<td width=\"291\">\n<p>Ventilator KG 710<\/p>\n<\/td>\n<td width=\"323\">\n<p>55 kW,\u00a0 36.000 m\u00b3\/h<\/p>\n<\/td>\n<\/tr>\n<tr>\n<td width=\"291\">\n<p>Transportventilator G-250<\/p>\n<\/td>\n<td width=\"323\">\n<p>5,5 kW<\/p>\n<\/td>\n<\/tr>\n<tr>\n<td width=\"291\">\n<p>Trockener L\u00f6schleitung<\/p>\n<\/td>\n<td width=\"323\">\n<p>&nbsp;<\/p>\n<\/td>\n<\/tr>\n<tr>\n<td width=\"291\">\n<p>Motorische Abr\u00fcttlung<\/p>\n<\/td>\n<td width=\"323\">\n<p>&nbsp;<\/p>\n<\/td>\n<\/tr>\n<tr>\n<td width=\"291\">\n<p>Zellenradschleuse<\/p>\n<\/td>\n<td width=\"323\">\n<p>L 800 x B 200 mm,\u00a0 Motor 018 kW<\/p>\n<\/td>\n<\/tr>\n<tr>\n<td width=\"291\">\n<p>Absaugrinne f\u00fcr Zellenradschleuse<\/p>\n<\/td>\n<td width=\"323\">\n<p>&nbsp;<\/p>\n<\/td>\n<\/tr>\n<tr>\n<td width=\"291\">\n<p>&nbsp;<\/p>\n<\/td>\n<td width=\"323\">\n<p>&nbsp;<\/p>\n<\/td>\n<\/tr>\n<tr>\n<td width=\"291\">\n<p>Standort<\/p>\n<\/td>\n<td width=\"323\">\n<p>32683 Barntrup<\/p>\n<\/td>\n<\/tr>\n<\/tbody>\n<\/table>\n<p><em>(\u00c4nderungen und Irrt\u00fcmer in den technischen Daten sowie Zwischenverkauf vorbehalten)<\/em><\/p>\n<p><em>\u00a0<\/em><\/p>\n","protected":false},"excerpt":{"rendered":"<p>&nbsp; &nbsp; KOCH Typ T-100-A Querf\u00f6rder (Pufferstation) f\u00fcr den Transport von Werkst\u00fccken in die Profimat WEINIG Typ PROFIMAT 23 Hobel und Profilfr\u00e4sautomat Arbeitsbreite 10-230 mm Arbeitsh\u00f6he 4-120 mm 1 Einzugswalze pneumatisch getktet vor der 1. Unteren Spindel 1 Gummiwalze Im Auszug Vorschubgeschwindigkeit 5-24 mm, stufenlos regelbar Vorschubmotor 4 kW, mit Bremssystem Verk\u00fcrzter Walzenabstand &nbsp; Spindelanordnung: [&hellip;]<\/p>\n","protected":false},"featured_media":6350,"template":"","meta":{"_monsterinsights_skip_tracking":false,"_monsterinsights_sitenote_active":false,"_monsterinsights_sitenote_note":"","_monsterinsights_sitenote_category":0,"ngg_post_thumbnail":0},"product_cat":[87,340],"product_tag":[],"class_list":{"0":"post-6737","1":"product","2":"type-product","3":"status-publish","4":"has-post-thumbnail","6":"product_cat-german","7":"product_cat-verkauft","9":"first","10":"instock","11":"downloadable","12":"shipping-taxable","13":"product-type-simple"},"_links":{"self":[{"href":"https:\/\/iberus.pl\/index.php?rest_route=\/wp\/v2\/product\/6737"}],"collection":[{"href":"https:\/\/iberus.pl\/index.php?rest_route=\/wp\/v2\/product"}],"about":[{"href":"https:\/\/iberus.pl\/index.php?rest_route=\/wp\/v2\/types\/product"}],"wp:featuredmedia":[{"embeddable":true,"href":"https:\/\/iberus.pl\/index.php?rest_route=\/wp\/v2\/media\/6350"}],"wp:attachment":[{"href":"https:\/\/iberus.pl\/index.php?rest_route=%2Fwp%2Fv2%2Fmedia&parent=6737"}],"wp:term":[{"taxonomy":"product_cat","embeddable":true,"href":"https:\/\/iberus.pl\/index.php?rest_route=%2Fwp%2Fv2%2Fproduct_cat&post=6737"},{"taxonomy":"product_tag","embeddable":true,"href":"https:\/\/iberus.pl\/index.php?rest_route=%2Fwp%2Fv2%2Fproduct_tag&post=6737"}],"curies":[{"name":"wp","href":"https:\/\/api.w.org\/{rel}","templated":true}]}}