{"id":6577,"date":"2016-07-18T18:01:10","date_gmt":"2016-07-18T18:01:10","guid":{"rendered":"http:\/\/gromar.de\/?post_type=product&#038;p=6577"},"modified":"2017-04-13T08:34:15","modified_gmt":"2017-04-13T08:34:15","slug":"linia-lakiernicza-do-drzwi-walcowo-natryskowa-heesemann-venjakob-burkle-superfici","status":"publish","type":"product","link":"https:\/\/iberus.pl\/?product=linia-lakiernicza-do-drzwi-walcowo-natryskowa-heesemann-venjakob-burkle-superfici","title":{"rendered":"Linia lakiernicza do drzwi walcowo-natryskowa Heesemann \u2013 Venjakob &#8211; B\u00fcrkle \u2013 Superfici"},"content":{"rendered":"<p>(lakierowanie p\u0142askich powierzchni drzwi wraz z kraw\u0119dziami poprzecznymi i wzd\u0142u\u017cnymi \u2013 pelny cykl lakierniczy po dw\u00f3ch przejsciach)<\/p>\n<p>&nbsp;<\/p>\n<table>\n<tbody>\n<tr>\n<td width=\"262\">\n<p>Linia skladajaca sie z:<\/p>\n<\/td>\n<td width=\"304\">\n<p>&nbsp;<\/p>\n<\/td>\n<\/tr>\n<tr>\n<td width=\"262\">\n<p>Rolki za\u0142adowcze (za\u0142adunek linii)<\/p>\n<\/td>\n<td width=\"304\">\n<p>&nbsp;<\/p>\n<\/td>\n<\/tr>\n<tr>\n<td width=\"262\">\n<p>Zaladunek portalowy Vakuum<\/p>\n<\/td>\n<td width=\"304\">\n<p>Bironcar Italy<\/p>\n<\/td>\n<\/tr>\n<tr>\n<td width=\"262\">\n<p>Obrotnica drzwi (dla drugiego przejscia)<\/p>\n<\/td>\n<td width=\"304\">\n<p>Superfici<\/p>\n<\/td>\n<\/tr>\n<tr>\n<td width=\"262\">\n<p>Szlifierka szerokotasmowa 2 agregaty<\/p>\n<\/td>\n<td width=\"304\">\n<p>Heesemann MFA 8, rok budowy 1996<\/p>\n<\/td>\n<\/tr>\n<tr>\n<td width=\"262\">\n<p>Urzadzenie odpylajace za szlifierka<\/p>\n<\/td>\n<td width=\"304\">\n<p>Heesemann EU2, rok budowy 1996<\/p>\n<\/td>\n<\/tr>\n<tr>\n<td width=\"262\">\n<p>Podajnik rolkowy do kabiny Venjakob<\/p>\n<\/td>\n<td width=\"304\">\n<p>Heesemann<\/p>\n<\/td>\n<\/tr>\n<tr>\n<td width=\"262\">\n<p>Kabina natryskowa do wzdluznych kraw\u0119dzi drzwi<\/p>\n<\/td>\n<td width=\"304\">\n<p>Venjakob Typ TKSM z pompa B\u00f6llhoff, rok budowy 1996<\/p>\n<\/td>\n<\/tr>\n<tr>\n<td width=\"262\">\n<p>Podajnik rolkowy do szczotkarki<\/p>\n<\/td>\n<td width=\"304\">\n<p>&nbsp;<\/p>\n<\/td>\n<\/tr>\n<tr>\n<td width=\"262\">\n<p>Szczotkarka do poprzecznych kraw\u0119dzi drzwi<\/p>\n<\/td>\n<td width=\"304\">\n<p>Venjakob<\/p>\n<\/td>\n<\/tr>\n<tr>\n<td width=\"262\">\n<p>Stacja natryskowa &#8211; pistolety do poprzecznych krawedzi drzwi<\/p>\n<\/td>\n<td width=\"304\">\n<p>Venjakob, pompa B\u00f6llhoff<\/p>\n<\/td>\n<\/tr>\n<tr>\n<td width=\"262\">\n<p>Podajnik rolkowy do nak\u0142adarki lakieru<\/p>\n<\/td>\n<td width=\"304\">\n<p>Venjakob<\/p>\n<\/td>\n<\/tr>\n<tr>\n<td width=\"262\">\n<p>Nakladarka walcowa lakieru<\/p>\n<\/td>\n<td width=\"304\">\n<p>B\u00fcrkle DAL-1300<\/p>\n<\/td>\n<\/tr>\n<tr>\n<td width=\"262\">\n<p>Tunel suszarniczy UV (1 lampa)<\/p>\n<\/td>\n<td width=\"304\">\n<p>Venjakob &#8211; Superfici<\/p>\n<\/td>\n<\/tr>\n<tr>\n<td width=\"262\">\n<p>Nakladarka walcowa lakieru<\/p>\n<\/td>\n<td width=\"304\">\n<p>B\u00fcrkle DAL-1300<\/p>\n<\/td>\n<\/tr>\n<tr>\n<td width=\"262\">\n<p>Tunel suszarniczy UV (2 lampy)<\/p>\n<\/td>\n<td width=\"304\">\n<p>Venjakob &#8211; Superfici<\/p>\n<\/td>\n<\/tr>\n<tr>\n<td width=\"262\">\n<p>Nakladarka walcowa lakieru<\/p>\n<\/td>\n<td width=\"304\">\n<p>B\u00fcrkle SAL, rok budowy 1996<\/p>\n<\/td>\n<\/tr>\n<tr>\n<td width=\"262\">\n<p>Nakladarka walcowa lakieru<\/p>\n<\/td>\n<td width=\"304\">\n<p>B\u00fcrkle SALR, rok budowy 1996<\/p>\n<\/td>\n<\/tr>\n<tr>\n<td width=\"262\">\n<p>Tunel suszarniczy UV (3 lampy)<\/p>\n<\/td>\n<td width=\"304\">\n<p>Venjakob &#8211; Superfici<\/p>\n<\/td>\n<\/tr>\n<tr>\n<td width=\"262\">\n<p>Podajnik rolkowy do kabiny-szczotkarki wzdluznej<\/p>\n<\/td>\n<td width=\"304\">\n<p>&nbsp;<\/p>\n<\/td>\n<\/tr>\n<tr>\n<td width=\"262\">\n<p>Kabina &#8211; szczotkarka do kraw\u0119dzi wzdluznej<\/p>\n<\/td>\n<td width=\"304\">\n<p>Venjakob TKBM, rok budowy 1996<\/p>\n<\/td>\n<\/tr>\n<tr>\n<td width=\"262\">\n<p>Rozladunek portalowy Vakuum<\/p>\n<\/td>\n<td width=\"304\">\n<p>Bironcar Italy<\/p>\n<\/td>\n<\/tr>\n<tr>\n<td width=\"262\">\n<p>Rolki odbieraj\u0105ce<\/p>\n<\/td>\n<td width=\"304\">\n<p>&nbsp;<\/p>\n<\/td>\n<\/tr>\n<\/tbody>\n<\/table>\n<p><em>\u00a0<\/em><\/p>\n<p><em>(Z zastrze\u017ceniem, pomy\u0142ek, zmian technicznych i wcze\u015bniejszej sprzeda\u017cy)<\/em><\/p>\n","protected":false},"excerpt":{"rendered":"<p>(lakierowanie p\u0142askich powierzchni drzwi wraz z kraw\u0119dziami poprzecznymi i wzd\u0142u\u017cnymi \u2013 pelny cykl lakierniczy po dw\u00f3ch przejsciach) &nbsp; Linia skladajaca sie z: &nbsp; Rolki za\u0142adowcze (za\u0142adunek linii) &nbsp; Zaladunek portalowy Vakuum Bironcar Italy Obrotnica drzwi (dla drugiego przejscia) Superfici Szlifierka szerokotasmowa 2 agregaty Heesemann MFA 8, rok budowy 1996 Urzadzenie odpylajace za szlifierka Heesemann EU2, [&hellip;]<\/p>\n","protected":false},"featured_media":6600,"template":"","meta":{"_monsterinsights_skip_tracking":false,"_monsterinsights_sitenote_active":false,"_monsterinsights_sitenote_note":"","_monsterinsights_sitenote_category":0,"ngg_post_thumbnail":0},"product_cat":[338],"product_tag":[],"class_list":{"0":"post-6577","1":"product","2":"type-product","3":"status-publish","4":"has-post-thumbnail","6":"product_cat-sprzedane","8":"first","9":"instock","10":"shipping-taxable","11":"product-type-simple"},"_links":{"self":[{"href":"https:\/\/iberus.pl\/index.php?rest_route=\/wp\/v2\/product\/6577"}],"collection":[{"href":"https:\/\/iberus.pl\/index.php?rest_route=\/wp\/v2\/product"}],"about":[{"href":"https:\/\/iberus.pl\/index.php?rest_route=\/wp\/v2\/types\/product"}],"wp:featuredmedia":[{"embeddable":true,"href":"https:\/\/iberus.pl\/index.php?rest_route=\/wp\/v2\/media\/6600"}],"wp:attachment":[{"href":"https:\/\/iberus.pl\/index.php?rest_route=%2Fwp%2Fv2%2Fmedia&parent=6577"}],"wp:term":[{"taxonomy":"product_cat","embeddable":true,"href":"https:\/\/iberus.pl\/index.php?rest_route=%2Fwp%2Fv2%2Fproduct_cat&post=6577"},{"taxonomy":"product_tag","embeddable":true,"href":"https:\/\/iberus.pl\/index.php?rest_route=%2Fwp%2Fv2%2Fproduct_tag&post=6577"}],"curies":[{"name":"wp","href":"https:\/\/api.w.org\/{rel}","templated":true}]}}