{"id":6543,"date":"2016-07-18T15:19:47","date_gmt":"2016-07-18T15:19:47","guid":{"rendered":"http:\/\/gromar.de\/?product=cnc-bearbeitungscentrum-weeke-typ-profi-bmg2113215k-bj-2013"},"modified":"2017-04-10T15:05:27","modified_gmt":"2017-04-10T15:05:27","slug":"cnc-bearbeitungscentrum-weeke-typ-profi-bmg2113215k-bj-2013","status":"publish","type":"product","link":"https:\/\/iberus.pl\/?product=cnc-bearbeitungscentrum-weeke-typ-profi-bmg2113215k-bj-2013","title":{"rendered":"CNC Bearbeitungscentrum Weeke Typ PROFI BMG211\/32\/15K, Bj. 2013"},"content":{"rendered":"<table>\n<tbody>\n<tr>\n<td width=\"243\">\n<p><strong><span style=\"color: #ff0000;\">Betriebsstunden (Produktionszeit)<\/span><\/strong><\/p>\n<\/td>\n<td width=\"369\">\n<p><strong><span style=\"color: #ff0000;\">1435 h<\/span><\/strong><\/p>\n<\/td>\n<\/tr>\n<tr>\n<td width=\"243\">\n<p>IST-Einsatzzeit gesamt<\/p>\n<\/td>\n<td width=\"369\">\n<p>4590 h<\/p>\n<\/td>\n<\/tr>\n<tr>\n<td width=\"243\">\n<p>Maschinen-Nr.<\/p>\n<\/td>\n<td width=\"369\">\n<p>0-250-21-1629<\/p>\n<\/td>\n<\/tr>\n<tr>\n<td width=\"243\">\n<p><strong>Technische Daten:<\/strong><\/p>\n<\/td>\n<td width=\"369\">\n<p>&nbsp;<\/p>\n<\/td>\n<\/tr>\n<tr>\n<td width=\"243\">\n<p>Arbeitstisch:<\/p>\n<p>&nbsp;<\/p>\n<\/td>\n<td width=\"369\">\n<p>L\u00e4nge &#8211; 3250 mm<\/p>\n<p>Breite \u00a0&#8211; 1400 mm (ca. WS-Konsolenl\u00e4nge)<\/p>\n<p>Werkst\u00fcckbreite max. 1600 mm<\/p>\n<p>Werkst\u00fcckdicke max. 125 mm<\/p>\n<p>Durchlassh\u00f6he ohne Vakuumsauger \u2013 225 mm<\/p>\n<\/td>\n<\/tr>\n<tr>\n<td width=\"243\">\n<p>Verfahrweg<\/p>\n<\/td>\n<td width=\"369\">\n<p>X-Achse 4180mm<\/p>\n<p>Y-Achse 1860 mm<\/p>\n<p>Z1\/2 Achse &#8211; 348mm Fr\u00e4ser\/215 mm Bohrgetriebe<\/p>\n<\/td>\n<\/tr>\n<tr>\n<td width=\"243\">\n<p>Verfahrgeschwindigkeiten (Vektorgeschwindigkeit)<\/p>\n<\/td>\n<td width=\"369\">\n<p>max.110 m\/min in X- und Y-Richtung<\/p>\n<p>max. 20 m\/min in Z-Richtung<\/p>\n<\/td>\n<\/tr>\n<tr>\n<td width=\"243\">\n<p>Auflagetisch<\/p>\n<\/td>\n<td width=\"369\">\n<p>Konsolentisch mit Laserstiftpositionierhilfe<\/p>\n<p>&#8211; Es k\u00f6nnen max. 4 gleiche oder unterschiedliche Werkst\u00fccke gleichzeitig auf dem Arbeitstisch aufgespannt und programmoptimiert abgearbeitet werden<\/p>\n<p>&#8211; Zweigeteiltes Vakuumsystem (Feld A \/Feld B)<\/p>\n<p>&#8211; 8 St. stufenlos in X-Richtung positionierbare Werkst\u00fcckauflagen (1400mm)<\/p>\n<p>&#8211; 8 St. pneumatisch absenkbare L\u00e4ngsanschl\u00e4ge inklusive elektr. Endlagenabfrage<\/p>\n<p>&#8211; 2 St. pneumatisch absenkbares Seitenanschlagssystem &#8216;PURE STOP&#8217; f\u00fcr das rechte und linke Arbeitsfeld inklusive elektr. Endlagenabfrage<\/p>\n<p>&#8211; 4 manuell zu montierende Klappanschl\u00e4ge f\u00fcr Werkst\u00fccke mit Deckschicht\u00fcberstand f\u00fcr die Anschlagzylinder<\/p>\n<p>&#8211; 10 Klappanschl\u00e4ge f\u00fcr das linke (5) und rechte (5) Anschlaglineal<\/p>\n<p>&#8211; 4 steuerbare Positionierhilfen aus HPL f\u00fcr schwere Werkst\u00fccke. Konsole 1, 3, 4, 6<\/p>\n<p>&#8211; 24 Vakuumsauger 160x114x100 mm f\u00fcr stufenloses Positionieren auf der Konsole<\/p>\n<p>&#8211; 8 Vakuumsauger \u00a075x125x100 mm f\u00fcr stufenloses Positionieren auf der Konsole<\/p>\n<p>\u00a0&#8211; 24 Vakuumsauger \u00a0mit Versatz 75x125x100 mm, f\u00fcr stufenloses Positionieren auf der Konsole<\/p>\n<p>&#8211; 10 Vakuumsauger \u00a0mit Versatz 30x130x100 mm, f\u00fcr stufenloses Positionieren auf der Konsole<\/p>\n<p>&#8211; 8 Multispanner, Schlauchlos, Spannbereich bis 43 mm<\/p>\n<p>&#8211; 8 zus\u00e4tzliche Arretierung f\u00fcr Werkst\u00fcckkonsole (Multispannsystem)<\/p>\n<p>&#8211; 1 Vakuumanschluss f\u00fcr Schablonen f\u00fcr das rechte und linke Arbeitsfeld<\/p>\n<p>&#8211; Laserstift zur Vakuumsaugerpositionierung<\/p>\n<p>Werkst\u00fcckbreite max. 1600 mm<\/p>\n<p>Werkst\u00fcckdicke max. 125 mm<\/p>\n<\/td>\n<\/tr>\n<tr>\n<td width=\"243\">\n<p>Werkzeugeinwechsel- Hilfsvorrichtung<\/p>\n<\/td>\n<td width=\"369\">\n<p>zum automatischen Best\u00fccken des Werkzeugwechslers<\/p>\n<\/td>\n<\/tr>\n<tr>\n<td width=\"243\">\n<p>Hauptspindel<\/p>\n<\/td>\n<td width=\"369\">\n<p>max Leistung am Werkzeug 9 kW, Luftgek\u00fchlt, 1.250 \u2013 24.000 1\/min<\/p>\n<p>Werkzeugaufnahme HSK F63<\/p>\n<p>Werkzeugl\u00e4nge max. 110 (190) mm<\/p>\n<p>Werkzeug \u00d8 max.135 mm f\u00fcr Fr\u00e4swerkzeuge,<\/p>\n<p>Werkzeuggewicht max. 4,5 kg inkl. Aufnahme<\/p>\n<\/td>\n<\/tr>\n<tr>\n<td width=\"243\">\n<p>Bohrkopf 21 Spindeln, \u00a0H21 High Speed 7500<\/p>\n<\/td>\n<td width=\"369\">\n<p>f\u00fcr Vertikalbohrungen, je. Spindel einzeln abrufbar<\/p>\n<p>10 Spindel in X-Richtung, 11 Spindeln in Y-Richtung<\/p>\n<p>Spindelabstand 32 mm, 1.500 \u2013 7.500 Upm frequenzgeregelt, Antrieb 2,3 kW,<\/p>\n<\/td>\n<\/tr>\n<tr>\n<td width=\"243\">\n<p>Bohrkopf 10 Spindeln H6X\/4Y<\/p>\n<\/td>\n<td width=\"369\">\n<p>f\u00fcr Horizontalbohrungen, je. Spindel einzeln abrufbar<\/p>\n<p>6 Spindel in X-Richtung, 4 Spindeln in Y-Richtung<\/p>\n<p>Spindelabstand 32 mm<\/p>\n<p>1.500 \u2013 7.500 Upm frequenzgeregelt, Antrieb 2,3 kW,<\/p>\n<\/td>\n<\/tr>\n<tr>\n<td width=\"243\">\n<p>Drehmomentst\u00fctze<\/p>\n<\/td>\n<td width=\"369\">\n<p>zur Aufnahme der Adapteraggregate Drehmomentmitnahme: f\u00fcr 3 Punkt-Abst\u00fctzung<\/p>\n<\/td>\n<\/tr>\n<tr>\n<td width=\"243\">\n<p>Tellerwechselmagazin \u00a0mit 8 Pl\u00e4tzen\u00a0 W8 (X-Y mitfahrend)<\/p>\n<\/td>\n<td width=\"369\">\n<p>f\u00fcr Werkzeuge und Aggregate mit HSK 63<\/p>\n<\/td>\n<\/tr>\n<tr>\n<td width=\"243\">\n<p>Werkzeugwechselmagazin mit 2 Pl\u00e4tzen (W2 seitlich)<\/p>\n<\/td>\n<td width=\"369\">\n<p>f\u00fcr Adapteraggregate geeignet \u00a0<\/p>\n<\/td>\n<\/tr>\n<tr>\n<td width=\"243\">\n<p>Steuerung<\/p>\n<\/td>\n<td width=\"369\">\n<p>Modernes Steuerungssystem<\/p>\n<p>&#8211; Windows XP<\/p>\n<p>&#8211; powerControl CNC-Kern<\/p>\n<p>&#8211; powerControl Softwarepaket mit grafischen<\/p>\n<p>Bedienprogrammen:<\/p>\n<p>&#8211; woodWOP 6.1:<\/p>\n<p>&#8211; Produktionslistensoftware<\/p>\n<p>&#8211; Maschinendatenerfassung<\/p>\n<p>&#8211; Softwarefunktion schieben<\/p>\n<p>&#8211; Optimierung der Platzbelegung<\/p>\n<p>&#8211; 3D NC-Simulation und Zeitberechnung<\/p>\n<p>Softwarepaket f\u00fcr den Externen PC:<\/p>\n<p>&#8211; woodWOP DXF Basic<\/p>\n<p>&#8211; woodAssembler<\/p>\n<p>&#8211; woodVisio<\/p>\n<p>&#8211; woodWOP Mosaic<\/p>\n<p>&#8211; woodType<\/p>\n<\/td>\n<\/tr>\n<tr>\n<td width=\"243\">\n<p>2 Vakuumpumpen<\/p>\n<\/td>\n<td width=\"369\">\n<p>je. 70\/84 m\u00b3\/h<\/p>\n<\/td>\n<\/tr>\n<tr>\n<td width=\"243\">\n<p>Sicherheitseinrichtung<\/p>\n<\/td>\n<td width=\"369\">\n<p>Trittschutzmatte<\/p>\n<\/td>\n<\/tr>\n<tr>\n<td width=\"243\">\n<p>Inklusiv<\/p>\n<\/td>\n<td width=\"369\">\n<p>Werkzeugkoffer STARTER KIT<\/p>\n<\/td>\n<\/tr>\n<tr>\n<td width=\"243\">\n<p>Schaltschrank<\/p>\n<\/td>\n<td width=\"369\">\n<p>Freistehend<\/p>\n<\/td>\n<\/tr>\n<tr>\n<td width=\"243\">\n<p>Betriebsspannung<\/p>\n<\/td>\n<td width=\"369\">\n<p>380\/400 Volt, 50\/60 Hz<\/p>\n<\/td>\n<\/tr>\n<tr>\n<td width=\"243\">\n<p>Energiesparfunktion<\/p>\n<\/td>\n<td width=\"369\">\n<p>ecoPlus-Button zum Start des Stand-By-Betriebs<\/p>\n<\/td>\n<\/tr>\n<tr>\n<td width=\"243\">\n<p>Anschlusswert<\/p>\n<\/td>\n<td width=\"369\">\n<p>25,5 kW<\/p>\n<\/td>\n<\/tr>\n<tr>\n<td width=\"243\">\n<p>Gewicht<\/p>\n<\/td>\n<td width=\"369\">\n<p>ca. 4.500 kg<\/p>\n<\/td>\n<\/tr>\n<tr>\n<td width=\"243\">\n<p>Platzbedarf \u00a0(L x B)<\/p>\n<\/td>\n<td width=\"369\">\n<p>ca. 7500 x 4330 mm<\/p>\n<\/td>\n<\/tr>\n<tr>\n<td width=\"243\">\n<p>Verlademass<\/p>\n<\/td>\n<td width=\"369\">\n<p>6750 x 2480 x 2250 mm<\/p>\n<\/td>\n<\/tr>\n<tr>\n<td width=\"243\">\n<p>Standort<\/p>\n<\/td>\n<td width=\"369\">\n<p>Lager D-32683 Barntrup<\/p>\n<\/td>\n<\/tr>\n<\/tbody>\n<\/table>\n<p><em>\u00a0<\/em><\/p>\n<p><em>(\u00c4nderungen und Irrt\u00fcmer in den technischen Daten sowie Zwischenverkauf vorbehalten)<\/em><\/p>\n","protected":false},"excerpt":{"rendered":"<p>Betriebsstunden (Produktionszeit) 1435 h IST-Einsatzzeit gesamt 4590 h Maschinen-Nr. 0-250-21-1629 Technische Daten: &nbsp; Arbeitstisch: &nbsp; L\u00e4nge &#8211; 3250 mm Breite \u00a0&#8211; 1400 mm (ca. WS-Konsolenl\u00e4nge) Werkst\u00fcckbreite max. 1600 mm Werkst\u00fcckdicke max. 125 mm Durchlassh\u00f6he ohne Vakuumsauger \u2013 225 mm Verfahrweg X-Achse 4180mm Y-Achse 1860 mm Z1\/2 Achse &#8211; 348mm Fr\u00e4ser\/215 mm Bohrgetriebe Verfahrgeschwindigkeiten (Vektorgeschwindigkeit) max.110 [&hellip;]<\/p>\n","protected":false},"featured_media":6501,"template":"","meta":{"_monsterinsights_skip_tracking":false,"_monsterinsights_sitenote_active":false,"_monsterinsights_sitenote_note":"","_monsterinsights_sitenote_category":0,"ngg_post_thumbnail":0},"product_cat":[340],"product_tag":[],"class_list":{"0":"post-6543","1":"product","2":"type-product","3":"status-publish","4":"has-post-thumbnail","6":"product_cat-verkauft","8":"first","9":"instock","10":"downloadable","11":"shipping-taxable","12":"product-type-simple"},"_links":{"self":[{"href":"https:\/\/iberus.pl\/index.php?rest_route=\/wp\/v2\/product\/6543"}],"collection":[{"href":"https:\/\/iberus.pl\/index.php?rest_route=\/wp\/v2\/product"}],"about":[{"href":"https:\/\/iberus.pl\/index.php?rest_route=\/wp\/v2\/types\/product"}],"wp:featuredmedia":[{"embeddable":true,"href":"https:\/\/iberus.pl\/index.php?rest_route=\/wp\/v2\/media\/6501"}],"wp:attachment":[{"href":"https:\/\/iberus.pl\/index.php?rest_route=%2Fwp%2Fv2%2Fmedia&parent=6543"}],"wp:term":[{"taxonomy":"product_cat","embeddable":true,"href":"https:\/\/iberus.pl\/index.php?rest_route=%2Fwp%2Fv2%2Fproduct_cat&post=6543"},{"taxonomy":"product_tag","embeddable":true,"href":"https:\/\/iberus.pl\/index.php?rest_route=%2Fwp%2Fv2%2Fproduct_tag&post=6543"}],"curies":[{"name":"wp","href":"https:\/\/api.w.org\/{rel}","templated":true}]}}