{"id":6454,"date":"2016-06-24T07:36:54","date_gmt":"2016-06-24T07:36:54","guid":{"rendered":"http:\/\/gromar.de\/?post_type=product&#038;p=6454"},"modified":"2017-04-22T14:17:33","modified_gmt":"2017-04-22T14:17:33","slug":"system-odciagu-filtr-schuko-typ-zf-2020","status":"publish","type":"product","link":"https:\/\/iberus.pl\/?product=system-odciagu-filtr-schuko-typ-zf-2020","title":{"rendered":"System odciagu, Filtr SCHUKO, Typ  ZF 2020"},"content":{"rendered":"<table>\n<tbody>\n<tr>\n<td width=\"281\">\n<p>Powierzchna filtrow<\/p>\n<\/td>\n<td width=\"333\">\n<p>394 m\u00b2<\/p>\n<\/td>\n<\/tr>\n<tr>\n<td width=\"281\">\n<p>Wydajnosc<\/p>\n<\/td>\n<td width=\"333\">\n<p>36.000 m\u00b3\/h<\/p>\n<\/td>\n<\/tr>\n<tr>\n<td width=\"281\">\n<p>Wentylator KG 170<\/p>\n<\/td>\n<td width=\"333\">\n<p>55 kW<\/p>\n<\/td>\n<\/tr>\n<tr>\n<td width=\"281\">\n<p>Wentylator transportujacy\u00a0 G-250<\/p>\n<\/td>\n<td width=\"333\">\n<p>5,5 kW<\/p>\n<\/td>\n<\/tr>\n<tr>\n<td width=\"281\">\n<p>Powrot powietrza na hale<\/p>\n<\/td>\n<td width=\"333\">\n<p><strong>\u00a0<\/strong><\/p>\n<\/td>\n<\/tr>\n<tr>\n<td width=\"281\">\n<p>Klapa przeciwpozarowa\u00a0 FK 90<\/p>\n<\/td>\n<td width=\"333\">\u00a0<\/td>\n<\/tr>\n<tr>\n<td width=\"281\">\n<p>Automatyczne wibracyjne oczyszczanie workow<\/p>\n<\/td>\n<td width=\"333\">\u00a0<\/td>\n<\/tr>\n<tr>\n<td width=\"281\">\n<p>Podajnik celkowy z rynna<\/p>\n<\/td>\n<td width=\"333\">\n<p>L 800 x B 200 mm,\u00a0 Motor 018 kW<\/p>\n<\/td>\n<\/tr>\n<tr>\n<td width=\"281\">\n<p>Komplet z orurowaniem na hale<\/p>\n<\/td>\n<td width=\"333\">\u00a0<\/td>\n<\/tr>\n<tr>\n<td width=\"281\">\n<p>Szafa sterujaca<\/p>\n<\/td>\n<td width=\"333\">\u00a0<\/td>\n<\/tr>\n<tr>\n<td width=\"281\">\n<p>Miejsce postoju<\/p>\n<\/td>\n<td width=\"333\">\n<p>97447 Gerolzhofen<\/p>\n<\/td>\n<\/tr>\n<\/tbody>\n<\/table>\n<p><em>\u00a0<\/em><\/p>\n<p><em>(Z zastrze\u017ceniem, pomy\u0142ek, zmian technicznych i wcze\u015bniejszej sprzeda\u017cy)<\/em><\/p>\n","protected":false},"excerpt":{"rendered":"<p>Powierzchna filtrow 394 m\u00b2 Wydajnosc 36.000 m\u00b3\/h Wentylator KG 170 55 kW Wentylator transportujacy\u00a0 G-250 5,5 kW Powrot powietrza na hale \u00a0 Klapa przeciwpozarowa\u00a0 FK 90 \u00a0 Automatyczne wibracyjne oczyszczanie workow \u00a0 Podajnik celkowy z rynna L 800 x B 200 mm,\u00a0 Motor 018 kW Komplet z orurowaniem na hale \u00a0 Szafa sterujaca \u00a0 Miejsce [&hellip;]<\/p>\n","protected":false},"featured_media":6455,"template":"","meta":{"_monsterinsights_skip_tracking":false,"_monsterinsights_sitenote_active":false,"_monsterinsights_sitenote_note":"","_monsterinsights_sitenote_category":0,"ngg_post_thumbnail":0},"product_cat":[338],"product_tag":[],"class_list":{"0":"post-6454","1":"product","2":"type-product","3":"status-publish","4":"has-post-thumbnail","6":"product_cat-sprzedane","8":"first","9":"instock","10":"shipping-taxable","11":"product-type-simple"},"_links":{"self":[{"href":"https:\/\/iberus.pl\/index.php?rest_route=\/wp\/v2\/product\/6454"}],"collection":[{"href":"https:\/\/iberus.pl\/index.php?rest_route=\/wp\/v2\/product"}],"about":[{"href":"https:\/\/iberus.pl\/index.php?rest_route=\/wp\/v2\/types\/product"}],"wp:featuredmedia":[{"embeddable":true,"href":"https:\/\/iberus.pl\/index.php?rest_route=\/wp\/v2\/media\/6455"}],"wp:attachment":[{"href":"https:\/\/iberus.pl\/index.php?rest_route=%2Fwp%2Fv2%2Fmedia&parent=6454"}],"wp:term":[{"taxonomy":"product_cat","embeddable":true,"href":"https:\/\/iberus.pl\/index.php?rest_route=%2Fwp%2Fv2%2Fproduct_cat&post=6454"},{"taxonomy":"product_tag","embeddable":true,"href":"https:\/\/iberus.pl\/index.php?rest_route=%2Fwp%2Fv2%2Fproduct_tag&post=6454"}],"curies":[{"name":"wp","href":"https:\/\/api.w.org\/{rel}","templated":true}]}}