{"id":6385,"date":"2016-06-22T12:47:01","date_gmt":"2016-06-22T12:47:01","guid":{"rendered":"http:\/\/gromar.de\/?post_type=product&#038;p=6385"},"modified":"2016-07-25T10:40:15","modified_gmt":"2016-07-25T10:40:15","slug":"linia-do-szklenia-okien-z-podnosnikiem-schmalz-vakuum","status":"publish","type":"product","link":"https:\/\/iberus.pl\/?product=linia-do-szklenia-okien-z-podnosnikiem-schmalz-vakuum","title":{"rendered":"Linia do szklenia okien z podnosnikiem Schmalz &#8211; Vakuum"},"content":{"rendered":"<p>Linia do szklenia skladajaca sie z: <\/p>\n<p>1. Urzadzenie podcisnieniowe \u00a0Schmalz Typ VacuMaster Window \u00a0300-DR90, rok budowy 2013<\/p>\n<p>do przenoszenia \u0142adunk\u00f3w tj. okna, szyby zespolone, tafle szkla itp.<\/p>\n<p>&nbsp;<\/p>\n<p>2. Wozki, transportery do okien, inne<\/p>\n<p>&nbsp;<\/p>\n<p><em>(Z zastrze\u017ceniem, pomy\u0142ek, zmian technicznych i wcze\u015bniejszej sprzeda\u017cy)<\/em><\/p>\n","protected":false},"excerpt":{"rendered":"<p>Linia do szklenia skladajaca sie z: 1. Urzadzenie podcisnieniowe \u00a0Schmalz Typ VacuMaster Window \u00a0300-DR90, rok budowy 2013 do przenoszenia \u0142adunk\u00f3w tj. okna, szyby zespolone, tafle szkla itp. &nbsp; 2. Wozki, transportery do okien, inne &nbsp; (Z zastrze\u017ceniem, pomy\u0142ek, zmian technicznych i wcze\u015bniejszej sprzeda\u017cy)<\/p>\n","protected":false},"featured_media":6400,"template":"","meta":{"_monsterinsights_skip_tracking":false,"_monsterinsights_sitenote_active":false,"_monsterinsights_sitenote_note":"","_monsterinsights_sitenote_category":0,"ngg_post_thumbnail":0},"product_cat":[338],"product_tag":[],"class_list":{"0":"post-6385","1":"product","2":"type-product","3":"status-publish","4":"has-post-thumbnail","6":"product_cat-sprzedane","8":"first","9":"instock","10":"shipping-taxable","11":"product-type-simple"},"_links":{"self":[{"href":"https:\/\/iberus.pl\/index.php?rest_route=\/wp\/v2\/product\/6385"}],"collection":[{"href":"https:\/\/iberus.pl\/index.php?rest_route=\/wp\/v2\/product"}],"about":[{"href":"https:\/\/iberus.pl\/index.php?rest_route=\/wp\/v2\/types\/product"}],"wp:featuredmedia":[{"embeddable":true,"href":"https:\/\/iberus.pl\/index.php?rest_route=\/wp\/v2\/media\/6400"}],"wp:attachment":[{"href":"https:\/\/iberus.pl\/index.php?rest_route=%2Fwp%2Fv2%2Fmedia&parent=6385"}],"wp:term":[{"taxonomy":"product_cat","embeddable":true,"href":"https:\/\/iberus.pl\/index.php?rest_route=%2Fwp%2Fv2%2Fproduct_cat&post=6385"},{"taxonomy":"product_tag","embeddable":true,"href":"https:\/\/iberus.pl\/index.php?rest_route=%2Fwp%2Fv2%2Fproduct_tag&post=6385"}],"curies":[{"name":"wp","href":"https:\/\/api.w.org\/{rel}","templated":true}]}}