{"id":6334,"date":"2016-06-22T07:50:32","date_gmt":"2016-06-22T07:50:32","guid":{"rendered":"http:\/\/gromar.de\/?post_type=product&#038;p=6334"},"modified":"2017-04-10T18:23:37","modified_gmt":"2017-04-10T18:23:37","slug":"6334","status":"publish","type":"product","link":"https:\/\/iberus.pl\/?product=6334","title":{"rendered":"Kompresor srubowy Schneider Air Master z osuszaczem K\u00e4ser, rok budowy: 2011"},"content":{"rendered":"<table>\n<tbody>\n<tr>\n<td width=\"262\">\n<p><strong>Kompresor srubowy Schneider<\/strong><\/p>\n<\/td>\n<td width=\"302\">\n<p>Air Master<\/p>\n<\/td>\n<\/tr>\n<tr>\n<td width=\"262\">\n<p>Typ<\/p>\n<\/td>\n<td width=\"302\">\n<p>AM7 \u2013 10 E1<\/p>\n<\/td>\n<\/tr>\n<tr>\n<td width=\"262\">\n<p>Rok budowy<\/p>\n<\/td>\n<td width=\"302\">\n<p>2011<\/p>\n<\/td>\n<\/tr>\n<tr>\n<td width=\"262\">\n<p>Seria-Nr.<\/p>\n<\/td>\n<td width=\"302\">\n<p>10021903<\/p>\n<\/td>\n<\/tr>\n<tr>\n<td width=\"262\">\n<p>Wydajnosc<\/p>\n<\/td>\n<td width=\"302\">\n<p>10 bar<\/p>\n<\/td>\n<\/tr>\n<tr>\n<td width=\"262\">\n<p>Predkosc przeplywu<\/p>\n<\/td>\n<td width=\"302\">\n<p>930 l\/min<\/p>\n<\/td>\n<\/tr>\n<tr>\n<td width=\"262\">\n<p>Napiecie<\/p>\n<\/td>\n<td width=\"302\">\n<p>400 V\/ 50 Hz<\/p>\n<\/td>\n<\/tr>\n<tr>\n<td width=\"262\">\n<p>Moc napedowa\u00a0<\/p>\n<\/td>\n<td width=\"302\">\n<p>7,5 kW<\/p>\n<\/td>\n<\/tr>\n<tr>\n<td width=\"262\">\u00a0<\/td>\n<td width=\"302\">\u00a0<\/td>\n<\/tr>\n<tr>\n<td width=\"262\">\n<p><strong>Zbiornik Schneider<\/strong><\/p>\n<\/td>\n<td width=\"302\">\u00a0<\/td>\n<\/tr>\n<tr>\n<td width=\"262\">\n<p>Typ<\/p>\n<\/td>\n<td width=\"302\">\n<p>AM7-10E1 180 DK 985<\/p>\n<\/td>\n<\/tr>\n<tr>\n<td width=\"262\">\n<p>Rok budowy<\/p>\n<\/td>\n<td width=\"302\">\n<p>2011<\/p>\n<\/td>\n<\/tr>\n<tr>\n<td width=\"262\">\n<p>Seria-Nr.<\/p>\n<\/td>\n<td width=\"302\">\n<p>10020319<\/p>\n<\/td>\n<\/tr>\n<tr>\n<td width=\"262\">\n<p>Pojemnosc zbiornika<\/p>\n<\/td>\n<td width=\"302\">\n<p>180 l\u00a0 (2&#215;90 l)<\/p>\n<\/td>\n<\/tr>\n<tr>\n<td width=\"262\">\u00a0<\/td>\n<td width=\"302\">\u00a0<\/td>\n<\/tr>\n<tr>\n<td width=\"262\">\n<p><strong>Osuszacz \u00a0K\u00e4ser<\/strong><\/p>\n<\/td>\n<td width=\"302\">\u00a0<\/td>\n<\/tr>\n<tr>\n<td width=\"262\">\n<p>Typ<\/p>\n<\/td>\n<td width=\"302\">\n<p>TBH 9<\/p>\n<\/td>\n<\/tr>\n<tr>\n<td width=\"262\">\n<p>Rok budowy<\/p>\n<\/td>\n<td width=\"302\">\n<p>2008<\/p>\n<\/td>\n<\/tr>\n<tr>\n<td width=\"262\">\n<p>Seria-Nr.<\/p>\n<\/td>\n<td width=\"302\">\n<p>1589<\/p>\n<\/td>\n<\/tr>\n<tr>\n<td width=\"262\">\n<p>Chlodziwo<\/p>\n<\/td>\n<td width=\"302\">\n<p>R134a<\/p>\n<\/td>\n<\/tr>\n<tr>\n<td width=\"262\">\n<p>Pojemnosc chlodziwa<\/p>\n<\/td>\n<td width=\"302\">\n<p>0,32 kg<\/p>\n<\/td>\n<\/tr>\n<tr>\n<td width=\"262\">\n<p>Max. cisnienie robocze<\/p>\n<\/td>\n<td width=\"302\">\n<p>16 bar<\/p>\n<\/td>\n<\/tr>\n<tr>\n<td width=\"262\">\n<p>Moc znamionowa<\/p>\n<\/td>\n<td width=\"302\">\n<p>230V\/1,50 Hz<\/p>\n<\/td>\n<\/tr>\n<tr>\n<td width=\"262\">\n<p>Prad znamionowy<\/p>\n<\/td>\n<td width=\"302\">\n<p>2,6 A<\/p>\n<\/td>\n<\/tr>\n<tr>\n<td width=\"262\">\n<p>Temperatura otoczenia<\/p>\n<\/td>\n<td width=\"302\">\n<p>+3\u00b0C\/ + 45\u00b0C<\/p>\n<\/td>\n<\/tr>\n<tr>\n<td width=\"262\">\u00a0<\/td>\n<td width=\"302\">\u00a0<\/td>\n<\/tr>\n<tr>\n<td width=\"262\">\n<p>Wymiary (L x B xH ) \/ Ciezar<\/p>\n<\/td>\n<td width=\"302\">\n<p>Kompressor\u00a0 900x700x900 mm \/ 260 kg<\/p>\n<p>Osuszacz \u00a0480x 530x 550 mm \/ 50 kg<\/p>\n<\/td>\n<\/tr>\n<tr>\n<td width=\"262\">\n<p>Miejsce postoju<\/p>\n<\/td>\n<td width=\"302\">\n<p>32683 Barntrup<\/p>\n<\/td>\n<\/tr>\n<\/tbody>\n<\/table>\n<p><em>(Z zastrze\u017ceniem, pomy\u0142ek, zmian technicznych i wcze\u015bniejszej sprzeda\u017cy)<\/em><\/p>\n","protected":false},"excerpt":{"rendered":"<p>Kompresor srubowy Schneider Air Master Typ AM7 \u2013 10 E1 Rok budowy 2011 Seria-Nr. 10021903 Wydajnosc 10 bar Predkosc przeplywu 930 l\/min Napiecie 400 V\/ 50 Hz Moc napedowa\u00a0 7,5 kW \u00a0 \u00a0 Zbiornik Schneider \u00a0 Typ AM7-10E1 180 DK 985 Rok budowy 2011 Seria-Nr. 10020319 Pojemnosc zbiornika 180 l\u00a0 (2&#215;90 l) \u00a0 \u00a0 Osuszacz [&hellip;]<\/p>\n","protected":false},"featured_media":6346,"template":"","meta":{"_monsterinsights_skip_tracking":false,"_monsterinsights_sitenote_active":false,"_monsterinsights_sitenote_note":"","_monsterinsights_sitenote_category":0,"ngg_post_thumbnail":0},"product_cat":[338],"product_tag":[],"class_list":{"0":"post-6334","1":"product","2":"type-product","3":"status-publish","4":"has-post-thumbnail","6":"product_cat-sprzedane","8":"first","9":"instock","10":"downloadable","11":"shipping-taxable","12":"product-type-simple"},"_links":{"self":[{"href":"https:\/\/iberus.pl\/index.php?rest_route=\/wp\/v2\/product\/6334"}],"collection":[{"href":"https:\/\/iberus.pl\/index.php?rest_route=\/wp\/v2\/product"}],"about":[{"href":"https:\/\/iberus.pl\/index.php?rest_route=\/wp\/v2\/types\/product"}],"wp:featuredmedia":[{"embeddable":true,"href":"https:\/\/iberus.pl\/index.php?rest_route=\/wp\/v2\/media\/6346"}],"wp:attachment":[{"href":"https:\/\/iberus.pl\/index.php?rest_route=%2Fwp%2Fv2%2Fmedia&parent=6334"}],"wp:term":[{"taxonomy":"product_cat","embeddable":true,"href":"https:\/\/iberus.pl\/index.php?rest_route=%2Fwp%2Fv2%2Fproduct_cat&post=6334"},{"taxonomy":"product_tag","embeddable":true,"href":"https:\/\/iberus.pl\/index.php?rest_route=%2Fwp%2Fv2%2Fproduct_tag&post=6334"}],"curies":[{"name":"wp","href":"https:\/\/api.w.org\/{rel}","templated":true}]}}