{"id":5882,"date":"2016-02-11T18:25:43","date_gmt":"2016-02-11T18:25:43","guid":{"rendered":"http:\/\/gromar.de\/?product=formatyzerko-czopiarka-gabbiani-mod-t-modul-128"},"modified":"2016-02-11T18:32:21","modified_gmt":"2016-02-11T18:32:21","slug":"formatyzerko-czopiarka-gabbiani-mod-t-modul-128","status":"publish","type":"product","link":"https:\/\/iberus.pl\/?product=formatyzerko-czopiarka-gabbiani-mod-t-modul-128","title":{"rendered":"Formatyzerko- czopiarka GABBIANI Mod. T-Modul 128"},"content":{"rendered":"<p><strong>Solo maszyna do obrobki wzdluznej i poprzecznej, do formatowania, profilowania, szlifowania elementow obrabianych.<\/strong><\/p>\n<p>&nbsp;<\/p>\n<table>\n<tbody>\n<tr>\n<td width=\"272\">\n<p><strong>Dane techniczne<\/strong><\/p>\n<\/td>\n<td width=\"293\">\u00a0<\/td>\n<\/tr>\n<tr>\n<td width=\"272\">\n<p>Max.szeroko\u015b\u0107 robocza<\/p>\n<\/td>\n<td width=\"293\">\n<p>2600 mm<\/p>\n<\/td>\n<\/tr>\n<tr>\n<td width=\"272\">\n<p>Min. szeroko\u015b\u0107 robocza<\/p>\n<\/td>\n<td width=\"293\">\n<p>145 mm (184mm obrobka dwustronna)<\/p>\n<\/td>\n<\/tr>\n<tr>\n<td width=\"272\">\n<p>Przedluzenie lancucha przed zabierakami<\/p>\n<\/td>\n<td width=\"293\">\n<p>ok. 720mm<\/p>\n<\/td>\n<\/tr>\n<tr>\n<td width=\"272\">\n<p>Transportery wprowadzajace material przed lancuchem<\/p>\n<\/td>\n<td width=\"293\">\n<p>ok. 550mm dlugie<\/p>\n<\/td>\n<\/tr>\n<tr>\n<td width=\"272\">\n<p>Zabieraki<\/p>\n<\/td>\n<td width=\"293\">\n<p>odstep 400mm, (automatyczne ustawienie)<\/p>\n<\/td>\n<\/tr>\n<tr>\n<td width=\"272\">\n<p>Gorny transport i gorna belka dociskowa<\/p>\n<\/td>\n<td width=\"293\">\n<p>z pasem tarnsportowym, szerokosc belek ok. 60 mm (z powodu min. szer. roboczej)<\/p>\n<\/td>\n<\/tr>\n<tr>\n<td width=\"272\">\n<p>Gorne belki dociskowe przestawne osiowo<\/p>\n<\/td>\n<td width=\"293\">\n<p>+\/- ca 30 mm<\/p>\n<\/td>\n<\/tr>\n<tr>\n<td width=\"272\">\n<p>1+1 gorne rolki dociskowe<\/p>\n<\/td>\n<td width=\"293\">\n<p>do przyciskania materialu obrabianego wzgledem zabierakow<\/p>\n<\/td>\n<\/tr>\n<tr>\n<td width=\"272\">\n<p>Posuw<\/p>\n<\/td>\n<td width=\"293\">\n<p>4 &#8211; 24 m\/min &#8211; 5,5kW<\/p>\n<\/td>\n<\/tr>\n<tr>\n<td width=\"272\">\n<p>Dokladnosc katowa obrobki<\/p>\n<\/td>\n<td width=\"293\">\n<p>+\/- 0,1 na metr<\/p>\n<\/td>\n<\/tr>\n<tr>\n<td width=\"272\">\n<p><strong>Agregaty<\/strong><\/p>\n<\/td>\n<td width=\"293\">\u00a0<\/td>\n<\/tr>\n<tr>\n<td width=\"272\">\n<p>1+1 pila odcinajaca<\/p>\n<\/td>\n<td width=\"293\">\n<p>4 kW, obroty 6000Upm przez falownik,<\/p>\n<p>srednica pily max. 300 mm,<\/p>\n<p>srednica wrzeciona 40mm \u2013 dlugosc 100mm.<\/p>\n<\/td>\n<\/tr>\n<tr>\n<td width=\"272\">\n<p>1+1 agregat podcinajacy<\/p>\n<\/td>\n<td width=\"293\">\n<p>typ 227K \u2013 skok 50mm \u2013 100Hz<\/p>\n<p>2,2 kW, obroty do 6000 Upm przez falownik, srednica wrzeciona 30mm \u2013 dlugosc 60 mm, srednica pily 150 mm.<\/p>\n<\/td>\n<\/tr>\n<tr>\n<td width=\"272\">\n<p>1+1 agregat skrawajacy<\/p>\n<\/td>\n<td width=\"293\">\n<p>5,5 KW, obroty do 6000 Upm przez falownik, srednica wrzeciona 40mm \u2013 dlugosc 100mm, srednica narz\u0119dzia min. 250 mm \u2013 max. 300 mm.<\/p>\n<\/td>\n<\/tr>\n<tr>\n<td width=\"272\">\n<p>1+1 agregat frezujacy dolny poziomy<\/p>\n<\/td>\n<td width=\"293\">\n<p>4 KW, do 6000 Upm przez inwerter, srednica wrzeciona 40mm \u2013 dlugosc 100mm, srednica narz\u0119dzia min. 200 mm \u2013 max. 250 mm,<\/p>\n<\/td>\n<\/tr>\n<tr>\n<td width=\"272\">\n<p>1+1 agregat frezujacy typ 607-R<\/p>\n<p>&nbsp;<\/p>\n<p>&nbsp;<\/p>\n<p>&nbsp;<\/p>\n<\/td>\n<td width=\"293\">\n<p>przestawny do 90\u00b0, moc 5,5 kW, obroty do 7200 Upm przez inverter, srednica wrzeciona 40mm \u2013 dlugosc 100mm, srednica narz\u0119dzia min. 120 mm \u2013 max. 250 mm,<\/p>\n<\/td>\n<\/tr>\n<tr>\n<td width=\"272\">\n<p>1+1 agregat frezujacy typ 607-R<\/p>\n<p>&nbsp;<\/p>\n<p>&nbsp;<\/p>\n<p>&nbsp;<\/p>\n<\/td>\n<td width=\"293\">\n<p>przestawny do 90\u00b0, moc 5,5 kW, obroty do 7200 Upm przez inverter, srednica wrzeciona 40mm \u2013 dlugosc 100mm, srednica narz\u0119dzia min. 120 mm \u2013 max. 250 mm,<\/p>\n<\/td>\n<\/tr>\n<tr>\n<td width=\"272\">\n<p>1+1 agregat szlifujacy \u2013 tasma Tagliabue<\/p>\n<\/td>\n<td width=\"293\">\n<p>do prostego i profilowego szlifowania krawedzi, tasma z oscylacja, predkosc tasmy 11-22 m\/sek. przez inverter, tasma o wym. 2720 x 90 mm, przestawny katowo +80\u00b0 \/ \u2013 40\u00b0.<\/p>\n<\/td>\n<\/tr>\n<tr>\n<td width=\"272\">\n<p>1+1 agregat szlifujacy tarczowy<\/p>\n<p>&nbsp;<\/p>\n<\/td>\n<td width=\"293\">\n<p>2,3 kW, obroty 1400Upm, srednica wrzeciona 40mm \u2013 dlugosc 100mm, srednica narzedzia min. 180 mm \u2013 max. 220 mm,<\/p>\n<\/td>\n<\/tr>\n<tr>\n<td width=\"272\">\n<p>1 statyczny falownik\u201cinverter\u201c<\/p>\n<\/td>\n<td width=\"293\">\n<p>dla regulacji do 6000 Upm agregatow poz. 1-2-3-4-5<\/p>\n<\/td>\n<\/tr>\n<tr>\n<td width=\"272\">\n<p>1 statyczny falownik\u201cinverter\u201c<\/p>\n<\/td>\n<td width=\"293\">\n<p>dla regulacji do 7200 Upm agregatow poz. 6-7<\/p>\n<\/td>\n<\/tr>\n<tr>\n<td width=\"272\">\n<p>1 statyczny falownik\u201cinverter\u201c<\/p>\n<\/td>\n<td width=\"293\">\n<p>dla agregatu szlifujacego tasmowego<\/p>\n<\/td>\n<\/tr>\n<tr>\n<td width=\"272\">\n<p>Pas transportowy wyjsciowy napedzany<\/p>\n<\/td>\n<td width=\"293\">\n<p>375mm<\/p>\n<\/td>\n<\/tr>\n<tr>\n<td width=\"272\">\n<p>Elektroniczne pozycjonowanie<\/p>\n<\/td>\n<td width=\"293\">\n<p>BK-2DIG z Display<\/p>\n<\/td>\n<\/tr>\n<tr>\n<td width=\"272\">\n<p>Zadawanie programow<\/p>\n<\/td>\n<td width=\"293\">\n<p>przez numeryczna funkcjonalna klawiature<\/p>\n<\/td>\n<\/tr>\n<tr>\n<td width=\"272\">\n<p>Dostepnosc programow<\/p>\n<\/td>\n<td width=\"293\">\n<p>100 (zapisanych fabrycznie)<\/p>\n<\/td>\n<\/tr>\n<tr>\n<td width=\"272\">\n<p>Zasilanie<\/p>\n<\/td>\n<td width=\"293\">\n<p>380 V\/50 Hz<\/p>\n<\/td>\n<\/tr>\n<tr>\n<td width=\"272\">\n<p>Zasilanie sterowania<\/p>\n<\/td>\n<td width=\"293\">\n<p>110 V\/50Hz<\/p>\n<\/td>\n<\/tr>\n<tr>\n<td width=\"272\">\n<p>Max. moc poboru<\/p>\n<\/td>\n<td width=\"293\">\n<p>89 kW<\/p>\n<\/td>\n<\/tr>\n<tr>\n<td width=\"272\">\n<p>Miejsce postoju<\/p>\n<\/td>\n<td width=\"293\">\n<p>Bayern \u2013 Germany<\/p>\n<\/td>\n<\/tr>\n<\/tbody>\n<\/table>\n<p><em>(Z zastrze\u017ceniem, pomy\u0142ek, zmian technicznych i wcze\u015bniejszej sprzeda\u017cy)<\/em><\/p>\n<p>&nbsp;<\/p>\n","protected":false},"excerpt":{"rendered":"<p>Solo maszyna do obrobki wzdluznej i poprzecznej, do formatowania, profilowania, szlifowania elementow obrabianych. &nbsp; Dane techniczne \u00a0 Max.szeroko\u015b\u0107 robocza 2600 mm Min. szeroko\u015b\u0107 robocza 145 mm (184mm obrobka dwustronna) Przedluzenie lancucha przed zabierakami ok. 720mm Transportery wprowadzajace material przed lancuchem ok. 550mm dlugie Zabieraki odstep 400mm, (automatyczne ustawienie) Gorny transport i gorna belka dociskowa z [&hellip;]<\/p>\n","protected":false},"featured_media":5881,"template":"","meta":{"_monsterinsights_skip_tracking":false,"_monsterinsights_sitenote_active":false,"_monsterinsights_sitenote_note":"","_monsterinsights_sitenote_category":0,"ngg_post_thumbnail":0},"product_cat":[270,288],"product_tag":[],"class_list":{"0":"post-5882","1":"product","2":"type-product","3":"status-publish","4":"has-post-thumbnail","6":"product_cat-frezarki-czopiarki-tokarki","7":"product_cat-maszyny-do-produkcji-okien-i-drzwi","9":"first","10":"instock","11":"downloadable","12":"shipping-taxable","13":"product-type-simple"},"_links":{"self":[{"href":"https:\/\/iberus.pl\/index.php?rest_route=\/wp\/v2\/product\/5882"}],"collection":[{"href":"https:\/\/iberus.pl\/index.php?rest_route=\/wp\/v2\/product"}],"about":[{"href":"https:\/\/iberus.pl\/index.php?rest_route=\/wp\/v2\/types\/product"}],"wp:featuredmedia":[{"embeddable":true,"href":"https:\/\/iberus.pl\/index.php?rest_route=\/wp\/v2\/media\/5881"}],"wp:attachment":[{"href":"https:\/\/iberus.pl\/index.php?rest_route=%2Fwp%2Fv2%2Fmedia&parent=5882"}],"wp:term":[{"taxonomy":"product_cat","embeddable":true,"href":"https:\/\/iberus.pl\/index.php?rest_route=%2Fwp%2Fv2%2Fproduct_cat&post=5882"},{"taxonomy":"product_tag","embeddable":true,"href":"https:\/\/iberus.pl\/index.php?rest_route=%2Fwp%2Fv2%2Fproduct_tag&post=5882"}],"curies":[{"name":"wp","href":"https:\/\/api.w.org\/{rel}","templated":true}]}}