{"id":5829,"date":"2016-02-09T23:42:07","date_gmt":"2016-02-09T23:42:07","guid":{"rendered":"http:\/\/gromar.de\/?product=suszarnia-prozniowa-vakuum-dwt-moldrup"},"modified":"2016-07-25T10:35:34","modified_gmt":"2016-07-25T10:35:34","slug":"suszarnia-prozniowa-vakuum-dwt-moldrup","status":"publish","type":"product","link":"https:\/\/iberus.pl\/?product=suszarnia-prozniowa-vakuum-dwt-moldrup","title":{"rendered":"Suszarnia prozniowa vakuum DWT Moldrup"},"content":{"rendered":"<table>\n<tbody>\n<tr>\n<td width=\"281\">\n<p>Wymiary wewnetrzne<\/p>\n<\/td>\n<td width=\"284\">\u00a0<\/td>\n<\/tr>\n<tr>\n<td width=\"281\">\n<p>Srednica suszarni<\/p>\n<\/td>\n<td width=\"284\">\n<p>2600mm<\/p>\n<\/td>\n<\/tr>\n<tr>\n<td width=\"281\">\n<p>Dlugosc suszarni<\/p>\n<\/td>\n<td width=\"284\">\n<p>12.500mm<\/p>\n<\/td>\n<\/tr>\n<tr>\n<td width=\"281\">\n<p>Zaladunek brutto<\/p>\n<\/td>\n<td width=\"284\">\n<p>ok. 31m3<\/p>\n<\/td>\n<\/tr>\n<tr>\n<td width=\"281\">\n<p>Zaladunek netto \u2013 tarcica<\/p>\n<\/td>\n<td width=\"284\">\n<p>ca. 21m3<\/p>\n<\/td>\n<\/tr>\n<tr>\n<td width=\"281\">\n<p>Zaladunek netto \u2013 drewno blokowe<\/p>\n<\/td>\n<td width=\"284\">\n<p>ca. 15m3<\/p>\n<\/td>\n<\/tr>\n<\/tbody>\n<\/table>\n<p><em>\u00a0<\/em><\/p>\n<p><em>(Z zastrze\u017ceniem, pomy\u0142ek, zmian technicznych i w<\/em><em>cze\u015bniejszej sprzeda\u017cy)<\/em><\/p>\n","protected":false},"excerpt":{"rendered":"<p>Wymiary wewnetrzne \u00a0 Srednica suszarni 2600mm Dlugosc suszarni 12.500mm Zaladunek brutto ok. 31m3 Zaladunek netto \u2013 tarcica ca. 21m3 Zaladunek netto \u2013 drewno blokowe ca. 15m3 \u00a0 (Z zastrze\u017ceniem, pomy\u0142ek, zmian technicznych i wcze\u015bniejszej sprzeda\u017cy)<\/p>\n","protected":false},"featured_media":5820,"template":"","meta":{"_monsterinsights_skip_tracking":false,"_monsterinsights_sitenote_active":false,"_monsterinsights_sitenote_note":"","_monsterinsights_sitenote_category":0,"ngg_post_thumbnail":0},"product_cat":[338],"product_tag":[],"class_list":{"0":"post-5829","1":"product","2":"type-product","3":"status-publish","4":"has-post-thumbnail","6":"product_cat-sprzedane","8":"first","9":"instock","10":"downloadable","11":"shipping-taxable","12":"product-type-simple"},"_links":{"self":[{"href":"https:\/\/iberus.pl\/index.php?rest_route=\/wp\/v2\/product\/5829"}],"collection":[{"href":"https:\/\/iberus.pl\/index.php?rest_route=\/wp\/v2\/product"}],"about":[{"href":"https:\/\/iberus.pl\/index.php?rest_route=\/wp\/v2\/types\/product"}],"wp:featuredmedia":[{"embeddable":true,"href":"https:\/\/iberus.pl\/index.php?rest_route=\/wp\/v2\/media\/5820"}],"wp:attachment":[{"href":"https:\/\/iberus.pl\/index.php?rest_route=%2Fwp%2Fv2%2Fmedia&parent=5829"}],"wp:term":[{"taxonomy":"product_cat","embeddable":true,"href":"https:\/\/iberus.pl\/index.php?rest_route=%2Fwp%2Fv2%2Fproduct_cat&post=5829"},{"taxonomy":"product_tag","embeddable":true,"href":"https:\/\/iberus.pl\/index.php?rest_route=%2Fwp%2Fv2%2Fproduct_tag&post=5829"}],"curies":[{"name":"wp","href":"https:\/\/api.w.org\/{rel}","templated":true}]}}