{"id":5817,"date":"2016-02-09T23:13:54","date_gmt":"2016-02-09T23:13:54","guid":{"rendered":"http:\/\/gromar.de\/?product=hydrauliczna-prasa-do-klejenia-warstwowego-polzer-dlugosc-19m"},"modified":"2016-04-21T11:40:22","modified_gmt":"2016-04-21T11:40:22","slug":"hydrauliczna-prasa-do-klejenia-warstwowego-polzer-dlugosc-19m","status":"publish","type":"product","link":"https:\/\/iberus.pl\/?product=hydrauliczna-prasa-do-klejenia-warstwowego-polzer-dlugosc-19m","title":{"rendered":"Hydrauliczna prasa do klejenia warstwowego POLZER &#8211; dlugosc 19m"},"content":{"rendered":"<table>\n<tbody>\n<tr>\n<td width=\"281\">\n<p>Prasa hydrauliczna do klejenia na grubosc<\/p>\n<\/td>\n<td width=\"284\">\n<p>kantowki okiennei , drzwiowej, belek ,<\/p>\n<p>elementow konstrukcyjnych<\/p>\n<\/td>\n<\/tr>\n<tr>\n<td width=\"281\">\n<p>Dlugosc robocza<\/p>\n<\/td>\n<td width=\"284\">\n<p>19200 mm<\/p>\n<\/td>\n<\/tr>\n<tr>\n<td width=\"281\">\n<p>Wysokosc robocza<\/p>\n<\/td>\n<td width=\"284\">\n<p>900 mm<\/p>\n<\/td>\n<\/tr>\n<tr>\n<td width=\"281\">\n<p>Szerokosc robocza<\/p>\n<\/td>\n<td width=\"284\">\n<p>200 mm<\/p>\n<\/td>\n<\/tr>\n<tr>\n<td width=\"281\">\n<p>Ilosc cylidrow dociskajacych pionowych<\/p>\n<\/td>\n<td width=\"284\">\n<p>58 (34+24)<\/p>\n<\/td>\n<\/tr>\n<tr>\n<td width=\"281\">\n<p>Ilosc belek dociskajacych frontalnych<\/p>\n<\/td>\n<td width=\"284\">\n<p>9 , kazda z dociskaczem hydraulicznym<\/p>\n<\/td>\n<\/tr>\n<tr>\n<td width=\"281\">\n<p>Transporter tasmowy<\/p>\n<\/td>\n<td width=\"284\">\n<p>L 12,8 + 7,20 m , B 500 mm<\/p>\n<\/td>\n<\/tr>\n<tr>\n<td width=\"281\">\n<p>2 elementy obslugujace<\/p>\n<\/td>\n<td width=\"284\">\u00a0<\/td>\n<\/tr>\n<tr>\n<td width=\"281\">\n<p>2 pompy hydrauliczne<\/p>\n<\/td>\n<td width=\"284\">\n<p>2<\/p>\n<\/td>\n<\/tr>\n<tr>\n<td width=\"281\">\n<p>Stacja nakladania kleju\u00a0\u00a0<\/p>\n<\/td>\n<td width=\"284\">\n<p>Neumann Typ BK 500<\/p>\n<\/td>\n<\/tr>\n<tr>\n<td width=\"281\">\n<p>Wprowadzajacy przenosnik tasmowy<\/p>\n<\/td>\n<td width=\"284\">\n<p>L 5,70 x B 0,70 m<\/p>\n<\/td>\n<\/tr>\n<\/tbody>\n<\/table>\n<p><em>\u00a0<\/em><\/p>\n<p><em>(Z zastrze\u017ceniem, pomy\u0142ek, zmian technicznych i wcze\u015bniejszej sprzeda\u017cy)<\/em><\/p>\n","protected":false},"excerpt":{"rendered":"<p>Prasa hydrauliczna do klejenia na grubosc kantowki okiennei , drzwiowej, belek , elementow konstrukcyjnych Dlugosc robocza 19200 mm Wysokosc robocza 900 mm Szerokosc robocza 200 mm Ilosc cylidrow dociskajacych pionowych 58 (34+24) Ilosc belek dociskajacych frontalnych 9 , kazda z dociskaczem hydraulicznym Transporter tasmowy L 12,8 + 7,20 m , B 500 mm 2 elementy [&hellip;]<\/p>\n","protected":false},"featured_media":5803,"template":"","meta":{"_monsterinsights_skip_tracking":false,"_monsterinsights_sitenote_active":false,"_monsterinsights_sitenote_note":"","_monsterinsights_sitenote_category":0,"ngg_post_thumbnail":0},"product_cat":[338],"product_tag":[],"class_list":{"0":"post-5817","1":"product","2":"type-product","3":"status-publish","4":"has-post-thumbnail","6":"product_cat-sprzedane","8":"first","9":"instock","10":"downloadable","11":"shipping-taxable","12":"product-type-simple"},"_links":{"self":[{"href":"https:\/\/iberus.pl\/index.php?rest_route=\/wp\/v2\/product\/5817"}],"collection":[{"href":"https:\/\/iberus.pl\/index.php?rest_route=\/wp\/v2\/product"}],"about":[{"href":"https:\/\/iberus.pl\/index.php?rest_route=\/wp\/v2\/types\/product"}],"wp:featuredmedia":[{"embeddable":true,"href":"https:\/\/iberus.pl\/index.php?rest_route=\/wp\/v2\/media\/5803"}],"wp:attachment":[{"href":"https:\/\/iberus.pl\/index.php?rest_route=%2Fwp%2Fv2%2Fmedia&parent=5817"}],"wp:term":[{"taxonomy":"product_cat","embeddable":true,"href":"https:\/\/iberus.pl\/index.php?rest_route=%2Fwp%2Fv2%2Fproduct_cat&post=5817"},{"taxonomy":"product_tag","embeddable":true,"href":"https:\/\/iberus.pl\/index.php?rest_route=%2Fwp%2Fv2%2Fproduct_tag&post=5817"}],"curies":[{"name":"wp","href":"https:\/\/api.w.org\/{rel}","templated":true}]}}