{"id":5752,"date":"2016-02-09T16:46:41","date_gmt":"2016-02-09T16:46:41","guid":{"rendered":"http:\/\/gromar.de\/?product=szlifierka-szerokotasmowa-ott-typ-omega-1100"},"modified":"2017-04-22T13:36:51","modified_gmt":"2017-04-22T13:36:51","slug":"szlifierka-szerokotasmowa-ott-typ-omega-1100","status":"publish","type":"product","link":"https:\/\/iberus.pl\/?product=szlifierka-szerokotasmowa-ott-typ-omega-1100","title":{"rendered":"Szlifierka szerokotasmowa OTT, Typ: OMEGA 1100"},"content":{"rendered":"<table>\n<tbody>\n<tr>\n<td width=\"262\">\n<p>Nr.Maszyny<\/p>\n<\/td>\n<td width=\"302\">\n<p>2223<\/p>\n<\/td>\n<\/tr>\n<tr>\n<td width=\"262\">\n<p>Szerokosc szlifowania<\/p>\n<\/td>\n<td width=\"302\">\n<p>1100 mm<\/p>\n<\/td>\n<\/tr>\n<tr>\n<td width=\"262\">\n<p>Grubosc elementu min\/max.<\/p>\n<\/td>\n<td width=\"302\">\n<p>3-160 mm<\/p>\n<\/td>\n<\/tr>\n<tr>\n<td width=\"262\">\n<p>Walec kontaktowy<\/p>\n<\/td>\n<td width=\"302\">\u00a0<\/td>\n<\/tr>\n<tr>\n<td width=\"262\">\n<p>Trzewik pneumatyczny<\/p>\n<\/td>\n<td width=\"302\">\u00a0<\/td>\n<\/tr>\n<tr>\n<td width=\"262\">\n<p>Szczotka odpylajaca<\/p>\n<\/td>\n<td width=\"302\">\u00a0<\/td>\n<\/tr>\n<tr>\n<td width=\"262\">\n<p>Silnik glowny<\/p>\n<\/td>\n<td width=\"302\">\n<p>15 kW<\/p>\n<\/td>\n<\/tr>\n<tr>\n<td width=\"262\">\n<p>Wymiar tasmy szlifujacej<\/p>\n<\/td>\n<td width=\"302\">\n<p>2150&#215;1120 mm<\/p>\n<\/td>\n<\/tr>\n<tr>\n<td width=\"262\">\n<p>Predkosc tasmy szlifujacej<\/p>\n<\/td>\n<td width=\"302\">\n<p>18 m\/sec<\/p>\n<\/td>\n<\/tr>\n<tr>\n<td width=\"262\">\n<p>Predkosc tasmy transportujacej<\/p>\n<\/td>\n<td width=\"302\">\n<p>4+8 m\/min<\/p>\n<\/td>\n<\/tr>\n<tr>\n<td width=\"262\">\n<p>Silnik posuwu<\/p>\n<\/td>\n<td width=\"302\">\n<p>1,1 \/ 1,8 kW<\/p>\n<\/td>\n<\/tr>\n<tr>\n<td width=\"262\">\n<p>Elektroniczna regulacja wysokosci<\/p>\n<\/td>\n<td width=\"302\">\n<p>obrabianego elementu<\/p>\n<\/td>\n<\/tr>\n<tr>\n<td width=\"262\">\n<p>Silnik regulacji wysokosci<\/p>\n<\/td>\n<td width=\"302\">\n<p>0,8 kW<\/p>\n<\/td>\n<\/tr>\n<tr>\n<td width=\"262\">\n<p>Cisnienie robocze<\/p>\n<\/td>\n<td width=\"302\">\n<p>6 bar<\/p>\n<\/td>\n<\/tr>\n<tr>\n<td width=\"262\">\n<p>Zapotrzebowanie powietrza<\/p>\n<\/td>\n<td width=\"302\">\n<p>20 l\/min<\/p>\n<\/td>\n<\/tr>\n<tr>\n<td width=\"262\">\n<p>Podlaczenie odciagu<\/p>\n<\/td>\n<td width=\"302\">\n<p>2&#215;150 mm \/ 1&#215;120 mm<\/p>\n<\/td>\n<\/tr>\n<tr>\n<td width=\"262\">\n<p>Ogolna moc podlaczeniowa<\/p>\n<\/td>\n<td width=\"302\">\n<p>17,5 kW<\/p>\n<\/td>\n<\/tr>\n<tr>\n<td width=\"262\">\n<p>Ciezar<\/p>\n<\/td>\n<td width=\"302\">\n<p>3500 kg<\/p>\n<\/td>\n<\/tr>\n<tr>\n<td width=\"262\">\n<p>Wymiar maszyny (L x B xH )<\/p>\n<\/td>\n<td width=\"302\">\n<p>2700x1800x2100 mm<\/p>\n<\/td>\n<\/tr>\n<tr>\n<td width=\"262\">\n<p>Miejsce postoju<\/p>\n<\/td>\n<td width=\"302\">\n<p>32683 Barntrup<\/p>\n<\/td>\n<\/tr>\n<\/tbody>\n<\/table>\n<p><em>\u00a0<\/em><\/p>\n<p><em>(Z zastrze\u017ceniem, pomy\u0142ek, zmian technicznych i wcze\u015bniejszej sprzeda\u017cy)<\/em><\/p>\n","protected":false},"excerpt":{"rendered":"<p>Nr.Maszyny 2223 Szerokosc szlifowania 1100 mm Grubosc elementu min\/max. 3-160 mm Walec kontaktowy \u00a0 Trzewik pneumatyczny \u00a0 Szczotka odpylajaca \u00a0 Silnik glowny 15 kW Wymiar tasmy szlifujacej 2150&#215;1120 mm Predkosc tasmy szlifujacej 18 m\/sec Predkosc tasmy transportujacej 4+8 m\/min Silnik posuwu 1,1 \/ 1,8 kW Elektroniczna regulacja wysokosci obrabianego elementu Silnik regulacji wysokosci 0,8 kW [&hellip;]<\/p>\n","protected":false},"featured_media":5742,"template":"","meta":{"_monsterinsights_skip_tracking":false,"_monsterinsights_sitenote_active":false,"_monsterinsights_sitenote_note":"","_monsterinsights_sitenote_category":0,"ngg_post_thumbnail":0},"product_cat":[338],"product_tag":[],"class_list":{"0":"post-5752","1":"product","2":"type-product","3":"status-publish","4":"has-post-thumbnail","6":"product_cat-sprzedane","8":"first","9":"instock","10":"downloadable","11":"shipping-taxable","12":"product-type-simple"},"_links":{"self":[{"href":"https:\/\/iberus.pl\/index.php?rest_route=\/wp\/v2\/product\/5752"}],"collection":[{"href":"https:\/\/iberus.pl\/index.php?rest_route=\/wp\/v2\/product"}],"about":[{"href":"https:\/\/iberus.pl\/index.php?rest_route=\/wp\/v2\/types\/product"}],"wp:featuredmedia":[{"embeddable":true,"href":"https:\/\/iberus.pl\/index.php?rest_route=\/wp\/v2\/media\/5742"}],"wp:attachment":[{"href":"https:\/\/iberus.pl\/index.php?rest_route=%2Fwp%2Fv2%2Fmedia&parent=5752"}],"wp:term":[{"taxonomy":"product_cat","embeddable":true,"href":"https:\/\/iberus.pl\/index.php?rest_route=%2Fwp%2Fv2%2Fproduct_cat&post=5752"},{"taxonomy":"product_tag","embeddable":true,"href":"https:\/\/iberus.pl\/index.php?rest_route=%2Fwp%2Fv2%2Fproduct_tag&post=5752"}],"curies":[{"name":"wp","href":"https:\/\/api.w.org\/{rel}","templated":true}]}}