{"id":5493,"date":"2015-11-25T11:07:44","date_gmt":"2015-11-25T11:07:44","guid":{"rendered":"http:\/\/gromar.de\/?product=dwustronna-ukosnica-pilo-frezarko-wiertarka-essepigi-composit-335"},"modified":"2016-07-25T10:34:21","modified_gmt":"2016-07-25T10:34:21","slug":"dwustronna-ukosnica-pilo-frezarko-wiertarka-essepigi-composit-335","status":"publish","type":"product","link":"https:\/\/iberus.pl\/?product=dwustronna-ukosnica-pilo-frezarko-wiertarka-essepigi-composit-335","title":{"rendered":"Dwustronna ukosnica, pilo- frezarko- wiertarka Essepigi Composit 335"},"content":{"rendered":"<p><iframe loading=\"lazy\" src=\"\/\/www.youtube.com\/embed\/MZ2VY0Xebss\" width=\"425\" height=\"350\"><\/iframe><\/p>\n<p>&nbsp;<\/p>\n<table>\n<tbody>\n<tr>\n<td width=\"319\">\n<p>Maszyna- Nr.<\/p>\n<\/td>\n<td width=\"286\">\n<p>0031<\/p>\n<\/td>\n<\/tr>\n<tr>\n<td width=\"319\">\n<p>Dlugosc ciecia przy 45 \u00b0 min\/max.<\/p>\n<\/td>\n<td width=\"286\">\n<p>180-3100 mm<\/p>\n<\/td>\n<\/tr>\n<tr>\n<td width=\"319\">\n<p>Szerokosc ciecia min\/max.<\/p>\n<\/td>\n<td width=\"286\">\n<p>20-160 mm<\/p>\n<\/td>\n<\/tr>\n<tr>\n<td width=\"319\">\n<p>Wysokosc ciecia ca.<\/p>\n<\/td>\n<td width=\"286\">\n<p>85 mm<\/p>\n<\/td>\n<\/tr>\n<tr>\n<td width=\"319\">\n<p>Dlugosc robocza ustawiana motorycznie<\/p>\n<\/td>\n<td width=\"286\">\n<p>Motor 1,5 kW<\/p>\n<\/td>\n<\/tr>\n<tr>\n<td width=\"319\">\n<p><strong>Uklad agregatow na stronie:<\/strong><\/p>\n<\/td>\n<td width=\"286\">\u00a0<\/td>\n<\/tr>\n<tr>\n<td width=\"319\">\n<p><strong>Pila<\/strong><\/p>\n<p>&nbsp;<\/p>\n<p>Srednica tarczy tnacej<\/p>\n<p>Motor<\/p>\n<p>Skok pily<\/p>\n<\/td>\n<td width=\"286\">\n<p>Zakres wychylu pily 0-45 \u00b0<\/p>\n<p>Zakres obrotu agregatu\u00a0\u00a0 0-90 \u00b0<\/p>\n<p>max. 400 mm<\/p>\n<p>3 kW<\/p>\n<p>pneumatyczny<\/p>\n<\/td>\n<\/tr>\n<tr>\n<td width=\"319\">\n<p><strong>Frezujacy<\/strong><\/p>\n<p>Srednica narzedzia<\/p>\n<p>Motor<\/p>\n<\/td>\n<td width=\"286\">\n<p>Integralna czesc suportu pily<\/p>\n<p>max. 145 mm<\/p>\n<p>4 kW<\/p>\n<\/td>\n<\/tr>\n<tr>\n<td width=\"319\">\n<p><strong>Wiercacy<\/strong><\/p>\n<p>Glowica wiercaca<\/p>\n<p>Odstep miedzy jednostkami wiercacymi<\/p>\n<p>Motor<\/p>\n<\/td>\n<td width=\"286\">\n<p>Integralna czesc suportu pily<\/p>\n<p>Okragla z 5-cioma jednostkami wiercacymi<\/p>\n<p>32-32-25-20 mm, uklad krzyzowy<\/p>\n<p>1,3 kW<\/p>\n<\/td>\n<\/tr>\n<tr>\n<td width=\"319\">\n<p>Trzymanie\/ docisk obrabianego elementu<\/p>\n<\/td>\n<td width=\"286\">\n<p>pneumatyczny<\/p>\n<\/td>\n<\/tr>\n<tr>\n<td width=\"319\">\n<p>Cisnienie robocze min\/max.<\/p>\n<\/td>\n<td width=\"286\">\n<p>5,5 &#8211; 7 bar<\/p>\n<\/td>\n<\/tr>\n<tr>\n<td width=\"319\">\n<p>Inkl. Pozycjonowanie elektroniczne<\/p>\n<\/td>\n<td width=\"286\">\n<p>pozycjoner jednoosiowy<\/p>\n<\/td>\n<\/tr>\n<tr>\n<td width=\"319\">\n<p>Wyswietlacz cyfrowy<\/p>\n<\/td>\n<td width=\"286\">\n<p>DIGIT<\/p>\n<\/td>\n<\/tr>\n<tr>\n<td width=\"319\">\n<p>Sterowanie numeryczne CNC<\/p>\n<\/td>\n<td width=\"286\">\n<p>TRIA 210<\/p>\n<\/td>\n<\/tr>\n<tr>\n<td width=\"319\">\n<p>Ciezar<\/p>\n<\/td>\n<td width=\"286\">\n<p>3000 kg<\/p>\n<\/td>\n<\/tr>\n<tr>\n<td width=\"319\">\n<p>Wymiary (LxBXH)<\/p>\n<\/td>\n<td width=\"286\">\n<p>4500 x 1400 x 1600 mm<\/p>\n<\/td>\n<\/tr>\n<tr>\n<td width=\"319\">\n<p>Miejsce postoju<\/p>\n<\/td>\n<td width=\"286\">\n<p>D 32683 Barntrup<\/p>\n<\/td>\n<\/tr>\n<\/tbody>\n<\/table>\n<p>&nbsp;<\/p>\n<p><em>(Z zastrze\u017ceniem, pomy\u0142ek, zmian technicznych i wcze\u015bniejszej sprzeda\u017cy)<\/em><\/p>\n<p>&nbsp;<\/p>\n","protected":false},"excerpt":{"rendered":"<p>&nbsp; Maszyna- Nr. 0031 Dlugosc ciecia przy 45 \u00b0 min\/max. 180-3100 mm Szerokosc ciecia min\/max. 20-160 mm Wysokosc ciecia ca. 85 mm Dlugosc robocza ustawiana motorycznie Motor 1,5 kW Uklad agregatow na stronie: \u00a0 Pila &nbsp; Srednica tarczy tnacej Motor Skok pily Zakres wychylu pily 0-45 \u00b0 Zakres obrotu agregatu\u00a0\u00a0 0-90 \u00b0 max. 400 mm [&hellip;]<\/p>\n","protected":false},"featured_media":5486,"template":"","meta":{"_monsterinsights_skip_tracking":false,"_monsterinsights_sitenote_active":false,"_monsterinsights_sitenote_note":"","_monsterinsights_sitenote_category":0,"ngg_post_thumbnail":0},"product_cat":[338],"product_tag":[],"class_list":{"0":"post-5493","1":"product","2":"type-product","3":"status-publish","4":"has-post-thumbnail","6":"product_cat-sprzedane","8":"first","9":"instock","10":"downloadable","11":"shipping-taxable","12":"product-type-simple"},"_links":{"self":[{"href":"https:\/\/iberus.pl\/index.php?rest_route=\/wp\/v2\/product\/5493"}],"collection":[{"href":"https:\/\/iberus.pl\/index.php?rest_route=\/wp\/v2\/product"}],"about":[{"href":"https:\/\/iberus.pl\/index.php?rest_route=\/wp\/v2\/types\/product"}],"wp:featuredmedia":[{"embeddable":true,"href":"https:\/\/iberus.pl\/index.php?rest_route=\/wp\/v2\/media\/5486"}],"wp:attachment":[{"href":"https:\/\/iberus.pl\/index.php?rest_route=%2Fwp%2Fv2%2Fmedia&parent=5493"}],"wp:term":[{"taxonomy":"product_cat","embeddable":true,"href":"https:\/\/iberus.pl\/index.php?rest_route=%2Fwp%2Fv2%2Fproduct_cat&post=5493"},{"taxonomy":"product_tag","embeddable":true,"href":"https:\/\/iberus.pl\/index.php?rest_route=%2Fwp%2Fv2%2Fproduct_tag&post=5493"}],"curies":[{"name":"wp","href":"https:\/\/api.w.org\/{rel}","templated":true}]}}