{"id":4865,"date":"2015-05-26T09:29:12","date_gmt":"2015-05-26T09:29:12","guid":{"rendered":"http:\/\/gromar.de\/?product=linia-do-klejonki-weinig-hess-steineman-kraft-bargstedt"},"modified":"2016-07-25T10:41:42","modified_gmt":"2016-07-25T10:41:42","slug":"linia-do-klejonki-weinig-hess-steineman-kraft-bargstedt","status":"publish","type":"product","link":"https:\/\/iberus.pl\/?product=linia-do-klejonki-weinig-hess-steineman-kraft-bargstedt","title":{"rendered":"Linia do klejonki HESS, Steineman, Kraft (Bargstedt)"},"content":{"rendered":"<p>skladajaca sie z:<\/p>\n<table>\n<tbody>\n<tr>\n<td width=\"215\">\u00a0<\/td>\n<td width=\"350\">\u00a0<\/td>\n<\/tr>\n<tr>\n<td width=\"215\">\u00a0<\/td>\n<td width=\"350\">\u00a0<\/td>\n<\/tr>\n<tr>\n<td width=\"215\">\n<p>1423<\/p>\n<\/td>\n<td width=\"350\">\n<p>Masywna prasa hydrauliczna do klejenia drewna HESS, Typ: Verleimstern, rok.: 2001, z automatem do nakladania kleju i pelna mechanizacja<\/p>\n<\/td>\n<\/tr>\n<tr>\n<td width=\"215\">\u00a0<\/td>\n<td width=\"350\">\u00a0<\/td>\n<\/tr>\n<tr>\n<td width=\"215\">\n<p>1424<\/p>\n<\/td>\n<td width=\"350\">\n<p>Szlifierka do kalibracji Steinemann Typ: Osus Novella 130 Fs, z portalowym systemem odbioru plyt Fabr. Kraft, rok. 2002<\/p>\n<\/td>\n<\/tr>\n<tr>\n<td width=\"215\">\n<p>Miejsce postoju<\/p>\n<\/td>\n<td width=\"350\">\n<p>32683 Barntrup<\/p>\n<\/td>\n<\/tr>\n<\/tbody>\n<\/table>\n<p><em>\u00a0<\/em><\/p>\n<p>wiecej danych w zalacznikach PDF<\/p>\n<p>&nbsp;<\/p>\n<p><em>(Z zastrze\u017ceniem, pomy\u0142ek, zmian technicznych i wcze\u015bniejszej sprzeda\u017cy)<\/em><\/p>\n","protected":false},"excerpt":{"rendered":"<p>skladajaca sie z: \u00a0 \u00a0 \u00a0 \u00a0 1423 Masywna prasa hydrauliczna do klejenia drewna HESS, Typ: Verleimstern, rok.: 2001, z automatem do nakladania kleju i pelna mechanizacja \u00a0 \u00a0 1424 Szlifierka do kalibracji Steinemann Typ: Osus Novella 130 Fs, z portalowym systemem odbioru plyt Fabr. Kraft, rok. 2002 Miejsce postoju 32683 Barntrup \u00a0 wiecej danych [&hellip;]<\/p>\n","protected":false},"featured_media":4882,"template":"","meta":{"_monsterinsights_skip_tracking":false,"_monsterinsights_sitenote_active":false,"_monsterinsights_sitenote_note":"","_monsterinsights_sitenote_category":0,"ngg_post_thumbnail":0},"product_cat":[338],"product_tag":[],"class_list":{"0":"post-4865","1":"product","2":"type-product","3":"status-publish","4":"has-post-thumbnail","6":"product_cat-sprzedane","8":"first","9":"instock","10":"downloadable","11":"shipping-taxable","12":"product-type-simple"},"_links":{"self":[{"href":"https:\/\/iberus.pl\/index.php?rest_route=\/wp\/v2\/product\/4865"}],"collection":[{"href":"https:\/\/iberus.pl\/index.php?rest_route=\/wp\/v2\/product"}],"about":[{"href":"https:\/\/iberus.pl\/index.php?rest_route=\/wp\/v2\/types\/product"}],"wp:featuredmedia":[{"embeddable":true,"href":"https:\/\/iberus.pl\/index.php?rest_route=\/wp\/v2\/media\/4882"}],"wp:attachment":[{"href":"https:\/\/iberus.pl\/index.php?rest_route=%2Fwp%2Fv2%2Fmedia&parent=4865"}],"wp:term":[{"taxonomy":"product_cat","embeddable":true,"href":"https:\/\/iberus.pl\/index.php?rest_route=%2Fwp%2Fv2%2Fproduct_cat&post=4865"},{"taxonomy":"product_tag","embeddable":true,"href":"https:\/\/iberus.pl\/index.php?rest_route=%2Fwp%2Fv2%2Fproduct_tag&post=4865"}],"curies":[{"name":"wp","href":"https:\/\/api.w.org\/{rel}","templated":true}]}}