{"id":4486,"date":"2015-06-15T09:04:16","date_gmt":"2015-06-15T09:04:16","guid":{"rendered":"http:\/\/gromar.de\/?product=linia-do-obrobki-plyty-meblowej-ima-meinert-holzma-homag"},"modified":"2016-07-25T10:28:27","modified_gmt":"2016-07-25T10:28:27","slug":"linia-do-obrobki-plyty-meblowej-ima-meinert-holzma-homag","status":"publish","type":"product","link":"https:\/\/iberus.pl\/?product=linia-do-obrobki-plyty-meblowej-ima-meinert-holzma-homag","title":{"rendered":"Linia do obrobki plyty meblowej IMA MEINERT, HOLZMA, HOMAG"},"content":{"rendered":"<p lang=\"it-IT\"><span style=\"font-size: large;\"><span style=\"color: #000000;\"><span style=\"font-family: Arial,sans-serif;\"><span style=\"font-size: small;\"><span lang=\"de-DE\"><iframe loading=\"lazy\" src=\"\/\/www.youtube.com\/embed\/VOeun0wYZS4\" width=\"425\" height=\"350\"><\/iframe><\/span><\/span><\/span><\/span><\/span><\/p>\n<p><span style=\"font-family: Arial,sans-serif;\"><span style=\"font-size: small;\">\u00a0<\/span><\/span><\/p>\n<p>&nbsp;<\/p>\n<p><strong><span style=\"color: #ff0000;\">Layouts w plikac<span style=\"color: #ff0000;\">h PDF<\/span> ponizej:<\/span><\/strong><\/p>\n<p>&nbsp;<\/p>\n<p><span style=\"font-family: Arial,sans-serif;\"><span style=\"font-size: small;\"><span lang=\"pl-PL\"><b>Linia do obrobki plyty meblowej <\/b><\/span><\/span><\/span><span style=\"font-family: Arial,sans-serif;\"><span style=\"font-size: small;\"><span lang=\"pl-PL\"><b>IMA MEINERT, HOLZMA, HOMAG<\/b><\/span><\/span><\/span><\/p>\n<p>&nbsp;<\/p>\n<p lang=\"pl-PL\"><span style=\"color: #221f1f;\"><span style=\"font-family: Arial,sans-serif;\"><span style=\"font-size: small;\">skladajaca sie z:<\/span><\/span><\/span><\/p>\n<table border=\"0\" width=\"565\" cellspacing=\"0\" cellpadding=\"7\">\n<colgroup>\n<col width=\"296\" \/>\n<col width=\"241\" \/> <\/colgroup>\n<tbody>\n<tr valign=\"TOP\">\n<td width=\"296\">\n<p lang=\"it-IT\"><span style=\"font-size: large;\"><span style=\"color: #000000;\"><span style=\"font-family: Arial,sans-serif;\"><span style=\"font-size: small;\"><span lang=\"pl-PL\">1426 Magazyn plyty z portalowym zaladunkiem<\/span><\/span><\/span><\/span><\/span><\/p>\n<\/td>\n<td width=\"241\">\n<p lang=\"pl-PL\"><span style=\"color: #000000;\"><span style=\"font-family: Arial,sans-serif;\"><span style=\"font-size: small;\">IMA Meinert<\/span><\/span><\/span><\/p>\n<p lang=\"de-DE\"><span style=\"color: #000000;\"><span style=\"font-family: Arial,sans-serif;\"><span style=\"font-size: small;\">Typ: P450 X\/Y\/Z \u2013HS- 25,00\/ 16,95<\/span><\/span><\/span><\/p>\n<p lang=\"it-IT\"><span style=\"font-size: large;\"><span style=\"color: #000000;\"><span style=\"font-family: Arial,sans-serif;\"><span style=\"font-size: small;\"><span lang=\"de-DE\">Nr.maszyny 1443<\/span><\/span><\/span><\/span><\/span><\/p>\n<\/td>\n<\/tr>\n<tr valign=\"TOP\">\n<td width=\"296\">\u00a0<\/td>\n<td width=\"241\">\u00a0<\/td>\n<\/tr>\n<tr valign=\"TOP\">\n<td width=\"296\">\n<p lang=\"pl-PL\"><span style=\"color: #000000;\"><span style=\"font-family: Arial,sans-serif;\"><span style=\"font-size: small;\">1427 Pila poprzecznego do rozkroju <\/span><\/span><\/span><\/p>\n<\/td>\n<td width=\"241\">\n<p lang=\"it-IT\"><span style=\"font-size: large;\"><span style=\"color: #000000;\"><span style=\"font-family: Arial,sans-serif;\"><span style=\"font-size: small;\"><span lang=\"de-DE\">HOLZMA, Typ: HQP 11\/13\/32\/X<\/span><\/span><\/span><\/span><\/span><\/p>\n<p lang=\"it-IT\"><span style=\"font-size: large;\"><span style=\"color: #000000;\"><span style=\"font-family: Arial,sans-serif;\"><span style=\"font-size: small;\"><span lang=\"pl-PL\">Nr.maszyny 0-242-14-2823<\/span><\/span><\/span><\/span><\/span><\/p>\n<p lang=\"it-IT\"><span style=\"font-size: large;\"><span style=\"color: #000000;\"><span style=\"font-family: Arial,sans-serif;\"><span style=\"font-size: small;\"><span lang=\"pl-PL\">rok budowy: 2003 <\/span><\/span><\/span><\/span><\/span><\/p>\n<\/td>\n<\/tr>\n<tr valign=\"TOP\">\n<td width=\"296\">\u00a0<\/td>\n<td width=\"241\">\u00a0<\/td>\n<\/tr>\n<tr valign=\"TOP\">\n<td width=\"296\">\n<p lang=\"it-IT\"><span style=\"font-size: large;\"><span style=\"color: #000000;\"><span style=\"font-family: Arial,sans-serif;\"><span style=\"font-size: small;\"><span lang=\"pl-PL\">1428 Dwustronna linia do obrobki krawedzi<\/span><\/span><\/span><\/span><\/span><\/p>\n<\/td>\n<td width=\"241\">\n<p lang=\"en-US\"><span style=\"color: #000000;\"><span style=\"font-family: Arial,sans-serif;\"><span style=\"font-size: small;\">HOMAG, Typ: PROFI FL 20\/07\/15\/S<\/span><\/span><\/span><\/p>\n<p lang=\"pl-PL\"><span style=\"color: #000000;\"><span style=\"font-family: Arial,sans-serif;\"><span style=\"font-size: small;\">Nr.maszyny 0-203-37-0232<\/span><\/span><\/span><\/p>\n<p lang=\"it-IT\"><span style=\"font-size: large;\"><span style=\"color: #000000;\"><span style=\"font-family: Arial,sans-serif;\"><span style=\"font-size: small;\"><span lang=\"pl-PL\">rok budowy.:2004<\/span><\/span><\/span><\/span><\/span><\/p>\n<\/td>\n<\/tr>\n<tr valign=\"TOP\">\n<td width=\"296\">\u00a0<\/td>\n<td width=\"241\">\u00a0<\/td>\n<\/tr>\n<tr valign=\"TOP\">\n<td width=\"296\">\n<p lang=\"pl-PL\"><span style=\"color: #000000;\"><span style=\"font-family: Arial,sans-serif;\"><span style=\"font-size: small;\">Miejsce postoju<\/span><\/span><\/span><\/p>\n<\/td>\n<td width=\"241\">\n<p lang=\"de-DE\"><span style=\"color: #000000;\"><span style=\"font-family: Arial,sans-serif;\"><span style=\"font-size: small;\">91567 Herrieden<\/span><\/span><\/span><\/p>\n<\/td>\n<\/tr>\n<tr valign=\"TOP\">\n<td width=\"296\">\n<p lang=\"pl-PL\"><span style=\"color: #000000;\"><span style=\"font-family: Arial,sans-serif;\"><span style=\"font-size: small;\">Termin demontazu i odbioru<\/span><\/span><\/span><\/p>\n<\/td>\n<td width=\"241\">\n<p lang=\"de-DE\"><span style=\"color: #000000;\"><span style=\"font-family: Arial,sans-serif;\"><span style=\"font-size: small;\">07.08-14.08.2015<\/span><\/span><\/span><\/p>\n<\/td>\n<\/tr>\n<\/tbody>\n<\/table>\n<p lang=\"pl-PL\">\u00a0<\/p>\n<p lang=\"pl-PL\"><span style=\"color: #000000;\"><span style=\"font-family: Arial,sans-serif;\"><span style=\"font-size: small;\"><i>(Z zastrze\u017ceniem, pomy\u0142ek, zmian technicznych i wcze\u015bniejszej sprzeda\u017cy)<\/i><\/span><\/span><\/span><\/p>\n<p lang=\"pl-PL\">\u00a0<\/p>\n<p>&nbsp;<\/p>\n","protected":false},"excerpt":{"rendered":"<p>\u00a0 &nbsp; Layouts w plikach PDF ponizej: &nbsp; Linia do obrobki plyty meblowej IMA MEINERT, HOLZMA, HOMAG &nbsp; skladajaca sie z: 1426 Magazyn plyty z portalowym zaladunkiem IMA Meinert Typ: P450 X\/Y\/Z \u2013HS- 25,00\/ 16,95 Nr.maszyny 1443 \u00a0 \u00a0 1427 Pila poprzecznego do rozkroju HOLZMA, Typ: HQP 11\/13\/32\/X Nr.maszyny 0-242-14-2823 rok budowy: 2003 \u00a0 \u00a0 [&hellip;]<\/p>\n","protected":false},"featured_media":4448,"template":"","meta":{"_monsterinsights_skip_tracking":false,"_monsterinsights_sitenote_active":false,"_monsterinsights_sitenote_note":"","_monsterinsights_sitenote_category":0,"ngg_post_thumbnail":0},"product_cat":[338],"product_tag":[],"class_list":{"0":"post-4486","1":"product","2":"type-product","3":"status-publish","4":"has-post-thumbnail","6":"product_cat-sprzedane","8":"first","9":"instock","10":"downloadable","11":"shipping-taxable","12":"product-type-simple"},"_links":{"self":[{"href":"https:\/\/iberus.pl\/index.php?rest_route=\/wp\/v2\/product\/4486"}],"collection":[{"href":"https:\/\/iberus.pl\/index.php?rest_route=\/wp\/v2\/product"}],"about":[{"href":"https:\/\/iberus.pl\/index.php?rest_route=\/wp\/v2\/types\/product"}],"wp:featuredmedia":[{"embeddable":true,"href":"https:\/\/iberus.pl\/index.php?rest_route=\/wp\/v2\/media\/4448"}],"wp:attachment":[{"href":"https:\/\/iberus.pl\/index.php?rest_route=%2Fwp%2Fv2%2Fmedia&parent=4486"}],"wp:term":[{"taxonomy":"product_cat","embeddable":true,"href":"https:\/\/iberus.pl\/index.php?rest_route=%2Fwp%2Fv2%2Fproduct_cat&post=4486"},{"taxonomy":"product_tag","embeddable":true,"href":"https:\/\/iberus.pl\/index.php?rest_route=%2Fwp%2Fv2%2Fproduct_tag&post=4486"}],"curies":[{"name":"wp","href":"https:\/\/api.w.org\/{rel}","templated":true}]}}