{"id":4275,"date":"2015-04-17T20:30:08","date_gmt":"2015-04-17T20:30:08","guid":{"rendered":"http:\/\/gromar.de\/?product=edge-bander-homag-optimat-typ-78a20s2-year-2000"},"modified":"2015-10-06T12:33:55","modified_gmt":"2015-10-06T12:33:55","slug":"edge-bander-homag-optimat-typ-78a20s2-year-2000","status":"publish","type":"product","link":"https:\/\/iberus.pl\/?product=edge-bander-homag-optimat-typ-78a20s2-year-2000","title":{"rendered":"Edge bander HOMAG OPTIMAT, Typ: 78\/A20\/S2, year 2000"},"content":{"rendered":"<p><iframe loading=\"lazy\" src=\"\/\/www.youtube.com\/embed\/NBj6qGGPlrk\" width=\"425\" height=\"350\"><\/iframe><\/p>\n<p>&nbsp;<\/p>\n<table>\n<tbody>\n<tr>\n<td width=\"215\">\n<p><strong>Arbeitsma\u00dfe:<\/strong><\/p>\n<\/td>\n<td width=\"350\">\u00a0<\/td>\n<\/tr>\n<tr>\n<td width=\"215\">\n<p>Werkst\u00fcckbreite min.55 mm<\/p>\n<\/td>\n<td width=\"350\">\n<p>bei Werkst\u00fcckdicke 22 mm<\/p>\n<\/td>\n<\/tr>\n<tr>\n<td width=\"215\">\n<p>Werkst\u00fcckbreite min.100 mm<\/p>\n<\/td>\n<td width=\"350\">\n<p>bei Werkst\u00fcckdicke 60 mm<\/p>\n<\/td>\n<\/tr>\n<tr>\n<td width=\"215\">\n<p>Werkst\u00fcckdicke<\/p>\n<\/td>\n<td width=\"350\">\n<p>12-60 mm<\/p>\n<\/td>\n<\/tr>\n<tr>\n<td width=\"215\">\n<p>Werkst\u00fcck\u00fcberstand max.<\/p>\n<\/td>\n<td width=\"350\">\n<p>30 mm<\/p>\n<\/td>\n<\/tr>\n<tr>\n<td width=\"215\">\n<p>Kantenmaterial Streifen<\/p>\n<\/td>\n<td width=\"350\">\n<p>0,4 &#8211; 20 mm<\/p>\n<\/td>\n<\/tr>\n<tr>\n<td width=\"215\">\n<p>Kantenl\u00e4nge Streifen min.<\/p>\n<\/td>\n<td width=\"350\">\n<p>200 mm<\/p>\n<\/td>\n<\/tr>\n<tr>\n<td width=\"215\">\n<p>Kantenmaterial Rolle<\/p>\n<\/td>\n<td width=\"350\">\n<p>0,3 &#8211; 3 mm<\/p>\n<\/td>\n<\/tr>\n<tr>\n<td width=\"215\">\n<p>Kantenl\u00e4nge Rolle min.<\/p>\n<\/td>\n<td width=\"350\">\n<p>150 mm<\/p>\n<\/td>\n<\/tr>\n<tr>\n<td width=\"215\">\n<p>Transportkette<\/p>\n<\/td>\n<td width=\"350\">\n<p>80 mm breit mit Gummiauflage<\/p>\n<\/td>\n<\/tr>\n<tr>\n<td width=\"215\">\n<p>Werkst\u00fcckauflage<\/p>\n<\/td>\n<td width=\"350\">\n<p>ausziehbare Rollenschiene ca.800 mm<\/p>\n<\/td>\n<\/tr>\n<tr>\n<td width=\"215\">\n<p>Vorschub stufenlos regelbar<\/p>\n<\/td>\n<td width=\"350\">\n<p>18 &#8211; 24 m\/min<\/p>\n<\/td>\n<\/tr>\n<tr>\n<td width=\"215\">\n<p><strong>Aggregate :<\/strong><\/p>\n<\/td>\n<td width=\"350\">\u00a0<\/td>\n<\/tr>\n<tr>\n<td width=\"215\">\n<p>F\u00fcgefr\u00e4saggregat<\/p>\n<\/td>\n<td width=\"350\">\n<p>2 x 3 kW; 150 Hz;9000 Upm<\/p>\n<\/td>\n<\/tr>\n<tr>\n<td width=\"215\">\n<p>Werkst\u00fcckvorw\u00e4rmung<\/p>\n<\/td>\n<td width=\"350\">\n<p>zur Erw\u00e4rmung der Werkst\u00fcckkante vor der Leimangabe<\/p>\n<\/td>\n<\/tr>\n<tr>\n<td width=\"215\">\n<p>Verleimteil A 20 bestehend aus:<\/p>\n<p>-Schmelzkleberaggregat QA34<\/p>\n<p>-Magazin<\/p>\n<p>&nbsp;<\/p>\n<p>-Rollentrenneinrichtung<\/p>\n<p>-Druckzone C<\/p>\n<\/td>\n<td width=\"350\">\n<p>&nbsp;<\/p>\n<p>Aufschmelzeinheit mit Granulatbeh\u00e4lter<\/p>\n<p>f\u00fcr Massivkante, Streifenware und Rollenware<\/p>\n<p>Zuf\u00fchrung der Streifenware \u00fcber Vakuumsauger<\/p>\n<p>&nbsp;<\/p>\n<p>1 angetriebene Vorpressrolle \u00d8 50 mm<\/p>\n<p>6 Nachpressrollen \u00d8 70 mm<\/p>\n<p>Druckeinstellung pneumatisch<\/p>\n<p>Zentralle Verstellung auf verschiedene Kantendicke<\/p>\n<\/td>\n<\/tr>\n<tr>\n<td width=\"215\">\n<p>Kappaggregat HL 83<\/p>\n<\/td>\n<td width=\"350\">\n<p>2 x 0,5 kW; 200 Hz;12000 Upm;<\/p>\n<p>Fase\/Grade<\/p>\n<\/td>\n<\/tr>\n<tr>\n<td width=\"215\">\n<p>Erweiterung Magazin A\/E 12\/A20<\/p>\n<\/td>\n<td width=\"350\">\n<p>auf 2 Rollen anstelle Einfachrolle<\/p>\n<\/td>\n<\/tr>\n<tr>\n<td width=\"215\">\n<p>Leimrollenantrieb KL\/R70<\/p>\n<\/td>\n<td width=\"350\">\n<p>Schmelzkleber<\/p>\n<\/td>\n<\/tr>\n<tr>\n<td width=\"215\">\n<p>Vorfr\u00e4saggregat Optimat<\/p>\n<\/td>\n<td width=\"350\">\n<p>2 x 1,5 kW; 200 Hz;12000 Upm<\/p>\n<\/td>\n<\/tr>\n<tr>\n<td width=\"215\">\n<p>Formfr\u00e4saggregat FK 13<\/p>\n<p>&nbsp;<\/p>\n<\/td>\n<td width=\"350\">\n<p>2 x0,55 kW; 200 Hz;12000 Upm<\/p>\n<p>Automatischer 8-fach Werkzeugwechsler<\/p>\n<p>zum Bearbeiten der Kanten\u00fcberst\u00e4nde an der Werkst\u00fcckober- und unterkante sowie zum Umfr\u00e4sen der Werkst\u00fcckvorder &#8211; und hinterkante in Verbindung mit Kappaggregat und Vorfr\u00e4saggregat<\/p>\n<\/td>\n<\/tr>\n<tr>\n<td width=\"215\">\n<p>Freier Platz<\/p>\n<\/td>\n<td width=\"350\">\n<p>600 mm f\u00fcr Universalfr\u00e4sen<\/p>\n<\/td>\n<\/tr>\n<tr>\n<td width=\"215\">\n<p>Multi-Nachputzeinrichtung<\/p>\n<\/td>\n<td width=\"350\">\n<p>MN 21 Automatisch f\u00fcr max. 3 unterschiedliche Profile<\/p>\n<\/td>\n<\/tr>\n<tr>\n<td width=\"215\">\n<p>Nachputzeinrichtung Leimfuge<\/p>\n<\/td>\n<td width=\"350\">\n<p>Beseitigung von Klebstoffresten im Bereich<\/p>\n<p>der Leimfuge<\/p>\n<\/td>\n<\/tr>\n<tr>\n<td width=\"215\">\n<p>Bandschleifaggregat KS 10<\/p>\n<\/td>\n<td width=\"350\">\n<p>zum Schleifen von geraden Kanten<\/p>\n<p>Bandl\u00e4nge 2100 mm; Bandbreite 120 mm<\/p>\n<\/td>\n<\/tr>\n<tr>\n<td width=\"215\">\n<p>Schwabbelaggregat<\/p>\n<\/td>\n<td width=\"350\">\n<p>2x 0,25 kW; oben \/ unten mit Oszillation<\/p>\n<\/td>\n<\/tr>\n<tr>\n<td width=\"215\">\n<p><strong>Maschinenelektrik:<\/strong><\/p>\n<\/td>\n<td width=\"350\">\u00a0<\/td>\n<\/tr>\n<tr>\n<td width=\"215\">\n<p>Betriebsspannung<\/p>\n<\/td>\n<td width=\"350\">\n<p>380\/400 Volt; 50\/60 Hz<\/p>\n<\/td>\n<\/tr>\n<tr>\n<td width=\"215\">\n<p>Steuerspannung<\/p>\n<\/td>\n<td width=\"350\">\n<p>24 Volt<\/p>\n<\/td>\n<\/tr>\n<tr>\n<td width=\"215\">\n<p>Gesamtanschluss<\/p>\n<\/td>\n<td width=\"350\">\n<p>56 A<\/p>\n<\/td>\n<\/tr>\n<tr>\n<td width=\"215\">\n<p><strong>Maschinensteuerung: <\/strong><\/p>\n<\/td>\n<td width=\"350\">\n<p>HOMAG HOMATIC NC 21<\/p>\n<\/td>\n<\/tr>\n<tr>\n<td width=\"215\">\n<p>Gewicht<\/p>\n<\/td>\n<td width=\"350\">\n<p>6000 kg<\/p>\n<\/td>\n<\/tr>\n<tr>\n<td width=\"215\">\n<p>Abmessungen (L x B xH )<\/p>\n<\/td>\n<td width=\"350\">\n<p>9600x1300x2000 mm<\/p>\n<\/td>\n<\/tr>\n<tr>\n<td width=\"215\">\u00a0<\/td>\n<td width=\"350\">\u00a0<\/td>\n<\/tr>\n<\/tbody>\n<\/table>\n<p><em>\u00a0<\/em><\/p>\n<p><em>(\u00c4nderungen und Irrt\u00fcmer in den technischen Daten sowie Zwischenverkauf vorbehalten)<\/em><\/p>\n","protected":false},"excerpt":{"rendered":"<p>&nbsp; Arbeitsma\u00dfe: \u00a0 Werkst\u00fcckbreite min.55 mm bei Werkst\u00fcckdicke 22 mm Werkst\u00fcckbreite min.100 mm bei Werkst\u00fcckdicke 60 mm Werkst\u00fcckdicke 12-60 mm Werkst\u00fcck\u00fcberstand max. 30 mm Kantenmaterial Streifen 0,4 &#8211; 20 mm Kantenl\u00e4nge Streifen min. 200 mm Kantenmaterial Rolle 0,3 &#8211; 3 mm Kantenl\u00e4nge Rolle min. 150 mm Transportkette 80 mm breit mit Gummiauflage Werkst\u00fcckauflage ausziehbare Rollenschiene [&hellip;]<\/p>\n","protected":false},"featured_media":4191,"template":"","meta":{"_monsterinsights_skip_tracking":false,"_monsterinsights_sitenote_active":false,"_monsterinsights_sitenote_note":"","_monsterinsights_sitenote_category":0,"ngg_post_thumbnail":0},"product_cat":[336],"product_tag":[],"class_list":{"0":"post-4275","1":"product","2":"type-product","3":"status-publish","4":"has-post-thumbnail","6":"product_cat-sold","8":"first","9":"instock","10":"shipping-taxable","11":"product-type-simple"},"_links":{"self":[{"href":"https:\/\/iberus.pl\/index.php?rest_route=\/wp\/v2\/product\/4275"}],"collection":[{"href":"https:\/\/iberus.pl\/index.php?rest_route=\/wp\/v2\/product"}],"about":[{"href":"https:\/\/iberus.pl\/index.php?rest_route=\/wp\/v2\/types\/product"}],"wp:featuredmedia":[{"embeddable":true,"href":"https:\/\/iberus.pl\/index.php?rest_route=\/wp\/v2\/media\/4191"}],"wp:attachment":[{"href":"https:\/\/iberus.pl\/index.php?rest_route=%2Fwp%2Fv2%2Fmedia&parent=4275"}],"wp:term":[{"taxonomy":"product_cat","embeddable":true,"href":"https:\/\/iberus.pl\/index.php?rest_route=%2Fwp%2Fv2%2Fproduct_cat&post=4275"},{"taxonomy":"product_tag","embeddable":true,"href":"https:\/\/iberus.pl\/index.php?rest_route=%2Fwp%2Fv2%2Fproduct_tag&post=4275"}],"curies":[{"name":"wp","href":"https:\/\/api.w.org\/{rel}","templated":true}]}}