{"id":4269,"date":"2015-04-14T12:54:44","date_gmt":"2015-04-14T12:54:44","guid":{"rendered":"http:\/\/gromar.de\/?product=prasa-prozniowa-reinu-3-d"},"modified":"2017-04-22T13:21:35","modified_gmt":"2017-04-22T13:21:35","slug":"prasa-prozniowa-reinu-3-d","status":"publish","type":"product","link":"https:\/\/iberus.pl\/?product=prasa-prozniowa-reinu-3-d","title":{"rendered":"Prasa pr\u00f3\u017cniowa REIN\u00dc 3D Duo-Schutti-Press &#8211; z dwoma stolami roboczymi"},"content":{"rendered":"<p><strong><iframe loading=\"lazy\" src=\"\/\/www.youtube.com\/embed\/ABNOiD_NyOE\" width=\"425\" height=\"350\"><\/iframe><\/strong><\/p>\n<p>&nbsp;<\/p>\n<p><strong>Prasa prozniowa REINU 3 D Duo-Schutti-Press (Germany)<\/strong><\/p>\n<p>Do okleinowania w technologii 3D . Idealna do frontow meblowych.<\/p>\n<p>&nbsp;<\/p>\n<table>\n<tbody>\n<tr>\n<td width=\"243\">\n<p>2 Stoly robocze<\/p>\n<\/td>\n<td width=\"312\">\n<p>do pracy naprzemiennej<\/p>\n<\/td>\n<\/tr>\n<tr>\n<td width=\"243\">\n<p>Wymiary stolow roboczych<\/p>\n<\/td>\n<td width=\"312\">\n<p>1300&#215;2000 mm<\/p>\n<\/td>\n<\/tr>\n<tr>\n<td width=\"243\">\n<p>Temperatura<\/p>\n<\/td>\n<td width=\"312\">\n<p>max. 160 \u00b0C<\/p>\n<\/td>\n<\/tr>\n<tr>\n<td width=\"243\">\n<p>Czas presowania \/ takt roboczy<\/p>\n<\/td>\n<td width=\"312\">\n<p>2- 5 min, w zaleznosci od rodzaju folii<\/p>\n<\/td>\n<\/tr>\n<tr>\n<td width=\"243\">\n<p>Tryb pracy prasy<\/p>\n<\/td>\n<td width=\"312\">\n<p>do wyboru manualny badz automatyczny<\/p>\n<\/td>\n<\/tr>\n<tr>\n<td width=\"243\">\n<p>\u00a0 Sterowanie<\/p>\n<\/td>\n<td width=\"312\">\n<p>Simens Simatic<\/p>\n<\/td>\n<\/tr>\n<tr>\n<td width=\"243\">\n<p>Zasada dzialania prasy:<\/p>\n<\/td>\n<td width=\"312\">\u00a0<\/td>\n<\/tr>\n<tr>\n<td width=\"243\">\n<p>1.\u00a0\u00a0\u00a0\u00a0 Stol<\/p>\n<\/td>\n<td width=\"312\">\n<p>w trakcie taktu roboczego zamkniety jest w prasie,<\/p>\n<\/td>\n<\/tr>\n<tr>\n<td width=\"243\">\n<p>2.\u00a0\u00a0\u00a0\u00a0 Stol<\/p>\n<\/td>\n<td width=\"312\">\n<p>sluzy do zaladunku kolejnych elementow do<\/p>\n<p>nastepnego taktu roboczego<\/p>\n<\/td>\n<\/tr>\n<tr>\n<td width=\"243\">\n<p>Po zakonczeniu czasu presowania<\/p>\n<\/td>\n<td width=\"312\">\n<p>Prasa otwiera sie automatycznie<\/p>\n<\/td>\n<\/tr>\n<tr>\n<td width=\"243\">\n<p>Stol z gotowymi elementami opuszcza prase, a stol z nowym zaladunkiem wjezdza do prasy<\/p>\n<\/td>\n<td width=\"312\">\n<p>wszytko odbywa sie automatycznie w 1 cyklu<\/p>\n<\/td>\n<\/tr>\n<tr>\n<td width=\"243\">\n<p>Ciezar<\/p>\n<\/td>\n<td width=\"312\">\n<p>ok. 6 T<\/p>\n<\/td>\n<\/tr>\n<tr>\n<td width=\"243\">\n<p>Wymiary ( L x W x H)<\/p>\n<\/td>\n<td width=\"312\">\n<p>Prasa \u00a02400 x 2200 mm + dlugosci stolow roboczych<\/p>\n<\/td>\n<\/tr>\n<tr>\n<td width=\"243\">\n<p>Standort<\/p>\n<\/td>\n<td width=\"312\">\n<p>D 32683 Barntrup<\/p>\n<\/td>\n<\/tr>\n<\/tbody>\n<\/table>\n<p>\u00a0<em>(Z zastrze\u017ceniem, pomy\u0142ek, zmian technicznych i wcze\u015bniejszej sprzeda\u017cy<\/em><\/p>\n","protected":false},"excerpt":{"rendered":"<p>&nbsp;<\/p>\n<p>&nbsp;<\/p>\n","protected":false},"featured_media":4260,"template":"","meta":{"_monsterinsights_skip_tracking":false,"_monsterinsights_sitenote_active":false,"_monsterinsights_sitenote_note":"","_monsterinsights_sitenote_category":0,"ngg_post_thumbnail":0},"product_cat":[338],"product_tag":[],"class_list":{"0":"post-4269","1":"product","2":"type-product","3":"status-publish","4":"has-post-thumbnail","6":"product_cat-sprzedane","8":"first","9":"instock","10":"shipping-taxable","11":"product-type-simple"},"_links":{"self":[{"href":"https:\/\/iberus.pl\/index.php?rest_route=\/wp\/v2\/product\/4269"}],"collection":[{"href":"https:\/\/iberus.pl\/index.php?rest_route=\/wp\/v2\/product"}],"about":[{"href":"https:\/\/iberus.pl\/index.php?rest_route=\/wp\/v2\/types\/product"}],"wp:featuredmedia":[{"embeddable":true,"href":"https:\/\/iberus.pl\/index.php?rest_route=\/wp\/v2\/media\/4260"}],"wp:attachment":[{"href":"https:\/\/iberus.pl\/index.php?rest_route=%2Fwp%2Fv2%2Fmedia&parent=4269"}],"wp:term":[{"taxonomy":"product_cat","embeddable":true,"href":"https:\/\/iberus.pl\/index.php?rest_route=%2Fwp%2Fv2%2Fproduct_cat&post=4269"},{"taxonomy":"product_tag","embeddable":true,"href":"https:\/\/iberus.pl\/index.php?rest_route=%2Fwp%2Fv2%2Fproduct_tag&post=4269"}],"curies":[{"name":"wp","href":"https:\/\/api.w.org\/{rel}","templated":true}]}}