{"id":4256,"date":"2015-04-14T12:42:22","date_gmt":"2015-04-14T12:42:22","guid":{"rendered":"http:\/\/gromar.de\/?product=prasa-membranowa-friz-model-optimat-mfp-1527-rok-budowy-1999"},"modified":"2015-05-20T19:42:42","modified_gmt":"2015-05-20T19:42:42","slug":"prasa-membranowa-friz-model-optimat-mfp-1527-rok-budowy-1999","status":"publish","type":"product","link":"https:\/\/iberus.pl\/?product=prasa-membranowa-friz-model-optimat-mfp-1527-rok-budowy-1999","title":{"rendered":"Prasa membranowa  Friz, Model: Optimat MFP 15\/27, rok budowy: 1999"},"content":{"rendered":"<p><strong><iframe loading=\"lazy\" src=\"\/\/www.youtube.com\/embed\/ex9l8elqTDM\" width=\"425\" height=\"350\"><\/iframe><\/strong><\/p>\n<p>&nbsp;<\/p>\n<p><strong>Prasa membranowa z\u00a0 <\/strong><strong>\u00a0magazynem folii- Paternoster<\/strong><\/p>\n<table>\n<tbody>\n<tr>\n<td width=\"215\">\n<p><strong>Prasa <\/strong><\/p>\n<p><strong>Nr.maszyny 0-270-06-0359<\/strong><\/p>\n<\/td>\n<td width=\"350\">\n<p>Do okleinowania w technologii 3D elementow profilowanych i gietych. Idealna do fronotw meblowych<\/p>\n<\/td>\n<\/tr>\n<tr>\n<td width=\"215\">\n<p>Material<\/p>\n<\/td>\n<td width=\"350\">\n<p>Folie termoplastyczne PVC,PP, ABS oraz fornir<\/p>\n<\/td>\n<\/tr>\n<tr>\n<td width=\"215\">\n<p>Sposob okleinowania<\/p>\n<\/td>\n<td width=\"350\">\n<p>Z uzyciem i bez uzycia membrany<\/p>\n<\/td>\n<\/tr>\n<tr>\n<td width=\"215\">\n<p>Max. wymiary plyty<\/p>\n<\/td>\n<td width=\"350\">\n<p>1500 x 2700 mm<\/p>\n<\/td>\n<\/tr>\n<tr>\n<td width=\"215\">\n<p>Max. powierzchnia uzytkowa<\/p>\n<\/td>\n<td width=\"350\">\n<p>1250 x 2450 mm<\/p>\n<\/td>\n<\/tr>\n<tr>\n<td width=\"215\">\n<p>Wysokosc komory roboczej<\/p>\n<\/td>\n<td width=\"350\">\n<p>60 mm<\/p>\n<\/td>\n<\/tr>\n<tr>\n<td width=\"215\">\n<p>Max. cisnienie komory roboczej<\/p>\n<\/td>\n<td width=\"350\">\n<p>5 bar<\/p>\n<\/td>\n<\/tr>\n<tr>\n<td width=\"215\">\n<p>Betriebsdruck<\/p>\n<\/td>\n<td width=\"350\">\n<p>200 bar<\/p>\n<\/td>\n<\/tr>\n<tr>\n<td width=\"215\">\n<p>Agregat hydrauliczny<\/p>\n<\/td>\n<td width=\"350\">\n<p>5,5 kW<\/p>\n<\/td>\n<\/tr>\n<tr>\n<td width=\"215\">\n<p>Moc pompy rpzniowej<\/p>\n<\/td>\n<td width=\"350\">\n<p>4,0 kW<\/p>\n<\/td>\n<\/tr>\n<tr>\n<td width=\"215\">\n<p>Moc gornej plyty grzewczej<\/p>\n<\/td>\n<td width=\"350\">\n<p>24 kW<\/p>\n<\/td>\n<\/tr>\n<tr>\n<td width=\"215\">\n<p>Calkowita moc przylaczowa wraz z magazynkiem folii<\/p>\n<\/td>\n<td width=\"350\">\n<p>36,5 kW<\/p>\n<\/td>\n<\/tr>\n<tr>\n<td width=\"215\">\n<p>sterowanie<\/p>\n<\/td>\n<td width=\"350\">\n<p>SPS Homatic NC 16<\/p>\n<\/td>\n<\/tr>\n<tr>\n<td width=\"215\">\n<p><strong>Magazyn folii- Paternoster<\/strong><\/p>\n<\/td>\n<td width=\"350\">\n<p><strong>TPL 2-14<\/strong><\/p>\n<\/td>\n<\/tr>\n<tr>\n<td width=\"215\">\n<p>Max. szerokosc folii<\/p>\n<\/td>\n<td width=\"350\">\n<p>1500 mm<\/p>\n<\/td>\n<\/tr>\n<tr>\n<td width=\"215\">\n<p>Max. ciezar rolki z folia<\/p>\n<\/td>\n<td width=\"350\">\n<p>500 kg<\/p>\n<\/td>\n<\/tr>\n<tr>\n<td width=\"215\">\n<p>Srednica drazkow na rolki z folia<\/p>\n<\/td>\n<td width=\"350\">\n<p>60 mm<\/p>\n<\/td>\n<\/tr>\n<tr>\n<td width=\"215\">\n<p>Moc przylaczowa<\/p>\n<\/td>\n<td width=\"350\">\n<p>2,2 kW<\/p>\n<\/td>\n<\/tr>\n<tr>\n<td width=\"215\">\n<p>Wysokosc magazynku<\/p>\n<\/td>\n<td width=\"350\">\n<p>5450 mm<\/p>\n<\/td>\n<\/tr>\n<tr>\n<td width=\"215\">\n<p>Szerokosc magazynku<\/p>\n<\/td>\n<td width=\"350\">\n<p>2100 mm<\/p>\n<\/td>\n<\/tr>\n<tr>\n<td width=\"215\">\n<p>Bautiefe ohne Rollen\u00fcberstand<\/p>\n<\/td>\n<td width=\"350\">\n<p>1260 mm<\/p>\n<\/td>\n<\/tr>\n<tr>\n<td width=\"215\">\n<p>Max. ilosc rolek z folia<\/p>\n<\/td>\n<td width=\"350\">\n<p>14 sztuk o srednicy 600 mm i 21 sztuk o srednicy 400 mm<\/p>\n<\/td>\n<\/tr>\n<tr>\n<td width=\"215\">\n<p>Ilosc drazkow na rolki z folia<\/p>\n<\/td>\n<td width=\"350\">\n<p>21 sztuk<\/p>\n<\/td>\n<\/tr>\n<tr>\n<td width=\"215\">\n<p>Inkl.<\/p>\n<\/td>\n<td width=\"350\">\n<p>Dodatkowa, wymienna rama membranowa,stacja odwijania i ciecia folii<\/p>\n<\/td>\n<\/tr>\n<tr>\n<td width=\"215\">\n<p>ciezar<\/p>\n<\/td>\n<td width=\"350\">\n<p>13500 kg<\/p>\n<\/td>\n<\/tr>\n<tr>\n<td width=\"215\">\n<p>Wymiary (L x B xH )<\/p>\n<\/td>\n<td width=\"350\">\n<p>Prasa: 3400x2100x2750 mm<\/p>\n<p>Stol roboczy: 3200&#215;1900 mm<\/p>\n<p>Magazynek folii :2300x1000x4000 mm<\/p>\n<p>Szafa sterujaca :900x600x1900 mm<\/p>\n<\/td>\n<\/tr>\n<tr>\n<td width=\"215\">\n<p>Miejsce postoju<\/p>\n<\/td>\n<td width=\"350\">\n<p>D-07937 Zeulenroda-Triebes<\/p>\n<\/td>\n<\/tr>\n<\/tbody>\n<\/table>\n<p><em>\u00a0<\/em><em>(Z zastrze\u017ceniem, pomy\u0142ek, zmian technicznych i wcze\u015bniejszej sprzeda\u017cy)<\/em><\/p>\n","protected":false},"excerpt":{"rendered":"<p>&nbsp; Prasa membranowa z\u00a0 \u00a0magazynem folii- Paternoster Prasa Nr.maszyny 0-270-06-0359 Do okleinowania w technologii 3D elementow profilowanych i gietych. Idealna do fronotw meblowych Material Folie termoplastyczne PVC,PP, ABS oraz fornir Sposob okleinowania Z uzyciem i bez uzycia membrany Max. wymiary plyty 1500 x 2700 mm Max. powierzchnia uzytkowa 1250 x 2450 mm Wysokosc komory roboczej [&hellip;]<\/p>\n","protected":false},"featured_media":4244,"template":"","meta":{"_monsterinsights_skip_tracking":false,"_monsterinsights_sitenote_active":false,"_monsterinsights_sitenote_note":"","_monsterinsights_sitenote_category":0,"ngg_post_thumbnail":0},"product_cat":[85,338],"product_tag":[],"class_list":{"0":"post-4256","1":"product","2":"type-product","3":"status-publish","4":"has-post-thumbnail","6":"product_cat-polish","7":"product_cat-sprzedane","9":"first","10":"instock","11":"downloadable","12":"shipping-taxable","13":"product-type-simple"},"_links":{"self":[{"href":"https:\/\/iberus.pl\/index.php?rest_route=\/wp\/v2\/product\/4256"}],"collection":[{"href":"https:\/\/iberus.pl\/index.php?rest_route=\/wp\/v2\/product"}],"about":[{"href":"https:\/\/iberus.pl\/index.php?rest_route=\/wp\/v2\/types\/product"}],"wp:featuredmedia":[{"embeddable":true,"href":"https:\/\/iberus.pl\/index.php?rest_route=\/wp\/v2\/media\/4244"}],"wp:attachment":[{"href":"https:\/\/iberus.pl\/index.php?rest_route=%2Fwp%2Fv2%2Fmedia&parent=4256"}],"wp:term":[{"taxonomy":"product_cat","embeddable":true,"href":"https:\/\/iberus.pl\/index.php?rest_route=%2Fwp%2Fv2%2Fproduct_cat&post=4256"},{"taxonomy":"product_tag","embeddable":true,"href":"https:\/\/iberus.pl\/index.php?rest_route=%2Fwp%2Fv2%2Fproduct_tag&post=4256"}],"curies":[{"name":"wp","href":"https:\/\/api.w.org\/{rel}","templated":true}]}}