{"id":4239,"date":"2015-04-14T12:28:45","date_gmt":"2015-04-14T12:28:45","guid":{"rendered":"http:\/\/gromar.de\/?product=prasa-prozniowa-friz-model-optimat-mfp-10ot1528-rok-budowy-2001"},"modified":"2016-07-25T10:50:35","modified_gmt":"2016-07-25T10:50:35","slug":"prasa-prozniowa-friz-model-optimat-mfp-10ot1528-rok-budowy-2001","status":"publish","type":"product","link":"https:\/\/iberus.pl\/?product=prasa-prozniowa-friz-model-optimat-mfp-10ot1528-rok-budowy-2001","title":{"rendered":"Prasa prozniowa Friz, model: Optimat MFP 10\/OT\/15\/28, rok budowy  2001"},"content":{"rendered":"<p>Do okleinowania w technologii\u00a0 3 D . Idealna do fronotw meblowych<\/p>\n<table>\n<tbody>\n<tr>\n<td width=\"215\">\n<p>Nr. maszyny<\/p>\n<\/td>\n<td width=\"350\">\n<p>0-270-06-1936<\/p>\n<\/td>\n<\/tr>\n<tr>\n<td width=\"215\">\n<p>Material oplaszczowujacy<\/p>\n<\/td>\n<td width=\"350\">\n<p>Folia PVC, grubosc folii 0,3 \u2013 0,4 mm<\/p>\n<\/td>\n<\/tr>\n<tr>\n<td width=\"215\">\n<p>Klej<\/p>\n<\/td>\n<td width=\"350\">\n<p>Kleje polyiuretanowe, jedno lub dwu-skladnikowe<\/p>\n<\/td>\n<\/tr>\n<tr>\n<td width=\"215\">\n<p>Wymiary stolu roboczego<\/p>\n<\/td>\n<td width=\"350\">\n<p>1500 x 2800 mm<\/p>\n<\/td>\n<\/tr>\n<tr>\n<td width=\"215\">\n<p>Stol roboczy<\/p>\n<\/td>\n<td width=\"350\">\n<p>od gory i z dolu system vakuum<\/p>\n<\/td>\n<\/tr>\n<tr>\n<td width=\"215\">\n<p>Powierzchnia uzytkowa stolu<\/p>\n<\/td>\n<td width=\"350\">\n<p><strong>1250 x 2550<\/strong> mm<\/p>\n<\/td>\n<\/tr>\n<tr>\n<td width=\"215\">\n<p>Wysokosc materialu obrabianego<\/p>\n<\/td>\n<td width=\"350\">\n<p>50 mm<\/p>\n<\/td>\n<\/tr>\n<tr>\n<td width=\"215\">\n<p>Moc grzewcza<\/p>\n<\/td>\n<td width=\"350\">\n<p>28 kW<\/p>\n<\/td>\n<\/tr>\n<tr>\n<td width=\"215\">\n<p>System grzewczy<\/p>\n<\/td>\n<td width=\"350\">\n<p>od gory<\/p>\n<\/td>\n<\/tr>\n<tr>\n<td width=\"215\">\n<p>Pompa prozniowa<\/p>\n<\/td>\n<td width=\"350\">\n<p>3 kW<\/p>\n<\/td>\n<\/tr>\n<tr>\n<td width=\"215\">\n<p>Laczna moc przylaczowa<\/p>\n<\/td>\n<td width=\"350\">\n<p>33 kW<\/p>\n<\/td>\n<\/tr>\n<tr>\n<td width=\"215\">\n<p>Zaladunek<\/p>\n<\/td>\n<td width=\"350\">\n<p>manualny<\/p>\n<\/td>\n<\/tr>\n<tr>\n<td width=\"215\">\n<p>Sterowanie<\/p>\n<\/td>\n<td width=\"350\">\n<p>SPS, sterowanie HOMATIC NC 16<\/p>\n<\/td>\n<\/tr>\n<tr>\n<td width=\"215\">\n<p>Wymiary zaladowcze<\/p>\n<\/td>\n<td width=\"350\">\n<p>prasa: 3100 x 2350 x 2200 mm + stol 3200 x 1800 mm<\/p>\n<\/td>\n<\/tr>\n<tr>\n<td width=\"215\">\n<p>ciezar<\/p>\n<\/td>\n<td width=\"350\">\n<p>4500 kg<\/p>\n<\/td>\n<\/tr>\n<tr>\n<td width=\"215\">\n<p>Miejsce postoju<\/p>\n<\/td>\n<td width=\"350\">\n<p>07939 Zeulenroda-Triebes, Niemcy Turyngia<\/p>\n<\/td>\n<\/tr>\n<\/tbody>\n<\/table>\n<p><em>\u00a0<\/em><\/p>\n<p><em>(Z zastrze\u017ceniem, pomy\u0142ek, zmian technicznych i wcze\u015bniejszej sprzeda\u017cy)<\/em><\/p>\n","protected":false},"excerpt":{"rendered":"<p>Do okleinowania w technologii\u00a0 3 D . Idealna do fronotw meblowych Nr. maszyny 0-270-06-1936 Material oplaszczowujacy Folia PVC, grubosc folii 0,3 \u2013 0,4 mm Klej Kleje polyiuretanowe, jedno lub dwu-skladnikowe Wymiary stolu roboczego 1500 x 2800 mm Stol roboczy od gory i z dolu system vakuum Powierzchnia uzytkowa stolu 1250 x 2550 mm Wysokosc materialu [&hellip;]<\/p>\n","protected":false},"featured_media":4226,"template":"","meta":{"_monsterinsights_skip_tracking":false,"_monsterinsights_sitenote_active":false,"_monsterinsights_sitenote_note":"","_monsterinsights_sitenote_category":0,"ngg_post_thumbnail":0},"product_cat":[338],"product_tag":[],"class_list":{"0":"post-4239","1":"product","2":"type-product","3":"status-publish","4":"has-post-thumbnail","6":"product_cat-sprzedane","8":"first","9":"instock","10":"downloadable","11":"shipping-taxable","12":"product-type-simple"},"_links":{"self":[{"href":"https:\/\/iberus.pl\/index.php?rest_route=\/wp\/v2\/product\/4239"}],"collection":[{"href":"https:\/\/iberus.pl\/index.php?rest_route=\/wp\/v2\/product"}],"about":[{"href":"https:\/\/iberus.pl\/index.php?rest_route=\/wp\/v2\/types\/product"}],"wp:featuredmedia":[{"embeddable":true,"href":"https:\/\/iberus.pl\/index.php?rest_route=\/wp\/v2\/media\/4226"}],"wp:attachment":[{"href":"https:\/\/iberus.pl\/index.php?rest_route=%2Fwp%2Fv2%2Fmedia&parent=4239"}],"wp:term":[{"taxonomy":"product_cat","embeddable":true,"href":"https:\/\/iberus.pl\/index.php?rest_route=%2Fwp%2Fv2%2Fproduct_cat&post=4239"},{"taxonomy":"product_tag","embeddable":true,"href":"https:\/\/iberus.pl\/index.php?rest_route=%2Fwp%2Fv2%2Fproduct_tag&post=4239"}],"curies":[{"name":"wp","href":"https:\/\/api.w.org\/{rel}","templated":true}]}}