{"id":4119,"date":"2015-03-23T13:13:56","date_gmt":"2015-03-23T13:13:56","guid":{"rendered":"http:\/\/gromar.de\/?product=rebak-weima-typ-wl-4"},"modified":"2015-05-20T20:09:41","modified_gmt":"2015-05-20T20:09:41","slug":"rebak-weima-typ-wl-4","status":"publish","type":"product","link":"https:\/\/iberus.pl\/?product=rebak-weima-typ-wl-4","title":{"rendered":"Rebak  WEIMA, Typ: WL 4"},"content":{"rendered":"<p>&nbsp;<\/p>\n<table>\n<tbody>\n<tr>\n<td width=\"215\">\n<p>Maszyna Nr.<\/p>\n<\/td>\n<td width=\"350\">\n<p>500-3106<\/p>\n<\/td>\n<\/tr>\n<tr>\n<td width=\"215\">\n<p>Otwor wsypowy<\/p>\n<\/td>\n<td width=\"350\">\n<p>600&#215;800 mm<\/p>\n<\/td>\n<\/tr>\n<tr>\n<td width=\"215\">\n<p>Doprowadzanie materialu<\/p>\n<\/td>\n<td width=\"350\">\n<p>z otworu zasypowego za pomoca szuflady hydraulicznej<\/p>\n<\/td>\n<\/tr>\n<tr>\n<td width=\"215\">\n<p>Pojemnosc zasypu<\/p>\n<\/td>\n<td width=\"350\">\n<p>0,6 m\u00b3<\/p>\n<\/td>\n<\/tr>\n<tr>\n<td width=\"215\">\n<p>Srednica rotora<\/p>\n<\/td>\n<td width=\"350\">\n<p>252 mm<\/p>\n<\/td>\n<\/tr>\n<tr>\n<td width=\"215\">\n<p>Dlugosc rotora<\/p>\n<\/td>\n<td width=\"350\">\n<p>600 mm<\/p>\n<\/td>\n<\/tr>\n<tr>\n<td width=\"215\">\n<p>Predkosc obrotowa rotora<\/p>\n<\/td>\n<td width=\"350\">\n<p>60-100 obr\/min<\/p>\n<\/td>\n<\/tr>\n<tr>\n<td width=\"215\">\n<p>Moc silnika<\/p>\n<\/td>\n<td width=\"350\">\n<p>18,5 kW<\/p>\n<\/td>\n<\/tr>\n<tr>\n<td width=\"215\">\n<p>Liczba nozy<\/p>\n<\/td>\n<td width=\"350\">\n<p>14<\/p>\n<\/td>\n<\/tr>\n<tr>\n<td width=\"215\">\n<p>Wydajnosc<\/p>\n<\/td>\n<td width=\"350\">\n<p>Zalezna od materialu i otworow sita<\/p>\n<\/td>\n<\/tr>\n<tr>\n<td width=\"215\">\n<p>Wymiary (dl x szer x wys)<\/p>\n<\/td>\n<td width=\"350\">\n<p>1800x1200x1640 mm<\/p>\n<\/td>\n<\/tr>\n<tr>\n<td width=\"215\">\n<p>Ciezar<\/p>\n<\/td>\n<td width=\"350\">\n<p>1300 kg<\/p>\n<\/td>\n<\/tr>\n<tr>\n<td width=\"215\">\n<p>Miejsce postoju<\/p>\n<\/td>\n<td width=\"350\">\n<p>D-32683 Barntrup<\/p>\n<\/td>\n<\/tr>\n<\/tbody>\n<\/table>\n<p><em>\u00a0<\/em><\/p>\n<p><em>(Z zastrze\u017ceniem, pomy\u0142ek, zmian technicznych i wcze\u015bniejszej sprzeda\u017cy)<\/em><\/p>\n","protected":false},"excerpt":{"rendered":"<p>&nbsp; Maszyna Nr. 500-3106 Otwor wsypowy 600&#215;800 mm Doprowadzanie materialu z otworu zasypowego za pomoca szuflady hydraulicznej Pojemnosc zasypu 0,6 m\u00b3 Srednica rotora 252 mm Dlugosc rotora 600 mm Predkosc obrotowa rotora 60-100 obr\/min Moc silnika 18,5 kW Liczba nozy 14 Wydajnosc Zalezna od materialu i otworow sita Wymiary (dl x szer x wys) 1800x1200x1640 [&hellip;]<\/p>\n","protected":false},"featured_media":4147,"template":"","meta":{"_monsterinsights_skip_tracking":false,"_monsterinsights_sitenote_active":false,"_monsterinsights_sitenote_note":"","_monsterinsights_sitenote_category":0,"ngg_post_thumbnail":0},"product_cat":[85,338],"product_tag":[],"class_list":{"0":"post-4119","1":"product","2":"type-product","3":"status-publish","4":"has-post-thumbnail","6":"product_cat-polish","7":"product_cat-sprzedane","9":"first","10":"instock","11":"downloadable","12":"shipping-taxable","13":"product-type-simple"},"_links":{"self":[{"href":"https:\/\/iberus.pl\/index.php?rest_route=\/wp\/v2\/product\/4119"}],"collection":[{"href":"https:\/\/iberus.pl\/index.php?rest_route=\/wp\/v2\/product"}],"about":[{"href":"https:\/\/iberus.pl\/index.php?rest_route=\/wp\/v2\/types\/product"}],"wp:featuredmedia":[{"embeddable":true,"href":"https:\/\/iberus.pl\/index.php?rest_route=\/wp\/v2\/media\/4147"}],"wp:attachment":[{"href":"https:\/\/iberus.pl\/index.php?rest_route=%2Fwp%2Fv2%2Fmedia&parent=4119"}],"wp:term":[{"taxonomy":"product_cat","embeddable":true,"href":"https:\/\/iberus.pl\/index.php?rest_route=%2Fwp%2Fv2%2Fproduct_cat&post=4119"},{"taxonomy":"product_tag","embeddable":true,"href":"https:\/\/iberus.pl\/index.php?rest_route=%2Fwp%2Fv2%2Fproduct_tag&post=4119"}],"curies":[{"name":"wp","href":"https:\/\/api.w.org\/{rel}","templated":true}]}}