{"id":3531,"date":"2014-12-23T10:01:49","date_gmt":"2014-12-23T10:01:49","guid":{"rendered":"http:\/\/gromar.de\/?post_type=product&#038;p=3531"},"modified":"2015-05-20T20:22:42","modified_gmt":"2015-05-20T20:22:42","slug":"schwenkspindelfrase-baurle-typ-smf-200-baujahr-1988","status":"publish","type":"product","link":"https:\/\/iberus.pl\/?product=schwenkspindelfrase-baurle-typ-smf-200-baujahr-1988","title":{"rendered":"Schwenkspindelfr\u00e4se B\u00e4urle,  Type:  SMF 200  Baujahr.: 1988"},"content":{"rendered":"<table>\n<tbody>\n<tr>\n<td width=\"284\">\n<p>Maschinen- Nr<\/p>\n<\/td>\n<td width=\"387\">\n<p>1932\/88<\/p>\n<\/td>\n<\/tr>\n<tr>\n<td width=\"284\">\n<p>Tischgr\u00f6\u00dfe<\/p>\n<\/td>\n<td width=\"387\">\n<p>1090 x 900 mm<\/p>\n<\/td>\n<\/tr>\n<tr>\n<td width=\"284\">\n<p>Spindelh\u00f6he<\/p>\n<\/td>\n<td width=\"387\">\n<p>140 mm<\/p>\n<\/td>\n<\/tr>\n<tr>\n<td width=\"284\">\n<p>Spindeldurchmesser<\/p>\n<\/td>\n<td width=\"387\">\n<p>40 mm<\/p>\n<\/td>\n<\/tr>\n<tr>\n<td width=\"284\">\n<p>Spindelschwenkung<\/p>\n<\/td>\n<td width=\"387\">\n<p>-5\u00b0\/ +45\u00b0 elektrisch verstellbar<\/p>\n<\/td>\n<\/tr>\n<tr>\n<td width=\"284\">\n<p>Drehrichtung<\/p>\n<\/td>\n<td width=\"387\">\n<p>Links\/Rechts<\/p>\n<\/td>\n<\/tr>\n<tr>\n<td width=\"284\">\n<p>Motorst\u00e4rke<\/p>\n<\/td>\n<td width=\"387\">\n<p>5 kW \/ 6 kW<\/p>\n<\/td>\n<\/tr>\n<tr>\n<td width=\"284\">\n<p>Drehzahlen<\/p>\n<\/td>\n<td width=\"387\">\n<p>3000\/4500 6000\/9000 6000\/12000 Upm<\/p>\n<\/td>\n<\/tr>\n<tr>\n<td width=\"284\">\n<p>Not-Aus Schalter<\/p>\n<\/td>\n<td width=\"387\">\u00a0<\/td>\n<\/tr>\n<tr>\n<td width=\"284\">\n<p>inkl.<\/p>\n<\/td>\n<td width=\"387\">\n<p>3- Rollen-Vorschub Holz-her<\/p>\n<\/td>\n<\/tr>\n<tr>\n<td width=\"284\">\n<p>inkl<\/p>\n<\/td>\n<td width=\"387\">\n<p>Zubeh\u00f6r (verschidene\u00a0 Werkzeuge)<\/p>\n<\/td>\n<\/tr>\n<tr>\n<td width=\"284\">\n<p>Ladenma\u00df LxBxH<\/p>\n<\/td>\n<td width=\"387\">\n<p>1200x1400x1600 mm<\/p>\n<\/td>\n<\/tr>\n<tr>\n<td width=\"284\">\n<p>Gewicht ca.<\/p>\n<\/td>\n<td width=\"387\">\n<p>900 kg<\/p>\n<\/td>\n<\/tr>\n<tr>\n<td width=\"284\">\n<p>Standort<\/p>\n<\/td>\n<td width=\"387\">\n<p>D-32683 Barntrup<\/p>\n<\/td>\n<\/tr>\n<\/tbody>\n<\/table>\n","protected":false},"excerpt":{"rendered":"<p>Maschinen- Nr 1932\/88 Tischgr\u00f6\u00dfe 1090 x 900 mm Spindelh\u00f6he 140 mm Spindeldurchmesser 40 mm Spindelschwenkung -5\u00b0\/ +45\u00b0 elektrisch verstellbar Drehrichtung Links\/Rechts Motorst\u00e4rke 5 kW \/ 6 kW Drehzahlen 3000\/4500 6000\/9000 6000\/12000 Upm Not-Aus Schalter \u00a0 inkl. 3- Rollen-Vorschub Holz-her inkl Zubeh\u00f6r (verschidene\u00a0 Werkzeuge) Ladenma\u00df LxBxH 1200x1400x1600 mm Gewicht ca. 900 kg Standort D-32683 Barntrup<\/p>\n","protected":false},"featured_media":3533,"template":"","meta":{"_monsterinsights_skip_tracking":false,"_monsterinsights_sitenote_active":false,"_monsterinsights_sitenote_note":"","_monsterinsights_sitenote_category":0,"ngg_post_thumbnail":0},"product_cat":[87,340],"product_tag":[],"class_list":{"0":"post-3531","1":"product","2":"type-product","3":"status-publish","4":"has-post-thumbnail","6":"product_cat-german","7":"product_cat-verkauft","9":"first","10":"instock","11":"downloadable","12":"shipping-taxable","13":"product-type-simple"},"_links":{"self":[{"href":"https:\/\/iberus.pl\/index.php?rest_route=\/wp\/v2\/product\/3531"}],"collection":[{"href":"https:\/\/iberus.pl\/index.php?rest_route=\/wp\/v2\/product"}],"about":[{"href":"https:\/\/iberus.pl\/index.php?rest_route=\/wp\/v2\/types\/product"}],"wp:featuredmedia":[{"embeddable":true,"href":"https:\/\/iberus.pl\/index.php?rest_route=\/wp\/v2\/media\/3533"}],"wp:attachment":[{"href":"https:\/\/iberus.pl\/index.php?rest_route=%2Fwp%2Fv2%2Fmedia&parent=3531"}],"wp:term":[{"taxonomy":"product_cat","embeddable":true,"href":"https:\/\/iberus.pl\/index.php?rest_route=%2Fwp%2Fv2%2Fproduct_cat&post=3531"},{"taxonomy":"product_tag","embeddable":true,"href":"https:\/\/iberus.pl\/index.php?rest_route=%2Fwp%2Fv2%2Fproduct_tag&post=3531"}],"curies":[{"name":"wp","href":"https:\/\/api.w.org\/{rel}","templated":true}]}}