{"id":3477,"date":"2014-12-22T11:27:25","date_gmt":"2014-12-22T11:27:25","guid":{"rendered":"http:\/\/gromar.de\/?post_type=product&#038;p=3477"},"modified":"2015-05-20T20:20:36","modified_gmt":"2015-05-20T20:20:36","slug":"zerhacker-gross-typ-gl-4-n-bj-1992","status":"publish","type":"product","link":"https:\/\/iberus.pl\/?product=zerhacker-gross-typ-gl-4-n-bj-1992","title":{"rendered":"Zerhacker Gross, Type: GL 4 N , Bj.: 1992"},"content":{"rendered":"<table class=\"techdata\" width=\"450\" cellspacing=\"2\">\n<tbody>\n<tr>\n<td width=\"281\">\n<p>Maschinen Nr.<\/p>\n<\/td>\n<td width=\"212\">\n<p>289\/4N-18,5<\/p>\n<\/td>\n<\/tr>\n<tr>\n<td width=\"281\">\n<p>Zuf\u00fchr\u00f6ffnung<\/p>\n<\/td>\n<td width=\"212\">\n<p>1200 x 600 mm<\/p>\n<\/td>\n<\/tr>\n<tr>\n<td width=\"281\">\n<p>Durchsatzleistung<\/p>\n<\/td>\n<td width=\"212\">\n<p>material- und siebabh\u00e4ngig<\/p>\n<\/td>\n<\/tr>\n<tr>\n<td width=\"281\">\n<p>Rotordurchmesser<\/p>\n<\/td>\n<td width=\"212\">\n<p>252 mm<\/p>\n<\/td>\n<\/tr>\n<tr>\n<td width=\"281\">\n<p>Rotorl\u00e4nge<\/p>\n<\/td>\n<td width=\"212\">\n<p>600 mm<\/p>\n<\/td>\n<\/tr>\n<tr>\n<td width=\"281\">\n<p>Kraftbedarf<\/p>\n<\/td>\n<td width=\"212\">\n<p>18,5 kW<\/p>\n<\/td>\n<\/tr>\n<tr>\n<td width=\"281\">\n<p>Messer<\/p>\n<\/td>\n<td width=\"212\">\n<p>dreieckig, neu<\/p>\n<\/td>\n<\/tr>\n<tr>\n<td width=\"281\">\n<p>Geeignet<\/p>\n<\/td>\n<td width=\"212\">\n<p>Holzabf\u00e4lle und \u00e4nlichen Werkstoffen<\/p>\n<\/td>\n<\/tr>\n<tr>\n<td width=\"281\">\n<p>LxBxH<\/p>\n<\/td>\n<td width=\"212\">\n<p>1200x1900x1650 mm<\/p>\n<\/td>\n<\/tr>\n<tr>\n<td width=\"281\">\n<p>Gewicht<\/p>\n<\/td>\n<td width=\"212\">\n<p>1500 kg<\/p>\n<\/td>\n<\/tr>\n<tr>\n<td width=\"281\">\n<p>Standort<\/p>\n<\/td>\n<td width=\"212\">\n<p>D-32683 Barntrup<\/p>\n<\/td>\n<\/tr>\n<\/tbody>\n<\/table>\n<p>&nbsp;<\/p>\n","protected":false},"excerpt":{"rendered":"<p>Maschinen Nr. 289\/4N-18,5 Zuf\u00fchr\u00f6ffnung 1200 x 600 mm Durchsatzleistung material- und siebabh\u00e4ngig Rotordurchmesser 252 mm Rotorl\u00e4nge 600 mm Kraftbedarf 18,5 kW Messer dreieckig, neu Geeignet Holzabf\u00e4lle und \u00e4nlichen Werkstoffen LxBxH 1200x1900x1650 mm Gewicht 1500 kg Standort D-32683 Barntrup &nbsp;<\/p>\n","protected":false},"featured_media":3479,"template":"","meta":{"_monsterinsights_skip_tracking":false,"_monsterinsights_sitenote_active":false,"_monsterinsights_sitenote_note":"","_monsterinsights_sitenote_category":0,"ngg_post_thumbnail":0},"product_cat":[87,340],"product_tag":[],"class_list":{"0":"post-3477","1":"product","2":"type-product","3":"status-publish","4":"has-post-thumbnail","6":"product_cat-german","7":"product_cat-verkauft","9":"first","10":"instock","11":"downloadable","12":"shipping-taxable","13":"product-type-simple"},"_links":{"self":[{"href":"https:\/\/iberus.pl\/index.php?rest_route=\/wp\/v2\/product\/3477"}],"collection":[{"href":"https:\/\/iberus.pl\/index.php?rest_route=\/wp\/v2\/product"}],"about":[{"href":"https:\/\/iberus.pl\/index.php?rest_route=\/wp\/v2\/types\/product"}],"wp:featuredmedia":[{"embeddable":true,"href":"https:\/\/iberus.pl\/index.php?rest_route=\/wp\/v2\/media\/3479"}],"wp:attachment":[{"href":"https:\/\/iberus.pl\/index.php?rest_route=%2Fwp%2Fv2%2Fmedia&parent=3477"}],"wp:term":[{"taxonomy":"product_cat","embeddable":true,"href":"https:\/\/iberus.pl\/index.php?rest_route=%2Fwp%2Fv2%2Fproduct_cat&post=3477"},{"taxonomy":"product_tag","embeddable":true,"href":"https:\/\/iberus.pl\/index.php?rest_route=%2Fwp%2Fv2%2Fproduct_tag&post=3477"}],"curies":[{"name":"wp","href":"https:\/\/api.w.org\/{rel}","templated":true}]}}