{"id":3468,"date":"2014-12-22T11:17:40","date_gmt":"2014-12-22T11:17:40","guid":{"rendered":"http:\/\/gromar.de\/?post_type=product&#038;p=3468"},"modified":"2015-05-20T19:46:49","modified_gmt":"2015-05-20T19:46:49","slug":"rahmenpresse-schafberger-sprodhuber-typ-rp-1600-bj-1995","status":"publish","type":"product","link":"https:\/\/iberus.pl\/?product=rahmenpresse-schafberger-sprodhuber-typ-rp-1600-bj-1995","title":{"rendered":"Rahmenpresse Schafberger + Spr\u00f6dhuber, Typ: RP 1600, Bj.: 1995"},"content":{"rendered":"<table>\n<tbody>\n<tr>\n<td width=\"295\">\n<p>Maschinen- Nr.<\/p>\n<\/td>\n<td width=\"236\">\n<p>23039<\/p>\n<\/td>\n<\/tr>\n<tr>\n<td width=\"295\">\n<p>Arbeitsh\u00f6he<\/p>\n<\/td>\n<td width=\"236\">\n<p>2000 mm<\/p>\n<\/td>\n<\/tr>\n<tr>\n<td width=\"295\">\n<p>Presskraft<\/p>\n<\/td>\n<td width=\"236\">\n<p>hydraulisch<\/p>\n<\/td>\n<\/tr>\n<tr>\n<td width=\"295\">\n<p>Druckbalken<\/p>\n<\/td>\n<td width=\"236\">\n<p>5 St\u00fcck je mit 1 Hydraulikzylinder<\/p>\n<\/td>\n<\/tr>\n<tr>\n<td width=\"295\">\n<p>Querdruckeinrichtung<\/p>\n<\/td>\n<td width=\"236\">\n<p>1 St\u00fcck mit 2 Hydraulikzylinder<\/p>\n<\/td>\n<\/tr>\n<tr>\n<td width=\"295\">\n<p>Arbeitsdruck max.<\/p>\n<\/td>\n<td width=\"236\">\n<p>120 bar<\/p>\n<\/td>\n<\/tr>\n<tr>\n<td width=\"295\">\n<p>Antriebsleistung<\/p>\n<\/td>\n<td width=\"236\">\n<p>1,5 kW<\/p>\n<\/td>\n<\/tr>\n<tr>\n<td width=\"295\">\n<p>Spannung<\/p>\n<\/td>\n<td width=\"236\">\n<p>230\/400 V; 50 Hz<\/p>\n<\/td>\n<\/tr>\n<tr>\n<td width=\"295\">\n<p>Betriebsanleitung<\/p>\n<\/td>\n<td width=\"236\">\n<p>vorhanden<\/p>\n<\/td>\n<\/tr>\n<tr>\n<td width=\"295\">\n<p>Abmessung LxBxH<\/p>\n<\/td>\n<td width=\"236\">\n<p>3950 x 900 x 2550 mm<\/p>\n<\/td>\n<\/tr>\n<tr>\n<td width=\"295\">\n<p>Gewicht<\/p>\n<\/td>\n<td width=\"236\">\n<p>620 kg<\/p>\n<\/td>\n<\/tr>\n<\/tbody>\n<\/table>\n<p>&nbsp;<\/p>\n","protected":false},"excerpt":{"rendered":"<p>Maschinen- Nr. 23039 Arbeitsh\u00f6he 2000 mm Presskraft hydraulisch Druckbalken 5 St\u00fcck je mit 1 Hydraulikzylinder Querdruckeinrichtung 1 St\u00fcck mit 2 Hydraulikzylinder Arbeitsdruck max. 120 bar Antriebsleistung 1,5 kW Spannung 230\/400 V; 50 Hz Betriebsanleitung vorhanden Abmessung LxBxH 3950 x 900 x 2550 mm Gewicht 620 kg &nbsp;<\/p>\n","protected":false},"featured_media":3471,"template":"","meta":{"_monsterinsights_skip_tracking":false,"_monsterinsights_sitenote_active":false,"_monsterinsights_sitenote_note":"","_monsterinsights_sitenote_category":0,"ngg_post_thumbnail":0},"product_cat":[87,340],"product_tag":[],"class_list":{"0":"post-3468","1":"product","2":"type-product","3":"status-publish","4":"has-post-thumbnail","6":"product_cat-german","7":"product_cat-verkauft","9":"first","10":"instock","11":"downloadable","12":"shipping-taxable","13":"product-type-simple"},"_links":{"self":[{"href":"https:\/\/iberus.pl\/index.php?rest_route=\/wp\/v2\/product\/3468"}],"collection":[{"href":"https:\/\/iberus.pl\/index.php?rest_route=\/wp\/v2\/product"}],"about":[{"href":"https:\/\/iberus.pl\/index.php?rest_route=\/wp\/v2\/types\/product"}],"wp:featuredmedia":[{"embeddable":true,"href":"https:\/\/iberus.pl\/index.php?rest_route=\/wp\/v2\/media\/3471"}],"wp:attachment":[{"href":"https:\/\/iberus.pl\/index.php?rest_route=%2Fwp%2Fv2%2Fmedia&parent=3468"}],"wp:term":[{"taxonomy":"product_cat","embeddable":true,"href":"https:\/\/iberus.pl\/index.php?rest_route=%2Fwp%2Fv2%2Fproduct_cat&post=3468"},{"taxonomy":"product_tag","embeddable":true,"href":"https:\/\/iberus.pl\/index.php?rest_route=%2Fwp%2Fv2%2Fproduct_tag&post=3468"}],"curies":[{"name":"wp","href":"https:\/\/api.w.org\/{rel}","templated":true}]}}