{"id":3140,"date":"2014-10-30T22:23:41","date_gmt":"2014-10-30T22:23:41","guid":{"rendered":"http:\/\/gromar.de\/?post_type=product&#038;p=3140"},"modified":"2016-07-25T10:17:15","modified_gmt":"2016-07-25T10:17:15","slug":"double-sided-sanding-line-heesemann-lsm8-lsm8-u-2","status":"publish","type":"product","link":"https:\/\/iberus.pl\/?product=double-sided-sanding-line-heesemann-lsm8-lsm8-u-2","title":{"rendered":"Fl\u00e4chenschleifautomat von unten Heesemann,Typ: LSM8- U , Bj.:1996 CSD\u00ae- Magnetdruckbalkensystem"},"content":{"rendered":"<table>\n<tbody>\n<tr>\n<td>\n<p>Maschinen Nr.<\/p>\n<\/td>\n<td>\n<p>9612121<\/p>\n<\/td>\n<\/tr>\n<tr>\n<td>\n<p>Schleifbreite<\/p>\n<\/td>\n<td>\n<p>1300 mm<\/p>\n<\/td>\n<\/tr>\n<tr>\n<td>\n<p>Arbeitsh\u00f6he<\/p>\n<\/td>\n<td>\n<p>920 mm<\/p>\n<\/td>\n<\/tr>\n<tr>\n<td>\n<p>Werkst\u00fcckst\u00e4rke max.<\/p>\n<\/td>\n<td>\n<p>3-80 mm<\/p>\n<\/td>\n<\/tr>\n<tr>\n<td>\n<p>Aggregate<\/p>\n<\/td>\n<td>\n<p>QLLBw<\/p>\n<\/td>\n<\/tr>\n<tr>\n<td>\n<p>Querschleifaggregat<\/p>\n<\/td>\n<td>\n<p>13\/17 kW; Schleifbandgeschwindigkeit 12 + 24 m\/sek<\/p>\n<\/td>\n<\/tr>\n<tr>\n<td>\n<p>L\u00e4ngsschleifaggregat<\/p>\n<\/td>\n<td>\n<p>13\/17 kW; Schleifbandgeschwindigkeit 10 + 20 m\/sek<\/p>\n<\/td>\n<\/tr>\n<tr>\n<td>\n<p>L\u00e4ngsschleifaggregat<\/p>\n<\/td>\n<td>\n<p>13\/17 kW; Schleifbandgeschwindigkeit 10 + 20 m\/sek<\/p>\n<\/td>\n<\/tr>\n<tr>\n<td>\n<p>Abb\u00fcrsteinrichtung<\/p>\n<\/td>\n<td>\n<p>B\u00fcrstenwalzendurchmesser 150 mm; 1,5 kW<\/p>\n<\/td>\n<\/tr>\n<tr>\n<td>\n<p>Schleifbandabmessungen<\/p>\n<\/td>\n<td>\n<p>1350 mm x 2620 mm ( L)<\/p>\n<\/td>\n<\/tr>\n<tr>\n<td>\n<p>Schleifbandabmessungen<\/p>\n<\/td>\n<td>\n<p>5400 mm x 150 mm (Q)<\/p>\n<\/td>\n<\/tr>\n<tr>\n<td>\n<p>Drucklamellenbandabmessungen<\/p>\n<\/td>\n<td>\n<p>4850 x 140 mm<\/p>\n<\/td>\n<\/tr>\n<tr>\n<td>\n<p>Transportbett<\/p>\n<\/td>\n<td>\n<p>Vakuum<\/p>\n<\/td>\n<\/tr>\n<tr>\n<td>\u00a0<\/td>\n<td>\u00a0<\/td>\n<\/tr>\n<tr>\n<td>\n<p>Antrieb<\/p>\n<\/td>\n<td>\n<p>7,5 kW<\/p>\n<\/td>\n<\/tr>\n<tr>\n<td>\n<p>Vorschubgeschwindigkeit<\/p>\n<\/td>\n<td>\n<p>4,6 \u2013 23 m\/min<\/p>\n<\/td>\n<\/tr>\n<tr>\n<td>\n<p>Werkst\u00fccksaugspannanlage<\/p>\n<\/td>\n<td>\n<p>11 kW<\/p>\n<\/td>\n<\/tr>\n<tr>\n<td>\n<p>Gesamt- Stromanschlu\u00df<\/p>\n<\/td>\n<td>\n<p>ca. 79 kW<\/p>\n<\/td>\n<\/tr>\n<tr>\n<td>\n<p>Gesamt- Luftbedarf<\/p>\n<\/td>\n<td>\n<p>127,5 m\u00b3\/min<\/p>\n<\/td>\n<\/tr>\n<tr>\n<td>\n<p>Gewicht<\/p>\n<\/td>\n<td>\n<p>10.500 kg<\/p>\n<\/td>\n<\/tr>\n<tr>\n<td>\n<p>Bedieunungsseite und Bandauflage<\/p>\n<\/td>\n<td>\n<p>Links<\/p>\n<\/td>\n<\/tr>\n<tr>\n<td>\n<p>Geeignet<\/p>\n<\/td>\n<td>\n<p>f\u00fcr Furnierschliff<\/p>\n<\/td>\n<\/tr>\n<\/tbody>\n<\/table>\n<p>&nbsp;<\/p>\n","protected":false},"excerpt":{"rendered":"<p>Maschinen Nr. 9612121 Schleifbreite 1300 mm Arbeitsh\u00f6he 920 mm Werkst\u00fcckst\u00e4rke max. 3-80 mm Aggregate QLLBw Querschleifaggregat 13\/17 kW; Schleifbandgeschwindigkeit 12 + 24 m\/sek L\u00e4ngsschleifaggregat 13\/17 kW; Schleifbandgeschwindigkeit 10 + 20 m\/sek L\u00e4ngsschleifaggregat 13\/17 kW; Schleifbandgeschwindigkeit 10 + 20 m\/sek Abb\u00fcrsteinrichtung B\u00fcrstenwalzendurchmesser 150 mm; 1,5 kW Schleifbandabmessungen 1350 mm x 2620 mm ( L) Schleifbandabmessungen 5400 [&hellip;]<\/p>\n","protected":false},"featured_media":3153,"template":"","meta":{"_monsterinsights_skip_tracking":false,"_monsterinsights_sitenote_active":false,"_monsterinsights_sitenote_note":"","_monsterinsights_sitenote_category":0,"ngg_post_thumbnail":0},"product_cat":[340],"product_tag":[],"class_list":{"0":"post-3140","1":"product","2":"type-product","3":"status-publish","4":"has-post-thumbnail","6":"product_cat-verkauft","8":"first","9":"instock","10":"downloadable","11":"shipping-taxable","12":"product-type-simple"},"_links":{"self":[{"href":"https:\/\/iberus.pl\/index.php?rest_route=\/wp\/v2\/product\/3140"}],"collection":[{"href":"https:\/\/iberus.pl\/index.php?rest_route=\/wp\/v2\/product"}],"about":[{"href":"https:\/\/iberus.pl\/index.php?rest_route=\/wp\/v2\/types\/product"}],"wp:featuredmedia":[{"embeddable":true,"href":"https:\/\/iberus.pl\/index.php?rest_route=\/wp\/v2\/media\/3153"}],"wp:attachment":[{"href":"https:\/\/iberus.pl\/index.php?rest_route=%2Fwp%2Fv2%2Fmedia&parent=3140"}],"wp:term":[{"taxonomy":"product_cat","embeddable":true,"href":"https:\/\/iberus.pl\/index.php?rest_route=%2Fwp%2Fv2%2Fproduct_cat&post=3140"},{"taxonomy":"product_tag","embeddable":true,"href":"https:\/\/iberus.pl\/index.php?rest_route=%2Fwp%2Fv2%2Fproduct_tag&post=3140"}],"curies":[{"name":"wp","href":"https:\/\/api.w.org\/{rel}","templated":true}]}}