{"id":2616,"date":"2014-10-30T20:50:24","date_gmt":"2014-10-30T20:50:24","guid":{"rendered":"http:\/\/gromar.de\/?post_type=product&#038;p=2616"},"modified":"2015-10-06T13:02:38","modified_gmt":"2015-10-06T13:02:38","slug":"spajarka-fornirow-fisher-ruckle-typ-flk-rok-1996","status":"publish","type":"product","link":"https:\/\/iberus.pl\/?product=spajarka-fornirow-fisher-ruckle-typ-flk-rok-1996","title":{"rendered":"Spajarka fornirow Fisher &#038; R\u00fcckle, Typ: FLK, Rok 1996"},"content":{"rendered":"<table class=\"techdata\" width=\"450\" cellspacing=\"2\">\n<tbody>\n<tr>\n<td><b>Numer maszyny<\/b><\/td>\n<td>740841\/135<\/td>\n<\/tr>\n<tr>\n<td><b>Przejscie przeswit<\/b><\/td>\n<td>1000 mm<\/td>\n<\/tr>\n<tr>\n<td><b>D\u0142ugo\u015b\u0107 paskow forniru<\/b><\/td>\n<td>300 mm &#8211; bez ograniczen<\/td>\n<\/tr>\n<tr>\n<td><b>Szeroko\u015b\u0107 paskow forniru<\/b><\/td>\n<td>od 40 do 1200 mm<\/td>\n<\/tr>\n<tr>\n<td><b>Grubosc forniru <br \/><\/b><\/td>\n<td>0,3 do 2,5 mm<\/td>\n<\/tr>\n<tr>\n<td><b>Predkosc posuwu<br \/><\/b><\/td>\n<td>7 &#8211; 42 m \/ min<\/td>\n<\/tr>\n<tr>\n<td><b>Wilgotnosc forniru<br \/><\/b><\/td>\n<td>oko\u0142o 8-12%<\/td>\n<\/tr>\n<tr>\n<td><b>Strefa grzewcza<\/b><\/td>\n<td>1000 mm d\u0142ugo\u015bci<\/td>\n<\/tr>\n<tr>\n<td><b>Temperatura ogrzewania<\/b><\/td>\n<td>50-250 \u00b0 C<\/td>\n<\/tr>\n<tr>\n<td><b>Moc przylaczeniowa <br \/><\/b><\/td>\n<td>8,2\u00a0 kW<\/td>\n<\/tr>\n<tr>\n<td><b>Zu\u017cycie spr\u0119\u017conego powietrza<\/b><\/td>\n<td>5 NL \/ min<\/td>\n<\/tr>\n<tr>\n<td><b>Rodzaj kleju<\/b><\/td>\n<td>na bazie mocznika lub na bazie PVAC Basis<\/td>\n<\/tr>\n<tr>\n<td><b>Wysoko\u015b\u0107 robocza<\/b><\/td>\n<td>960 mm<\/td>\n<\/tr>\n<tr>\n<td><b>Napi\u0119cie zasilania<\/b><\/td>\n<td>400 V, 3 fazy, 50 Hz<\/td>\n<\/tr>\n<tr>\n<td><b>Waga netto<\/b><\/td>\n<td>1.500 kg<\/td>\n<\/tr>\n<tr>\n<td><b>Wymiary<\/b><\/td>\n<td>2300 x 2100 x 1900 mm<\/td>\n<\/tr>\n<\/tbody>\n<\/table>\n<p>&nbsp;<\/p>\n<h4>UWAGI<\/h4>\n<p>(Z zastrze\u017ceniem pomy\u0142ek, zmian technicznych i wcze\u015bniejszej sprzedazy)<\/p>\n","protected":false},"excerpt":{"rendered":"<p>Spajarka do stykowego laczenia fornirow z naniesionym na krawedzie klejem<\/p>\n","protected":false},"featured_media":3906,"template":"","meta":{"_monsterinsights_skip_tracking":false,"_monsterinsights_sitenote_active":false,"_monsterinsights_sitenote_note":"","_monsterinsights_sitenote_category":0,"ngg_post_thumbnail":0},"product_cat":[338],"product_tag":[],"class_list":{"0":"post-2616","1":"product","2":"type-product","3":"status-publish","4":"has-post-thumbnail","6":"product_cat-sprzedane","8":"first","9":"instock","10":"shipping-taxable","11":"product-type-simple"},"_links":{"self":[{"href":"https:\/\/iberus.pl\/index.php?rest_route=\/wp\/v2\/product\/2616"}],"collection":[{"href":"https:\/\/iberus.pl\/index.php?rest_route=\/wp\/v2\/product"}],"about":[{"href":"https:\/\/iberus.pl\/index.php?rest_route=\/wp\/v2\/types\/product"}],"wp:featuredmedia":[{"embeddable":true,"href":"https:\/\/iberus.pl\/index.php?rest_route=\/wp\/v2\/media\/3906"}],"wp:attachment":[{"href":"https:\/\/iberus.pl\/index.php?rest_route=%2Fwp%2Fv2%2Fmedia&parent=2616"}],"wp:term":[{"taxonomy":"product_cat","embeddable":true,"href":"https:\/\/iberus.pl\/index.php?rest_route=%2Fwp%2Fv2%2Fproduct_cat&post=2616"},{"taxonomy":"product_tag","embeddable":true,"href":"https:\/\/iberus.pl\/index.php?rest_route=%2Fwp%2Fv2%2Fproduct_tag&post=2616"}],"curies":[{"name":"wp","href":"https:\/\/api.w.org\/{rel}","templated":true}]}}