{"id":2409,"date":"2014-10-30T20:09:25","date_gmt":"2014-10-30T20:09:25","guid":{"rendered":"http:\/\/gromar.de\/?post_type=product&#038;p=2409"},"modified":"2015-10-06T12:49:25","modified_gmt":"2015-10-06T12:49:25","slug":"suszarnia-prozniowa-wtt-rok-produkcji-1995","status":"publish","type":"product","link":"https:\/\/iberus.pl\/?product=suszarnia-prozniowa-wtt-rok-produkcji-1995","title":{"rendered":"Suszarnia pr\u00f3\u017cniowa WTT, rok produkcji 1995"},"content":{"rendered":"<table class=\"techdata\" width=\"450\" cellspacing=\"2\">\n<tbody>\n<tr>\n<td><b>\u015arednica<\/b><\/td>\n<td>4.000 mm<\/td>\n<\/tr>\n<tr>\n<td><b>D\u0142ugo\u015b\u0107<\/b><\/td>\n<td>30,000 mm<\/td>\n<\/tr>\n<tr>\n<td><b>Ca\u0142kowita pojemno\u015b\u0107<\/b><\/td>\n<td>216m3<\/td>\n<\/tr>\n<tr>\n<td><b>Pojemnosc netto<\/b><\/td>\n<td>140 m3<\/td>\n<\/tr>\n<tr>\n<td><b>Wsad netto<\/b><\/td>\n<td>nieobrzynane 97m3<\/td>\n<\/tr>\n<tr>\n<td><b>Z szafa sterownicza i regulatorem<\/b><\/td>\n<td>\u00a0<\/td>\n<\/tr>\n<tr>\n<td><b>z pompami<\/b><\/td>\n<td>\u00a0<\/td>\n<\/tr>\n<\/tbody>\n<\/table>\n","protected":false},"excerpt":{"rendered":"<p>\u015arednica 4.000 mm D\u0142ugo\u015b\u0107 30,000 mm Ca\u0142kowita pojemno\u015b\u0107 216m3 Pojemnosc netto 140 m3 Wsad netto nieobrzynane 97m3 Z szafa sterownicza i regulatorem \u00a0 z pompami \u00a0<\/p>\n","protected":false},"featured_media":2421,"template":"","meta":{"_monsterinsights_skip_tracking":false,"_monsterinsights_sitenote_active":false,"_monsterinsights_sitenote_note":"","_monsterinsights_sitenote_category":0,"ngg_post_thumbnail":0},"product_cat":[338],"product_tag":[],"class_list":{"0":"post-2409","1":"product","2":"type-product","3":"status-publish","4":"has-post-thumbnail","6":"product_cat-sprzedane","8":"first","9":"instock","10":"shipping-taxable","11":"product-type-simple"},"_links":{"self":[{"href":"https:\/\/iberus.pl\/index.php?rest_route=\/wp\/v2\/product\/2409"}],"collection":[{"href":"https:\/\/iberus.pl\/index.php?rest_route=\/wp\/v2\/product"}],"about":[{"href":"https:\/\/iberus.pl\/index.php?rest_route=\/wp\/v2\/types\/product"}],"wp:featuredmedia":[{"embeddable":true,"href":"https:\/\/iberus.pl\/index.php?rest_route=\/wp\/v2\/media\/2421"}],"wp:attachment":[{"href":"https:\/\/iberus.pl\/index.php?rest_route=%2Fwp%2Fv2%2Fmedia&parent=2409"}],"wp:term":[{"taxonomy":"product_cat","embeddable":true,"href":"https:\/\/iberus.pl\/index.php?rest_route=%2Fwp%2Fv2%2Fproduct_cat&post=2409"},{"taxonomy":"product_tag","embeddable":true,"href":"https:\/\/iberus.pl\/index.php?rest_route=%2Fwp%2Fv2%2Fproduct_tag&post=2409"}],"curies":[{"name":"wp","href":"https:\/\/api.w.org\/{rel}","templated":true}]}}