{"id":1904,"date":"2014-10-30T18:48:04","date_gmt":"2014-10-30T18:48:04","guid":{"rendered":"http:\/\/gromar.de\/?post_type=product&#038;p=1904"},"modified":"2015-05-20T21:15:04","modified_gmt":"2015-05-20T21:15:04","slug":"scharfmaschine-widma-typ-supermat-baujahr-1991","status":"publish","type":"product","link":"https:\/\/iberus.pl\/?product=scharfmaschine-widma-typ-supermat-baujahr-1991","title":{"rendered":"Sch\u00e4rfmaschine Widma, Typ: Supermat, Baujahr: 1991"},"content":{"rendered":"<table class=\"techdata\" width=\"450\" cellspacing=\"2\">\n<tbody>\n<tr>\n<td><b>Maschinen-Nr.<\/b><\/td>\n<td>331<\/td>\n<\/tr>\n<tr>\n<td><b>Kleinster S\u00e4gen<\/b><\/td>\n<td>100\/(4\u201c)<\/td>\n<\/tr>\n<tr>\n<td><b>Gr\u00f6\u00dfter S\u00e4gen<\/b><\/td>\n<td>800\/(32\u201c)<\/td>\n<\/tr>\n<tr>\n<td><b>Stammblattdicke<\/b><\/td>\n<td>10 mm (0,4\u201c)<\/td>\n<\/tr>\n<tr>\n<td><b>Schnittbreite<\/b><\/td>\n<td>12 mm (0,5\u201c)<\/td>\n<\/tr>\n<tr>\n<td><b>Zahnteilung<\/b><\/td>\n<td>10-115 (0,4\u201c-4,5\u201c9<\/td>\n<\/tr>\n<tr>\n<td><b>Spanwinkel<\/b><\/td>\n<td>-18\u00b0 bis +20\u00b0 beide motorisch<\/td>\n<\/tr>\n<tr>\n<td><b>Freiwinkel<\/b><\/td>\n<td>5\u00b0 bis 25\u00b0 verstellbar<\/td>\n<\/tr>\n<tr>\n<td><b>Schr\u00e4gungswinkel Umfang<\/b><\/td>\n<td>3\u00b0 bis 45\u00b0 stufenlos<\/td>\n<\/tr>\n<tr>\n<td><b>Zahnh\u00f6hendifferenz<\/b><\/td>\n<td>0-1 mm\/0-40\/1000\u201c<\/td>\n<\/tr>\n<tr>\n<td><b>Schleifscheibe f\u00fcr Spanfl\u00e4che<\/b><\/td>\n<td>Au\u00dfen 150 Bohrung 25<\/td>\n<\/tr>\n<tr>\n<td><b>Schleifscheibe f\u00fcr Umfangschliff<\/b><\/td>\n<td>Au\u00dfen 125 Bohrung 25<\/td>\n<\/tr>\n<tr>\n<td><b>Umfangsgeschwindigkeit<\/b><\/td>\n<td>24 m\/sec \/ 28,5 m\/sec<\/td>\n<\/tr>\n<tr>\n<td><b>Stromanschluss<\/b><\/td>\n<td>220\/380 Volt, 3 Phasen, 50 Hz<\/td>\n<\/tr>\n<tr>\n<td><b>Gesamtanschlusswert<\/b><\/td>\n<td>3,5 kW<\/td>\n<\/tr>\n<tr>\n<td><b>Lackierung<\/b><\/td>\n<td>RAL 6011 gr\u00fcn<\/td>\n<\/tr>\n<tr>\n<td><b>Platzbedarf<\/b><\/td>\n<td>230 x 150 x 200 cm<\/td>\n<\/tr>\n<tr>\n<td><b>Gewicht<\/b><\/td>\n<td>1270 kg<\/td>\n<\/tr>\n<tr>\n<td><b>Standort<\/b><\/td>\n<td>D-32683 Barntrup<\/td>\n<\/tr>\n<tr>\n<td><b>Betriebsanleitung<\/b><\/td>\n<td>vorhanden<\/td>\n<\/tr>\n<\/tbody>\n<\/table>\n<p>&nbsp;<\/p>\n<h4>BEMERKUNGEN<\/h4>\n<p>( \u00c4nderungen und Irrt\u00fcmer in den technischen Daten, sowie Zwischenverkauf vorbehalten)<\/p>\n","protected":false},"excerpt":{"rendered":"<p>Maschinen-Nr. 331 Kleinster S\u00e4gen 100\/(4\u201c) Gr\u00f6\u00dfter S\u00e4gen 800\/(32\u201c) Stammblattdicke 10 mm (0,4\u201c) Schnittbreite 12 mm (0,5\u201c) Zahnteilung 10-115 (0,4\u201c-4,5\u201c9 Spanwinkel -18\u00b0 bis +20\u00b0 beide motorisch Freiwinkel 5\u00b0 bis 25\u00b0 verstellbar Schr\u00e4gungswinkel Umfang 3\u00b0 bis 45\u00b0 stufenlos Zahnh\u00f6hendifferenz 0-1 mm\/0-40\/1000\u201c Schleifscheibe f\u00fcr Spanfl\u00e4che Au\u00dfen 150 Bohrung 25 Schleifscheibe f\u00fcr Umfangschliff Au\u00dfen 125 Bohrung 25 Umfangsgeschwindigkeit 24 [&hellip;]<\/p>\n","protected":false},"featured_media":1898,"template":"","meta":{"_monsterinsights_skip_tracking":false,"_monsterinsights_sitenote_active":false,"_monsterinsights_sitenote_note":"","_monsterinsights_sitenote_category":0,"ngg_post_thumbnail":0},"product_cat":[340],"product_tag":[],"class_list":{"0":"post-1904","1":"product","2":"type-product","3":"status-publish","4":"has-post-thumbnail","6":"product_cat-verkauft","8":"first","9":"instock","10":"shipping-taxable","11":"product-type-simple"},"_links":{"self":[{"href":"https:\/\/iberus.pl\/index.php?rest_route=\/wp\/v2\/product\/1904"}],"collection":[{"href":"https:\/\/iberus.pl\/index.php?rest_route=\/wp\/v2\/product"}],"about":[{"href":"https:\/\/iberus.pl\/index.php?rest_route=\/wp\/v2\/types\/product"}],"wp:featuredmedia":[{"embeddable":true,"href":"https:\/\/iberus.pl\/index.php?rest_route=\/wp\/v2\/media\/1898"}],"wp:attachment":[{"href":"https:\/\/iberus.pl\/index.php?rest_route=%2Fwp%2Fv2%2Fmedia&parent=1904"}],"wp:term":[{"taxonomy":"product_cat","embeddable":true,"href":"https:\/\/iberus.pl\/index.php?rest_route=%2Fwp%2Fv2%2Fproduct_cat&post=1904"},{"taxonomy":"product_tag","embeddable":true,"href":"https:\/\/iberus.pl\/index.php?rest_route=%2Fwp%2Fv2%2Fproduct_tag&post=1904"}],"curies":[{"name":"wp","href":"https:\/\/api.w.org\/{rel}","templated":true}]}}