{"id":1766,"date":"2014-10-30T18:05:11","date_gmt":"2014-10-30T18:05:11","guid":{"rendered":"http:\/\/gromar.de\/?post_type=product&#038;p=1766"},"modified":"2015-05-20T21:24:56","modified_gmt":"2015-05-20T21:24:56","slug":"kompresor-mobilny-kaeser-mobilair-m-100-rok-budowy-2008","status":"publish","type":"product","link":"https:\/\/iberus.pl\/?product=kompresor-mobilny-kaeser-mobilair-m-100-rok-budowy-2008","title":{"rendered":"Kompresor mobilny Kaeser, Mobilair M 100, rok budowy.: 2008"},"content":{"rendered":"<table class=\"techdata\" width=\"450\" cellspacing=\"2\">\n<tbody>\n<tr>\n<td><b>Godzin pracy<\/b><\/td>\n<td>1076 godzina.<\/td>\n<\/tr>\n<tr>\n<td><b>Nr produktu.<\/b><\/td>\n<td>1.10000.00040<\/td>\n<\/tr>\n<tr>\n<td><b>Nr seryjny.<\/b><\/td>\n<td>1017<\/td>\n<\/tr>\n<tr>\n<td><b>Moc znamionowa silnika<\/b><\/td>\n<td>70,2 kW<\/td>\n<\/tr>\n<tr>\n<td><b>Pr\u0119dko\u015b\u0107 obrotowa silnika<\/b><\/td>\n<td>2600 1 \/ min<\/td>\n<\/tr>\n<tr>\n<td><b>Ci\u015bnienie pracy<\/b><\/td>\n<td>10 bar<\/td>\n<\/tr>\n<tr>\n<td><b>Nowy przeglad T\u00fcv<\/b><\/td>\n<td>\u00a0<\/td>\n<\/tr>\n<tr>\n<td><b>Nowa bateria<\/b><\/td>\n<td>\u00a0<\/td>\n<\/tr>\n<tr>\n<td><b>Stan techniczny jak nowy<\/b><\/td>\n<td>\u00a0<\/td>\n<\/tr>\n<tr>\n<td><b>Miejsce postoju<\/b><\/td>\n<td>D-32683 Barntrup<\/td>\n<\/tr>\n<\/tbody>\n<\/table>\n<p>&nbsp;<\/p>\n<h4>UWAGI<\/h4>\n<p>(Z zastrze\u017ceniem, pomy\u0142ek, zmian technicznych i wcze\u015bniejszej sprzeda\u017cy)<\/p>\n","protected":false},"excerpt":{"rendered":"<p>Godzin pracy 1076 godzina. Nr produktu. 1.10000.00040 Nr seryjny. 1017 Moc znamionowa silnika 70,2 kW Pr\u0119dko\u015b\u0107 obrotowa silnika 2600 1 \/ min Ci\u015bnienie pracy 10 bar Nowy przeglad T\u00fcv \u00a0 Nowa bateria \u00a0 Stan techniczny jak nowy \u00a0 Miejsce postoju D-32683 Barntrup &nbsp; UWAGI (Z zastrze\u017ceniem, pomy\u0142ek, zmian technicznych i wcze\u015bniejszej sprzeda\u017cy)<\/p>\n","protected":false},"featured_media":1771,"template":"","meta":{"_monsterinsights_skip_tracking":false,"_monsterinsights_sitenote_active":false,"_monsterinsights_sitenote_note":"","_monsterinsights_sitenote_category":0,"ngg_post_thumbnail":0},"product_cat":[338],"product_tag":[],"class_list":{"0":"post-1766","1":"product","2":"type-product","3":"status-publish","4":"has-post-thumbnail","6":"product_cat-sprzedane","8":"first","9":"instock","10":"shipping-taxable","11":"product-type-simple"},"_links":{"self":[{"href":"https:\/\/iberus.pl\/index.php?rest_route=\/wp\/v2\/product\/1766"}],"collection":[{"href":"https:\/\/iberus.pl\/index.php?rest_route=\/wp\/v2\/product"}],"about":[{"href":"https:\/\/iberus.pl\/index.php?rest_route=\/wp\/v2\/types\/product"}],"wp:featuredmedia":[{"embeddable":true,"href":"https:\/\/iberus.pl\/index.php?rest_route=\/wp\/v2\/media\/1771"}],"wp:attachment":[{"href":"https:\/\/iberus.pl\/index.php?rest_route=%2Fwp%2Fv2%2Fmedia&parent=1766"}],"wp:term":[{"taxonomy":"product_cat","embeddable":true,"href":"https:\/\/iberus.pl\/index.php?rest_route=%2Fwp%2Fv2%2Fproduct_cat&post=1766"},{"taxonomy":"product_tag","embeddable":true,"href":"https:\/\/iberus.pl\/index.php?rest_route=%2Fwp%2Fv2%2Fproduct_tag&post=1766"}],"curies":[{"name":"wp","href":"https:\/\/api.w.org\/{rel}","templated":true}]}}