{"id":1589,"date":"2014-10-24T22:11:25","date_gmt":"2014-10-24T22:11:25","guid":{"rendered":"http:\/\/gromar.de\/?post_type=product&#038;p=1589"},"modified":"2015-05-20T21:32:35","modified_gmt":"2015-05-20T21:32:35","slug":"kopiarko-frezarka-pade-typ-uinze-8t-cnc","status":"publish","type":"product","link":"https:\/\/iberus.pl\/?product=kopiarko-frezarka-pade-typ-uinze-8t-cnc","title":{"rendered":"Kopiarko \u2013 frezarka PADE Typ: UINZE 8T CNC"},"content":{"rendered":"<table class=\"techdata\" width=\"450\" cellspacing=\"2\">\n<tbody>\n<tr>\n<td><b>D\u0142ugo\u015b\u0107 robocza<\/b><\/td>\n<td>2500 mm<\/td>\n<\/tr>\n<tr>\n<td><b>Szeroko\u015b\u0107 robocza<\/b><\/td>\n<td>od 15 do 360 mm<\/td>\n<\/tr>\n<tr>\n<td><b>Max wysoko\u015b\u0107 frezowania i szlifowania<\/b><\/td>\n<td>180 mm<\/td>\n<\/tr>\n<tr>\n<td><b>Szeroko\u015b\u0107 sto\u0142u<\/b><\/td>\n<td>330 mm<\/td>\n<\/tr>\n<tr>\n<td><b>Wyposazona w 4 agregaty na kazda stronie<\/b><\/td>\n<td>\u00a0<\/td>\n<\/tr>\n<tr>\n<td><b>Agregat frezujacy<\/b><\/td>\n<td>7,5 kW, 8000 obr \/ min, \u015brednica wrzeciona 35 mm<\/td>\n<\/tr>\n<tr>\n<td><b>Agregat frezujacy<\/b><\/td>\n<td>5,5 kW, 8000 obr \/ min, \u015brednica wrzeciona 35 mm<\/td>\n<\/tr>\n<tr>\n<td><b>Agreagt szlifujacy<\/b><\/td>\n<td>4,5 kW, 3500 obr \/ min, pr\u0119dko\u015bci ta\u015bmy \u015bciernej: 40 m \/ s<\/td>\n<\/tr>\n<tr>\n<td><b>Agreagt szlifujacy<\/b><\/td>\n<td>4,5 kW, 3500 obr \/ min, pr\u0119dko\u015bci ta\u015bmy \u015bciernej: 40 m \/ s<\/td>\n<\/tr>\n<tr>\n<td><b>\u015arednica narz\u0119dzia min max<\/b><\/td>\n<td>85-175 mm<\/td>\n<\/tr>\n<tr>\n<td><b>Hydrauliczny nap\u0119d<\/b><\/td>\n<td>silnik pompy 4 kW, 35 bar<\/td>\n<\/tr>\n<tr>\n<td><b>Cisnienie robocze pneumatycznie<\/b><\/td>\n<td>7 bar<\/td>\n<\/tr>\n<tr>\n<td><b>Pr\u0119dko\u015b\u0107 posuwu stolu<\/b><\/td>\n<td>1 &#8211; 25 m \/ min<\/td>\n<\/tr>\n<tr>\n<td><b>Pr\u0119dko\u015b\u0107 posuwu stolu &#8211; powr\u00f3t<\/b><\/td>\n<td>40 m \/ min<\/td>\n<\/tr>\n<tr>\n<td><b>Waga<\/b><\/td>\n<td>6800 kg<\/td>\n<\/tr>\n<tr>\n<td><b>Wymiary<\/b><\/td>\n<td>7350 x 2350 x 2120 mm<\/td>\n<\/tr>\n<tr>\n<td><b>Zastosowanie do produkcji krzese\u0142 elementow stolow, ramki, stojaki wype\u0142nienia, sprzet narciarski<\/b><\/td>\n<td>\u00a0<\/td>\n<\/tr>\n<\/tbody>\n<\/table>\n<p>&nbsp;<\/p>\n<h4>UWAGI<\/h4>\n<p>(Zmiany i b\u0142\u0119dy w opisie danych technicznych jak i wczesniejsza sprzeda\u017c dozwolone)<\/p>\n","protected":false},"excerpt":{"rendered":"<p>D\u0142ugo\u015b\u0107 robocza 2500 mm Szeroko\u015b\u0107 robocza od 15 do 360 mm Max wysoko\u015b\u0107 frezowania i szlifowania 180 mm Szeroko\u015b\u0107 sto\u0142u 330 mm Wyposazona w 4 agregaty na kazda stronie \u00a0 Agregat frezujacy 7,5 kW, 8000 obr \/ min, \u015brednica wrzeciona 35 mm Agregat frezujacy 5,5 kW, 8000 obr \/ min, \u015brednica wrzeciona 35 mm Agreagt [&hellip;]<\/p>\n","protected":false},"featured_media":1592,"template":"","meta":{"_monsterinsights_skip_tracking":false,"_monsterinsights_sitenote_active":false,"_monsterinsights_sitenote_note":"","_monsterinsights_sitenote_category":0,"ngg_post_thumbnail":0},"product_cat":[338],"product_tag":[],"class_list":{"0":"post-1589","1":"product","2":"type-product","3":"status-publish","4":"has-post-thumbnail","6":"product_cat-sprzedane","8":"first","9":"instock","10":"downloadable","11":"shipping-taxable","12":"product-type-simple"},"_links":{"self":[{"href":"https:\/\/iberus.pl\/index.php?rest_route=\/wp\/v2\/product\/1589"}],"collection":[{"href":"https:\/\/iberus.pl\/index.php?rest_route=\/wp\/v2\/product"}],"about":[{"href":"https:\/\/iberus.pl\/index.php?rest_route=\/wp\/v2\/types\/product"}],"wp:featuredmedia":[{"embeddable":true,"href":"https:\/\/iberus.pl\/index.php?rest_route=\/wp\/v2\/media\/1592"}],"wp:attachment":[{"href":"https:\/\/iberus.pl\/index.php?rest_route=%2Fwp%2Fv2%2Fmedia&parent=1589"}],"wp:term":[{"taxonomy":"product_cat","embeddable":true,"href":"https:\/\/iberus.pl\/index.php?rest_route=%2Fwp%2Fv2%2Fproduct_cat&post=1589"},{"taxonomy":"product_tag","embeddable":true,"href":"https:\/\/iberus.pl\/index.php?rest_route=%2Fwp%2Fv2%2Fproduct_tag&post=1589"}],"curies":[{"name":"wp","href":"https:\/\/api.w.org\/{rel}","templated":true}]}}